{"id":6418,"date":"2025-05-27T14:50:11","date_gmt":"2025-05-27T11:50:11","guid":{"rendered":"https:\/\/birimler.atauni.edu.tr\/is-sagligi-ve-guvenligi-programi\/?page_id=6418"},"modified":"2025-05-27T14:51:08","modified_gmt":"2025-05-27T11:51:08","slug":"haberler","status":"publish","type":"page","link":"https:\/\/atauni.edu.tr\/is-sagligi-ve-guvenligi-programi\/haberler\/","title":{"rendered":"Haberler"},"content":{"rendered":"\t\t<div data-elementor-type=\"wp-page\" data-elementor-id=\"6418\" class=\"elementor elementor-6418\" data-elementor-post-type=\"page\">\n\t\t\t\t\t\t<section class=\"elementor-section elementor-top-section elementor-element elementor-element-df132bb elementor-section-boxed elementor-section-height-default elementor-section-height-default\" data-id=\"df132bb\" data-element_type=\"section\">\n\t\t\t\t\t\t<div class=\"elementor-container elementor-column-gap-default\">\n\t\t\t\t\t<div class=\"elementor-column elementor-col-100 elementor-top-column elementor-element elementor-element-222081d\" data-id=\"222081d\" data-element_type=\"column\">\n\t\t\t<div class=\"elementor-widget-wrap elementor-element-populated\">\n\t\t\t\t\t\t<div class=\"elementor-element elementor-element-c95e043 elementor-widget elementor-widget-shortcode\" data-id=\"c95e043\" data-element_type=\"widget\" data-widget_type=\"shortcode.default\">\n\t\t\t\t<div class=\"elementor-widget-container\">\n\t\t\t\t\t\t\t<div class=\"elementor-shortcode\"><form method=\"get\" class=\"row g-3\" style=\"margin-bottom: 20px;\"><div class=\"col-md-3\"><input type=\"text\" name=\"haber_ara\" class=\"form-control\" placeholder=\"Haber ara...\" value=\"\"><\/div><div class=\"col-md-3\"><input type=\"date\" name=\"baslangic_tarihi\" class=\"form-control\" value=\"\"><\/div><div class=\"col-md-3\"><input type=\"date\" name=\"bitis_tarihi\" class=\"form-control\" value=\"\"><\/div><div class=\"col-md-3\"><button type=\"submit\" class=\"btn btn-secondary w-50\">Filtrele<\/button><\/div><\/form><ul class=\"kategori-yazilari-liste\"><li style=\"display: flex; margin-bottom: 10px; align-items: center;\"><div class=\"post-content\" style=\"flex-grow: 1;\"><span class=\"post-date habertarih\" style=\"display: block; font-weight: bold; margin-bottom: 5px;\">20 Ocak 2026<\/span><a class=\"haberbaslik\" href=\"https:\/\/atauni.edu.tr\/is-sagligi-ve-guvenligi-programi\/2026\/01\/20\/is-sagligi-ve-guvenligi-programimiz-akreditasyon-belgesini-aldi\/\">\u0130\u015f Sa\u011fl\u0131\u011f\u0131 ve G\u00fcvenli\u011fi Program\u0131m\u0131z Akreditasyon Belgesini Ald\u0131<\/a><\/div><\/li><li style=\"display: flex; margin-bottom: 10px; align-items: center;\"><div class=\"post-content\" style=\"flex-grow: 1;\"><span class=\"post-date habertarih\" style=\"display: block; font-weight: bold; margin-bottom: 5px;\">2 Aral\u0131k 2025<\/span><a class=\"haberbaslik\" href=\"https:\/\/atauni.edu.tr\/is-sagligi-ve-guvenligi-programi\/2025\/12\/02\/is-sagligi-ve-guvenligi-laboratuvarimizin-acilisi-gerceklestirildi\/\">\u0130\u015f Sa\u011fl\u0131\u011f\u0131 ve G\u00fcvenli\u011fi Laboratuvar\u0131m\u0131z\u0131n A\u00e7\u0131l\u0131\u015f\u0131 Ger\u00e7ekle\u015ftirildi<\/a><\/div><\/li><li style=\"display: flex; margin-bottom: 10px; align-items: center;\"><div class=\"post-content\" style=\"flex-grow: 1;\"><span class=\"post-date habertarih\" style=\"display: block; font-weight: bold; margin-bottom: 5px;\">20 Kas\u0131m 2025<\/span><a class=\"haberbaslik\" href=\"https:\/\/atauni.edu.tr\/is-sagligi-ve-guvenligi-programi\/2025\/11\/20\/yangin-tatbikati-gerceklestirildi\/\">Yang\u0131n Tatbikat\u0131 Ger\u00e7ekle\u015ftirildi<\/a><\/div><\/li><li style=\"display: flex; margin-bottom: 10px; align-items: center;\"><div class=\"post-content\" style=\"flex-grow: 1;\"><span class=\"post-date habertarih\" style=\"display: block; font-weight: bold; margin-bottom: 5px;\">4 Kas\u0131m 2025<\/span><a class=\"haberbaslik\" href=\"https:\/\/atauni.edu.tr\/is-sagligi-ve-guvenligi-programi\/2025\/11\/04\/afet-farkindalik-egitimi-duzenlendi\/\">Afet Fark\u0131ndal\u0131k E\u011fitimi D\u00fczenlendi<\/a><\/div><\/li><li style=\"display: flex; margin-bottom: 10px; align-items: center;\"><div class=\"post-content\" style=\"flex-grow: 1;\"><span class=\"post-date habertarih\" style=\"display: block; font-weight: bold; margin-bottom: 5px;\">20 Haziran 2025<\/span><a class=\"haberbaslik\" href=\"https:\/\/atauni.edu.tr\/is-sagligi-ve-guvenligi-programi\/2025\/06\/20\/2024-2025-egitim-ogretim-yili-mezuniyet-toreni-buyuk-bir-coskuyla-gerceklestirildi\/\">2024-2025 E\u011fitim-\u00d6\u011fretim Y\u0131l\u0131 Mezuniyet T\u00f6reni B\u00fcy\u00fck Bir Co\u015fkuyla Ger\u00e7ekle\u015ftirildi<\/a><\/div><\/li><li style=\"display: flex; margin-bottom: 10px; align-items: center;\"><div class=\"post-content\" style=\"flex-grow: 1;\"><span class=\"post-date habertarih\" style=\"display: block; font-weight: bold; margin-bottom: 5px;\">12 Haziran 2025<\/span><a class=\"haberbaslik\" href=\"https:\/\/atauni.edu.tr\/is-sagligi-ve-guvenligi-programi\/2025\/06\/12\/ataturk-universitesi-nisan-mart-donemi-bilimsel-odul-tesvik-toreni\/\">Atat\u00fcrk \u00dcniversitesi Nisan-Mart D\u00f6nemi Bilimsel \u00d6d\u00fcl Te\u015fvik T\u00f6reni<\/a><\/div><\/li><li style=\"display: flex; margin-bottom: 10px; align-items: center;\"><div class=\"post-content\" style=\"flex-grow: 1;\"><span class=\"post-date habertarih\" style=\"display: block; font-weight: bold; margin-bottom: 5px;\">23 May\u0131s 2025<\/span><a class=\"haberbaslik\" href=\"https:\/\/atauni.edu.tr\/is-sagligi-ve-guvenligi-programi\/2025\/05\/23\/mesleki-uygulama-dersi-dolu-bir-icerikle-tamamlandi\/\">Mesleki Uygulama Dersi Dolu Bir \u0130\u00e7erikle Tamamland\u0131<\/a><\/div><\/li><\/ul>\n<\/div>\n\t\t\t\t\t\t<\/div>\n\t\t\t\t<\/div>\n\t\t\t\t\t<\/div>\n\t\t<\/div>\n\t\t\t\t\t<\/div>\n\t\t<\/section>\n\t\t\t\t<\/div>\n\t\t","protected":false},"excerpt":{"rendered":"","protected":false},"author":1,"featured_media":0,"parent":0,"menu_order":0,"comment_status":"closed","ping_status":"closed","template":"","meta":{"footnotes":""},"class_list":["post-6418","page","type-page","status-publish","hentry"],"_links":{"self":[{"href":"https:\/\/atauni.edu.tr\/is-sagligi-ve-guvenligi-programi\/wp-json\/wp\/v2\/pages\/6418","targetHints":{"allow":["GET"]}}],"collection":[{"href":"https:\/\/atauni.edu.tr\/is-sagligi-ve-guvenligi-programi\/wp-json\/wp\/v2\/pages"}],"about":[{"href":"https:\/\/atauni.edu.tr\/is-sagligi-ve-guvenligi-programi\/wp-json\/wp\/v2\/types\/page"}],"author":[{"embeddable":true,"href":"https:\/\/atauni.edu.tr\/is-sagligi-ve-guvenligi-programi\/wp-json\/wp\/v2\/users\/1"}],"replies":[{"embeddable":true,"href":"https:\/\/atauni.edu.tr\/is-sagligi-ve-guvenligi-programi\/wp-json\/wp\/v2\/comments?post=6418"}],"version-history":[{"count":4,"href":"https:\/\/atauni.edu.tr\/is-sagligi-ve-guvenligi-programi\/wp-json\/wp\/v2\/pages\/6418\/revisions"}],"predecessor-version":[{"id":6426,"href":"https:\/\/atauni.edu.tr\/is-sagligi-ve-guvenligi-programi\/wp-json\/wp\/v2\/pages\/6418\/revisions\/6426"}],"wp:attachment":[{"href":"https:\/\/atauni.edu.tr\/is-sagligi-ve-guvenligi-programi\/wp-json\/wp\/v2\/media?parent=6418"}],"curies":[{"name":"wp","href":"https:\/\/api.w.org\/{rel}","templated":true}]}}