{"id":6419,"date":"2025-05-27T14:50:18","date_gmt":"2025-05-27T11:50:18","guid":{"rendered":"https:\/\/birimler.atauni.edu.tr\/is-sagligi-ve-guvenligi-programi\/?page_id=6419"},"modified":"2025-05-27T14:51:29","modified_gmt":"2025-05-27T11:51:29","slug":"duyurular","status":"publish","type":"page","link":"https:\/\/atauni.edu.tr\/is-sagligi-ve-guvenligi-programi\/duyurular\/","title":{"rendered":"Duyurular"},"content":{"rendered":"\t\t<div data-elementor-type=\"wp-page\" data-elementor-id=\"6419\" class=\"elementor elementor-6419\" data-elementor-post-type=\"page\">\n\t\t\t\t\t\t<section class=\"elementor-section elementor-top-section elementor-element elementor-element-f2a604f elementor-section-boxed elementor-section-height-default elementor-section-height-default\" data-id=\"f2a604f\" data-element_type=\"section\">\n\t\t\t\t\t\t<div class=\"elementor-container elementor-column-gap-default\">\n\t\t\t\t\t<div class=\"elementor-column elementor-col-100 elementor-top-column elementor-element elementor-element-8a76b0d\" data-id=\"8a76b0d\" data-element_type=\"column\">\n\t\t\t<div class=\"elementor-widget-wrap elementor-element-populated\">\n\t\t\t\t\t\t<div class=\"elementor-element elementor-element-17a6c83 elementor-widget elementor-widget-shortcode\" data-id=\"17a6c83\" data-element_type=\"widget\" data-widget_type=\"shortcode.default\">\n\t\t\t\t<div class=\"elementor-widget-container\">\n\t\t\t\t\t\t\t<div class=\"elementor-shortcode\"><form method=\"get\" class=\"row g-3\" style=\"margin-bottom: 20px;\"><div class=\"col-md-3\"><input type=\"text\" name=\"Duyuru_ara\" class=\"form-control\" placeholder=\"Duyuru ara...\" value=\"\"><\/div><div class=\"col-md-3\"><input type=\"date\" name=\"baslangic_tarihi\" class=\"form-control\" value=\"\"><\/div><div class=\"col-md-3\"><input type=\"date\" name=\"bitis_tarihi\" class=\"form-control\" value=\"\"><\/div><div class=\"col-md-3\"><button type=\"submit\" class=\"btn btn-secondary w-50\">Filtrele<\/button><\/div><\/form><ul class=\"kategori-yazilari-liste\"><li style=\"display: flex; margin-bottom: 10px; align-items: center;\"><div class=\"post-content\" style=\"flex-grow: 1;\"><span class=\"post-date Duyurutarih\" style=\"display: block; font-weight: bold; margin-bottom: 5px;\">16 Mart 2026<\/span><a class=\"Duyurubaslik\" href=\"https:\/\/atauni.edu.tr\/is-sagligi-ve-guvenligi-programi\/2026\/03\/16\/2025-2026-egitim-ogretim-yili-bahar-yariyili-vize-sinav-programi\/\">2025-2026 E\u011fitim-\u00d6\u011fretim Y\u0131l\u0131 Bahar Yar\u0131y\u0131l\u0131 Vize S\u0131nav Program\u0131<\/a><\/div><\/li><li style=\"display: flex; margin-bottom: 10px; align-items: center;\"><div class=\"post-content\" style=\"flex-grow: 1;\"><span class=\"post-date Duyurutarih\" style=\"display: block; font-weight: bold; margin-bottom: 5px;\">16 Aral\u0131k 2025<\/span><a class=\"Duyurubaslik\" href=\"https:\/\/atauni.edu.tr\/is-sagligi-ve-guvenligi-programi\/2025\/12\/16\/2025-2026-egitim-ogretim-yili-guz-yariyili-final-ve-butunleme-sinav-programi\/\">2025-2026 E\u011fitim-\u00d6\u011fretim Y\u0131l\u0131 G\u00fcz Yar\u0131y\u0131l\u0131 Final ve B\u00fct\u00fcnleme S\u0131nav Program\u0131<\/a><\/div><\/li><li style=\"display: flex; margin-bottom: 10px; align-items: center;\"><div class=\"post-content\" style=\"flex-grow: 1;\"><span class=\"post-date Duyurutarih\" style=\"display: block; font-weight: bold; margin-bottom: 5px;\">9 Kas\u0131m 2025<\/span><a class=\"Duyurubaslik\" href=\"https:\/\/atauni.edu.tr\/is-sagligi-ve-guvenligi-programi\/2025\/11\/09\/2025-2026-egitim-ogretim-yili-guz-yariyili-vize-sinav-programi\/\">2025-2026 E\u011fitim-\u00d6\u011fretim Y\u0131l\u0131 G\u00fcz Yar\u0131y\u0131l\u0131 Vize S\u0131nav Program\u0131<\/a><\/div><\/li><li style=\"display: flex; margin-bottom: 10px; align-items: center;\"><div class=\"post-content\" style=\"flex-grow: 1;\"><span class=\"post-date Duyurutarih\" style=\"display: block; font-weight: bold; margin-bottom: 5px;\">29 A\u011fustos 2025<\/span><a class=\"Duyurubaslik\" href=\"https:\/\/atauni.edu.tr\/is-sagligi-ve-guvenligi-programi\/2025\/08\/29\/2024-2025-yaz-okulu-sonu-tek-ders-agno-baraj-ve-azami-sure-sonu-sinavlari\/\">2024-2025 Yaz Okulu Sonu Tek Ders, AGNO Baraj ve Azami S\u00fcre Sonu S\u0131navlar\u0131<\/a><\/div><\/li><li style=\"display: flex; margin-bottom: 10px; align-items: center;\"><div class=\"post-content\" style=\"flex-grow: 1;\"><span class=\"post-date Duyurutarih\" style=\"display: block; font-weight: bold; margin-bottom: 5px;\">25 Haziran 2025<\/span><a class=\"Duyurubaslik\" href=\"https:\/\/atauni.edu.tr\/is-sagligi-ve-guvenligi-programi\/2025\/06\/25\/tek-ders-agno-baraj-ve-azami-sure-sonu-sinavlari\/\">2024-2025 Bahar Yar\u0131y\u0131l\u0131 Tek Ders, AGNO Baraj ve Azami S\u00fcre Sonu S\u0131navlar\u0131<\/a><\/div><\/li><li style=\"display: flex; margin-bottom: 10px; align-items: center;\"><div class=\"post-content\" style=\"flex-grow: 1;\"><span class=\"post-date Duyurutarih\" style=\"display: block; font-weight: bold; margin-bottom: 5px;\">10 Haziran 2025<\/span><a class=\"Duyurubaslik\" href=\"https:\/\/atauni.edu.tr\/is-sagligi-ve-guvenligi-programi\/2025\/06\/10\/2024-2025-egitim-ogretim-yili-bahar-yariyili-butunleme-sinav-programi\/\">2024-2025 E\u011fitim-\u00d6\u011fretim Y\u0131l\u0131 Bahar Yar\u0131y\u0131l\u0131 B\u00fct\u00fcnleme S\u0131nav Program\u0131<\/a><\/div><\/li><li style=\"display: flex; margin-bottom: 10px; align-items: center;\"><div class=\"post-content\" style=\"flex-grow: 1;\"><span class=\"post-date Duyurutarih\" style=\"display: block; font-weight: bold; margin-bottom: 5px;\">25 May\u0131s 2025<\/span><a class=\"Duyurubaslik\" href=\"https:\/\/atauni.edu.tr\/is-sagligi-ve-guvenligi-programi\/2025\/05\/25\/2024-2025-egitim-ogretim-yili-bahar-yariyili-final-sinav-programi\/\">2024-2025 E\u011fitim-\u00d6\u011fretim Y\u0131l\u0131 Bahar Yar\u0131y\u0131l\u0131 Final S\u0131nav Program\u0131<\/a><\/div><\/li><li style=\"display: flex; margin-bottom: 10px; align-items: center;\"><div class=\"post-content\" style=\"flex-grow: 1;\"><span class=\"post-date Duyurutarih\" style=\"display: block; font-weight: bold; margin-bottom: 5px;\">20 May\u0131s 2025<\/span><a class=\"Duyurubaslik\" href=\"https:\/\/atauni.edu.tr\/is-sagligi-ve-guvenligi-programi\/2025\/05\/20\/2024-2025-egitim-ogretim-yili-mezuniyet-toreni\/\">2024-2025 E\u011fitim-\u00d6\u011fretim Y\u0131l\u0131 Mezuniyet T\u00f6reni<\/a><\/div><\/li><\/ul>\n<\/div>\n\t\t\t\t\t\t<\/div>\n\t\t\t\t<\/div>\n\t\t\t\t\t<\/div>\n\t\t<\/div>\n\t\t\t\t\t<\/div>\n\t\t<\/section>\n\t\t\t\t<\/div>\n\t\t","protected":false},"excerpt":{"rendered":"","protected":false},"author":1,"featured_media":0,"parent":0,"menu_order":0,"comment_status":"closed","ping_status":"closed","template":"","meta":{"footnotes":""},"class_list":["post-6419","page","type-page","status-publish","hentry"],"_links":{"self":[{"href":"https:\/\/atauni.edu.tr\/is-sagligi-ve-guvenligi-programi\/wp-json\/wp\/v2\/pages\/6419","targetHints":{"allow":["GET"]}}],"collection":[{"href":"https:\/\/atauni.edu.tr\/is-sagligi-ve-guvenligi-programi\/wp-json\/wp\/v2\/pages"}],"about":[{"href":"https:\/\/atauni.edu.tr\/is-sagligi-ve-guvenligi-programi\/wp-json\/wp\/v2\/types\/page"}],"author":[{"embeddable":true,"href":"https:\/\/atauni.edu.tr\/is-sagligi-ve-guvenligi-programi\/wp-json\/wp\/v2\/users\/1"}],"replies":[{"embeddable":true,"href":"https:\/\/atauni.edu.tr\/is-sagligi-ve-guvenligi-programi\/wp-json\/wp\/v2\/comments?post=6419"}],"version-history":[{"count":4,"href":"https:\/\/atauni.edu.tr\/is-sagligi-ve-guvenligi-programi\/wp-json\/wp\/v2\/pages\/6419\/revisions"}],"predecessor-version":[{"id":6429,"href":"https:\/\/atauni.edu.tr\/is-sagligi-ve-guvenligi-programi\/wp-json\/wp\/v2\/pages\/6419\/revisions\/6429"}],"wp:attachment":[{"href":"https:\/\/atauni.edu.tr\/is-sagligi-ve-guvenligi-programi\/wp-json\/wp\/v2\/media?parent=6419"}],"curies":[{"name":"wp","href":"https:\/\/api.w.org\/{rel}","templated":true}]}}