{"id":6420,"date":"2025-05-27T14:50:30","date_gmt":"2025-05-27T11:50:30","guid":{"rendered":"https:\/\/birimler.atauni.edu.tr\/is-sagligi-ve-guvenligi-programi\/?page_id=6420"},"modified":"2025-05-27T14:51:42","modified_gmt":"2025-05-27T11:51:42","slug":"etkinlikler","status":"publish","type":"page","link":"https:\/\/atauni.edu.tr\/is-sagligi-ve-guvenligi-programi\/etkinlikler\/","title":{"rendered":"Etkinlikler"},"content":{"rendered":"\t\t<div data-elementor-type=\"wp-page\" data-elementor-id=\"6420\" class=\"elementor elementor-6420\" data-elementor-post-type=\"page\">\n\t\t\t\t\t\t<section class=\"elementor-section elementor-top-section elementor-element elementor-element-de6b85a elementor-section-boxed elementor-section-height-default elementor-section-height-default\" data-id=\"de6b85a\" data-element_type=\"section\">\n\t\t\t\t\t\t<div class=\"elementor-container elementor-column-gap-default\">\n\t\t\t\t\t<div class=\"elementor-column elementor-col-100 elementor-top-column elementor-element elementor-element-d5f357b\" data-id=\"d5f357b\" data-element_type=\"column\">\n\t\t\t<div class=\"elementor-widget-wrap elementor-element-populated\">\n\t\t\t\t\t\t<div class=\"elementor-element elementor-element-dd8a99a elementor-widget elementor-widget-shortcode\" data-id=\"dd8a99a\" data-element_type=\"widget\" data-widget_type=\"shortcode.default\">\n\t\t\t\t<div class=\"elementor-widget-container\">\n\t\t\t\t\t\t\t<div class=\"elementor-shortcode\"><form method=\"get\" class=\"row g-3\" style=\"margin-bottom: 20px;\"><div class=\"col-md-3\"><input type=\"text\" name=\"etkinlik_ara\" class=\"form-control\" placeholder=\"Etkinlik ara...\" value=\"\"><\/div><div class=\"col-md-3\"><input type=\"date\" name=\"baslangic_tarihi\" class=\"form-control\" value=\"\"><\/div><div class=\"col-md-3\"><input type=\"date\" name=\"bitis_tarihi\" class=\"form-control\" value=\"\"><\/div><div class=\"col-md-3\"><button type=\"submit\" class=\"btn btn-secondary w-50\">Filtrele<\/button><\/div><\/form><div class=\"etkinlikler-grid-container\" style=\"display: grid; grid-template-columns: repeat(3, 1fr); gap: 20px;\"><div class=\"etkinlik-grid-item\"><div class=\"etkinlik-thumbnail\"><img fetchpriority=\"high\" decoding=\"async\" width=\"300\" height=\"225\" src=\"https:\/\/atauni.edu.tr\/is-sagligi-ve-guvenligi-programi\/wp-content\/uploads\/sites\/640\/2026\/03\/WhatsApp-Image-2026-03-16-at-14.21.25-4-300x225.jpeg\" class=\"img-fluid wp-post-image\" alt=\"\" srcset=\"https:\/\/atauni.edu.tr\/is-sagligi-ve-guvenligi-programi\/wp-content\/uploads\/sites\/640\/2026\/03\/WhatsApp-Image-2026-03-16-at-14.21.25-4-300x225.jpeg 300w, https:\/\/atauni.edu.tr\/is-sagligi-ve-guvenligi-programi\/wp-content\/uploads\/sites\/640\/2026\/03\/WhatsApp-Image-2026-03-16-at-14.21.25-4-1024x768.jpeg 1024w, https:\/\/atauni.edu.tr\/is-sagligi-ve-guvenligi-programi\/wp-content\/uploads\/sites\/640\/2026\/03\/WhatsApp-Image-2026-03-16-at-14.21.25-4-768x576.jpeg 768w, https:\/\/atauni.edu.tr\/is-sagligi-ve-guvenligi-programi\/wp-content\/uploads\/sites\/640\/2026\/03\/WhatsApp-Image-2026-03-16-at-14.21.25-4-1536x1152.jpeg 1536w, https:\/\/atauni.edu.tr\/is-sagligi-ve-guvenligi-programi\/wp-content\/uploads\/sites\/640\/2026\/03\/WhatsApp-Image-2026-03-16-at-14.21.25-4-600x450.jpeg 600w, https:\/\/atauni.edu.tr\/is-sagligi-ve-guvenligi-programi\/wp-content\/uploads\/sites\/640\/2026\/03\/WhatsApp-Image-2026-03-16-at-14.21.25-4-560x420.jpeg 560w, https:\/\/atauni.edu.tr\/is-sagligi-ve-guvenligi-programi\/wp-content\/uploads\/sites\/640\/2026\/03\/WhatsApp-Image-2026-03-16-at-14.21.25-4.jpeg 1600w\" sizes=\"(max-width: 300px) 100vw, 300px\" \/><\/div><div class=\"etkinlik-datee\"><span class=\"day\">05<\/span><span class=\"month\">Mart<\/span><span class=\"year\">2026<\/span><\/div><a href=\"https:\/\/atauni.edu.tr\/is-sagligi-ve-guvenligi-programi\/2026\/03\/05\/is-sagligi-ve-guvenligi-kulubu-iftar-yemegi\/\" class=\"etkinlik-titlee\">\u0130ftar Yeme\u011fi<\/a><\/div><div class=\"etkinlik-grid-item\"><div class=\"etkinlik-thumbnail\"><img decoding=\"async\" width=\"200\" height=\"300\" src=\"https:\/\/atauni.edu.tr\/is-sagligi-ve-guvenligi-programi\/wp-content\/uploads\/sites\/640\/2025\/12\/Afis-200x300.png\" class=\"img-fluid wp-post-image\" alt=\"\" srcset=\"https:\/\/atauni.edu.tr\/is-sagligi-ve-guvenligi-programi\/wp-content\/uploads\/sites\/640\/2025\/12\/Afis-200x300.png 200w, https:\/\/atauni.edu.tr\/is-sagligi-ve-guvenligi-programi\/wp-content\/uploads\/sites\/640\/2025\/12\/Afis-683x1024.png 683w, https:\/\/atauni.edu.tr\/is-sagligi-ve-guvenligi-programi\/wp-content\/uploads\/sites\/640\/2025\/12\/Afis-768x1152.png 768w, https:\/\/atauni.edu.tr\/is-sagligi-ve-guvenligi-programi\/wp-content\/uploads\/sites\/640\/2025\/12\/Afis-400x600.png 400w, https:\/\/atauni.edu.tr\/is-sagligi-ve-guvenligi-programi\/wp-content\/uploads\/sites\/640\/2025\/12\/Afis-373x560.png 373w, https:\/\/atauni.edu.tr\/is-sagligi-ve-guvenligi-programi\/wp-content\/uploads\/sites\/640\/2025\/12\/Afis.png 1024w\" sizes=\"(max-width: 200px) 100vw, 200px\" \/><\/div><div class=\"etkinlik-datee\"><span class=\"day\">16<\/span><span class=\"month\">Aral\u0131k<\/span><span class=\"year\">2025<\/span><\/div><a href=\"https:\/\/atauni.edu.tr\/is-sagligi-ve-guvenligi-programi\/2025\/12\/16\/is-sagligi-ve-guvenligi-kulubu-tanitimi\/\" class=\"etkinlik-titlee\">\u0130\u015f Sa\u011fl\u0131\u011f\u0131 ve G\u00fcvenli\u011fi Kul\u00fcb\u00fc Tan\u0131t\u0131m\u0131<\/a><\/div><div class=\"etkinlik-grid-item\"><div class=\"etkinlik-thumbnail\"><img decoding=\"async\" width=\"240\" height=\"300\" src=\"https:\/\/atauni.edu.tr\/is-sagligi-ve-guvenligi-programi\/wp-content\/uploads\/sites\/640\/2025\/10\/Afis-240x300.jpeg\" class=\"img-fluid wp-post-image\" alt=\"\" srcset=\"https:\/\/atauni.edu.tr\/is-sagligi-ve-guvenligi-programi\/wp-content\/uploads\/sites\/640\/2025\/10\/Afis-240x300.jpeg 240w, https:\/\/atauni.edu.tr\/is-sagligi-ve-guvenligi-programi\/wp-content\/uploads\/sites\/640\/2025\/10\/Afis-819x1024.jpeg 819w, https:\/\/atauni.edu.tr\/is-sagligi-ve-guvenligi-programi\/wp-content\/uploads\/sites\/640\/2025\/10\/Afis-768x960.jpeg 768w, https:\/\/atauni.edu.tr\/is-sagligi-ve-guvenligi-programi\/wp-content\/uploads\/sites\/640\/2025\/10\/Afis-480x600.jpeg 480w, https:\/\/atauni.edu.tr\/is-sagligi-ve-guvenligi-programi\/wp-content\/uploads\/sites\/640\/2025\/10\/Afis-448x560.jpeg 448w, https:\/\/atauni.edu.tr\/is-sagligi-ve-guvenligi-programi\/wp-content\/uploads\/sites\/640\/2025\/10\/Afis.jpeg 1080w\" sizes=\"(max-width: 240px) 100vw, 240px\" \/><\/div><div class=\"etkinlik-datee\"><span class=\"day\">15<\/span><span class=\"month\">Ekim<\/span><span class=\"year\">2025<\/span><\/div><a href=\"https:\/\/atauni.edu.tr\/is-sagligi-ve-guvenligi-programi\/2025\/10\/15\/mezunogrenci-bulusmasi-i\/\" class=\"etkinlik-titlee\">Mezun&amp;\u00d6\u011frenci Bulu\u015fmas\u0131-I<\/a><\/div><div class=\"etkinlik-grid-item\"><div class=\"etkinlik-thumbnail\"><img loading=\"lazy\" decoding=\"async\" width=\"300\" height=\"169\" src=\"https:\/\/atauni.edu.tr\/is-sagligi-ve-guvenligi-programi\/wp-content\/uploads\/sites\/640\/2025\/10\/Birim-Oryantasyon-2025-2026-300x169.jpg\" class=\"img-fluid wp-post-image\" alt=\"\" srcset=\"https:\/\/atauni.edu.tr\/is-sagligi-ve-guvenligi-programi\/wp-content\/uploads\/sites\/640\/2025\/10\/Birim-Oryantasyon-2025-2026-300x169.jpg 300w, https:\/\/atauni.edu.tr\/is-sagligi-ve-guvenligi-programi\/wp-content\/uploads\/sites\/640\/2025\/10\/Birim-Oryantasyon-2025-2026-1024x576.jpg 1024w, https:\/\/atauni.edu.tr\/is-sagligi-ve-guvenligi-programi\/wp-content\/uploads\/sites\/640\/2025\/10\/Birim-Oryantasyon-2025-2026-768x432.jpg 768w, https:\/\/atauni.edu.tr\/is-sagligi-ve-guvenligi-programi\/wp-content\/uploads\/sites\/640\/2025\/10\/Birim-Oryantasyon-2025-2026-1536x864.jpg 1536w, https:\/\/atauni.edu.tr\/is-sagligi-ve-guvenligi-programi\/wp-content\/uploads\/sites\/640\/2025\/10\/Birim-Oryantasyon-2025-2026-600x338.jpg 600w, https:\/\/atauni.edu.tr\/is-sagligi-ve-guvenligi-programi\/wp-content\/uploads\/sites\/640\/2025\/10\/Birim-Oryantasyon-2025-2026-560x315.jpg 560w, https:\/\/atauni.edu.tr\/is-sagligi-ve-guvenligi-programi\/wp-content\/uploads\/sites\/640\/2025\/10\/Birim-Oryantasyon-2025-2026.jpg 2000w\" sizes=\"(max-width: 300px) 100vw, 300px\" \/><\/div><div class=\"etkinlik-datee\"><span class=\"day\">06<\/span><span class=\"month\">Ekim<\/span><span class=\"year\">2025<\/span><\/div><a href=\"https:\/\/atauni.edu.tr\/is-sagligi-ve-guvenligi-programi\/2025\/10\/06\/2025-2026-egitim-ogretim-yili-birim-oryantasyon-toplantisi\/\" class=\"etkinlik-titlee\">2025-2026 E\u011fitim-\u00d6\u011fretim Y\u0131l\u0131 Birim Oryantasyon Toplant\u0131s\u0131<\/a><\/div><div class=\"etkinlik-grid-item\"><div class=\"etkinlik-thumbnail\"><img loading=\"lazy\" decoding=\"async\" width=\"214\" height=\"300\" src=\"https:\/\/atauni.edu.tr\/is-sagligi-ve-guvenligi-programi\/wp-content\/uploads\/sites\/640\/2025\/05\/Afis-214x300.jpg\" class=\"img-fluid wp-post-image\" alt=\"\" srcset=\"https:\/\/atauni.edu.tr\/is-sagligi-ve-guvenligi-programi\/wp-content\/uploads\/sites\/640\/2025\/05\/Afis-214x300.jpg 214w, https:\/\/atauni.edu.tr\/is-sagligi-ve-guvenligi-programi\/wp-content\/uploads\/sites\/640\/2025\/05\/Afis-731x1024.jpg 731w, https:\/\/atauni.edu.tr\/is-sagligi-ve-guvenligi-programi\/wp-content\/uploads\/sites\/640\/2025\/05\/Afis-768x1075.jpg 768w, https:\/\/atauni.edu.tr\/is-sagligi-ve-guvenligi-programi\/wp-content\/uploads\/sites\/640\/2025\/05\/Afis-1097x1536.jpg 1097w, https:\/\/atauni.edu.tr\/is-sagligi-ve-guvenligi-programi\/wp-content\/uploads\/sites\/640\/2025\/05\/Afis-1463x2048.jpg 1463w, https:\/\/atauni.edu.tr\/is-sagligi-ve-guvenligi-programi\/wp-content\/uploads\/sites\/640\/2025\/05\/Afis-429x600.jpg 429w, https:\/\/atauni.edu.tr\/is-sagligi-ve-guvenligi-programi\/wp-content\/uploads\/sites\/640\/2025\/05\/Afis-400x560.jpg 400w, https:\/\/atauni.edu.tr\/is-sagligi-ve-guvenligi-programi\/wp-content\/uploads\/sites\/640\/2025\/05\/Afis-scaled.jpg 1829w\" sizes=\"(max-width: 214px) 100vw, 214px\" \/><\/div><div class=\"etkinlik-datee\"><span class=\"day\">20<\/span><span class=\"month\">May\u0131s<\/span><span class=\"year\">2025<\/span><\/div><a href=\"https:\/\/atauni.edu.tr\/is-sagligi-ve-guvenligi-programi\/2025\/05\/20\/4-10-mayis-is-sagligi-ve-guvenligi-haftasi-etkinligi\/\" class=\"etkinlik-titlee\">4-10 May\u0131s \u0130\u015f Sa\u011fl\u0131\u011f\u0131 ve G\u00fcvenli\u011fi\u00a0Haftas\u0131 Etkinli\u011fi<\/a><\/div><\/div><div class=\"pagination\" style=\"margin-top: 20px;\"><\/div><\/div>\n\t\t\t\t\t\t<\/div>\n\t\t\t\t<\/div>\n\t\t\t\t\t<\/div>\n\t\t<\/div>\n\t\t\t\t\t<\/div>\n\t\t<\/section>\n\t\t\t\t<\/div>\n\t\t","protected":false},"excerpt":{"rendered":"","protected":false},"author":1,"featured_media":0,"parent":0,"menu_order":0,"comment_status":"closed","ping_status":"closed","template":"","meta":{"footnotes":""},"class_list":["post-6420","page","type-page","status-publish","hentry"],"_links":{"self":[{"href":"https:\/\/atauni.edu.tr\/is-sagligi-ve-guvenligi-programi\/wp-json\/wp\/v2\/pages\/6420","targetHints":{"allow":["GET"]}}],"collection":[{"href":"https:\/\/atauni.edu.tr\/is-sagligi-ve-guvenligi-programi\/wp-json\/wp\/v2\/pages"}],"about":[{"href":"https:\/\/atauni.edu.tr\/is-sagligi-ve-guvenligi-programi\/wp-json\/wp\/v2\/types\/page"}],"author":[{"embeddable":true,"href":"https:\/\/atauni.edu.tr\/is-sagligi-ve-guvenligi-programi\/wp-json\/wp\/v2\/users\/1"}],"replies":[{"embeddable":true,"href":"https:\/\/atauni.edu.tr\/is-sagligi-ve-guvenligi-programi\/wp-json\/wp\/v2\/comments?post=6420"}],"version-history":[{"count":4,"href":"https:\/\/atauni.edu.tr\/is-sagligi-ve-guvenligi-programi\/wp-json\/wp\/v2\/pages\/6420\/revisions"}],"predecessor-version":[{"id":6432,"href":"https:\/\/atauni.edu.tr\/is-sagligi-ve-guvenligi-programi\/wp-json\/wp\/v2\/pages\/6420\/revisions\/6432"}],"wp:attachment":[{"href":"https:\/\/atauni.edu.tr\/is-sagligi-ve-guvenligi-programi\/wp-json\/wp\/v2\/media?parent=6420"}],"curies":[{"name":"wp","href":"https:\/\/api.w.org\/{rel}","templated":true}]}}