{"id":6457,"date":"2025-06-02T10:21:24","date_gmt":"2025-06-02T07:21:24","guid":{"rendered":"https:\/\/birimler.atauni.edu.tr\/is-sagligi-ve-guvenligi-programi\/?page_id=6457"},"modified":"2025-06-02T10:33:25","modified_gmt":"2025-06-02T07:33:25","slug":"toplumsal-duyarlilik-projeleri","status":"publish","type":"page","link":"https:\/\/atauni.edu.tr\/is-sagligi-ve-guvenligi-programi\/toplumsal-duyarlilik-projeleri\/","title":{"rendered":"Toplumsal Duyarl\u0131l\u0131k Projeleri"},"content":{"rendered":"\t\t<div data-elementor-type=\"wp-page\" data-elementor-id=\"6457\" class=\"elementor elementor-6457\" data-elementor-post-type=\"page\">\n\t\t\t\t\t\t<section class=\"elementor-section elementor-top-section elementor-element elementor-element-1117405 elementor-section-boxed elementor-section-height-default elementor-section-height-default\" data-id=\"1117405\" data-element_type=\"section\">\n\t\t\t\t\t\t<div class=\"elementor-container elementor-column-gap-default\">\n\t\t\t\t\t<div class=\"elementor-column elementor-col-100 elementor-top-column elementor-element elementor-element-c1064b0\" data-id=\"c1064b0\" data-element_type=\"column\">\n\t\t\t<div class=\"elementor-widget-wrap elementor-element-populated\">\n\t\t\t\t\t\t<div class=\"elementor-element elementor-element-6a9d4f5 elementor-widget elementor-widget-text-editor\" data-id=\"6a9d4f5\" data-element_type=\"widget\" data-widget_type=\"text-editor.default\">\n\t\t\t\t<div class=\"elementor-widget-container\">\n\t\t\t\t\t\t\t\t\t<p>Atat\u00fcrk \u00dcniversitesi Toplumsal Duyarl\u0131l\u0131k Projeleri Uygulama ve Ara\u015ft\u0131rma Merkezi taraf\u0131ndan desteklenen projeler ile \u00f6\u011frencilerimizin \u0130\u015f Sa\u011fl\u0131\u011f\u0131 ve G\u00fcvenli\u011fi konusunu topluma aktarmalar\u0131 i\u00e7in etkinlikler yap\u0131lmaktad\u0131r.<\/p><p><strong>Proje Ad\u0131: <\/strong>Tedbirsizlik \u0130nsan\u0131 Sevdiklerinden Ay\u0131r\u0131r<\/p><p><strong>Proje Tarihi: <\/strong>04.12.2021<\/p><p><strong>Proje Yeri:<\/strong> Erzurum MNG Al\u0131\u015fveri\u015f ve Ya\u015fam Merkezi<\/p><p><strong>Proje Ekibi:<\/strong> Do\u00e7. Dr. Ebru BOZKURT (Y\u00fcr\u00fct\u00fcc\u00fc), <strong>Ara\u015ft\u0131rmac\u0131lar: <\/strong>Zehranur SI\u00c7RAR, Ahmet AKA, Hakan EREN, \u0130sa ANNAK, Emrecan KARABIYIK<\/p>\t\t\t\t\t\t\t\t<\/div>\n\t\t\t\t<\/div>\n\t\t\t\t\t<\/div>\n\t\t<\/div>\n\t\t\t\t\t<\/div>\n\t\t<\/section>\n\t\t\t\t<section class=\"elementor-section elementor-top-section elementor-element elementor-element-14ad1f0 elementor-section-boxed elementor-section-height-default elementor-section-height-default\" data-id=\"14ad1f0\" data-element_type=\"section\">\n\t\t\t\t\t\t<div class=\"elementor-container elementor-column-gap-default\">\n\t\t\t\t\t<div class=\"elementor-column elementor-col-33 elementor-top-column elementor-element elementor-element-0896cab\" data-id=\"0896cab\" data-element_type=\"column\">\n\t\t\t<div class=\"elementor-widget-wrap elementor-element-populated\">\n\t\t\t\t\t\t<div class=\"elementor-element elementor-element-e61e44f elementor-widget elementor-widget-image\" data-id=\"e61e44f\" data-element_type=\"widget\" data-widget_type=\"image.default\">\n\t\t\t\t<div class=\"elementor-widget-container\">\n\t\t\t\t\t\t\t\t\t\t\t\t\t\t\t<img fetchpriority=\"high\" decoding=\"async\" width=\"214\" height=\"300\" src=\"https:\/\/atauni.edu.tr\/is-sagligi-ve-guvenligi-programi\/wp-content\/uploads\/sites\/640\/2025\/06\/Duyuru-Afisi-214x300.jpg\" class=\"attachment-medium size-medium wp-image-6460\" alt=\"\" srcset=\"https:\/\/atauni.edu.tr\/is-sagligi-ve-guvenligi-programi\/wp-content\/uploads\/sites\/640\/2025\/06\/Duyuru-Afisi-214x300.jpg 214w, https:\/\/atauni.edu.tr\/is-sagligi-ve-guvenligi-programi\/wp-content\/uploads\/sites\/640\/2025\/06\/Duyuru-Afisi-731x1024.jpg 731w, https:\/\/atauni.edu.tr\/is-sagligi-ve-guvenligi-programi\/wp-content\/uploads\/sites\/640\/2025\/06\/Duyuru-Afisi-768x1075.jpg 768w, https:\/\/atauni.edu.tr\/is-sagligi-ve-guvenligi-programi\/wp-content\/uploads\/sites\/640\/2025\/06\/Duyuru-Afisi-1097x1536.jpg 1097w, https:\/\/atauni.edu.tr\/is-sagligi-ve-guvenligi-programi\/wp-content\/uploads\/sites\/640\/2025\/06\/Duyuru-Afisi-1463x2048.jpg 1463w, https:\/\/atauni.edu.tr\/is-sagligi-ve-guvenligi-programi\/wp-content\/uploads\/sites\/640\/2025\/06\/Duyuru-Afisi-429x600.jpg 429w, https:\/\/atauni.edu.tr\/is-sagligi-ve-guvenligi-programi\/wp-content\/uploads\/sites\/640\/2025\/06\/Duyuru-Afisi-400x560.jpg 400w, https:\/\/atauni.edu.tr\/is-sagligi-ve-guvenligi-programi\/wp-content\/uploads\/sites\/640\/2025\/06\/Duyuru-Afisi-scaled.jpg 1829w\" sizes=\"(max-width: 214px) 100vw, 214px\" \/>\t\t\t\t\t\t\t\t\t\t\t\t\t\t\t<\/div>\n\t\t\t\t<\/div>\n\t\t\t\t\t<\/div>\n\t\t<\/div>\n\t\t\t\t<div class=\"elementor-column elementor-col-33 elementor-top-column elementor-element elementor-element-c4cee25\" data-id=\"c4cee25\" data-element_type=\"column\">\n\t\t\t<div class=\"elementor-widget-wrap elementor-element-populated\">\n\t\t\t\t\t\t<div class=\"elementor-element elementor-element-659a2e9 elementor-widget elementor-widget-image\" data-id=\"659a2e9\" data-element_type=\"widget\" data-widget_type=\"image.default\">\n\t\t\t\t<div class=\"elementor-widget-container\">\n\t\t\t\t\t\t\t\t\t\t\t\t\t\t\t<img decoding=\"async\" width=\"1024\" height=\"768\" src=\"https:\/\/atauni.edu.tr\/is-sagligi-ve-guvenligi-programi\/wp-content\/uploads\/sites\/640\/2025\/06\/IMG_5628-1024x768.jpg\" class=\"attachment-large size-large wp-image-6467\" alt=\"\" srcset=\"https:\/\/atauni.edu.tr\/is-sagligi-ve-guvenligi-programi\/wp-content\/uploads\/sites\/640\/2025\/06\/IMG_5628-1024x768.jpg 1024w, https:\/\/atauni.edu.tr\/is-sagligi-ve-guvenligi-programi\/wp-content\/uploads\/sites\/640\/2025\/06\/IMG_5628-300x225.jpg 300w, https:\/\/atauni.edu.tr\/is-sagligi-ve-guvenligi-programi\/wp-content\/uploads\/sites\/640\/2025\/06\/IMG_5628-768x576.jpg 768w, https:\/\/atauni.edu.tr\/is-sagligi-ve-guvenligi-programi\/wp-content\/uploads\/sites\/640\/2025\/06\/IMG_5628-1536x1152.jpg 1536w, https:\/\/atauni.edu.tr\/is-sagligi-ve-guvenligi-programi\/wp-content\/uploads\/sites\/640\/2025\/06\/IMG_5628-2048x1536.jpg 2048w, https:\/\/atauni.edu.tr\/is-sagligi-ve-guvenligi-programi\/wp-content\/uploads\/sites\/640\/2025\/06\/IMG_5628-600x450.jpg 600w, https:\/\/atauni.edu.tr\/is-sagligi-ve-guvenligi-programi\/wp-content\/uploads\/sites\/640\/2025\/06\/IMG_5628-560x420.jpg 560w\" sizes=\"(max-width: 1024px) 100vw, 1024px\" \/>\t\t\t\t\t\t\t\t\t\t\t\t\t\t\t<\/div>\n\t\t\t\t<\/div>\n\t\t\t\t\t<\/div>\n\t\t<\/div>\n\t\t\t\t<div class=\"elementor-column elementor-col-33 elementor-top-column elementor-element elementor-element-208b961\" data-id=\"208b961\" data-element_type=\"column\">\n\t\t\t<div class=\"elementor-widget-wrap elementor-element-populated\">\n\t\t\t\t\t\t<div class=\"elementor-element elementor-element-02ea4ac elementor-widget elementor-widget-image\" data-id=\"02ea4ac\" data-element_type=\"widget\" data-widget_type=\"image.default\">\n\t\t\t\t<div class=\"elementor-widget-container\">\n\t\t\t\t\t\t\t\t\t\t\t\t\t\t\t<img decoding=\"async\" width=\"1024\" height=\"768\" src=\"https:\/\/atauni.edu.tr\/is-sagligi-ve-guvenligi-programi\/wp-content\/uploads\/sites\/640\/2025\/06\/IMG_5636-1024x768.jpg\" class=\"attachment-large size-large wp-image-6462\" alt=\"\" srcset=\"https:\/\/atauni.edu.tr\/is-sagligi-ve-guvenligi-programi\/wp-content\/uploads\/sites\/640\/2025\/06\/IMG_5636-1024x768.jpg 1024w, https:\/\/atauni.edu.tr\/is-sagligi-ve-guvenligi-programi\/wp-content\/uploads\/sites\/640\/2025\/06\/IMG_5636-300x225.jpg 300w, https:\/\/atauni.edu.tr\/is-sagligi-ve-guvenligi-programi\/wp-content\/uploads\/sites\/640\/2025\/06\/IMG_5636-768x576.jpg 768w, https:\/\/atauni.edu.tr\/is-sagligi-ve-guvenligi-programi\/wp-content\/uploads\/sites\/640\/2025\/06\/IMG_5636-1536x1152.jpg 1536w, https:\/\/atauni.edu.tr\/is-sagligi-ve-guvenligi-programi\/wp-content\/uploads\/sites\/640\/2025\/06\/IMG_5636-2048x1536.jpg 2048w, https:\/\/atauni.edu.tr\/is-sagligi-ve-guvenligi-programi\/wp-content\/uploads\/sites\/640\/2025\/06\/IMG_5636-600x450.jpg 600w, https:\/\/atauni.edu.tr\/is-sagligi-ve-guvenligi-programi\/wp-content\/uploads\/sites\/640\/2025\/06\/IMG_5636-560x420.jpg 560w\" sizes=\"(max-width: 1024px) 100vw, 1024px\" \/>\t\t\t\t\t\t\t\t\t\t\t\t\t\t\t<\/div>\n\t\t\t\t<\/div>\n\t\t\t\t\t<\/div>\n\t\t<\/div>\n\t\t\t\t\t<\/div>\n\t\t<\/section>\n\t\t\t\t<section class=\"elementor-section elementor-top-section elementor-element elementor-element-5a4a021 elementor-section-boxed elementor-section-height-default elementor-section-height-default\" data-id=\"5a4a021\" data-element_type=\"section\">\n\t\t\t\t\t\t<div class=\"elementor-container elementor-column-gap-default\">\n\t\t\t\t\t<div class=\"elementor-column elementor-col-100 elementor-top-column elementor-element elementor-element-7ae7e54\" data-id=\"7ae7e54\" data-element_type=\"column\">\n\t\t\t<div class=\"elementor-widget-wrap elementor-element-populated\">\n\t\t\t\t\t\t<div class=\"elementor-element elementor-element-4512f23 elementor-widget elementor-widget-text-editor\" data-id=\"4512f23\" data-element_type=\"widget\" data-widget_type=\"text-editor.default\">\n\t\t\t\t<div class=\"elementor-widget-container\">\n\t\t\t\t\t\t\t\t\t<p><strong>Proje Ad\u0131: <\/strong>Meslek Lisesi \u00d6\u011frencilerinin \u00c7al\u0131\u015fma Hayat\u0131nda Kar\u015f\u0131la\u015fabilecekleri \u0130\u015f Kazalar\u0131 ve Meslek Hastal\u0131klar\u0131 Konusunda Bilin\u00e7lendirilmesi<\/p><p><strong>Proje Tarihi: <\/strong>29.05.2024<\/p><p><strong>Proje Yeri:<\/strong> Erzurum Atat\u00fcrk Mesleki ve Teknik Anadolu Lisesi<\/p><p><strong>Proje Ekibi:<\/strong> Prof. Dr. Ebru BOZKURT (Y\u00fcr\u00fct\u00fcc\u00fc), <strong>Ara\u015ft\u0131rmac\u0131lar: <\/strong>Mehmet Emin SEZG\u0130N, S\u0131la \u00d6RS<\/p>\t\t\t\t\t\t\t\t<\/div>\n\t\t\t\t<\/div>\n\t\t\t\t\t<\/div>\n\t\t<\/div>\n\t\t\t\t\t<\/div>\n\t\t<\/section>\n\t\t\t\t<section class=\"elementor-section elementor-top-section elementor-element elementor-element-cf7e735 elementor-section-boxed elementor-section-height-default elementor-section-height-default\" data-id=\"cf7e735\" data-element_type=\"section\">\n\t\t\t\t\t\t<div class=\"elementor-container elementor-column-gap-default\">\n\t\t\t\t\t<div class=\"elementor-column elementor-col-33 elementor-top-column elementor-element elementor-element-a152d85\" data-id=\"a152d85\" data-element_type=\"column\">\n\t\t\t<div class=\"elementor-widget-wrap elementor-element-populated\">\n\t\t\t\t\t\t<div class=\"elementor-element elementor-element-be806c5 elementor-widget elementor-widget-image\" data-id=\"be806c5\" data-element_type=\"widget\" data-widget_type=\"image.default\">\n\t\t\t\t<div class=\"elementor-widget-container\">\n\t\t\t\t\t\t\t\t\t\t\t\t\t\t\t<img loading=\"lazy\" decoding=\"async\" width=\"1024\" height=\"768\" src=\"https:\/\/atauni.edu.tr\/is-sagligi-ve-guvenligi-programi\/wp-content\/uploads\/sites\/640\/2025\/06\/3-1024x768.jpeg\" class=\"attachment-large size-large wp-image-6465\" alt=\"\" srcset=\"https:\/\/atauni.edu.tr\/is-sagligi-ve-guvenligi-programi\/wp-content\/uploads\/sites\/640\/2025\/06\/3-1024x768.jpeg 1024w, https:\/\/atauni.edu.tr\/is-sagligi-ve-guvenligi-programi\/wp-content\/uploads\/sites\/640\/2025\/06\/3-300x225.jpeg 300w, https:\/\/atauni.edu.tr\/is-sagligi-ve-guvenligi-programi\/wp-content\/uploads\/sites\/640\/2025\/06\/3-768x576.jpeg 768w, https:\/\/atauni.edu.tr\/is-sagligi-ve-guvenligi-programi\/wp-content\/uploads\/sites\/640\/2025\/06\/3-1536x1152.jpeg 1536w, https:\/\/atauni.edu.tr\/is-sagligi-ve-guvenligi-programi\/wp-content\/uploads\/sites\/640\/2025\/06\/3-600x450.jpeg 600w, https:\/\/atauni.edu.tr\/is-sagligi-ve-guvenligi-programi\/wp-content\/uploads\/sites\/640\/2025\/06\/3-560x420.jpeg 560w, https:\/\/atauni.edu.tr\/is-sagligi-ve-guvenligi-programi\/wp-content\/uploads\/sites\/640\/2025\/06\/3.jpeg 2048w\" sizes=\"(max-width: 1024px) 100vw, 1024px\" \/>\t\t\t\t\t\t\t\t\t\t\t\t\t\t\t<\/div>\n\t\t\t\t<\/div>\n\t\t\t\t\t<\/div>\n\t\t<\/div>\n\t\t\t\t<div class=\"elementor-column elementor-col-33 elementor-top-column elementor-element elementor-element-3407162\" data-id=\"3407162\" data-element_type=\"column\">\n\t\t\t<div class=\"elementor-widget-wrap elementor-element-populated\">\n\t\t\t\t\t\t<div class=\"elementor-element elementor-element-38d7dd4 elementor-widget elementor-widget-image\" data-id=\"38d7dd4\" data-element_type=\"widget\" data-widget_type=\"image.default\">\n\t\t\t\t<div class=\"elementor-widget-container\">\n\t\t\t\t\t\t\t\t\t\t\t\t\t\t\t<img loading=\"lazy\" decoding=\"async\" width=\"1024\" height=\"768\" src=\"https:\/\/atauni.edu.tr\/is-sagligi-ve-guvenligi-programi\/wp-content\/uploads\/sites\/640\/2025\/06\/WhatsApp-Image-2024-06-04-at-13.50.11-1024x768.jpeg\" class=\"attachment-large size-large wp-image-6466\" alt=\"\" srcset=\"https:\/\/atauni.edu.tr\/is-sagligi-ve-guvenligi-programi\/wp-content\/uploads\/sites\/640\/2025\/06\/WhatsApp-Image-2024-06-04-at-13.50.11-1024x768.jpeg 1024w, https:\/\/atauni.edu.tr\/is-sagligi-ve-guvenligi-programi\/wp-content\/uploads\/sites\/640\/2025\/06\/WhatsApp-Image-2024-06-04-at-13.50.11-300x225.jpeg 300w, https:\/\/atauni.edu.tr\/is-sagligi-ve-guvenligi-programi\/wp-content\/uploads\/sites\/640\/2025\/06\/WhatsApp-Image-2024-06-04-at-13.50.11-768x576.jpeg 768w, https:\/\/atauni.edu.tr\/is-sagligi-ve-guvenligi-programi\/wp-content\/uploads\/sites\/640\/2025\/06\/WhatsApp-Image-2024-06-04-at-13.50.11-1536x1152.jpeg 1536w, https:\/\/atauni.edu.tr\/is-sagligi-ve-guvenligi-programi\/wp-content\/uploads\/sites\/640\/2025\/06\/WhatsApp-Image-2024-06-04-at-13.50.11-600x450.jpeg 600w, https:\/\/atauni.edu.tr\/is-sagligi-ve-guvenligi-programi\/wp-content\/uploads\/sites\/640\/2025\/06\/WhatsApp-Image-2024-06-04-at-13.50.11-560x420.jpeg 560w, https:\/\/atauni.edu.tr\/is-sagligi-ve-guvenligi-programi\/wp-content\/uploads\/sites\/640\/2025\/06\/WhatsApp-Image-2024-06-04-at-13.50.11.jpeg 2048w\" sizes=\"(max-width: 1024px) 100vw, 1024px\" \/>\t\t\t\t\t\t\t\t\t\t\t\t\t\t\t<\/div>\n\t\t\t\t<\/div>\n\t\t\t\t\t<\/div>\n\t\t<\/div>\n\t\t\t\t<div class=\"elementor-column elementor-col-33 elementor-top-column elementor-element elementor-element-e908cf9\" data-id=\"e908cf9\" data-element_type=\"column\">\n\t\t\t<div class=\"elementor-widget-wrap elementor-element-populated\">\n\t\t\t\t\t\t<div class=\"elementor-element elementor-element-d259502 elementor-widget elementor-widget-image\" data-id=\"d259502\" data-element_type=\"widget\" data-widget_type=\"image.default\">\n\t\t\t\t<div class=\"elementor-widget-container\">\n\t\t\t\t\t\t\t\t\t\t\t\t\t\t\t<img loading=\"lazy\" decoding=\"async\" width=\"1024\" height=\"768\" src=\"https:\/\/atauni.edu.tr\/is-sagligi-ve-guvenligi-programi\/wp-content\/uploads\/sites\/640\/2025\/06\/2-1024x768.jpeg\" class=\"attachment-large size-large wp-image-6464\" alt=\"\" srcset=\"https:\/\/atauni.edu.tr\/is-sagligi-ve-guvenligi-programi\/wp-content\/uploads\/sites\/640\/2025\/06\/2-1024x768.jpeg 1024w, https:\/\/atauni.edu.tr\/is-sagligi-ve-guvenligi-programi\/wp-content\/uploads\/sites\/640\/2025\/06\/2-300x225.jpeg 300w, https:\/\/atauni.edu.tr\/is-sagligi-ve-guvenligi-programi\/wp-content\/uploads\/sites\/640\/2025\/06\/2-768x576.jpeg 768w, https:\/\/atauni.edu.tr\/is-sagligi-ve-guvenligi-programi\/wp-content\/uploads\/sites\/640\/2025\/06\/2-1536x1152.jpeg 1536w, https:\/\/atauni.edu.tr\/is-sagligi-ve-guvenligi-programi\/wp-content\/uploads\/sites\/640\/2025\/06\/2-600x450.jpeg 600w, https:\/\/atauni.edu.tr\/is-sagligi-ve-guvenligi-programi\/wp-content\/uploads\/sites\/640\/2025\/06\/2-560x420.jpeg 560w, https:\/\/atauni.edu.tr\/is-sagligi-ve-guvenligi-programi\/wp-content\/uploads\/sites\/640\/2025\/06\/2.jpeg 2048w\" sizes=\"(max-width: 1024px) 100vw, 1024px\" \/>\t\t\t\t\t\t\t\t\t\t\t\t\t\t\t<\/div>\n\t\t\t\t<\/div>\n\t\t\t\t\t<\/div>\n\t\t<\/div>\n\t\t\t\t\t<\/div>\n\t\t<\/section>\n\t\t\t\t<\/div>\n\t\t","protected":false},"excerpt":{"rendered":"<p>Atat\u00fcrk \u00dcniversitesi Toplumsal Duyarl\u0131l\u0131k Projeleri Uygulama ve Ara\u015ft\u0131rma Merkezi taraf\u0131ndan desteklenen projeler ile \u00f6\u011frencilerimizin \u0130\u015f Sa\u011fl\u0131\u011f\u0131 ve G\u00fcvenli\u011fi konusunu topluma aktarmalar\u0131 i\u00e7in etkinlikler yap\u0131lmaktad\u0131r. Proje Ad\u0131: Tedbirsizlik \u0130nsan\u0131 Sevdiklerinden Ay\u0131r\u0131r Proje Tarihi: 04.12.2021 Proje Yeri: Erzurum MNG Al\u0131\u015fveri\u015f ve Ya\u015fam Merkezi Proje Ekibi: Do\u00e7. Dr. Ebru BOZKURT (Y\u00fcr\u00fct\u00fcc\u00fc), Ara\u015ft\u0131rmac\u0131lar: Zehranur SI\u00c7RAR, Ahmet AKA, Hakan EREN, [&hellip;]<\/p>\n","protected":false},"author":184,"featured_media":0,"parent":0,"menu_order":0,"comment_status":"closed","ping_status":"closed","template":"","meta":{"footnotes":""},"class_list":["post-6457","page","type-page","status-publish","hentry"],"_links":{"self":[{"href":"https:\/\/atauni.edu.tr\/is-sagligi-ve-guvenligi-programi\/wp-json\/wp\/v2\/pages\/6457","targetHints":{"allow":["GET"]}}],"collection":[{"href":"https:\/\/atauni.edu.tr\/is-sagligi-ve-guvenligi-programi\/wp-json\/wp\/v2\/pages"}],"about":[{"href":"https:\/\/atauni.edu.tr\/is-sagligi-ve-guvenligi-programi\/wp-json\/wp\/v2\/types\/page"}],"author":[{"embeddable":true,"href":"https:\/\/atauni.edu.tr\/is-sagligi-ve-guvenligi-programi\/wp-json\/wp\/v2\/users\/184"}],"replies":[{"embeddable":true,"href":"https:\/\/atauni.edu.tr\/is-sagligi-ve-guvenligi-programi\/wp-json\/wp\/v2\/comments?post=6457"}],"version-history":[{"count":4,"href":"https:\/\/atauni.edu.tr\/is-sagligi-ve-guvenligi-programi\/wp-json\/wp\/v2\/pages\/6457\/revisions"}],"predecessor-version":[{"id":6470,"href":"https:\/\/atauni.edu.tr\/is-sagligi-ve-guvenligi-programi\/wp-json\/wp\/v2\/pages\/6457\/revisions\/6470"}],"wp:attachment":[{"href":"https:\/\/atauni.edu.tr\/is-sagligi-ve-guvenligi-programi\/wp-json\/wp\/v2\/media?parent=6457"}],"curies":[{"name":"wp","href":"https:\/\/api.w.org\/{rel}","templated":true}]}}