{"id":6634,"date":"2025-10-10T15:08:11","date_gmt":"2025-10-10T12:08:11","guid":{"rendered":"https:\/\/birimler.atauni.edu.tr\/is-sagligi-ve-guvenligi-programi\/?page_id=6634"},"modified":"2025-10-14T13:25:58","modified_gmt":"2025-10-14T10:25:58","slug":"program-ciktilari","status":"publish","type":"page","link":"https:\/\/atauni.edu.tr\/is-sagligi-ve-guvenligi-programi\/program-ciktilari\/","title":{"rendered":"Program \u00c7\u0131kt\u0131lar\u0131"},"content":{"rendered":"\t\t<div data-elementor-type=\"wp-page\" data-elementor-id=\"6634\" class=\"elementor elementor-6634\" data-elementor-post-type=\"page\">\n\t\t\t\t\t\t<section class=\"elementor-section elementor-top-section elementor-element elementor-element-8e9b129 elementor-section-boxed elementor-section-height-default elementor-section-height-default\" data-id=\"8e9b129\" data-element_type=\"section\">\n\t\t\t\t\t\t<div class=\"elementor-container elementor-column-gap-default\">\n\t\t\t\t\t<div class=\"elementor-column elementor-col-100 elementor-top-column elementor-element elementor-element-bb55ac2\" data-id=\"bb55ac2\" data-element_type=\"column\">\n\t\t\t<div class=\"elementor-widget-wrap elementor-element-populated\">\n\t\t\t\t\t\t<div class=\"elementor-element elementor-element-062920a elementor-widget elementor-widget-text-editor\" data-id=\"062920a\" data-element_type=\"widget\" data-widget_type=\"text-editor.default\">\n\t\t\t\t<div class=\"elementor-widget-container\">\n\t\t\t\t\t\t\t\t\t<p>Program \u00e7\u0131kt\u0131lar\u0131;\u00a0 T\u00fcrkiye Y\u00fcksek\u00f6\u011fretim Yeterlilikler \u00c7er\u00e7evesi (TYY\u00c7) yeterlilikleri g\u00f6z \u00f6n\u00fcnde bulundurulmakla birlikte, MEDEK Program \u00c7\u0131kt\u0131lar\u0131 do\u011frultusunda B\u00f6l\u00fcm Akademik Kurulu karar\u0131 ile belirlenmi\u015ftir.<\/p><table width=\"921\"><tbody><tr><td width=\"62\"><p><b>No<\/b><\/p><\/td><td width=\"859\"><p><b>Program \u00c7\u0131kt\u0131lar\u0131<\/b><\/p><\/td><\/tr><tr><td width=\"62\"><p>P\u00c7 1<\/p><\/td><td width=\"859\"><p>Mesle\u011fi ile ilgili temel, g\u00fcncel ve uygulamal\u0131 bilgilere sahip olur.<\/p><\/td><\/tr><tr><td width=\"62\"><p>P\u00c72<\/p><\/td><td width=\"859\"><p>\u0130\u015f sa\u011fl\u0131\u011f\u0131 ve g\u00fcvenli\u011fi, \u00e7evre bilinci ve kalite s\u00fcre\u00e7leri hakk\u0131nda bilgi sahibi olur.<\/p><\/td><\/tr><tr><td width=\"62\"><p>P\u00c73<\/p><\/td><td width=\"859\"><p>Mesle\u011fi i\u00e7in g\u00fcncel geli\u015fmeleri ve uygulamalar\u0131 takip eder, etkin \u015fekilde kullan\u0131r.<\/p><\/td><\/tr><tr><td width=\"62\"><p>P\u00c74<\/p><\/td><td width=\"859\"><p>Mesle\u011fi ile ilgili bili\u015fim teknolojilerini (yaz\u0131l\u0131m, program, animasyon vb.) etkin kullan\u0131r.<\/p><\/td><\/tr><tr><td width=\"62\"><p>P\u00c75<\/p><\/td><td width=\"859\"><p>Mesleki problemleri ve konular\u0131 ba\u011f\u0131ms\u0131z olarak analitik ve ele\u015ftirel bir yakla\u015f\u0131mla de\u011ferlendirme ve \u00e7\u00f6z\u00fcm \u00f6nerisini sunabilme becerisine sahiptir.<\/p><\/td><\/tr><tr><td width=\"62\"><p>P\u00c76<\/p><\/td><td width=\"859\"><p>Bilgi ve beceriler d\u00fczeyinde d\u00fc\u015f\u00fcncelerini yaz\u0131l\u0131 ve s\u00f6zl\u00fc ileti\u015fim yolu ile etkin bi\u00e7imde sunabilir, anla\u015f\u0131l\u0131r bi\u00e7imde ifade eder.<\/p><\/td><\/tr><tr><td width=\"62\"><p>P\u00c77<\/p><\/td><td width=\"859\"><p>Alan\u0131 ile ilgili uygulamalarda kar\u015f\u0131la\u015f\u0131lan ve \u00f6ng\u00f6r\u00fclemeyen karma\u015f\u0131k sorunlar\u0131 \u00e7\u00f6zmek i\u00e7in ekip \u00fcyesi olarak sorumluluk al\u0131r.<\/p><\/td><\/tr><tr><td width=\"62\"><p>P\u00c78<\/p><\/td><td width=\"859\"><p>Kariyer y\u00f6netimi ve ya\u015fam boyu \u00f6\u011frenme konular\u0131nda fark\u0131ndal\u0131\u011fa sahiptir.<\/p><\/td><\/tr><tr><td width=\"62\"><p>P\u00c79<\/p><\/td><td width=\"859\"><p>Alan\u0131 ile ilgili verilerin toplanmas\u0131, uygulanmas\u0131 ve sonu\u00e7lar\u0131n\u0131n duyurulmas\u0131 a\u015famalar\u0131nda toplumsal, bilimsel, k\u00fclt\u00fcrel ve etik de\u011ferlere sahiptir.<\/p><\/td><\/tr><tr><td width=\"62\"><p>P\u00c710<\/p><\/td><td width=\"859\"><p>Bir yabanc\u0131 dili kullanarak alan\u0131ndaki bilgileri takip eder ve meslekta\u015flar\u0131 ile ileti\u015fim kurar.<\/p><\/td><\/tr><tr><td width=\"62\"><p>P\u00c711<\/p><\/td><td width=\"859\"><p>\u0130\u015f sa\u011fl\u0131\u011f\u0131 ve g\u00fcvenli\u011fi mevzuat\u0131n\u0131 a\u00e7\u0131klar.<\/p><\/td><\/tr><tr><td width=\"62\"><p>P\u00c712<\/p><\/td><td width=\"859\"><p>Proaktif ve reaktif faaliyetleri y\u00fcr\u00fct\u00fcr.<\/p><\/td><\/tr><tr><td width=\"62\"><p>P\u00c713<\/p><\/td><td width=\"859\"><p>\u0130\u015f sa\u011fl\u0131\u011f\u0131 ve g\u00fcvenli\u011fi a\u00e7\u0131s\u0131ndan \u00e7al\u0131\u015fma ortam\u0131n\u0131n risk haritas\u0131n\u0131 \u00e7\u0131kar\u0131r.<\/p><\/td><\/tr><tr><td width=\"62\"><p>P\u00c714<\/p><\/td><td width=\"859\"><p>Kay\u0131t ve raporlama faaliyetlerini y\u00fcr\u00fct\u00fcr.<\/p><\/td><\/tr><\/tbody><\/table>\t\t\t\t\t\t\t\t<\/div>\n\t\t\t\t<\/div>\n\t\t\t\t\t<\/div>\n\t\t<\/div>\n\t\t\t\t\t<\/div>\n\t\t<\/section>\n\t\t\t\t<\/div>\n\t\t","protected":false},"excerpt":{"rendered":"<p>Program \u00e7\u0131kt\u0131lar\u0131;\u00a0 T\u00fcrkiye Y\u00fcksek\u00f6\u011fretim Yeterlilikler \u00c7er\u00e7evesi (TYY\u00c7) yeterlilikleri g\u00f6z \u00f6n\u00fcnde bulundurulmakla birlikte, MEDEK Program \u00c7\u0131kt\u0131lar\u0131 do\u011frultusunda B\u00f6l\u00fcm Akademik Kurulu karar\u0131 ile belirlenmi\u015ftir. No Program \u00c7\u0131kt\u0131lar\u0131 P\u00c7 1 Mesle\u011fi ile ilgili temel, g\u00fcncel ve uygulamal\u0131 bilgilere sahip olur. P\u00c72 \u0130\u015f sa\u011fl\u0131\u011f\u0131 ve g\u00fcvenli\u011fi, \u00e7evre bilinci ve kalite s\u00fcre\u00e7leri hakk\u0131nda bilgi sahibi olur. P\u00c73 Mesle\u011fi i\u00e7in g\u00fcncel [&hellip;]<\/p>\n","protected":false},"author":184,"featured_media":0,"parent":0,"menu_order":0,"comment_status":"closed","ping_status":"closed","template":"","meta":{"footnotes":""},"class_list":["post-6634","page","type-page","status-publish","hentry"],"_links":{"self":[{"href":"https:\/\/atauni.edu.tr\/is-sagligi-ve-guvenligi-programi\/wp-json\/wp\/v2\/pages\/6634","targetHints":{"allow":["GET"]}}],"collection":[{"href":"https:\/\/atauni.edu.tr\/is-sagligi-ve-guvenligi-programi\/wp-json\/wp\/v2\/pages"}],"about":[{"href":"https:\/\/atauni.edu.tr\/is-sagligi-ve-guvenligi-programi\/wp-json\/wp\/v2\/types\/page"}],"author":[{"embeddable":true,"href":"https:\/\/atauni.edu.tr\/is-sagligi-ve-guvenligi-programi\/wp-json\/wp\/v2\/users\/184"}],"replies":[{"embeddable":true,"href":"https:\/\/atauni.edu.tr\/is-sagligi-ve-guvenligi-programi\/wp-json\/wp\/v2\/comments?post=6634"}],"version-history":[{"count":10,"href":"https:\/\/atauni.edu.tr\/is-sagligi-ve-guvenligi-programi\/wp-json\/wp\/v2\/pages\/6634\/revisions"}],"predecessor-version":[{"id":6647,"href":"https:\/\/atauni.edu.tr\/is-sagligi-ve-guvenligi-programi\/wp-json\/wp\/v2\/pages\/6634\/revisions\/6647"}],"wp:attachment":[{"href":"https:\/\/atauni.edu.tr\/is-sagligi-ve-guvenligi-programi\/wp-json\/wp\/v2\/media?parent=6634"}],"curies":[{"name":"wp","href":"https:\/\/api.w.org\/{rel}","templated":true}]}}