{"id":6654,"date":"2025-10-14T14:28:06","date_gmt":"2025-10-14T11:28:06","guid":{"rendered":"https:\/\/birimler.atauni.edu.tr\/is-sagligi-ve-guvenligi-programi\/?page_id=6654"},"modified":"2025-11-03T12:26:52","modified_gmt":"2025-11-03T09:26:52","slug":"mezunogrenci-bulusmalari-i","status":"publish","type":"page","link":"https:\/\/atauni.edu.tr\/is-sagligi-ve-guvenligi-programi\/mezunogrenci-bulusmalari-i\/","title":{"rendered":"Mezun&amp;\u00d6\u011frenci Bulu\u015fmalar\u0131-I"},"content":{"rendered":"\t\t<div data-elementor-type=\"wp-page\" data-elementor-id=\"6654\" class=\"elementor elementor-6654\" data-elementor-post-type=\"page\">\n\t\t\t\t\t\t<section class=\"elementor-section elementor-top-section elementor-element elementor-element-43a06ed elementor-section-boxed elementor-section-height-default elementor-section-height-default\" data-id=\"43a06ed\" data-element_type=\"section\">\n\t\t\t\t\t\t<div class=\"elementor-container elementor-column-gap-default\">\n\t\t\t\t\t<div class=\"elementor-column elementor-col-100 elementor-top-column elementor-element elementor-element-33c40bf\" data-id=\"33c40bf\" data-element_type=\"column\">\n\t\t\t<div class=\"elementor-widget-wrap elementor-element-populated\">\n\t\t\t\t\t\t<div class=\"elementor-element elementor-element-766ed71 elementor-widget elementor-widget-text-editor\" data-id=\"766ed71\" data-element_type=\"widget\" data-widget_type=\"text-editor.default\">\n\t\t\t\t<div class=\"elementor-widget-container\">\n\t\t\t\t\t\t\t\t\t<p>Mezun \u00f6\u011frencilerimiz ile mevcut \u00f6\u011frencilerimizin bir araya getirilerek, mezunlar\u0131m\u0131z\u0131n deneyimlerini payla\u015farak mevcut \u00f6\u011frencilerimize rehberlik etmeleri, a\u011f kurmalar\u0131 ve kurumsal aidiyetin g\u00fc\u00e7lendirilmesi amac\u0131yla 15 Ekim 2025 tarihinde Mezun&amp;\u00d6\u011frenci Bulu\u015fmas\u0131 etkinli\u011finin birincisini ger\u00e7ekle\u015ftirdik. Etkinli\u011fimize de\u011ferli katk\u0131lar\u0131ndan dolay\u0131 konuk mezunlar\u0131m\u0131z \u0130\u015f G\u00fcvenli\u011fi Uzmanlar\u0131 Muhammed Enes SARICAN, Nurcihan AV\u015eARO\u011eLU, Selda \u00c7EL\u0130K&#8217;e \u00e7ok te\u015fekk\u00fcr ederiz.<\/p>\t\t\t\t\t\t\t\t<\/div>\n\t\t\t\t<\/div>\n\t\t\t\t\t<\/div>\n\t\t<\/div>\n\t\t\t\t\t<\/div>\n\t\t<\/section>\n\t\t\t\t<section class=\"elementor-section elementor-top-section elementor-element elementor-element-ccc052e elementor-section-boxed elementor-section-height-default elementor-section-height-default\" data-id=\"ccc052e\" data-element_type=\"section\">\n\t\t\t\t\t\t<div class=\"elementor-container elementor-column-gap-default\">\n\t\t\t\t\t<div class=\"elementor-column elementor-col-100 elementor-top-column elementor-element elementor-element-61abcfb\" data-id=\"61abcfb\" data-element_type=\"column\">\n\t\t\t<div class=\"elementor-widget-wrap elementor-element-populated\">\n\t\t\t\t\t\t<div class=\"elementor-element elementor-element-f12a843 elementor-widget elementor-widget-image\" data-id=\"f12a843\" data-element_type=\"widget\" data-widget_type=\"image.default\">\n\t\t\t\t<div class=\"elementor-widget-container\">\n\t\t\t\t\t\t\t\t\t\t\t\t\t\t\t<img fetchpriority=\"high\" decoding=\"async\" width=\"240\" height=\"300\" src=\"https:\/\/atauni.edu.tr\/is-sagligi-ve-guvenligi-programi\/wp-content\/uploads\/sites\/640\/2025\/10\/Afis-240x300.jpeg\" class=\"attachment-medium size-medium wp-image-6658\" alt=\"\" srcset=\"https:\/\/atauni.edu.tr\/is-sagligi-ve-guvenligi-programi\/wp-content\/uploads\/sites\/640\/2025\/10\/Afis-240x300.jpeg 240w, https:\/\/atauni.edu.tr\/is-sagligi-ve-guvenligi-programi\/wp-content\/uploads\/sites\/640\/2025\/10\/Afis-819x1024.jpeg 819w, https:\/\/atauni.edu.tr\/is-sagligi-ve-guvenligi-programi\/wp-content\/uploads\/sites\/640\/2025\/10\/Afis-768x960.jpeg 768w, https:\/\/atauni.edu.tr\/is-sagligi-ve-guvenligi-programi\/wp-content\/uploads\/sites\/640\/2025\/10\/Afis-480x600.jpeg 480w, https:\/\/atauni.edu.tr\/is-sagligi-ve-guvenligi-programi\/wp-content\/uploads\/sites\/640\/2025\/10\/Afis-448x560.jpeg 448w, https:\/\/atauni.edu.tr\/is-sagligi-ve-guvenligi-programi\/wp-content\/uploads\/sites\/640\/2025\/10\/Afis.jpeg 1080w\" sizes=\"(max-width: 240px) 100vw, 240px\" \/>\t\t\t\t\t\t\t\t\t\t\t\t\t\t\t<\/div>\n\t\t\t\t<\/div>\n\t\t\t\t\t<\/div>\n\t\t<\/div>\n\t\t\t\t\t<\/div>\n\t\t<\/section>\n\t\t\t\t<section class=\"elementor-section elementor-top-section elementor-element elementor-element-4eae9a7 elementor-section-boxed elementor-section-height-default elementor-section-height-default\" data-id=\"4eae9a7\" data-element_type=\"section\">\n\t\t\t\t\t\t<div class=\"elementor-container elementor-column-gap-default\">\n\t\t\t\t\t<div class=\"elementor-column elementor-col-16 elementor-top-column elementor-element elementor-element-20b682f\" data-id=\"20b682f\" data-element_type=\"column\">\n\t\t\t<div class=\"elementor-widget-wrap elementor-element-populated\">\n\t\t\t\t\t\t<div class=\"elementor-element elementor-element-41ce0c1 elementor-widget elementor-widget-image\" data-id=\"41ce0c1\" data-element_type=\"widget\" data-widget_type=\"image.default\">\n\t\t\t\t<div class=\"elementor-widget-container\">\n\t\t\t\t\t\t\t\t\t\t\t\t\t\t\t<img decoding=\"async\" width=\"1200\" height=\"800\" src=\"https:\/\/atauni.edu.tr\/is-sagligi-ve-guvenligi-programi\/wp-content\/uploads\/sites\/640\/2025\/10\/3-1200x800.jpeg\" class=\"attachment-egovt-large size-egovt-large wp-image-6663\" alt=\"\" \/>\t\t\t\t\t\t\t\t\t\t\t\t\t\t\t<\/div>\n\t\t\t\t<\/div>\n\t\t\t\t\t<\/div>\n\t\t<\/div>\n\t\t\t\t<div class=\"elementor-column elementor-col-16 elementor-top-column elementor-element elementor-element-847288a\" data-id=\"847288a\" data-element_type=\"column\">\n\t\t\t<div class=\"elementor-widget-wrap elementor-element-populated\">\n\t\t\t\t\t\t<div class=\"elementor-element elementor-element-e1e67dc elementor-widget elementor-widget-image\" data-id=\"e1e67dc\" data-element_type=\"widget\" data-widget_type=\"image.default\">\n\t\t\t\t<div class=\"elementor-widget-container\">\n\t\t\t\t\t\t\t\t\t\t\t\t\t\t\t<img decoding=\"async\" width=\"150\" height=\"150\" src=\"https:\/\/atauni.edu.tr\/is-sagligi-ve-guvenligi-programi\/wp-content\/uploads\/sites\/640\/2025\/10\/4-150x150.jpeg\" class=\"attachment-thumbnail size-thumbnail wp-image-6664\" alt=\"\" \/>\t\t\t\t\t\t\t\t\t\t\t\t\t\t\t<\/div>\n\t\t\t\t<\/div>\n\t\t\t\t\t<\/div>\n\t\t<\/div>\n\t\t\t\t<div class=\"elementor-column elementor-col-16 elementor-top-column elementor-element elementor-element-abf03f1\" data-id=\"abf03f1\" data-element_type=\"column\">\n\t\t\t<div class=\"elementor-widget-wrap elementor-element-populated\">\n\t\t\t\t\t\t<div class=\"elementor-element elementor-element-e413c6d elementor-widget elementor-widget-image\" data-id=\"e413c6d\" data-element_type=\"widget\" data-widget_type=\"image.default\">\n\t\t\t\t<div class=\"elementor-widget-container\">\n\t\t\t\t\t\t\t\t\t\t\t\t\t\t\t<img loading=\"lazy\" decoding=\"async\" width=\"150\" height=\"150\" src=\"https:\/\/atauni.edu.tr\/is-sagligi-ve-guvenligi-programi\/wp-content\/uploads\/sites\/640\/2025\/10\/5-150x150.jpeg\" class=\"attachment-thumbnail size-thumbnail wp-image-6665\" alt=\"\" \/>\t\t\t\t\t\t\t\t\t\t\t\t\t\t\t<\/div>\n\t\t\t\t<\/div>\n\t\t\t\t\t<\/div>\n\t\t<\/div>\n\t\t\t\t<div class=\"elementor-column elementor-col-16 elementor-top-column elementor-element elementor-element-427f1d6\" data-id=\"427f1d6\" data-element_type=\"column\">\n\t\t\t<div class=\"elementor-widget-wrap elementor-element-populated\">\n\t\t\t\t\t\t<div class=\"elementor-element elementor-element-554a3b8 elementor-widget elementor-widget-image\" data-id=\"554a3b8\" data-element_type=\"widget\" data-widget_type=\"image.default\">\n\t\t\t\t<div class=\"elementor-widget-container\">\n\t\t\t\t\t\t\t\t\t\t\t\t\t\t\t<img loading=\"lazy\" decoding=\"async\" width=\"150\" height=\"150\" src=\"https:\/\/atauni.edu.tr\/is-sagligi-ve-guvenligi-programi\/wp-content\/uploads\/sites\/640\/2025\/10\/6-150x150.jpeg\" class=\"attachment-thumbnail size-thumbnail wp-image-6666\" alt=\"\" \/>\t\t\t\t\t\t\t\t\t\t\t\t\t\t\t<\/div>\n\t\t\t\t<\/div>\n\t\t\t\t\t<\/div>\n\t\t<\/div>\n\t\t\t\t<div class=\"elementor-column elementor-col-16 elementor-top-column elementor-element elementor-element-ef19b24\" data-id=\"ef19b24\" data-element_type=\"column\">\n\t\t\t<div class=\"elementor-widget-wrap elementor-element-populated\">\n\t\t\t\t\t\t<div class=\"elementor-element elementor-element-b7f2eb6 elementor-widget elementor-widget-image\" data-id=\"b7f2eb6\" data-element_type=\"widget\" data-widget_type=\"image.default\">\n\t\t\t\t<div class=\"elementor-widget-container\">\n\t\t\t\t\t\t\t\t\t\t\t\t\t\t\t<img loading=\"lazy\" decoding=\"async\" width=\"300\" height=\"177\" src=\"https:\/\/atauni.edu.tr\/is-sagligi-ve-guvenligi-programi\/wp-content\/uploads\/sites\/640\/2025\/10\/7-300x177.jpeg\" class=\"attachment-medium size-medium wp-image-6667\" alt=\"\" srcset=\"https:\/\/atauni.edu.tr\/is-sagligi-ve-guvenligi-programi\/wp-content\/uploads\/sites\/640\/2025\/10\/7-300x177.jpeg 300w, https:\/\/atauni.edu.tr\/is-sagligi-ve-guvenligi-programi\/wp-content\/uploads\/sites\/640\/2025\/10\/7-1024x603.jpeg 1024w, https:\/\/atauni.edu.tr\/is-sagligi-ve-guvenligi-programi\/wp-content\/uploads\/sites\/640\/2025\/10\/7-768x452.jpeg 768w, https:\/\/atauni.edu.tr\/is-sagligi-ve-guvenligi-programi\/wp-content\/uploads\/sites\/640\/2025\/10\/7-1536x904.jpeg 1536w, https:\/\/atauni.edu.tr\/is-sagligi-ve-guvenligi-programi\/wp-content\/uploads\/sites\/640\/2025\/10\/7-2048x1206.jpeg 2048w, https:\/\/atauni.edu.tr\/is-sagligi-ve-guvenligi-programi\/wp-content\/uploads\/sites\/640\/2025\/10\/7-600x353.jpeg 600w, https:\/\/atauni.edu.tr\/is-sagligi-ve-guvenligi-programi\/wp-content\/uploads\/sites\/640\/2025\/10\/7-560x330.jpeg 560w\" sizes=\"(max-width: 300px) 100vw, 300px\" \/>\t\t\t\t\t\t\t\t\t\t\t\t\t\t\t<\/div>\n\t\t\t\t<\/div>\n\t\t\t\t\t<\/div>\n\t\t<\/div>\n\t\t\t\t<div class=\"elementor-column elementor-col-16 elementor-top-column elementor-element elementor-element-dd2b0fc\" data-id=\"dd2b0fc\" data-element_type=\"column\">\n\t\t\t<div class=\"elementor-widget-wrap elementor-element-populated\">\n\t\t\t\t\t\t<div class=\"elementor-element elementor-element-06dcaed elementor-widget elementor-widget-image\" data-id=\"06dcaed\" data-element_type=\"widget\" data-widget_type=\"image.default\">\n\t\t\t\t<div class=\"elementor-widget-container\">\n\t\t\t\t\t\t\t\t\t\t\t\t\t\t\t<img loading=\"lazy\" decoding=\"async\" width=\"1024\" height=\"947\" src=\"https:\/\/atauni.edu.tr\/is-sagligi-ve-guvenligi-programi\/wp-content\/uploads\/sites\/640\/2025\/10\/9-1024x947.jpg\" class=\"attachment-large size-large wp-image-6669\" alt=\"\" srcset=\"https:\/\/atauni.edu.tr\/is-sagligi-ve-guvenligi-programi\/wp-content\/uploads\/sites\/640\/2025\/10\/9-1024x947.jpg 1024w, https:\/\/atauni.edu.tr\/is-sagligi-ve-guvenligi-programi\/wp-content\/uploads\/sites\/640\/2025\/10\/9-300x278.jpg 300w, https:\/\/atauni.edu.tr\/is-sagligi-ve-guvenligi-programi\/wp-content\/uploads\/sites\/640\/2025\/10\/9-768x710.jpg 768w, https:\/\/atauni.edu.tr\/is-sagligi-ve-guvenligi-programi\/wp-content\/uploads\/sites\/640\/2025\/10\/9-1536x1421.jpg 1536w, https:\/\/atauni.edu.tr\/is-sagligi-ve-guvenligi-programi\/wp-content\/uploads\/sites\/640\/2025\/10\/9-2048x1895.jpg 2048w, https:\/\/atauni.edu.tr\/is-sagligi-ve-guvenligi-programi\/wp-content\/uploads\/sites\/640\/2025\/10\/9-600x555.jpg 600w, https:\/\/atauni.edu.tr\/is-sagligi-ve-guvenligi-programi\/wp-content\/uploads\/sites\/640\/2025\/10\/9-560x518.jpg 560w\" sizes=\"(max-width: 1024px) 100vw, 1024px\" \/>\t\t\t\t\t\t\t\t\t\t\t\t\t\t\t<\/div>\n\t\t\t\t<\/div>\n\t\t\t\t\t<\/div>\n\t\t<\/div>\n\t\t\t\t\t<\/div>\n\t\t<\/section>\n\t\t\t\t<\/div>\n\t\t","protected":false},"excerpt":{"rendered":"<p>Mezun \u00f6\u011frencilerimiz ile mevcut \u00f6\u011frencilerimizin bir araya getirilerek, mezunlar\u0131m\u0131z\u0131n deneyimlerini payla\u015farak mevcut \u00f6\u011frencilerimize rehberlik etmeleri, a\u011f kurmalar\u0131 ve kurumsal aidiyetin g\u00fc\u00e7lendirilmesi amac\u0131yla 15 Ekim 2025 tarihinde Mezun&amp;\u00d6\u011frenci Bulu\u015fmas\u0131 etkinli\u011finin birincisini ger\u00e7ekle\u015ftirdik. Etkinli\u011fimize de\u011ferli katk\u0131lar\u0131ndan dolay\u0131 konuk mezunlar\u0131m\u0131z \u0130\u015f G\u00fcvenli\u011fi Uzmanlar\u0131 Muhammed Enes SARICAN, Nurcihan AV\u015eARO\u011eLU, Selda \u00c7EL\u0130K&#8217;e \u00e7ok te\u015fekk\u00fcr ederiz.<\/p>\n","protected":false},"author":184,"featured_media":0,"parent":0,"menu_order":0,"comment_status":"closed","ping_status":"closed","template":"","meta":{"footnotes":""},"class_list":["post-6654","page","type-page","status-publish","hentry"],"_links":{"self":[{"href":"https:\/\/atauni.edu.tr\/is-sagligi-ve-guvenligi-programi\/wp-json\/wp\/v2\/pages\/6654","targetHints":{"allow":["GET"]}}],"collection":[{"href":"https:\/\/atauni.edu.tr\/is-sagligi-ve-guvenligi-programi\/wp-json\/wp\/v2\/pages"}],"about":[{"href":"https:\/\/atauni.edu.tr\/is-sagligi-ve-guvenligi-programi\/wp-json\/wp\/v2\/types\/page"}],"author":[{"embeddable":true,"href":"https:\/\/atauni.edu.tr\/is-sagligi-ve-guvenligi-programi\/wp-json\/wp\/v2\/users\/184"}],"replies":[{"embeddable":true,"href":"https:\/\/atauni.edu.tr\/is-sagligi-ve-guvenligi-programi\/wp-json\/wp\/v2\/comments?post=6654"}],"version-history":[{"count":7,"href":"https:\/\/atauni.edu.tr\/is-sagligi-ve-guvenligi-programi\/wp-json\/wp\/v2\/pages\/6654\/revisions"}],"predecessor-version":[{"id":6705,"href":"https:\/\/atauni.edu.tr\/is-sagligi-ve-guvenligi-programi\/wp-json\/wp\/v2\/pages\/6654\/revisions\/6705"}],"wp:attachment":[{"href":"https:\/\/atauni.edu.tr\/is-sagligi-ve-guvenligi-programi\/wp-json\/wp\/v2\/media?parent=6654"}],"curies":[{"name":"wp","href":"https:\/\/api.w.org\/{rel}","templated":true}]}}