{"id":6728,"date":"2025-11-08T22:31:05","date_gmt":"2025-11-08T19:31:05","guid":{"rendered":"https:\/\/birimler.atauni.edu.tr\/is-sagligi-ve-guvenligi-programi\/?page_id=6728"},"modified":"2025-11-09T22:55:03","modified_gmt":"2025-11-09T19:55:03","slug":"mezuniyet-islemleri","status":"publish","type":"page","link":"https:\/\/atauni.edu.tr\/is-sagligi-ve-guvenligi-programi\/mezuniyet-islemleri\/","title":{"rendered":"Mezuniyet \u0130\u015flemleri"},"content":{"rendered":"\t\t<div data-elementor-type=\"wp-page\" data-elementor-id=\"6728\" class=\"elementor elementor-6728\" data-elementor-post-type=\"page\">\n\t\t\t\t\t\t<section class=\"elementor-section elementor-top-section elementor-element elementor-element-00d9a1d elementor-section-boxed elementor-section-height-default elementor-section-height-default\" data-id=\"00d9a1d\" data-element_type=\"section\">\n\t\t\t\t\t\t<div class=\"elementor-container elementor-column-gap-default\">\n\t\t\t\t\t<div class=\"elementor-column elementor-col-100 elementor-top-column elementor-element elementor-element-f424ea1\" data-id=\"f424ea1\" data-element_type=\"column\">\n\t\t\t<div class=\"elementor-widget-wrap elementor-element-populated\">\n\t\t\t\t\t\t<div class=\"elementor-element elementor-element-4afba2f elementor-widget elementor-widget-text-editor\" data-id=\"4afba2f\" data-element_type=\"widget\" data-widget_type=\"text-editor.default\">\n\t\t\t\t<div class=\"elementor-widget-container\">\n\t\t\t\t\t\t\t\t\t<ul><li>Mezuniyet i\u015flemlerinde Atat\u00fcrk \u00dcniversitesi \u00d6n Lisans ve Lisans E\u011fitim-\u00d6\u011fretim ve S\u0131nav Y\u00f6netmeli\u011fi esas al\u0131nmaktad\u0131r.<\/li><li>Bu y\u00f6netmelik gere\u011fince \u00f6\u011frencilerin programdan mezun olabilmeleri i\u00e7in \u00f6\u011fretim program\u0131nda belirtilen t\u00fcm dersleri alm\u0131\u015f ve ba\u015farm\u0131\u015f olmalar\u0131 (ba\u015far\u0131 \u015fart\u0131 en az DD harf notudur), a\u011f\u0131rl\u0131kl\u0131 genel not ortalamas\u0131n\u0131n en az 2.00 olmas\u0131 ve 30 i\u015f g\u00fcn\u00fc zorunlu staj \u00e7al\u0131\u015fmalar\u0131ndan ba\u015far\u0131l\u0131 olmalar\u0131 gerekmektedir.<\/li><li>Program\u0131n gerektirdi\u011fi t\u00fcm bu \u015fartlar sa\u011fland\u0131\u011f\u0131nda \u00f6\u011frenci mezuniyet i\u015flemlerini \u00d6\u011frenci Bilgi Sistemi (\u00d6BS) \u00fczerinden elektronik ortamda ba\u015flatmaktad\u0131r.<\/li><li>Mezuniyet i\u015flemini ba\u015flatan \u00f6\u011frencilere dair bilgiler, ilgili dan\u0131\u015fmana \u00d6BS\u2019den mesaj ve ki\u015fisel telefon numaras\u0131na SMS yoluyla ula\u015ft\u0131r\u0131lmaktad\u0131r.<\/li><li>Dan\u0131\u015fman taraf\u0131ndan, \u00d6BS\u2019ndeki \u201cMezuniyet \u0130\u015flemleri\u201d ba\u015fl\u0131\u011f\u0131 alt\u0131nda mezuniyet ba\u015flatan \u00f6\u011frencinin Not Kart\u0131 ve Karteksi incelendikten sonra mezuniyet i\u00e7in ko\u015fullar sa\u011flanm\u0131\u015fsa mezuniyete onay verilmektedir.<\/li><li>Ard\u0131ndan s\u0131ras\u0131yla Okul M\u00fcd\u00fcrl\u00fc\u011f\u00fc ve \u00d6\u011frenci \u0130\u015fleri Daire Ba\u015fkanl\u0131\u011f\u0131 (\u00d6\u0130DB) taraf\u0131ndan dijital ortamda onaylar verildikten sonra \u00f6\u011frenci mezuniyet i\u015flemini tamamlam\u0131\u015f olmaktad\u0131r.<\/li><li>M\u00fcd\u00fcrl\u00fck onay\u0131n\u0131n ard\u0131ndan \u00f6\u011frenci mezuniyet belgesine e-Devlet portal\u0131ndan eri\u015filebilmektedir.<\/li><li>Mezuniyet i\u015flemleri bittikten sonra fiziki diploma, \u00f6\u011frenciye yine \u00d6BS \u00fczerinden sunulan se\u00e7enekler ile sisteme kay\u0131tl\u0131 adresine kargo ya da kendisinin elden teslim almas\u0131 yoluyla verilmektedir.<\/li><\/ul>\t\t\t\t\t\t\t\t<\/div>\n\t\t\t\t<\/div>\n\t\t\t\t\t<\/div>\n\t\t<\/div>\n\t\t\t\t\t<\/div>\n\t\t<\/section>\n\t\t\t\t<section class=\"elementor-section elementor-top-section elementor-element elementor-element-dde709d elementor-section-boxed elementor-section-height-default elementor-section-height-default\" data-id=\"dde709d\" data-element_type=\"section\">\n\t\t\t\t\t\t<div class=\"elementor-container elementor-column-gap-default\">\n\t\t\t\t\t<div class=\"elementor-column elementor-col-100 elementor-top-column elementor-element elementor-element-595b73f\" data-id=\"595b73f\" data-element_type=\"column\">\n\t\t\t<div class=\"elementor-widget-wrap elementor-element-populated\">\n\t\t\t\t\t\t<div class=\"elementor-element elementor-element-c9bc5a5 elementor-widget elementor-widget-image\" data-id=\"c9bc5a5\" data-element_type=\"widget\" data-widget_type=\"image.default\">\n\t\t\t\t<div class=\"elementor-widget-container\">\n\t\t\t\t\t\t\t\t\t\t\t\t\t\t\t<img fetchpriority=\"high\" decoding=\"async\" width=\"600\" height=\"338\" src=\"https:\/\/atauni.edu.tr\/is-sagligi-ve-guvenligi-programi\/wp-content\/uploads\/sites\/640\/2025\/11\/Mezuniyet-Yol-Haritasi-600x338.jpg\" class=\"attachment-egovt_portfolio_thumb size-egovt_portfolio_thumb wp-image-6753\" alt=\"\" srcset=\"https:\/\/atauni.edu.tr\/is-sagligi-ve-guvenligi-programi\/wp-content\/uploads\/sites\/640\/2025\/11\/Mezuniyet-Yol-Haritasi-600x338.jpg 600w, https:\/\/atauni.edu.tr\/is-sagligi-ve-guvenligi-programi\/wp-content\/uploads\/sites\/640\/2025\/11\/Mezuniyet-Yol-Haritasi-300x169.jpg 300w, https:\/\/atauni.edu.tr\/is-sagligi-ve-guvenligi-programi\/wp-content\/uploads\/sites\/640\/2025\/11\/Mezuniyet-Yol-Haritasi-1024x576.jpg 1024w, https:\/\/atauni.edu.tr\/is-sagligi-ve-guvenligi-programi\/wp-content\/uploads\/sites\/640\/2025\/11\/Mezuniyet-Yol-Haritasi-768x432.jpg 768w, https:\/\/atauni.edu.tr\/is-sagligi-ve-guvenligi-programi\/wp-content\/uploads\/sites\/640\/2025\/11\/Mezuniyet-Yol-Haritasi-560x315.jpg 560w, https:\/\/atauni.edu.tr\/is-sagligi-ve-guvenligi-programi\/wp-content\/uploads\/sites\/640\/2025\/11\/Mezuniyet-Yol-Haritasi.jpg 1280w\" sizes=\"(max-width: 600px) 100vw, 600px\" \/>\t\t\t\t\t\t\t\t\t\t\t\t\t\t\t<\/div>\n\t\t\t\t<\/div>\n\t\t\t\t\t<\/div>\n\t\t<\/div>\n\t\t\t\t\t<\/div>\n\t\t<\/section>\n\t\t\t\t<\/div>\n\t\t","protected":false},"excerpt":{"rendered":"<p>Mezuniyet i\u015flemlerinde Atat\u00fcrk \u00dcniversitesi \u00d6n Lisans ve Lisans E\u011fitim-\u00d6\u011fretim ve S\u0131nav Y\u00f6netmeli\u011fi esas al\u0131nmaktad\u0131r. Bu y\u00f6netmelik gere\u011fince \u00f6\u011frencilerin programdan mezun olabilmeleri i\u00e7in \u00f6\u011fretim program\u0131nda belirtilen t\u00fcm dersleri alm\u0131\u015f ve ba\u015farm\u0131\u015f olmalar\u0131 (ba\u015far\u0131 \u015fart\u0131 en az DD harf notudur), a\u011f\u0131rl\u0131kl\u0131 genel not ortalamas\u0131n\u0131n en az 2.00 olmas\u0131 ve 30 i\u015f g\u00fcn\u00fc zorunlu staj \u00e7al\u0131\u015fmalar\u0131ndan ba\u015far\u0131l\u0131 olmalar\u0131 [&hellip;]<\/p>\n","protected":false},"author":184,"featured_media":0,"parent":0,"menu_order":0,"comment_status":"closed","ping_status":"closed","template":"","meta":{"footnotes":""},"class_list":["post-6728","page","type-page","status-publish","hentry"],"_links":{"self":[{"href":"https:\/\/atauni.edu.tr\/is-sagligi-ve-guvenligi-programi\/wp-json\/wp\/v2\/pages\/6728","targetHints":{"allow":["GET"]}}],"collection":[{"href":"https:\/\/atauni.edu.tr\/is-sagligi-ve-guvenligi-programi\/wp-json\/wp\/v2\/pages"}],"about":[{"href":"https:\/\/atauni.edu.tr\/is-sagligi-ve-guvenligi-programi\/wp-json\/wp\/v2\/types\/page"}],"author":[{"embeddable":true,"href":"https:\/\/atauni.edu.tr\/is-sagligi-ve-guvenligi-programi\/wp-json\/wp\/v2\/users\/184"}],"replies":[{"embeddable":true,"href":"https:\/\/atauni.edu.tr\/is-sagligi-ve-guvenligi-programi\/wp-json\/wp\/v2\/comments?post=6728"}],"version-history":[{"count":10,"href":"https:\/\/atauni.edu.tr\/is-sagligi-ve-guvenligi-programi\/wp-json\/wp\/v2\/pages\/6728\/revisions"}],"predecessor-version":[{"id":6756,"href":"https:\/\/atauni.edu.tr\/is-sagligi-ve-guvenligi-programi\/wp-json\/wp\/v2\/pages\/6728\/revisions\/6756"}],"wp:attachment":[{"href":"https:\/\/atauni.edu.tr\/is-sagligi-ve-guvenligi-programi\/wp-json\/wp\/v2\/media?parent=6728"}],"curies":[{"name":"wp","href":"https:\/\/api.w.org\/{rel}","templated":true}]}}