{"id":5682,"date":"2021-07-13T10:10:01","date_gmt":"2021-07-13T07:10:01","guid":{"rendered":"https:\/\/portaltest.atauni.edu.tr\/bilgisayar-muhendisligi\/?page_id=5682"},"modified":"2023-08-10T15:02:36","modified_gmt":"2023-08-10T12:02:36","slug":"misyon-vizyon-ve-temel-degerler","status":"publish","type":"page","link":"https:\/\/atauni.edu.tr\/isletme-72\/misyon-vizyon-ve-temel-degerler\/","title":{"rendered":"Misyon, Vizyon ve Temel De\u011ferler"},"content":{"rendered":"\t\t<div data-elementor-type=\"wp-page\" data-elementor-id=\"5682\" class=\"elementor elementor-5682\" data-elementor-post-type=\"page\">\n\t\t\t\t\t\t<section class=\"elementor-section elementor-top-section elementor-element elementor-element-9be811a elementor-section-boxed elementor-section-height-default elementor-section-height-default\" data-id=\"9be811a\" data-element_type=\"section\">\n\t\t\t\t\t\t<div class=\"elementor-container elementor-column-gap-default\">\n\t\t\t\t\t<div class=\"elementor-column elementor-col-100 elementor-top-column elementor-element elementor-element-1ed847b7\" data-id=\"1ed847b7\" data-element_type=\"column\">\n\t\t\t<div class=\"elementor-widget-wrap elementor-element-populated\">\n\t\t\t\t\t\t<div class=\"elementor-element elementor-element-4ce0d07f elementor-widget elementor-widget-heading\" data-id=\"4ce0d07f\" data-element_type=\"widget\" data-widget_type=\"heading.default\">\n\t\t\t\t<div class=\"elementor-widget-container\">\n\t\t\t\t\t<h2 class=\"elementor-heading-title elementor-size-default\">Misyon, Vizyon ve Temel De\u011ferler<\/h2>\t\t\t\t<\/div>\n\t\t\t\t<\/div>\n\t\t\t\t<div class=\"elementor-element elementor-element-63260862 elementor-widget-divider--view-line elementor-widget elementor-widget-divider\" data-id=\"63260862\" data-element_type=\"widget\" data-widget_type=\"divider.default\">\n\t\t\t\t<div class=\"elementor-widget-container\">\n\t\t\t\t\t\t\t<div class=\"elementor-divider\">\n\t\t\t<span class=\"elementor-divider-separator\">\n\t\t\t\t\t\t<\/span>\n\t\t<\/div>\n\t\t\t\t\t\t<\/div>\n\t\t\t\t<\/div>\n\t\t\t\t\t<\/div>\n\t\t<\/div>\n\t\t\t\t\t<\/div>\n\t\t<\/section>\n\t\t\t\t<section class=\"elementor-section elementor-top-section elementor-element elementor-element-324daaa elementor-section-boxed elementor-section-height-default elementor-section-height-default\" data-id=\"324daaa\" data-element_type=\"section\">\n\t\t\t\t\t\t<div class=\"elementor-container elementor-column-gap-default\">\n\t\t\t\t\t<div class=\"elementor-column elementor-col-100 elementor-top-column elementor-element elementor-element-32db312\" data-id=\"32db312\" data-element_type=\"column\">\n\t\t\t<div class=\"elementor-widget-wrap elementor-element-populated\">\n\t\t\t\t\t\t<div class=\"elementor-element elementor-element-6eb1851 elementor-widget elementor-widget-heading\" data-id=\"6eb1851\" data-element_type=\"widget\" data-widget_type=\"heading.default\">\n\t\t\t\t<div class=\"elementor-widget-container\">\n\t\t\t\t\t<h2 class=\"elementor-heading-title elementor-size-default\">Misyon<\/h2>\t\t\t\t<\/div>\n\t\t\t\t<\/div>\n\t\t\t\t\t<\/div>\n\t\t<\/div>\n\t\t\t\t\t<\/div>\n\t\t<\/section>\n\t\t\t\t<section class=\"elementor-section elementor-top-section elementor-element elementor-element-10e6db6 elementor-section-boxed elementor-section-height-default elementor-section-height-default\" data-id=\"10e6db6\" data-element_type=\"section\">\n\t\t\t\t\t\t<div class=\"elementor-container elementor-column-gap-default\">\n\t\t\t\t\t<div class=\"elementor-column elementor-col-100 elementor-top-column elementor-element elementor-element-f5dbeaa\" data-id=\"f5dbeaa\" data-element_type=\"column\">\n\t\t\t<div class=\"elementor-widget-wrap elementor-element-populated\">\n\t\t\t\t\t\t<div class=\"elementor-element elementor-element-db76f37 elementor-widget elementor-widget-text-editor\" data-id=\"db76f37\" data-element_type=\"widget\" data-widget_type=\"text-editor.default\">\n\t\t\t\t<div class=\"elementor-widget-container\">\n\t\t\t\t\t\t\t\t\t<p>Ulusal ve uluslararas\u0131 platformlarda faaliyet g\u00f6steren bir b\u00f6l\u00fcm olma hedefi ile \u00fclkemizin istikbali ad\u0131na i\u015fletme alan\u0131nda yarat\u0131c\u0131l\u0131\u011f\u0131n ve \u00fcretkenli\u011fin artt\u0131r\u0131lmas\u0131na y\u00f6nelik y\u00fcksek kaliteli \u00f6\u011frenim teknolojilerini ve programlar\u0131n\u0131 sunarak hayat\u0131n hizmetinde hep ileriye hizmet etmek \u0130\u015fletme B\u00f6l\u00fcm\u00fc\u2019n\u00fcn misyonudur.<\/p>\t\t\t\t\t\t\t\t<\/div>\n\t\t\t\t<\/div>\n\t\t\t\t\t<\/div>\n\t\t<\/div>\n\t\t\t\t\t<\/div>\n\t\t<\/section>\n\t\t\t\t<section class=\"elementor-section elementor-top-section elementor-element elementor-element-c9e9b8b elementor-section-boxed elementor-section-height-default elementor-section-height-default\" data-id=\"c9e9b8b\" data-element_type=\"section\">\n\t\t\t\t\t\t<div class=\"elementor-container elementor-column-gap-default\">\n\t\t\t\t\t<div class=\"elementor-column elementor-col-100 elementor-top-column elementor-element elementor-element-132ee03\" data-id=\"132ee03\" data-element_type=\"column\">\n\t\t\t<div class=\"elementor-widget-wrap elementor-element-populated\">\n\t\t\t\t\t\t<div class=\"elementor-element elementor-element-8fbe578 elementor-widget elementor-widget-heading\" data-id=\"8fbe578\" data-element_type=\"widget\" data-widget_type=\"heading.default\">\n\t\t\t\t<div class=\"elementor-widget-container\">\n\t\t\t\t\t<h2 class=\"elementor-heading-title elementor-size-default\">Vizyon<\/h2>\t\t\t\t<\/div>\n\t\t\t\t<\/div>\n\t\t\t\t\t<\/div>\n\t\t<\/div>\n\t\t\t\t\t<\/div>\n\t\t<\/section>\n\t\t\t\t<section class=\"elementor-section elementor-top-section elementor-element elementor-element-b6884f1 elementor-section-boxed elementor-section-height-default elementor-section-height-default\" data-id=\"b6884f1\" data-element_type=\"section\">\n\t\t\t\t\t\t<div class=\"elementor-container elementor-column-gap-default\">\n\t\t\t\t\t<div class=\"elementor-column elementor-col-100 elementor-top-column elementor-element elementor-element-501901b\" data-id=\"501901b\" data-element_type=\"column\">\n\t\t\t<div class=\"elementor-widget-wrap elementor-element-populated\">\n\t\t\t\t\t\t<div class=\"elementor-element elementor-element-8e1277d elementor-widget elementor-widget-text-editor\" data-id=\"8e1277d\" data-element_type=\"widget\" data-widget_type=\"text-editor.default\">\n\t\t\t\t<div class=\"elementor-widget-container\">\n\t\t\t\t\t\t\t\t\t<p>\u0130\u015fletme alan\u0131na uluslararas\u0131 boyutta katk\u0131 sunan daima yarat\u0131c\u0131 ve yenilik\u00e7i bir lider b\u00f6l\u00fcm olmak \u0130\u015fletme B\u00f6l\u00fcm\u00fc\u2019n\u00fcn vizyonudur.<\/p>\t\t\t\t\t\t\t\t<\/div>\n\t\t\t\t<\/div>\n\t\t\t\t\t<\/div>\n\t\t<\/div>\n\t\t\t\t\t<\/div>\n\t\t<\/section>\n\t\t\t\t<section class=\"elementor-section elementor-top-section elementor-element elementor-element-5dbdc54 elementor-section-boxed elementor-section-height-default elementor-section-height-default\" data-id=\"5dbdc54\" data-element_type=\"section\">\n\t\t\t\t\t\t<div class=\"elementor-container elementor-column-gap-default\">\n\t\t\t\t\t<div class=\"elementor-column elementor-col-100 elementor-top-column elementor-element elementor-element-511ed50\" data-id=\"511ed50\" data-element_type=\"column\">\n\t\t\t<div class=\"elementor-widget-wrap elementor-element-populated\">\n\t\t\t\t\t\t<div class=\"elementor-element elementor-element-0dfe60e elementor-widget elementor-widget-heading\" data-id=\"0dfe60e\" data-element_type=\"widget\" data-widget_type=\"heading.default\">\n\t\t\t\t<div class=\"elementor-widget-container\">\n\t\t\t\t\t<h2 class=\"elementor-heading-title elementor-size-default\">Temel De\u011ferler<\/h2>\t\t\t\t<\/div>\n\t\t\t\t<\/div>\n\t\t\t\t\t<\/div>\n\t\t<\/div>\n\t\t\t\t\t<\/div>\n\t\t<\/section>\n\t\t\t\t<section class=\"elementor-section elementor-top-section elementor-element elementor-element-681db8b elementor-section-boxed elementor-section-height-default elementor-section-height-default\" data-id=\"681db8b\" data-element_type=\"section\">\n\t\t\t\t\t\t<div class=\"elementor-container elementor-column-gap-default\">\n\t\t\t\t\t<div class=\"elementor-column elementor-col-100 elementor-top-column elementor-element elementor-element-ad4dac5\" data-id=\"ad4dac5\" data-element_type=\"column\">\n\t\t\t<div class=\"elementor-widget-wrap elementor-element-populated\">\n\t\t\t\t\t\t<div class=\"elementor-element elementor-element-2f96b3d elementor-widget elementor-widget-text-editor\" data-id=\"2f96b3d\" data-element_type=\"widget\" data-widget_type=\"text-editor.default\">\n\t\t\t\t<div class=\"elementor-widget-container\">\n\t\t\t\t\t\t\t\t\t<ul><li>T\u00fcrkiye Cumhuriyeti\u2019nin temel ilke ve de\u011ferlerine sadakat,<\/li><li>Milli ve manevi de\u011ferlere ba\u011fl\u0131l\u0131k,<\/li><li>Kalk\u0131nmaya dayal\u0131 ulusal ve k\u00fcresel d\u00fczeyde yenilik\u00e7ilik,<\/li><li>Ya\u015fam boyu \u00f6\u011frenme,<\/li><li>S\u00fcrekli stratejik planlama, s\u00fcrekli iyile\u015ftirme,<\/li><li>G\u00fc\u00e7l\u00fc altyap\u0131 ve sistemler,<\/li><li>\u0130\u015fbirli\u011fine dayal\u0131 ortak \u00e7al\u0131\u015fma (ulusal ve uluslararas\u0131)<\/li><li>\u00d6\u011frenci odakl\u0131l\u0131k,<\/li><li>\u00c7al\u0131\u015fmalar\u0131nda birey, aile, toplum b\u00fct\u00fcnl\u00fc\u011f\u00fc g\u00f6zetmek.<\/li><\/ul>\t\t\t\t\t\t\t\t<\/div>\n\t\t\t\t<\/div>\n\t\t\t\t\t<\/div>\n\t\t<\/div>\n\t\t\t\t\t<\/div>\n\t\t<\/section>\n\t\t\t\t<\/div>\n\t\t","protected":false},"excerpt":{"rendered":"<p>Misyon, Vizyon ve Temel De\u011ferler Misyon Ulusal ve uluslararas\u0131 platformlarda faaliyet g\u00f6steren bir b\u00f6l\u00fcm olma hedefi ile \u00fclkemizin istikbali ad\u0131na i\u015fletme alan\u0131nda yarat\u0131c\u0131l\u0131\u011f\u0131n ve \u00fcretkenli\u011fin artt\u0131r\u0131lmas\u0131na y\u00f6nelik y\u00fcksek kaliteli \u00f6\u011frenim teknolojilerini ve programlar\u0131n\u0131 sunarak hayat\u0131n hizmetinde hep ileriye hizmet etmek \u0130\u015fletme B\u00f6l\u00fcm\u00fc\u2019n\u00fcn misyonudur. Vizyon \u0130\u015fletme alan\u0131na uluslararas\u0131 boyutta katk\u0131 sunan daima yarat\u0131c\u0131 ve yenilik\u00e7i bir [&hellip;]<\/p>\n","protected":false},"author":1,"featured_media":0,"parent":0,"menu_order":0,"comment_status":"closed","ping_status":"closed","template":"elementor_header_footer","meta":{"footnotes":""},"class_list":["post-5682","page","type-page","status-publish","hentry"],"_links":{"self":[{"href":"https:\/\/atauni.edu.tr\/isletme-72\/wp-json\/wp\/v2\/pages\/5682","targetHints":{"allow":["GET"]}}],"collection":[{"href":"https:\/\/atauni.edu.tr\/isletme-72\/wp-json\/wp\/v2\/pages"}],"about":[{"href":"https:\/\/atauni.edu.tr\/isletme-72\/wp-json\/wp\/v2\/types\/page"}],"author":[{"embeddable":true,"href":"https:\/\/atauni.edu.tr\/isletme-72\/wp-json\/wp\/v2\/users\/1"}],"replies":[{"embeddable":true,"href":"https:\/\/atauni.edu.tr\/isletme-72\/wp-json\/wp\/v2\/comments?post=5682"}],"version-history":[{"count":29,"href":"https:\/\/atauni.edu.tr\/isletme-72\/wp-json\/wp\/v2\/pages\/5682\/revisions"}],"predecessor-version":[{"id":6285,"href":"https:\/\/atauni.edu.tr\/isletme-72\/wp-json\/wp\/v2\/pages\/5682\/revisions\/6285"}],"wp:attachment":[{"href":"https:\/\/atauni.edu.tr\/isletme-72\/wp-json\/wp\/v2\/media?parent=5682"}],"curies":[{"name":"wp","href":"https:\/\/api.w.org\/{rel}","templated":true}]}}