{"id":6509,"date":"2025-08-11T18:58:11","date_gmt":"2025-08-11T15:58:11","guid":{"rendered":"https:\/\/birimler.atauni.edu.tr\/isletme-72\/?page_id=6509"},"modified":"2025-08-11T18:58:11","modified_gmt":"2025-08-11T15:58:11","slug":"haberler","status":"publish","type":"page","link":"https:\/\/atauni.edu.tr\/isletme-72\/haberler\/","title":{"rendered":"Haberler"},"content":{"rendered":"<form method=\"get\" class=\"row g-3\" style=\"margin-bottom: 20px;\"><div class=\"col-md-3\"><input type=\"text\" name=\"haber_ara\" class=\"form-control\" placeholder=\"Haber ara...\" value=\"\"><\/div><div class=\"col-md-3\"><input type=\"date\" name=\"baslangic_tarihi\" class=\"form-control\" value=\"\"><\/div><div class=\"col-md-3\"><input type=\"date\" name=\"bitis_tarihi\" class=\"form-control\" value=\"\"><\/div><div class=\"col-md-3\"><button type=\"submit\" class=\"btn btn-secondary w-50\">Filtrele<\/button><\/div><\/form><ul class=\"kategori-yazilari-liste\"><li style=\"display: flex; margin-bottom: 10px; align-items: center;\"><div class=\"post-thumbnail\" style=\"margin-right: 15px;\"><a href=\"https:\/\/atauni.edu.tr\/isletme-72\/2026\/01\/23\/dr-ogr-uyesi-serife-kilicarslandan-esci-yayin\/\"><img decoding=\"async\" width=\"150\" height=\"150\" src=\"https:\/\/atauni.edu.tr\/isletme-72\/wp-content\/uploads\/sites\/492\/2025\/12\/SK-150x150.png\" class=\"attachment-thumbnail size-thumbnail wp-post-image\" alt=\"\" \/><\/a><\/div><div class=\"post-content\" style=\"flex-grow: 1;\"><span class=\"post-date habertarih\" style=\"display: block; font-weight: bold; margin-bottom: 5px;\">23 Ocak 2026<\/span><a class=\"haberbaslik\" href=\"https:\/\/atauni.edu.tr\/isletme-72\/2026\/01\/23\/dr-ogr-uyesi-serife-kilicarslandan-esci-yayin\/\">Dr. \u00d6\u011fr. \u00dcyesi \u015eerife KILI\u00c7ARSLAN&#8217;dan ESCI Yay\u0131n<\/a><\/div><\/li><li style=\"display: flex; margin-bottom: 10px; align-items: center;\"><div class=\"post-thumbnail\" style=\"margin-right: 15px;\"><a href=\"https:\/\/atauni.edu.tr\/isletme-72\/2025\/12\/30\/doc-dr-rafet-beyaz-ars-gor-dr-abdullah-yigit-gungor-ve-ars-gor-dr-mehmet-gozelden-uluslararasi-kitap-bolumu\/\"><img decoding=\"async\" width=\"150\" height=\"150\" src=\"https:\/\/atauni.edu.tr\/isletme-72\/wp-content\/uploads\/sites\/492\/2022\/12\/rafet-hoca-150x150.png\" class=\"attachment-thumbnail size-thumbnail wp-post-image\" alt=\"\" \/><\/a><\/div><div class=\"post-content\" style=\"flex-grow: 1;\"><span class=\"post-date habertarih\" style=\"display: block; font-weight: bold; margin-bottom: 5px;\">30 Aral\u0131k 2025<\/span><a class=\"haberbaslik\" href=\"https:\/\/atauni.edu.tr\/isletme-72\/2025\/12\/30\/doc-dr-rafet-beyaz-ars-gor-dr-abdullah-yigit-gungor-ve-ars-gor-dr-mehmet-gozelden-uluslararasi-kitap-bolumu\/\">Do\u00e7. Dr. Rafet BEYAZ, Ar\u015f. G\u00f6r. Dr. Abdullah Yi\u011fit G\u00dcNG\u00d6R ve Ar\u015f. G\u00f6r. Dr. Mehmet G\u00d6ZEL&#8217;den Uluslararas\u0131 Kitap B\u00f6l\u00fcm\u00fc<\/a><\/div><\/li><li style=\"display: flex; margin-bottom: 10px; align-items: center;\"><div class=\"post-thumbnail\" style=\"margin-right: 15px;\"><a href=\"https:\/\/atauni.edu.tr\/isletme-72\/2025\/12\/24\/ars-gor-dr-abdullah-yigit-gungorden-scopus-yayin\/\"><img decoding=\"async\" width=\"150\" height=\"150\" src=\"https:\/\/atauni.edu.tr\/isletme-72\/wp-content\/uploads\/sites\/492\/2025\/11\/AYG-150x150.jpg\" class=\"attachment-thumbnail size-thumbnail wp-post-image\" alt=\"\" \/><\/a><\/div><div class=\"post-content\" style=\"flex-grow: 1;\"><span class=\"post-date habertarih\" style=\"display: block; font-weight: bold; margin-bottom: 5px;\">24 Aral\u0131k 2025<\/span><a class=\"haberbaslik\" href=\"https:\/\/atauni.edu.tr\/isletme-72\/2025\/12\/24\/ars-gor-dr-abdullah-yigit-gungorden-scopus-yayin\/\">Ar\u015f. G\u00f6r. Dr. Abdullah Yi\u011fit G\u00dcNG\u00d6R&#8217;den SCOPUS Yay\u0131n<\/a><\/div><\/li><li style=\"display: flex; margin-bottom: 10px; align-items: center;\"><div class=\"post-thumbnail\" style=\"margin-right: 15px;\"><a href=\"https:\/\/atauni.edu.tr\/isletme-72\/2025\/11\/04\/ars-gor-a-yigit-gungorun-doktora-mezuniyeti\/\"><img decoding=\"async\" width=\"150\" height=\"150\" src=\"https:\/\/atauni.edu.tr\/isletme-72\/wp-content\/uploads\/sites\/492\/2025\/11\/AYG-150x150.jpg\" class=\"attachment-thumbnail size-thumbnail wp-post-image\" alt=\"\" \/><\/a><\/div><div class=\"post-content\" style=\"flex-grow: 1;\"><span class=\"post-date habertarih\" style=\"display: block; font-weight: bold; margin-bottom: 5px;\">4 Kas\u0131m 2025<\/span><a class=\"haberbaslik\" href=\"https:\/\/atauni.edu.tr\/isletme-72\/2025\/11\/04\/ars-gor-a-yigit-gungorun-doktora-mezuniyeti\/\">Ar\u015f. G\u00f6r. A. Yi\u011fit G\u00dcNG\u00d6R&#8217;\u00fcn Doktora Mezuniyeti<\/a><\/div><\/li><li style=\"display: flex; margin-bottom: 10px; align-items: center;\"><div class=\"post-thumbnail\" style=\"margin-right: 15px;\"><a href=\"https:\/\/atauni.edu.tr\/isletme-72\/2025\/09\/25\/bolum-baskanimiz-doc-dr-rafet-beyaz-dekan-yardimciligina-atandi\/\"><img decoding=\"async\" width=\"150\" height=\"150\" src=\"https:\/\/atauni.edu.tr\/isletme-72\/wp-content\/uploads\/sites\/492\/2022\/12\/rafet-hoca-150x150.png\" class=\"attachment-thumbnail size-thumbnail wp-post-image\" alt=\"\" \/><\/a><\/div><div class=\"post-content\" style=\"flex-grow: 1;\"><span class=\"post-date habertarih\" style=\"display: block; font-weight: bold; margin-bottom: 5px;\">25 Eyl\u00fcl 2025<\/span><a class=\"haberbaslik\" href=\"https:\/\/atauni.edu.tr\/isletme-72\/2025\/09\/25\/bolum-baskanimiz-doc-dr-rafet-beyaz-dekan-yardimciligina-atandi\/\">B\u00f6l\u00fcm Ba\u015fkan\u0131m\u0131z Do\u00e7. Dr. Rafet BEYAZ, Dekan Yard\u0131mc\u0131l\u0131\u011f\u0131na Atand\u0131<\/a><\/div><\/li><li style=\"display: flex; margin-bottom: 10px; align-items: center;\"><div class=\"post-thumbnail\" style=\"margin-right: 15px;\"><a href=\"https:\/\/atauni.edu.tr\/isletme-72\/2025\/08\/27\/ars-gor-mehmet-gozelin-doktora-mezuniyeti\/\"><img loading=\"lazy\" decoding=\"async\" width=\"150\" height=\"150\" src=\"https:\/\/atauni.edu.tr\/isletme-72\/wp-content\/uploads\/sites\/492\/2025\/12\/MG-foto-150x150.png\" class=\"attachment-thumbnail size-thumbnail wp-post-image\" alt=\"\" \/><\/a><\/div><div class=\"post-content\" style=\"flex-grow: 1;\"><span class=\"post-date habertarih\" style=\"display: block; font-weight: bold; margin-bottom: 5px;\">27 A\u011fustos 2025<\/span><a class=\"haberbaslik\" href=\"https:\/\/atauni.edu.tr\/isletme-72\/2025\/08\/27\/ars-gor-mehmet-gozelin-doktora-mezuniyeti\/\">Ar\u015f. G\u00f6r. Mehmet G\u00d6ZEL&#8217;in Doktora Mezuniyeti<\/a><\/div><\/li><li style=\"display: flex; margin-bottom: 10px; align-items: center;\"><div class=\"post-thumbnail\" style=\"margin-right: 15px;\"><a href=\"https:\/\/atauni.edu.tr\/isletme-72\/2025\/07\/15\/dr-ogr-uyesi-serife-kilicarslandan-tr-dizin-yayin\/\"><img decoding=\"async\" width=\"150\" height=\"150\" src=\"https:\/\/atauni.edu.tr\/isletme-72\/wp-content\/uploads\/sites\/492\/2025\/12\/SK-150x150.png\" class=\"attachment-thumbnail size-thumbnail wp-post-image\" alt=\"\" \/><\/a><\/div><div class=\"post-content\" style=\"flex-grow: 1;\"><span class=\"post-date habertarih\" style=\"display: block; font-weight: bold; margin-bottom: 5px;\">15 Temmuz 2025<\/span><a class=\"haberbaslik\" href=\"https:\/\/atauni.edu.tr\/isletme-72\/2025\/07\/15\/dr-ogr-uyesi-serife-kilicarslandan-tr-dizin-yayin\/\">Dr. \u00d6\u011fr. \u00dcyesi \u015eerife KILI\u00c7ARSLAN&#8217;dan TR Dizin Yay\u0131n<\/a><\/div><\/li><li style=\"display: flex; margin-bottom: 10px; align-items: center;\"><div class=\"post-thumbnail\" style=\"margin-right: 15px;\"><a href=\"https:\/\/atauni.edu.tr\/isletme-72\/2025\/05\/07\/scopus-kayitli-yayin\/\"><img decoding=\"async\" width=\"150\" height=\"150\" src=\"https:\/\/atauni.edu.tr\/isletme-72\/wp-content\/uploads\/sites\/492\/2025\/11\/AYG-150x150.jpg\" class=\"attachment-thumbnail size-thumbnail wp-post-image\" alt=\"\" \/><\/a><\/div><div class=\"post-content\" style=\"flex-grow: 1;\"><span class=\"post-date habertarih\" style=\"display: block; font-weight: bold; margin-bottom: 5px;\">7 May\u0131s 2025<\/span><a class=\"haberbaslik\" href=\"https:\/\/atauni.edu.tr\/isletme-72\/2025\/05\/07\/scopus-kayitli-yayin\/\">Ar\u015f. G\u00f6r. A. Yi\u011fit G\u00dcNG\u00d6R&#8217;den SCOPUS Yay\u0131n<\/a><\/div><\/li><li style=\"display: flex; margin-bottom: 10px; align-items: center;\"><div class=\"post-thumbnail\" style=\"margin-right: 15px;\"><a href=\"https:\/\/atauni.edu.tr\/isletme-72\/2025\/05\/01\/sci-kayitli-yayin\/\"><img decoding=\"async\" width=\"150\" height=\"150\" src=\"https:\/\/atauni.edu.tr\/isletme-72\/wp-content\/uploads\/sites\/492\/2022\/12\/rafet-hoca-150x150.png\" class=\"attachment-thumbnail size-thumbnail wp-post-image\" alt=\"\" \/><\/a><\/div><div class=\"post-content\" style=\"flex-grow: 1;\"><span class=\"post-date habertarih\" style=\"display: block; font-weight: bold; margin-bottom: 5px;\">1 May\u0131s 2025<\/span><a class=\"haberbaslik\" href=\"https:\/\/atauni.edu.tr\/isletme-72\/2025\/05\/01\/sci-kayitli-yayin\/\">Do\u00e7. Dr. Rafet BEYAZ&#8217;dan SCI Yay\u0131n<\/a><\/div><\/li><li style=\"display: flex; margin-bottom: 10px; align-items: center;\"><div class=\"post-thumbnail\" style=\"margin-right: 15px;\"><a href=\"https:\/\/atauni.edu.tr\/isletme-72\/2025\/03\/06\/ars-gor-a-yigit-gungorden-scopus-yayin\/\"><img decoding=\"async\" width=\"150\" height=\"150\" src=\"https:\/\/atauni.edu.tr\/isletme-72\/wp-content\/uploads\/sites\/492\/2025\/11\/AYG-150x150.jpg\" class=\"attachment-thumbnail size-thumbnail wp-post-image\" alt=\"\" \/><\/a><\/div><div class=\"post-content\" style=\"flex-grow: 1;\"><span class=\"post-date habertarih\" style=\"display: block; font-weight: bold; margin-bottom: 5px;\">6 Mart 2025<\/span><a class=\"haberbaslik\" href=\"https:\/\/atauni.edu.tr\/isletme-72\/2025\/03\/06\/ars-gor-a-yigit-gungorden-scopus-yayin\/\">Ar\u015f. G\u00f6r. A. Yi\u011fit G\u00dcNG\u00d6R&#8217;den SCOPUS Yay\u0131n<\/a><\/div><\/li><\/ul>\n\n\n\n<p><\/p>\n","protected":false},"excerpt":{"rendered":"","protected":false},"author":1,"featured_media":0,"parent":0,"menu_order":0,"comment_status":"closed","ping_status":"closed","template":"","meta":{"footnotes":""},"class_list":["post-6509","page","type-page","status-publish","hentry"],"_links":{"self":[{"href":"https:\/\/atauni.edu.tr\/isletme-72\/wp-json\/wp\/v2\/pages\/6509","targetHints":{"allow":["GET"]}}],"collection":[{"href":"https:\/\/atauni.edu.tr\/isletme-72\/wp-json\/wp\/v2\/pages"}],"about":[{"href":"https:\/\/atauni.edu.tr\/isletme-72\/wp-json\/wp\/v2\/types\/page"}],"author":[{"embeddable":true,"href":"https:\/\/atauni.edu.tr\/isletme-72\/wp-json\/wp\/v2\/users\/1"}],"replies":[{"embeddable":true,"href":"https:\/\/atauni.edu.tr\/isletme-72\/wp-json\/wp\/v2\/comments?post=6509"}],"version-history":[{"count":1,"href":"https:\/\/atauni.edu.tr\/isletme-72\/wp-json\/wp\/v2\/pages\/6509\/revisions"}],"predecessor-version":[{"id":6512,"href":"https:\/\/atauni.edu.tr\/isletme-72\/wp-json\/wp\/v2\/pages\/6509\/revisions\/6512"}],"wp:attachment":[{"href":"https:\/\/atauni.edu.tr\/isletme-72\/wp-json\/wp\/v2\/media?parent=6509"}],"curies":[{"name":"wp","href":"https:\/\/api.w.org\/{rel}","templated":true}]}}