{"id":6510,"date":"2025-08-11T18:58:23","date_gmt":"2025-08-11T15:58:23","guid":{"rendered":"https:\/\/birimler.atauni.edu.tr\/isletme-72\/?page_id=6510"},"modified":"2025-08-11T18:58:23","modified_gmt":"2025-08-11T15:58:23","slug":"etkinlikler","status":"publish","type":"page","link":"https:\/\/atauni.edu.tr\/isletme-72\/etkinlikler\/","title":{"rendered":"Etkinlikler"},"content":{"rendered":"<form method=\"get\" class=\"row g-3\" style=\"margin-bottom: 20px;\"><div class=\"col-md-3\"><input type=\"text\" name=\"etkinlik_ara\" class=\"form-control\" placeholder=\"Etkinlik ara...\" value=\"\"><\/div><div class=\"col-md-3\"><input type=\"date\" name=\"baslangic_tarihi\" class=\"form-control\" value=\"\"><\/div><div class=\"col-md-3\"><input type=\"date\" name=\"bitis_tarihi\" class=\"form-control\" value=\"\"><\/div><div class=\"col-md-3\"><button type=\"submit\" class=\"btn btn-secondary w-50\">Filtrele<\/button><\/div><\/form><div class=\"etkinlikler-grid-container\" style=\"display: grid; grid-template-columns: repeat(3, 1fr); gap: 20px;\"><div class=\"etkinlik-grid-item\"><div class=\"etkinlik-thumbnail\"><img fetchpriority=\"high\" decoding=\"async\" width=\"300\" height=\"300\" src=\"https:\/\/atauni.edu.tr\/isletme-72\/wp-content\/uploads\/sites\/492\/2024\/11\/Isletme-Soylesileri-I-Afis-300x300.jpeg\" class=\"img-fluid wp-post-image\" alt=\"\" srcset=\"https:\/\/atauni.edu.tr\/isletme-72\/wp-content\/uploads\/sites\/492\/2024\/11\/Isletme-Soylesileri-I-Afis-300x300.jpeg 300w, https:\/\/atauni.edu.tr\/isletme-72\/wp-content\/uploads\/sites\/492\/2024\/11\/Isletme-Soylesileri-I-Afis-1024x1024.jpeg 1024w, https:\/\/atauni.edu.tr\/isletme-72\/wp-content\/uploads\/sites\/492\/2024\/11\/Isletme-Soylesileri-I-Afis-150x150.jpeg 150w, https:\/\/atauni.edu.tr\/isletme-72\/wp-content\/uploads\/sites\/492\/2024\/11\/Isletme-Soylesileri-I-Afis-768x768.jpeg 768w, https:\/\/atauni.edu.tr\/isletme-72\/wp-content\/uploads\/sites\/492\/2024\/11\/Isletme-Soylesileri-I-Afis-600x600.jpeg 600w, https:\/\/atauni.edu.tr\/isletme-72\/wp-content\/uploads\/sites\/492\/2024\/11\/Isletme-Soylesileri-I-Afis-560x560.jpeg 560w, https:\/\/atauni.edu.tr\/isletme-72\/wp-content\/uploads\/sites\/492\/2024\/11\/Isletme-Soylesileri-I-Afis.jpeg 1080w\" sizes=\"(max-width: 300px) 100vw, 300px\" \/><\/div><div class=\"etkinlik-datee\"><span class=\"day\">02<\/span><span class=\"month\">Kas\u0131m<\/span><span class=\"year\">2024<\/span><\/div><a href=\"https:\/\/atauni.edu.tr\/isletme-72\/2024\/11\/02\/isletme-soylesileri-i-kariyer-planlama\/\" class=\"etkinlik-titlee\">\u0130\u015fletme S\u00f6yle\u015fileri I &#8211; Kariyer Planlama<\/a><\/div><\/div><div class=\"pagination\" style=\"margin-top: 20px;\"><\/div>\n\n\n\n<p><\/p>\n","protected":false},"excerpt":{"rendered":"","protected":false},"author":1,"featured_media":0,"parent":0,"menu_order":0,"comment_status":"closed","ping_status":"closed","template":"","meta":{"footnotes":""},"class_list":["post-6510","page","type-page","status-publish","hentry"],"_links":{"self":[{"href":"https:\/\/atauni.edu.tr\/isletme-72\/wp-json\/wp\/v2\/pages\/6510","targetHints":{"allow":["GET"]}}],"collection":[{"href":"https:\/\/atauni.edu.tr\/isletme-72\/wp-json\/wp\/v2\/pages"}],"about":[{"href":"https:\/\/atauni.edu.tr\/isletme-72\/wp-json\/wp\/v2\/types\/page"}],"author":[{"embeddable":true,"href":"https:\/\/atauni.edu.tr\/isletme-72\/wp-json\/wp\/v2\/users\/1"}],"replies":[{"embeddable":true,"href":"https:\/\/atauni.edu.tr\/isletme-72\/wp-json\/wp\/v2\/comments?post=6510"}],"version-history":[{"count":1,"href":"https:\/\/atauni.edu.tr\/isletme-72\/wp-json\/wp\/v2\/pages\/6510\/revisions"}],"predecessor-version":[{"id":6513,"href":"https:\/\/atauni.edu.tr\/isletme-72\/wp-json\/wp\/v2\/pages\/6510\/revisions\/6513"}],"wp:attachment":[{"href":"https:\/\/atauni.edu.tr\/isletme-72\/wp-json\/wp\/v2\/media?parent=6510"}],"curies":[{"name":"wp","href":"https:\/\/api.w.org\/{rel}","templated":true}]}}