{"id":5638,"date":"2021-07-13T09:49:25","date_gmt":"2021-07-13T06:49:25","guid":{"rendered":"https:\/\/portaltest.atauni.edu.tr\/bilgisayar-muhendisligi\/?page_id=5638"},"modified":"2021-09-13T10:21:35","modified_gmt":"2021-09-13T07:21:35","slug":"tarihce","status":"publish","type":"page","link":"https:\/\/atauni.edu.tr\/isletme-bolumu-1\/tarihce\/","title":{"rendered":"Tarih\u00e7e"},"content":{"rendered":"\t\t<div data-elementor-type=\"wp-page\" data-elementor-id=\"5638\" class=\"elementor elementor-5638\" data-elementor-post-type=\"page\">\n\t\t\t\t\t\t<section class=\"elementor-section elementor-top-section elementor-element elementor-element-730d320 elementor-section-boxed elementor-section-height-default elementor-section-height-default\" data-id=\"730d320\" data-element_type=\"section\">\n\t\t\t\t\t\t<div class=\"elementor-container elementor-column-gap-default\">\n\t\t\t\t\t<div class=\"elementor-column elementor-col-100 elementor-top-column elementor-element elementor-element-753d0860\" data-id=\"753d0860\" data-element_type=\"column\">\n\t\t\t<div class=\"elementor-widget-wrap\">\n\t\t\t\t\t\t\t<\/div>\n\t\t<\/div>\n\t\t\t\t\t<\/div>\n\t\t<\/section>\n\t\t\t\t<section class=\"elementor-section elementor-top-section elementor-element elementor-element-9be811a elementor-section-boxed elementor-section-height-default elementor-section-height-default\" data-id=\"9be811a\" data-element_type=\"section\">\n\t\t\t\t\t\t<div class=\"elementor-container elementor-column-gap-default\">\n\t\t\t\t\t<div class=\"elementor-column elementor-col-100 elementor-top-column elementor-element elementor-element-1ed847b7\" data-id=\"1ed847b7\" data-element_type=\"column\">\n\t\t\t<div class=\"elementor-widget-wrap elementor-element-populated\">\n\t\t\t\t\t\t<div class=\"elementor-element elementor-element-4ce0d07f elementor-widget elementor-widget-heading\" data-id=\"4ce0d07f\" data-element_type=\"widget\" data-widget_type=\"heading.default\">\n\t\t\t\t<div class=\"elementor-widget-container\">\n\t\t\t\t\t<h2 class=\"elementor-heading-title elementor-size-default\">Tarih\u00e7e<\/h2>\t\t\t\t<\/div>\n\t\t\t\t<\/div>\n\t\t\t\t<div class=\"elementor-element elementor-element-63260862 elementor-widget-divider--view-line elementor-widget elementor-widget-divider\" data-id=\"63260862\" data-element_type=\"widget\" data-widget_type=\"divider.default\">\n\t\t\t\t<div class=\"elementor-widget-container\">\n\t\t\t\t\t\t\t<div class=\"elementor-divider\">\n\t\t\t<span class=\"elementor-divider-separator\">\n\t\t\t\t\t\t<\/span>\n\t\t<\/div>\n\t\t\t\t\t\t<\/div>\n\t\t\t\t<\/div>\n\t\t\t\t\t<\/div>\n\t\t<\/div>\n\t\t\t\t\t<\/div>\n\t\t<\/section>\n\t\t\t\t<section class=\"elementor-section elementor-top-section elementor-element elementor-element-681db8b elementor-section-boxed elementor-section-height-default elementor-section-height-default\" data-id=\"681db8b\" data-element_type=\"section\">\n\t\t\t\t\t\t<div class=\"elementor-container elementor-column-gap-default\">\n\t\t\t\t\t<div class=\"elementor-column elementor-col-100 elementor-top-column elementor-element elementor-element-ad4dac5\" data-id=\"ad4dac5\" data-element_type=\"column\">\n\t\t\t<div class=\"elementor-widget-wrap elementor-element-populated\">\n\t\t\t\t\t\t<div class=\"elementor-element elementor-element-2f96b3d elementor-widget elementor-widget-text-editor\" data-id=\"2f96b3d\" data-element_type=\"widget\" data-widget_type=\"text-editor.default\">\n\t\t\t\t<div class=\"elementor-widget-container\">\n\t\t\t\t\t\t\t\t\t<p>Atat\u00fcrk \u00dcniversitesi \u0130\u015fletme B\u00f6l\u00fcm\u00fc, uzun y\u0131llara dayanan k\u00f6kl\u00fc bir ge\u00e7mi\u015fe sahiptir. B\u00f6l\u00fcm\u00fcn tarihi, \u00fclkenin e\u011fitim ve ekonomi alan\u0131ndaki geli\u015fim s\u00fcreci ile paralel olarak \u015fekillenmi\u015ftir.<\/p>\n<p>E\u011fitim ve \u00f6\u011fretim faaliyetlerine ba\u015flayan b\u00f6l\u00fcm, i\u015f d\u00fcnyas\u0131n\u0131n ihtiya\u00e7 duydu\u011fu nitelikli insan kayna\u011f\u0131n\u0131 yeti\u015ftirmeyi ama\u00e7lam\u0131\u015ft\u0131r. \u00d6\u011frencilere i\u015fletme y\u00f6netimi, pazarlama, muhasebe, finans gibi alanlarda kapsaml\u0131 bir e\u011fitim verilmi\u015ftir.<\/p>\n<p>B\u00f6l\u00fcm\u00fcn akademik kadrosu, \u00f6\u011frencilerin teorik ve pratik bilgiyi kazanmalar\u0131na yard\u0131mc\u0131 olmu\u015ftur. Ayr\u0131ca, \u00e7e\u015fitli projeler ve uygulamalar \ud1b5\ud574 \u00f6\u011frencilerin deneyim kazan\u0131p i\u015f d\u00fcnyas\u0131na haz\u0131r hale gelmeleri sa\u011flanm\u0131\u015ft\u0131r.<\/p>\n<p>Y\u0131llar i\u00e7inde b\u00f6l\u00fcm, e\u011fitim kalitesini s\u00fcrekli olarak geli\u015ftirmeye \u00f6nem vermi\u015ftir. E\u011fitim programlar\u0131 g\u00fcncellenerek, g\u00fcncel geli\u015fmelere uygun bir \u015fekilde yenilenmi\u015ftir. B\u00f6ylece, mezun olan \u00f6\u011frenciler i\u015f hayat\u0131nda ba\u015far\u0131l\u0131 bir \u015fekilde yer almaya ba\u015flam\u0131\u015flard\u0131r.<\/p>\n<p>B\u00f6l\u00fcm\u00fcn vizyonu, i\u015fletme e\u011fitimi alan\u0131nda lider olmakt\u0131r. Misyonu ise, \u00f6\u011frencilere \u00fcst\u00fcn nitelikli bir e\u011fitim sunarak, toplumun ekonomik ve sosyal geli\u015fimine katk\u0131da bulunmakt\u0131r.<\/p>\t\t\t\t\t\t\t\t<\/div>\n\t\t\t\t<\/div>\n\t\t\t\t\t<\/div>\n\t\t<\/div>\n\t\t\t\t\t<\/div>\n\t\t<\/section>\n\t\t\t\t<\/div>\n\t\t","protected":false},"excerpt":{"rendered":"<p>Tarih\u00e7e Lorem Ipsum Nedir? Lorem Ipsum, dizgi ve bask\u0131 end\u00fcstrisinde kullan\u0131lan m\u0131g\u0131r metinlerdir. Lorem Ipsum, ad\u0131 bilinmeyen bir matbaac\u0131n\u0131n bir hurufat numune kitab\u0131 olu\u015fturmak \u00fczere bir yaz\u0131 galerisini alarak kar\u0131\u015ft\u0131rd\u0131\u011f\u0131 1500&#8217;lerden beri end\u00fcstri standard\u0131 sahte metinler olarak kullan\u0131lm\u0131\u015ft\u0131r. Be\u015fy\u00fcz y\u0131l boyunca varl\u0131\u011f\u0131n\u0131 s\u00fcrd\u00fcrmekle kalmam\u0131\u015f, ayn\u0131 zamanda pek de\u011fi\u015fmeden elektronik dizgiye de s\u0131\u00e7ram\u0131\u015ft\u0131r. 1960&#8217;larda Lorem Ipsum [&hellip;]<\/p>\n","protected":false},"author":1,"featured_media":0,"parent":0,"menu_order":0,"comment_status":"closed","ping_status":"closed","template":"","meta":{"footnotes":""},"class_list":["post-5638","page","type-page","status-publish","hentry"],"_links":{"self":[{"href":"https:\/\/atauni.edu.tr\/isletme-bolumu-1\/wp-json\/wp\/v2\/pages\/5638","targetHints":{"allow":["GET"]}}],"collection":[{"href":"https:\/\/atauni.edu.tr\/isletme-bolumu-1\/wp-json\/wp\/v2\/pages"}],"about":[{"href":"https:\/\/atauni.edu.tr\/isletme-bolumu-1\/wp-json\/wp\/v2\/types\/page"}],"author":[{"embeddable":true,"href":"https:\/\/atauni.edu.tr\/isletme-bolumu-1\/wp-json\/wp\/v2\/users\/1"}],"replies":[{"embeddable":true,"href":"https:\/\/atauni.edu.tr\/isletme-bolumu-1\/wp-json\/wp\/v2\/comments?post=5638"}],"version-history":[{"count":22,"href":"https:\/\/atauni.edu.tr\/isletme-bolumu-1\/wp-json\/wp\/v2\/pages\/5638\/revisions"}],"predecessor-version":[{"id":6117,"href":"https:\/\/atauni.edu.tr\/isletme-bolumu-1\/wp-json\/wp\/v2\/pages\/5638\/revisions\/6117"}],"wp:attachment":[{"href":"https:\/\/atauni.edu.tr\/isletme-bolumu-1\/wp-json\/wp\/v2\/media?parent=5638"}],"curies":[{"name":"wp","href":"https:\/\/api.w.org\/{rel}","templated":true}]}}