{"id":5791,"date":"2021-07-13T13:07:15","date_gmt":"2021-07-13T10:07:15","guid":{"rendered":"https:\/\/portaltest.atauni.edu.tr\/bilgisayar-muhendisligi\/?page_id=5791"},"modified":"2021-08-27T15:49:32","modified_gmt":"2021-08-27T12:49:32","slug":"staj","status":"publish","type":"page","link":"https:\/\/atauni.edu.tr\/isletme-bolumu-1\/staj\/","title":{"rendered":"Staj"},"content":{"rendered":"\t\t<div data-elementor-type=\"wp-page\" data-elementor-id=\"5791\" class=\"elementor elementor-5791\" data-elementor-post-type=\"page\">\n\t\t\t\t\t\t<section class=\"elementor-section elementor-top-section elementor-element elementor-element-730d320 elementor-section-boxed elementor-section-height-default elementor-section-height-default\" data-id=\"730d320\" data-element_type=\"section\">\n\t\t\t\t\t\t<div class=\"elementor-container elementor-column-gap-default\">\n\t\t\t\t\t<div class=\"elementor-column elementor-col-100 elementor-top-column elementor-element elementor-element-753d0860\" data-id=\"753d0860\" data-element_type=\"column\">\n\t\t\t<div class=\"elementor-widget-wrap\">\n\t\t\t\t\t\t\t<\/div>\n\t\t<\/div>\n\t\t\t\t\t<\/div>\n\t\t<\/section>\n\t\t\t\t<section class=\"elementor-section elementor-top-section elementor-element elementor-element-9be811a elementor-section-boxed elementor-section-height-default elementor-section-height-default\" data-id=\"9be811a\" data-element_type=\"section\">\n\t\t\t\t\t\t<div class=\"elementor-container elementor-column-gap-default\">\n\t\t\t\t\t<div class=\"elementor-column elementor-col-100 elementor-top-column elementor-element elementor-element-1ed847b7\" data-id=\"1ed847b7\" data-element_type=\"column\">\n\t\t\t<div class=\"elementor-widget-wrap elementor-element-populated\">\n\t\t\t\t\t\t<div class=\"elementor-element elementor-element-4ce0d07f elementor-widget elementor-widget-heading\" data-id=\"4ce0d07f\" data-element_type=\"widget\" data-widget_type=\"heading.default\">\n\t\t\t\t<div class=\"elementor-widget-container\">\n\t\t\t\t\t<h2 class=\"elementor-heading-title elementor-size-default\">Staj<\/h2>\t\t\t\t<\/div>\n\t\t\t\t<\/div>\n\t\t\t\t<div class=\"elementor-element elementor-element-63260862 elementor-widget-divider--view-line elementor-widget elementor-widget-divider\" data-id=\"63260862\" data-element_type=\"widget\" data-widget_type=\"divider.default\">\n\t\t\t\t<div class=\"elementor-widget-container\">\n\t\t\t\t\t\t\t<div class=\"elementor-divider\">\n\t\t\t<span class=\"elementor-divider-separator\">\n\t\t\t\t\t\t<\/span>\n\t\t<\/div>\n\t\t\t\t\t\t<\/div>\n\t\t\t\t<\/div>\n\t\t\t\t\t<\/div>\n\t\t<\/div>\n\t\t\t\t\t<\/div>\n\t\t<\/section>\n\t\t\t\t<section class=\"elementor-section elementor-top-section elementor-element elementor-element-10e8347 elementor-section-boxed elementor-section-height-default elementor-section-height-default\" data-id=\"10e8347\" data-element_type=\"section\">\n\t\t\t\t\t\t<div class=\"elementor-container elementor-column-gap-default\">\n\t\t\t\t\t<div class=\"elementor-column elementor-col-100 elementor-top-column elementor-element elementor-element-795ab05\" data-id=\"795ab05\" data-element_type=\"column\">\n\t\t\t<div class=\"elementor-widget-wrap elementor-element-populated\">\n\t\t\t\t\t\t<div class=\"elementor-element elementor-element-4524745 elementor-widget elementor-widget-text-editor\" data-id=\"4524745\" data-element_type=\"widget\" data-widget_type=\"text-editor.default\">\n\t\t\t\t<div class=\"elementor-widget-container\">\n\t\t\t\t\t\t\t\t\t<p>Atat\u00fcrk \u00dcniversitesi \u0130\u015fletme B\u00f6l\u00fcm\u00fc, \u00f6\u011frencilerinin teorik bilgileri prati\u011fe d\u00f6kerek i\u015f hayat\u0131na haz\u0131rlanmalar\u0131n\u0131 ama\u00e7lar. Bu kapsamda staj programlar\u0131 \u00f6nemli bir yer tutar. Staj, \u00f6\u011frencilerin akademik e\u011fitimleri s\u0131ras\u0131nda edindikleri bilgilerin uygulamal\u0131 olarak deneyimlemelerini sa\u011flar.<\/p>\n<p>\u0130\u015fletme B\u00f6l\u00fcm\u00fc \u00f6\u011frencileri, \u00e7e\u015fitli sekt\u00f6rlerde ve firmalarda staj yapma f\u0131rsat\u0131 bulabilirler. Bu sayede mezun olduktan sonra i\u015f hayat\u0131na daha haz\u0131r bir \u015fekilde girmeleri hedeflenir. Stajlar genellikle yaz aylar\u0131 veya \u00f6\u011fretim d\u00f6nemi i\u00e7erisinde ger\u00e7ekle\u015ftirilebilir.<\/p>\n<p>Staj programlar\u0131, \u00f6\u011frencilerin ger\u00e7ek bir i\u015f ortam\u0131nda \u00e7al\u0131\u015farak deneyim kazanmalar\u0131n\u0131 ama\u00e7lar. \u00d6\u011frenciler bu s\u00fcre\u00e7te m\u00fc\u015fteri ili\u015fkileri, pazarlama, finans, y\u00f6netim ve \u00fcretim gibi farkl\u0131 alanlarda g\u00f6rev alabilirler. Bu deneyimler, \u00f6\u011frencilere i\u015f hayat\u0131ndaki sorumluluklar\u0131 ve beklentileri daha iyi anlamalar\u0131n\u0131 sa\u011flar.<\/p>\n<p>Atat\u00fcrk \u00dcniversitesi \u0130\u015fletme B\u00f6l\u00fcm\u00fc, staj programlar\u0131n\u0131n d\u00fczenlenmesinde ve \u00f6\u011frencilerin bu programlara dahil edilmesinde \u00f6nemli bir rol oynar. B\u00f6l\u00fcm, \u00f6\u011frencilerin \u00e7e\u015fitli firmalara ula\u015fmalar\u0131n\u0131 ve staj olanaklar\u0131ndan yararlanmalar\u0131n\u0131 kolayla\u015ft\u0131r\u0131r.<\/p>\n<p>Stajlar, \u00f6\u011frencilere sadece teknik bilgiler de\u011fil, ayn\u0131 zamanda ileti\u015fim becerileri, problem \u00e7\u00f6zme yetenekleri ve tak\u0131m \u00e7al\u0131\u015fmas\u0131 gibi \u00f6nemli i\u015f hayat\u0131ndaki becerileri kazand\u0131r\u0131r. B\u00f6ylece mezun olan \u00f6\u011frenciler, i\u015fverenlerin arad\u0131\u011f\u0131 nitelikli elemanlar olarak i\u015f piyasas\u0131na daha g\u00fc\u00e7l\u00fc bir \u015fekilde girerler.<\/p>\t\t\t\t\t\t\t\t<\/div>\n\t\t\t\t<\/div>\n\t\t\t\t\t<\/div>\n\t\t<\/div>\n\t\t\t\t\t<\/div>\n\t\t<\/section>\n\t\t\t\t<\/div>\n\t\t","protected":false},"excerpt":{"rendered":"<p>Staj Lorem Ipsum Nedir? Lorem Ipsum, dizgi ve bask\u0131 end\u00fcstrisinde kullan\u0131lan m\u0131g\u0131r metinlerdir. Lorem Ipsum, ad\u0131 bilinmeyen bir matbaac\u0131n\u0131n bir hurufat numune kitab\u0131 olu\u015fturmak \u00fczere bir yaz\u0131 galerisini alarak kar\u0131\u015ft\u0131rd\u0131\u011f\u0131 1500&#8217;lerden beri end\u00fcstri standard\u0131 sahte metinler olarak kullan\u0131lm\u0131\u015ft\u0131r. Be\u015fy\u00fcz y\u0131l boyunca varl\u0131\u011f\u0131n\u0131 s\u00fcrd\u00fcrmekle kalmam\u0131\u015f, ayn\u0131 zamanda pek de\u011fi\u015fmeden elektronik dizgiye de s\u0131\u00e7ram\u0131\u015ft\u0131r. 1960&#8217;larda Lorem Ipsum [&hellip;]<\/p>\n","protected":false},"author":1,"featured_media":0,"parent":0,"menu_order":0,"comment_status":"closed","ping_status":"closed","template":"elementor_header_footer","meta":{"footnotes":""},"class_list":["post-5791","page","type-page","status-publish","hentry"],"_links":{"self":[{"href":"https:\/\/atauni.edu.tr\/isletme-bolumu-1\/wp-json\/wp\/v2\/pages\/5791","targetHints":{"allow":["GET"]}}],"collection":[{"href":"https:\/\/atauni.edu.tr\/isletme-bolumu-1\/wp-json\/wp\/v2\/pages"}],"about":[{"href":"https:\/\/atauni.edu.tr\/isletme-bolumu-1\/wp-json\/wp\/v2\/types\/page"}],"author":[{"embeddable":true,"href":"https:\/\/atauni.edu.tr\/isletme-bolumu-1\/wp-json\/wp\/v2\/users\/1"}],"replies":[{"embeddable":true,"href":"https:\/\/atauni.edu.tr\/isletme-bolumu-1\/wp-json\/wp\/v2\/comments?post=5791"}],"version-history":[{"count":8,"href":"https:\/\/atauni.edu.tr\/isletme-bolumu-1\/wp-json\/wp\/v2\/pages\/5791\/revisions"}],"predecessor-version":[{"id":6094,"href":"https:\/\/atauni.edu.tr\/isletme-bolumu-1\/wp-json\/wp\/v2\/pages\/5791\/revisions\/6094"}],"wp:attachment":[{"href":"https:\/\/atauni.edu.tr\/isletme-bolumu-1\/wp-json\/wp\/v2\/media?parent=5791"}],"curies":[{"name":"wp","href":"https:\/\/api.w.org\/{rel}","templated":true}]}}