{"id":5800,"date":"2021-07-13T13:12:45","date_gmt":"2021-07-13T10:12:45","guid":{"rendered":"https:\/\/portaltest.atauni.edu.tr\/bilgisayar-muhendisligi\/?page_id=5800"},"modified":"2021-08-27T15:49:23","modified_gmt":"2021-08-27T12:49:23","slug":"bitirme-projeleri","status":"publish","type":"page","link":"https:\/\/atauni.edu.tr\/isletme-bolumu-1\/bitirme-projeleri\/","title":{"rendered":"Bitirme Projeleri"},"content":{"rendered":"\t\t<div data-elementor-type=\"wp-page\" data-elementor-id=\"5800\" class=\"elementor elementor-5800\" data-elementor-post-type=\"page\">\n\t\t\t\t\t\t<section class=\"elementor-section elementor-top-section elementor-element elementor-element-730d320 elementor-section-boxed elementor-section-height-default elementor-section-height-default\" data-id=\"730d320\" data-element_type=\"section\">\n\t\t\t\t\t\t<div class=\"elementor-container elementor-column-gap-default\">\n\t\t\t\t\t<div class=\"elementor-column elementor-col-100 elementor-top-column elementor-element elementor-element-753d0860\" data-id=\"753d0860\" data-element_type=\"column\">\n\t\t\t<div class=\"elementor-widget-wrap\">\n\t\t\t\t\t\t\t<\/div>\n\t\t<\/div>\n\t\t\t\t\t<\/div>\n\t\t<\/section>\n\t\t\t\t<section class=\"elementor-section elementor-top-section elementor-element elementor-element-9be811a elementor-section-boxed elementor-section-height-default elementor-section-height-default\" data-id=\"9be811a\" data-element_type=\"section\">\n\t\t\t\t\t\t<div class=\"elementor-container elementor-column-gap-default\">\n\t\t\t\t\t<div class=\"elementor-column elementor-col-100 elementor-top-column elementor-element elementor-element-1ed847b7\" data-id=\"1ed847b7\" data-element_type=\"column\">\n\t\t\t<div class=\"elementor-widget-wrap elementor-element-populated\">\n\t\t\t\t\t\t<div class=\"elementor-element elementor-element-4ce0d07f elementor-widget elementor-widget-heading\" data-id=\"4ce0d07f\" data-element_type=\"widget\" data-widget_type=\"heading.default\">\n\t\t\t\t<div class=\"elementor-widget-container\">\n\t\t\t\t\t<h2 class=\"elementor-heading-title elementor-size-default\">Bitirme Projeleri<\/h2>\t\t\t\t<\/div>\n\t\t\t\t<\/div>\n\t\t\t\t<div class=\"elementor-element elementor-element-63260862 elementor-widget-divider--view-line elementor-widget elementor-widget-divider\" data-id=\"63260862\" data-element_type=\"widget\" data-widget_type=\"divider.default\">\n\t\t\t\t<div class=\"elementor-widget-container\">\n\t\t\t\t\t\t\t<div class=\"elementor-divider\">\n\t\t\t<span class=\"elementor-divider-separator\">\n\t\t\t\t\t\t<\/span>\n\t\t<\/div>\n\t\t\t\t\t\t<\/div>\n\t\t\t\t<\/div>\n\t\t\t\t\t<\/div>\n\t\t<\/div>\n\t\t\t\t\t<\/div>\n\t\t<\/section>\n\t\t\t\t<section class=\"elementor-section elementor-top-section elementor-element elementor-element-6c18d0b elementor-section-boxed elementor-section-height-default elementor-section-height-default\" data-id=\"6c18d0b\" data-element_type=\"section\">\n\t\t\t\t\t\t<div class=\"elementor-container elementor-column-gap-default\">\n\t\t\t\t\t<div class=\"elementor-column elementor-col-100 elementor-top-column elementor-element elementor-element-5a88ff5\" data-id=\"5a88ff5\" data-element_type=\"column\">\n\t\t\t<div class=\"elementor-widget-wrap elementor-element-populated\">\n\t\t\t\t\t\t<div class=\"elementor-element elementor-element-69d7a2b elementor-widget elementor-widget-accordion\" data-id=\"69d7a2b\" data-element_type=\"widget\" data-widget_type=\"accordion.default\">\n\t\t\t\t<div class=\"elementor-widget-container\">\n\t\t\t\t\t\t\t<div class=\"elementor-accordion\">\n\t\t\t\t\t\t\t<div class=\"elementor-accordion-item\">\n\t\t\t\t\t<div id=\"elementor-tab-title-1101\" class=\"elementor-tab-title\" data-tab=\"1\" role=\"button\" aria-controls=\"elementor-tab-content-1101\" aria-expanded=\"false\">\n\t\t\t\t\t\t\t\t\t\t\t\t\t<span class=\"elementor-accordion-icon elementor-accordion-icon-left\" aria-hidden=\"true\">\n\t\t\t\t\t\t\t\t\t\t\t\t\t\t\t<span class=\"elementor-accordion-icon-closed\"><i class=\"fas fa-plus\"><\/i><\/span>\n\t\t\t\t\t\t\t\t<span class=\"elementor-accordion-icon-opened\"><i class=\"fas fa-minus\"><\/i><\/span>\n\t\t\t\t\t\t\t\t\t\t\t\t\t\t<\/span>\n\t\t\t\t\t\t\t\t\t\t\t\t<a class=\"elementor-accordion-title\" tabindex=\"0\"><p>\u0130\u015fletme B\u00f6l\u00fcm\u00fc'nde e\u011fitim alan \u00f6\u011frenciler, \u00f6\u011frenimleri s\u00fcresince edindikleri teorik bilgilerin uygulamaya aktar\u0131lmas\u0131 amac\u0131yla \u00e7e\u015fitli projelere kat\u0131l\u0131rlar. Bu projeler aras\u0131nda bitirme projesi \u00f6nemli bir yer tutar.<\/p>\n<p>Bitirme projesi, \u00f6\u011frencilere i\u015fletme alan\u0131nda derinlemesine ara\u015ft\u0131rma yapma ve analiz etme f\u0131rsat\u0131 sunar. \u00d6\u011frenciler, se\u00e7tikleri konular \u00fczerinde\u8be6\u7ec6 bir \u015fekilde \u00e7al\u0131\u015f\u0131r ve elde ettikleri sonu\u00e7lar\u0131 rapor halinde sunarlar.<\/p>\n<p>Bitirme projeleri, genellikle belirli bir \u015firket veya sekt\u00f6rle ilgili olarak y\u00fcr\u00fct\u00fcl\u00fcr. \u00d6\u011frenciler, bu \u015firketlerin veya sekt\u00f6r\u00fcn sorunlar\u0131n\u0131 tespit ederek \u00e7\u00f6z\u00fcm \u00f6nerileri geli\u015ftirirler. Bu sayede, \u00f6\u011frenciler hem ara\u015ft\u0131rma ve analiz becerilerini geli\u015ftirir hem de uygulamal\u0131 i\u015fletme bilgisi kazan\u0131r.<\/p>\n<p>\u00d6\u011frencilerin bitirme projelerini haz\u0131rlarken, \u00e7e\u015fitli kaynaklardan yararlanmalar\u0131 beklenir. Kitaplar, makaleler, raporlar ve internet siteleri gibi farkl\u0131 kaynaklar, \u00f6\u011frencilere gerekli bilgiyi sa\u011flar.<\/p>\n<p>Bitirme projelerinin sunulmas\u0131 da \u00f6nemli bir a\u015famad\u0131r. \u00d6\u011frenciler, yapt\u0131klar\u0131 \u00e7al\u0131\u015fmalar\u0131 \u00f6\u011fretim \u00fcyelerine ve di\u011fer \u00f6\u011frencilere sunarlar. Bu sunumlar s\u0131ras\u0131nda \u00f6\u011frencilerin proje hakk\u0131nda konu\u015fma ve savunma becerileri de de\u011ferlendirilir.<\/p>\n<p>\u0130\u015fletme B\u00f6l\u00fcm\u00fc'nde bitirme projesi haz\u0131rlamak, \u00f6\u011frencilere i\u015fletme alan\u0131ndaki bilgilerini peki\u015ftirme ve uygulamaya aktarma f\u0131rsat\u0131 tan\u0131r. Ayn\u0131 zamanda, \u00f6\u011frencilerin analiz, ara\u015ft\u0131rma ve sunum becerilerini geli\u015ftirmesine yard\u0131mc\u0131 olur.<\/p><\/a>\n\t\t\t\t\t<\/div>\n\t\t\t\t\t<div id=\"elementor-tab-content-1101\" class=\"elementor-tab-content elementor-clearfix\" data-tab=\"1\" role=\"region\" aria-labelledby=\"elementor-tab-title-1101\"><p>\u0130\u015fletme B\u00f6l\u00fcm\u00fc&#8217;nde e\u011fitim alan \u00f6\u011frenciler, \u00f6\u011frenimleri s\u00fcresince edindikleri teorik bilgilerin uygulamaya aktar\u0131lmas\u0131 amac\u0131yla \u00e7e\u015fitli projelere kat\u0131l\u0131rlar. Bu projeler aras\u0131nda bitirme projesi \u00f6nemli bir yer tutar.<\/p>\n<p>Bitirme projesi, \u00f6\u011frencilere i\u015fletme alan\u0131nda derinlemesine ara\u015ft\u0131rma yapma ve analiz etme f\u0131rsat\u0131 sunar. \u00d6\u011frenciler, se\u00e7tikleri konular \u00fczerinde\u8be6\u7ec6 bir \u015fekilde \u00e7al\u0131\u015f\u0131r ve elde ettikleri sonu\u00e7lar\u0131 rapor halinde sunarlar.<\/p>\n<p>Bitirme projeleri, genellikle belirli bir \u015firket veya sekt\u00f6rle ilgili olarak y\u00fcr\u00fct\u00fcl\u00fcr. \u00d6\u011frenciler, bu \u015firketlerin veya sekt\u00f6r\u00fcn sorunlar\u0131n\u0131 tespit ederek \u00e7\u00f6z\u00fcm \u00f6nerileri geli\u015ftirirler. Bu sayede, \u00f6\u011frenciler hem ara\u015ft\u0131rma ve analiz becerilerini geli\u015ftirir hem de uygulamal\u0131 i\u015fletme bilgisi kazan\u0131r.<\/p>\n<p>\u00d6\u011frencilerin bitirme projelerini haz\u0131rlarken, \u00e7e\u015fitli kaynaklardan yararlanmalar\u0131 beklenir. Kitaplar, makaleler, raporlar ve internet siteleri gibi farkl\u0131 kaynaklar, \u00f6\u011frencilere gerekli bilgiyi sa\u011flar.<\/p>\n<p>Bitirme projelerinin sunulmas\u0131 da \u00f6nemli bir a\u015famad\u0131r. \u00d6\u011frenciler, yapt\u0131klar\u0131 \u00e7al\u0131\u015fmalar\u0131 \u00f6\u011fretim \u00fcyelerine ve di\u011fer \u00f6\u011frencilere sunarlar. Bu sunumlar s\u0131ras\u0131nda \u00f6\u011frencilerin proje hakk\u0131nda konu\u015fma ve savunma becerileri de de\u011ferlendirilir.<\/p>\n<p>\u0130\u015fletme B\u00f6l\u00fcm\u00fc&#8217;nde bitirme projesi haz\u0131rlamak, \u00f6\u011frencilere i\u015fletme alan\u0131ndaki bilgilerini peki\u015ftirme ve uygulamaya aktarma f\u0131rsat\u0131 tan\u0131r. Ayn\u0131 zamanda, \u00f6\u011frencilerin analiz, ara\u015ft\u0131rma ve sunum becerilerini geli\u015ftirmesine yard\u0131mc\u0131 olur.<\/p><\/div>\n\t\t\t\t<\/div>\n\t\t\t\t\t\t\t<div class=\"elementor-accordion-item\">\n\t\t\t\t\t<div id=\"elementor-tab-title-1102\" class=\"elementor-tab-title\" data-tab=\"2\" role=\"button\" aria-controls=\"elementor-tab-content-1102\" aria-expanded=\"false\">\n\t\t\t\t\t\t\t\t\t\t\t\t\t<span class=\"elementor-accordion-icon elementor-accordion-icon-left\" aria-hidden=\"true\">\n\t\t\t\t\t\t\t\t\t\t\t\t\t\t\t<span class=\"elementor-accordion-icon-closed\"><i class=\"fas fa-plus\"><\/i><\/span>\n\t\t\t\t\t\t\t\t<span class=\"elementor-accordion-icon-opened\"><i class=\"fas fa-minus\"><\/i><\/span>\n\t\t\t\t\t\t\t\t\t\t\t\t\t\t<\/span>\n\t\t\t\t\t\t\t\t\t\t\t\t<a class=\"elementor-accordion-title\" tabindex=\"0\"><p>\u0130\u015fletme B\u00f6l\u00fcm\u00fc'nde e\u011fitim alan \u00f6\u011frenciler, \u00f6\u011frenimleri s\u00fcresince edindikleri teorik bilgilerin uygulamaya aktar\u0131lmas\u0131 amac\u0131yla \u00e7e\u015fitli projelere kat\u0131l\u0131rlar. Bu projeler aras\u0131nda bitirme projesi \u00f6nemli bir yer tutar.<\/p>\n<p>Bitirme projesi, \u00f6\u011frencilere i\u015fletme alan\u0131nda derinlemesine ara\u015ft\u0131rma yapma ve analiz etme f\u0131rsat\u0131 sunar. \u00d6\u011frenciler, se\u00e7tikleri konular \u00fczerinde\u8be6\u7ec6 bir \u015fekilde \u00e7al\u0131\u015f\u0131r ve elde ettikleri sonu\u00e7lar\u0131 rapor halinde sunarlar.<\/p>\n<p>Bitirme projeleri, genellikle belirli bir \u015firket veya sekt\u00f6rle ilgili olarak y\u00fcr\u00fct\u00fcl\u00fcr. \u00d6\u011frenciler, bu \u015firketlerin veya sekt\u00f6r\u00fcn sorunlar\u0131n\u0131 tespit ederek \u00e7\u00f6z\u00fcm \u00f6nerileri geli\u015ftirirler. Bu sayede, \u00f6\u011frenciler hem ara\u015ft\u0131rma ve analiz becerilerini geli\u015ftirir hem de uygulamal\u0131 i\u015fletme bilgisi kazan\u0131r.<\/p>\n<p>\u00d6\u011frencilerin bitirme projelerini haz\u0131rlarken, \u00e7e\u015fitli kaynaklardan yararlanmalar\u0131 beklenir. Kitaplar, makaleler, raporlar ve internet siteleri gibi farkl\u0131 kaynaklar, \u00f6\u011frencilere gerekli bilgiyi sa\u011flar.<\/p>\n<p>Bitirme projelerinin sunulmas\u0131 da \u00f6nemli bir a\u015famad\u0131r. \u00d6\u011frenciler, yapt\u0131klar\u0131 \u00e7al\u0131\u015fmalar\u0131 \u00f6\u011fretim \u00fcyelerine ve di\u011fer \u00f6\u011frencilere sunarlar. Bu sunumlar s\u0131ras\u0131nda \u00f6\u011frencilerin proje hakk\u0131nda konu\u015fma ve savunma becerileri de de\u011ferlendirilir.<\/p>\n<p>\u0130\u015fletme B\u00f6l\u00fcm\u00fc'nde bitirme projesi haz\u0131rlamak, \u00f6\u011frencilere i\u015fletme alan\u0131ndaki bilgilerini peki\u015ftirme ve uygulamaya aktarma f\u0131rsat\u0131 tan\u0131r. Ayn\u0131 zamanda, \u00f6\u011frencilerin analiz, ara\u015ft\u0131rma ve sunum becerilerini geli\u015ftirmesine yard\u0131mc\u0131 olur.<\/p><\/a>\n\t\t\t\t\t<\/div>\n\t\t\t\t\t<div id=\"elementor-tab-content-1102\" class=\"elementor-tab-content elementor-clearfix\" data-tab=\"2\" role=\"region\" aria-labelledby=\"elementor-tab-title-1102\"><p>\u0130\u015fletme B\u00f6l\u00fcm\u00fc&#8217;nde e\u011fitim alan \u00f6\u011frenciler, \u00f6\u011frenimleri s\u00fcresince edindikleri teorik bilgilerin uygulamaya aktar\u0131lmas\u0131 amac\u0131yla \u00e7e\u015fitli projelere kat\u0131l\u0131rlar. Bu projeler aras\u0131nda bitirme projesi \u00f6nemli bir yer tutar.<\/p>\n<p>Bitirme projesi, \u00f6\u011frencilere i\u015fletme alan\u0131nda derinlemesine ara\u015ft\u0131rma yapma ve analiz etme f\u0131rsat\u0131 sunar. \u00d6\u011frenciler, se\u00e7tikleri konular \u00fczerinde\u8be6\u7ec6 bir \u015fekilde \u00e7al\u0131\u015f\u0131r ve elde ettikleri sonu\u00e7lar\u0131 rapor halinde sunarlar.<\/p>\n<p>Bitirme projeleri, genellikle belirli bir \u015firket veya sekt\u00f6rle ilgili olarak y\u00fcr\u00fct\u00fcl\u00fcr. \u00d6\u011frenciler, bu \u015firketlerin veya sekt\u00f6r\u00fcn sorunlar\u0131n\u0131 tespit ederek \u00e7\u00f6z\u00fcm \u00f6nerileri geli\u015ftirirler. Bu sayede, \u00f6\u011frenciler hem ara\u015ft\u0131rma ve analiz becerilerini geli\u015ftirir hem de uygulamal\u0131 i\u015fletme bilgisi kazan\u0131r.<\/p>\n<p>\u00d6\u011frencilerin bitirme projelerini haz\u0131rlarken, \u00e7e\u015fitli kaynaklardan yararlanmalar\u0131 beklenir. Kitaplar, makaleler, raporlar ve internet siteleri gibi farkl\u0131 kaynaklar, \u00f6\u011frencilere gerekli bilgiyi sa\u011flar.<\/p>\n<p>Bitirme projelerinin sunulmas\u0131 da \u00f6nemli bir a\u015famad\u0131r. \u00d6\u011frenciler, yapt\u0131klar\u0131 \u00e7al\u0131\u015fmalar\u0131 \u00f6\u011fretim \u00fcyelerine ve di\u011fer \u00f6\u011frencilere sunarlar. Bu sunumlar s\u0131ras\u0131nda \u00f6\u011frencilerin proje hakk\u0131nda konu\u015fma ve savunma becerileri de de\u011ferlendirilir.<\/p>\n<p>\u0130\u015fletme B\u00f6l\u00fcm\u00fc&#8217;nde bitirme projesi haz\u0131rlamak, \u00f6\u011frencilere i\u015fletme alan\u0131ndaki bilgilerini peki\u015ftirme ve uygulamaya aktarma f\u0131rsat\u0131 tan\u0131r. Ayn\u0131 zamanda, \u00f6\u011frencilerin analiz, ara\u015ft\u0131rma ve sunum becerilerini geli\u015ftirmesine yard\u0131mc\u0131 olur.<\/p><\/div>\n\t\t\t\t<\/div>\n\t\t\t\t\t\t\t\t<\/div>\n\t\t\t\t\t\t<\/div>\n\t\t\t\t<\/div>\n\t\t\t\t\t<\/div>\n\t\t<\/div>\n\t\t\t\t\t<\/div>\n\t\t<\/section>\n\t\t\t\t<\/div>\n\t\t","protected":false},"excerpt":{"rendered":"<p>Bitirme Projeleri Lorem Ipsum &#8211; 2021 Lorem Ipsum Nedir? Lorem Ipsum, dizgi ve bask\u0131 end\u00fcstrisinde kullan\u0131lan m\u0131g\u0131r metinlerdir. Lorem Ipsum, ad\u0131 bilinmeyen bir matbaac\u0131n\u0131n bir hurufat numune kitab\u0131 olu\u015fturmak \u00fczere bir yaz\u0131 galerisini alarak kar\u0131\u015ft\u0131rd\u0131\u011f\u0131 1500&#8217;lerden beri end\u00fcstri standard\u0131 sahte metinler olarak kullan\u0131lm\u0131\u015ft\u0131r. Be\u015fy\u00fcz y\u0131l boyunca varl\u0131\u011f\u0131n\u0131 s\u00fcrd\u00fcrmekle kalmam\u0131\u015f, ayn\u0131 zamanda pek de\u011fi\u015fmeden elektronik dizgiye [&hellip;]<\/p>\n","protected":false},"author":1,"featured_media":0,"parent":0,"menu_order":0,"comment_status":"closed","ping_status":"closed","template":"elementor_header_footer","meta":{"footnotes":""},"class_list":["post-5800","page","type-page","status-publish","hentry"],"_links":{"self":[{"href":"https:\/\/atauni.edu.tr\/isletme-bolumu-1\/wp-json\/wp\/v2\/pages\/5800","targetHints":{"allow":["GET"]}}],"collection":[{"href":"https:\/\/atauni.edu.tr\/isletme-bolumu-1\/wp-json\/wp\/v2\/pages"}],"about":[{"href":"https:\/\/atauni.edu.tr\/isletme-bolumu-1\/wp-json\/wp\/v2\/types\/page"}],"author":[{"embeddable":true,"href":"https:\/\/atauni.edu.tr\/isletme-bolumu-1\/wp-json\/wp\/v2\/users\/1"}],"replies":[{"embeddable":true,"href":"https:\/\/atauni.edu.tr\/isletme-bolumu-1\/wp-json\/wp\/v2\/comments?post=5800"}],"version-history":[{"count":11,"href":"https:\/\/atauni.edu.tr\/isletme-bolumu-1\/wp-json\/wp\/v2\/pages\/5800\/revisions"}],"predecessor-version":[{"id":6091,"href":"https:\/\/atauni.edu.tr\/isletme-bolumu-1\/wp-json\/wp\/v2\/pages\/5800\/revisions\/6091"}],"wp:attachment":[{"href":"https:\/\/atauni.edu.tr\/isletme-bolumu-1\/wp-json\/wp\/v2\/media?parent=5800"}],"curies":[{"name":"wp","href":"https:\/\/api.w.org\/{rel}","templated":true}]}}