{"id":5638,"date":"2021-07-13T09:49:25","date_gmt":"2021-07-13T06:49:25","guid":{"rendered":"https:\/\/portaltest.atauni.edu.tr\/bilgisayar-muhendisligi\/?page_id=5638"},"modified":"2026-02-24T23:30:15","modified_gmt":"2026-02-24T20:30:15","slug":"tarihce","status":"publish","type":"page","link":"https:\/\/atauni.edu.tr\/isletme-bolumu\/tarihce\/","title":{"rendered":"Tarih\u00e7e"},"content":{"rendered":"\t\t<div data-elementor-type=\"wp-page\" data-elementor-id=\"5638\" class=\"elementor elementor-5638\" data-elementor-post-type=\"page\">\n\t\t\t\t\t\t<section class=\"elementor-section elementor-top-section elementor-element elementor-element-730d320 elementor-section-boxed elementor-section-height-default elementor-section-height-default\" data-id=\"730d320\" data-element_type=\"section\">\n\t\t\t\t\t\t<div class=\"elementor-container elementor-column-gap-default\">\n\t\t\t\t\t<div class=\"elementor-column elementor-col-100 elementor-top-column elementor-element elementor-element-753d0860\" data-id=\"753d0860\" data-element_type=\"column\">\n\t\t\t<div class=\"elementor-widget-wrap\">\n\t\t\t\t\t\t\t<\/div>\n\t\t<\/div>\n\t\t\t\t\t<\/div>\n\t\t<\/section>\n\t\t\t\t<section class=\"elementor-section elementor-top-section elementor-element elementor-element-9be811a elementor-section-boxed elementor-section-height-default elementor-section-height-default\" data-id=\"9be811a\" data-element_type=\"section\">\n\t\t\t\t\t\t<div class=\"elementor-container elementor-column-gap-default\">\n\t\t\t\t\t<div class=\"elementor-column elementor-col-100 elementor-top-column elementor-element elementor-element-1ed847b7\" data-id=\"1ed847b7\" data-element_type=\"column\">\n\t\t\t<div class=\"elementor-widget-wrap elementor-element-populated\">\n\t\t\t\t\t\t<div class=\"elementor-element elementor-element-4ce0d07f elementor-widget elementor-widget-heading\" data-id=\"4ce0d07f\" data-element_type=\"widget\" data-widget_type=\"heading.default\">\n\t\t\t\t<div class=\"elementor-widget-container\">\n\t\t\t\t\t<h2 class=\"elementor-heading-title elementor-size-default\">Tarih\u00e7e<\/h2>\t\t\t\t<\/div>\n\t\t\t\t<\/div>\n\t\t\t\t<div class=\"elementor-element elementor-element-63260862 elementor-widget-divider--view-line elementor-widget elementor-widget-divider\" data-id=\"63260862\" data-element_type=\"widget\" data-widget_type=\"divider.default\">\n\t\t\t\t<div class=\"elementor-widget-container\">\n\t\t\t\t\t\t\t<div class=\"elementor-divider\">\n\t\t\t<span class=\"elementor-divider-separator\">\n\t\t\t\t\t\t<\/span>\n\t\t<\/div>\n\t\t\t\t\t\t<\/div>\n\t\t\t\t<\/div>\n\t\t\t\t\t<\/div>\n\t\t<\/div>\n\t\t\t\t\t<\/div>\n\t\t<\/section>\n\t\t\t\t<section class=\"elementor-section elementor-top-section elementor-element elementor-element-681db8b elementor-section-boxed elementor-section-height-default elementor-section-height-default\" data-id=\"681db8b\" data-element_type=\"section\">\n\t\t\t\t\t\t<div class=\"elementor-container elementor-column-gap-default\">\n\t\t\t\t\t<div class=\"elementor-column elementor-col-100 elementor-top-column elementor-element elementor-element-ad4dac5\" data-id=\"ad4dac5\" data-element_type=\"column\">\n\t\t\t<div class=\"elementor-widget-wrap elementor-element-populated\">\n\t\t\t\t\t\t\t<\/div>\n\t\t<\/div>\n\t\t\t\t\t<\/div>\n\t\t<\/section>\n\t\t\t\t<section class=\"elementor-section elementor-top-section elementor-element elementor-element-89e1c18 elementor-section-boxed elementor-section-height-default elementor-section-height-default\" data-id=\"89e1c18\" data-element_type=\"section\">\n\t\t\t\t\t\t<div class=\"elementor-container elementor-column-gap-default\">\n\t\t\t\t\t<div class=\"elementor-column elementor-col-100 elementor-top-column elementor-element elementor-element-5a3f840\" data-id=\"5a3f840\" data-element_type=\"column\">\n\t\t\t<div class=\"elementor-widget-wrap elementor-element-populated\">\n\t\t\t\t\t\t<div class=\"elementor-element elementor-element-e4d5215 elementor-widget elementor-widget-text-editor\" data-id=\"e4d5215\" data-element_type=\"widget\" data-widget_type=\"text-editor.default\">\n\t\t\t\t<div class=\"elementor-widget-container\">\n\t\t\t\t\t\t\t\t\t<p><span style=\"font-weight: 400\">\u0130\u015fletme B\u00f6l\u00fcm\u00fcm\u00fcz, k\u00f6kl\u00fc akademik ge\u00e7mi\u015fiyle T\u00fcrkiye\u2019de i\u015fletme e\u011fitiminin \u00f6nc\u00fc birimlerinden biri olma niteli\u011fini ta\u015f\u0131maktad\u0131r. B\u00f6l\u00fcm\u00fcm\u00fcz\u00fcn temelleri, 1963 y\u0131l\u0131nda Atat\u00fcrk \u00dcniversitesi b\u00fcnyesinde kurulan <\/span><b>\u0130\u015fletme Fak\u00fcltesi<\/b><span style=\"font-weight: 400\">\u2019ne dayanmaktad\u0131r. 1982 y\u0131l\u0131nda y\u00fcksek\u00f6\u011fretim sisteminde ger\u00e7ekle\u015ftirilen yeniden yap\u0131lanma kapsam\u0131nda, \u0130\u015fletme Fak\u00fcltesi, <\/span><b>Atat\u00fcrk \u00dcniversitesi \u0130ktisadi ve \u0130dari Bilimler Fak\u00fcltesi<\/b><span style=\"font-weight: 400\"> \u00e7at\u0131s\u0131 alt\u0131nda yeniden yap\u0131land\u0131r\u0131lm\u0131\u015f ve faaliyetlerini <\/span><b>\u0130\u015fletme B\u00f6l\u00fcm\u00fc<\/b><span style=\"font-weight: 400\"> olarak s\u00fcrd\u00fcrmeye ba\u015flam\u0131\u015ft\u0131r.<\/span><\/p><p><span style=\"font-weight: 400\">Bu k\u00f6kl\u00fc ge\u00e7mi\u015f, b\u00f6l\u00fcm\u00fcm\u00fcz\u00fcn akademik birikimini ve kurumsal k\u00fclt\u00fcr\u00fcn\u00fc g\u00fc\u00e7lendirmi\u015f; i\u015fletme biliminin temel alanlar\u0131nda yetkin akademik kadrosu ile e\u011fitim-\u00f6\u011fretim, ara\u015ft\u0131rma ve toplumsal katk\u0131 faaliyetlerini s\u00fcrd\u00fcrmesine imk\u00e2n sa\u011flam\u0131\u015ft\u0131r.<\/span><\/p><p><span style=\"font-weight: 400\">B\u00f6l\u00fcm\u00fcm\u00fczde g\u00f6rev yapan \u00f6\u011fretim \u00fcyeleri; muhasebe ve finansman, y\u00f6netim ve organizasyon, \u00fcretim y\u00f6netimi ve pazarlama, ticaret hukuku, say\u0131sal y\u00f6ntemler ve kooperatif\u00e7ilik ba\u015fta olmak \u00fczere i\u015fletme biliminin farkl\u0131 uzmanl\u0131k alanlar\u0131nda akademik \u00e7al\u0131\u015fmalar y\u00fcr\u00fctmekte, ulusal ve uluslararas\u0131 d\u00fczeyde bilimsel yay\u0131nlar, projeler ve i\u015f birlikleri ger\u00e7ekle\u015ftirmektedir.<\/span><\/p><p>E\u015fit a\u011f\u0131rl\u0131k puan t\u00fcr\u00fcne g\u00f6re \u00f6\u011frenci alan b\u00f6l\u00fcm\u00fcn e\u011fitim dili T\u00fcrk\u00e7e olup \u00f6\u011frenim s\u00fcresi 4 y\u0131ld\u0131r.\u00a0<\/p>\t\t\t\t\t\t\t\t<\/div>\n\t\t\t\t<\/div>\n\t\t\t\t\t<\/div>\n\t\t<\/div>\n\t\t\t\t\t<\/div>\n\t\t<\/section>\n\t\t\t\t<\/div>\n\t\t","protected":false},"excerpt":{"rendered":"<p>Tarih\u00e7e \u0130\u015fletme B\u00f6l\u00fcm\u00fcm\u00fcz, k\u00f6kl\u00fc akademik ge\u00e7mi\u015fiyle T\u00fcrkiye\u2019de i\u015fletme e\u011fitiminin \u00f6nc\u00fc birimlerinden biri olma niteli\u011fini ta\u015f\u0131maktad\u0131r. B\u00f6l\u00fcm\u00fcm\u00fcz\u00fcn temelleri, 1963 y\u0131l\u0131nda Atat\u00fcrk \u00dcniversitesi b\u00fcnyesinde kurulan \u0130\u015fletme Fak\u00fcltesi\u2019ne dayanmaktad\u0131r. 1982 y\u0131l\u0131nda y\u00fcksek\u00f6\u011fretim sisteminde ger\u00e7ekle\u015ftirilen yeniden yap\u0131lanma kapsam\u0131nda, \u0130\u015fletme Fak\u00fcltesi, Atat\u00fcrk \u00dcniversitesi \u0130ktisadi ve \u0130dari Bilimler Fak\u00fcltesi \u00e7at\u0131s\u0131 alt\u0131nda yeniden yap\u0131land\u0131r\u0131lm\u0131\u015f ve faaliyetlerini \u0130\u015fletme B\u00f6l\u00fcm\u00fc olarak s\u00fcrd\u00fcrmeye ba\u015flam\u0131\u015ft\u0131r. Bu [&hellip;]<\/p>\n","protected":false},"author":1,"featured_media":0,"parent":0,"menu_order":0,"comment_status":"closed","ping_status":"closed","template":"","meta":{"footnotes":""},"class_list":["post-5638","page","type-page","status-publish","hentry"],"_links":{"self":[{"href":"https:\/\/atauni.edu.tr\/isletme-bolumu\/wp-json\/wp\/v2\/pages\/5638","targetHints":{"allow":["GET"]}}],"collection":[{"href":"https:\/\/atauni.edu.tr\/isletme-bolumu\/wp-json\/wp\/v2\/pages"}],"about":[{"href":"https:\/\/atauni.edu.tr\/isletme-bolumu\/wp-json\/wp\/v2\/types\/page"}],"author":[{"embeddable":true,"href":"https:\/\/atauni.edu.tr\/isletme-bolumu\/wp-json\/wp\/v2\/users\/1"}],"replies":[{"embeddable":true,"href":"https:\/\/atauni.edu.tr\/isletme-bolumu\/wp-json\/wp\/v2\/comments?post=5638"}],"version-history":[{"count":34,"href":"https:\/\/atauni.edu.tr\/isletme-bolumu\/wp-json\/wp\/v2\/pages\/5638\/revisions"}],"predecessor-version":[{"id":7148,"href":"https:\/\/atauni.edu.tr\/isletme-bolumu\/wp-json\/wp\/v2\/pages\/5638\/revisions\/7148"}],"wp:attachment":[{"href":"https:\/\/atauni.edu.tr\/isletme-bolumu\/wp-json\/wp\/v2\/media?parent=5638"}],"curies":[{"name":"wp","href":"https:\/\/api.w.org\/{rel}","templated":true}]}}