{"id":5682,"date":"2021-07-13T10:10:01","date_gmt":"2021-07-13T07:10:01","guid":{"rendered":"https:\/\/portaltest.atauni.edu.tr\/bilgisayar-muhendisligi\/?page_id=5682"},"modified":"2022-02-21T12:16:15","modified_gmt":"2022-02-21T09:16:15","slug":"misyon-vizyon-ve-temel-degerler","status":"publish","type":"page","link":"https:\/\/atauni.edu.tr\/isletme-bolumu\/misyon-vizyon-ve-temel-degerler\/","title":{"rendered":"Misyon, Vizyon ve Temel De\u011ferler"},"content":{"rendered":"\t\t<div data-elementor-type=\"wp-page\" data-elementor-id=\"5682\" class=\"elementor elementor-5682\" data-elementor-post-type=\"page\">\n\t\t\t\t\t\t<section class=\"elementor-section elementor-top-section elementor-element elementor-element-730d320 elementor-section-boxed elementor-section-height-default elementor-section-height-default\" data-id=\"730d320\" data-element_type=\"section\">\n\t\t\t\t\t\t<div class=\"elementor-container elementor-column-gap-default\">\n\t\t\t\t\t<div class=\"elementor-column elementor-col-100 elementor-top-column elementor-element elementor-element-753d0860\" data-id=\"753d0860\" data-element_type=\"column\">\n\t\t\t<div class=\"elementor-widget-wrap\">\n\t\t\t\t\t\t\t<\/div>\n\t\t<\/div>\n\t\t\t\t\t<\/div>\n\t\t<\/section>\n\t\t\t\t<section class=\"elementor-section elementor-top-section elementor-element elementor-element-9be811a elementor-section-boxed elementor-section-height-default elementor-section-height-default\" data-id=\"9be811a\" data-element_type=\"section\">\n\t\t\t\t\t\t<div class=\"elementor-container elementor-column-gap-default\">\n\t\t\t\t\t<div class=\"elementor-column elementor-col-100 elementor-top-column elementor-element elementor-element-1ed847b7\" data-id=\"1ed847b7\" data-element_type=\"column\">\n\t\t\t<div class=\"elementor-widget-wrap elementor-element-populated\">\n\t\t\t\t\t\t<div class=\"elementor-element elementor-element-4ce0d07f elementor-widget elementor-widget-heading\" data-id=\"4ce0d07f\" data-element_type=\"widget\" data-widget_type=\"heading.default\">\n\t\t\t\t<div class=\"elementor-widget-container\">\n\t\t\t\t\t<h2 class=\"elementor-heading-title elementor-size-default\">Misyon, Vizyon ve Temel De\u011ferler<\/h2>\t\t\t\t<\/div>\n\t\t\t\t<\/div>\n\t\t\t\t<div class=\"elementor-element elementor-element-63260862 elementor-widget-divider--view-line elementor-widget elementor-widget-divider\" data-id=\"63260862\" data-element_type=\"widget\" data-widget_type=\"divider.default\">\n\t\t\t\t<div class=\"elementor-widget-container\">\n\t\t\t\t\t\t\t<div class=\"elementor-divider\">\n\t\t\t<span class=\"elementor-divider-separator\">\n\t\t\t\t\t\t<\/span>\n\t\t<\/div>\n\t\t\t\t\t\t<\/div>\n\t\t\t\t<\/div>\n\t\t\t\t\t<\/div>\n\t\t<\/div>\n\t\t\t\t\t<\/div>\n\t\t<\/section>\n\t\t\t\t<section class=\"elementor-section elementor-top-section elementor-element elementor-element-681db8b elementor-section-boxed elementor-section-height-default elementor-section-height-default\" data-id=\"681db8b\" data-element_type=\"section\">\n\t\t\t\t\t\t<div class=\"elementor-container elementor-column-gap-default\">\n\t\t\t\t\t<div class=\"elementor-column elementor-col-100 elementor-top-column elementor-element elementor-element-ad4dac5\" data-id=\"ad4dac5\" data-element_type=\"column\">\n\t\t\t<div class=\"elementor-widget-wrap elementor-element-populated\">\n\t\t\t\t\t\t<div class=\"elementor-element elementor-element-2f96b3d elementor-widget elementor-widget-text-editor\" data-id=\"2f96b3d\" data-element_type=\"widget\" data-widget_type=\"text-editor.default\">\n\t\t\t\t<div class=\"elementor-widget-container\">\n\t\t\t\t\t\t\t\t\t<p>Misyonumuz<\/p>\n<h5 style=\"margin: 0cm 0cm 0.0001pt\"><span style=\"color: black\">\u0130\u015fletme alan\u0131nda \u00e7a\u011f\u0131n gerektirdi\u011fi bilgiyi \u00fcretmek ve uygulamaya d\u00f6n\u00fc\u015ft\u00fcrmek suretiyle, pratik bilgiye dayal\u0131 ve istihdam edilebilir bireyleri yeti\u015ftirmek ve giri\u015fimcilik ekosistemine akademik destek sa\u011flamak<\/span><span style=\"font-size: 11.0pt;color: black\">.<\/span><\/h5><div><span style=\"font-size: 11.0pt;color: black\"><br><\/span><\/div>\n<p>Vizyonumuz<\/p>\n<h5 style=\"margin: 0cm 0cm 0.0001pt\"><span style=\"color: black\">Payda\u015flar\u0131n ve toplum istek ve beklentilerini g\u00f6zeten ve onlara de\u011fer katan sayg\u0131nl\u0131\u011f\u0131 y\u00fcksek ve \u00e7\u00f6z\u00fcm odakl\u0131 bir b\u00f6l\u00fcm olmak. <\/span><\/h5><div><span style=\"color: black\"><br><\/span><\/div>\n<p>De\u011ferlerimiz<\/p>\n<h5 style=\"margin: 0cm 0cm 0.0001pt\"><span style=\"color: black\">\u00c7\u00f6z\u00fcm Odakl\u0131l\u0131k <\/span><\/h5>\n<h5 style=\"margin: 0cm 0cm 0.0001pt\"><span style=\"color: black\">\u0130novasyon<\/span><\/h5>\n<h5 style=\"margin: 0cm 0cm 0.0001pt\"><span style=\"color: black\">Giri\u015fimcilik<\/span><\/h5>\n<h5 style=\"margin: 0cm 0cm 0.0001pt\"><span style=\"color: black\">Bilgi Temellilik<\/span><\/h5>\n<h5 style=\"margin: 0cm 0cm 0.0001pt\"><span style=\"color: black\">\u0130\u015fbirli\u011fi<\/span><\/h5>\n<p><\/p>\t\t\t\t\t\t\t\t<\/div>\n\t\t\t\t<\/div>\n\t\t\t\t\t<\/div>\n\t\t<\/div>\n\t\t\t\t\t<\/div>\n\t\t<\/section>\n\t\t\t\t<\/div>\n\t\t","protected":false},"excerpt":{"rendered":"<p>Misyon, Vizyon ve Temel De\u011ferler Misyonumuz \u0130\u015fletme alan\u0131nda \u00e7a\u011f\u0131n gerektirdi\u011fi bilgiyi \u00fcretmek ve uygulamaya d\u00f6n\u00fc\u015ft\u00fcrmek suretiyle, pratik bilgiye dayal\u0131 ve istihdam edilebilir bireyleri yeti\u015ftirmek ve giri\u015fimcilik ekosistemine akademik destek sa\u011flamak. Vizyonumuz Payda\u015flar\u0131n ve toplum istek ve beklentilerini g\u00f6zeten ve onlara de\u011fer katan sayg\u0131nl\u0131\u011f\u0131 y\u00fcksek ve \u00e7\u00f6z\u00fcm odakl\u0131 bir b\u00f6l\u00fcm olmak. De\u011ferlerimiz \u00c7\u00f6z\u00fcm Odakl\u0131l\u0131k \u0130novasyon Giri\u015fimcilik [&hellip;]<\/p>\n","protected":false},"author":1,"featured_media":0,"parent":0,"menu_order":0,"comment_status":"closed","ping_status":"closed","template":"elementor_header_footer","meta":{"footnotes":""},"class_list":["post-5682","page","type-page","status-publish","hentry"],"_links":{"self":[{"href":"https:\/\/atauni.edu.tr\/isletme-bolumu\/wp-json\/wp\/v2\/pages\/5682","targetHints":{"allow":["GET"]}}],"collection":[{"href":"https:\/\/atauni.edu.tr\/isletme-bolumu\/wp-json\/wp\/v2\/pages"}],"about":[{"href":"https:\/\/atauni.edu.tr\/isletme-bolumu\/wp-json\/wp\/v2\/types\/page"}],"author":[{"embeddable":true,"href":"https:\/\/atauni.edu.tr\/isletme-bolumu\/wp-json\/wp\/v2\/users\/1"}],"replies":[{"embeddable":true,"href":"https:\/\/atauni.edu.tr\/isletme-bolumu\/wp-json\/wp\/v2\/comments?post=5682"}],"version-history":[{"count":14,"href":"https:\/\/atauni.edu.tr\/isletme-bolumu\/wp-json\/wp\/v2\/pages\/5682\/revisions"}],"predecessor-version":[{"id":6193,"href":"https:\/\/atauni.edu.tr\/isletme-bolumu\/wp-json\/wp\/v2\/pages\/5682\/revisions\/6193"}],"wp:attachment":[{"href":"https:\/\/atauni.edu.tr\/isletme-bolumu\/wp-json\/wp\/v2\/media?parent=5682"}],"curies":[{"name":"wp","href":"https:\/\/api.w.org\/{rel}","templated":true}]}}