{"id":5688,"date":"2021-07-13T10:13:48","date_gmt":"2021-07-13T07:13:48","guid":{"rendered":"https:\/\/portaltest.atauni.edu.tr\/bilgisayar-muhendisligi\/?page_id=5688"},"modified":"2026-02-18T16:29:55","modified_gmt":"2026-02-18T13:29:55","slug":"akademik-personel","status":"publish","type":"page","link":"https:\/\/atauni.edu.tr\/isletme-bolumu\/akademik-personel\/","title":{"rendered":"Akademik Personel"},"content":{"rendered":"\t\t<div data-elementor-type=\"wp-page\" data-elementor-id=\"5688\" class=\"elementor elementor-5688\" data-elementor-post-type=\"page\">\n\t\t\t\t\t\t<section class=\"elementor-section elementor-top-section elementor-element elementor-element-22b96024 elementor-section-boxed elementor-section-height-default elementor-section-height-default\" data-id=\"22b96024\" data-element_type=\"section\">\n\t\t\t\t\t\t<div class=\"elementor-container elementor-column-gap-default\">\n\t\t\t\t\t<div class=\"elementor-column elementor-col-100 elementor-top-column elementor-element elementor-element-5a1f7769\" data-id=\"5a1f7769\" data-element_type=\"column\">\n\t\t\t<div class=\"elementor-widget-wrap elementor-element-populated\">\n\t\t\t\t\t\t<div class=\"elementor-element elementor-element-3b3e2d4a elementor-widget elementor-widget-heading\" data-id=\"3b3e2d4a\" data-element_type=\"widget\" data-widget_type=\"heading.default\">\n\t\t\t\t<div class=\"elementor-widget-container\">\n\t\t\t\t\t<h2 class=\"elementor-heading-title elementor-size-default\">Akademik Personel<\/h2>\t\t\t\t<\/div>\n\t\t\t\t<\/div>\n\t\t\t\t<div class=\"elementor-element elementor-element-35223868 elementor-widget-divider--view-line elementor-widget elementor-widget-divider\" data-id=\"35223868\" data-element_type=\"widget\" data-widget_type=\"divider.default\">\n\t\t\t\t<div class=\"elementor-widget-container\">\n\t\t\t\t\t\t\t<div class=\"elementor-divider\">\n\t\t\t<span class=\"elementor-divider-separator\">\n\t\t\t\t\t\t<\/span>\n\t\t<\/div>\n\t\t\t\t\t\t<\/div>\n\t\t\t\t<\/div>\n\t\t\t\t\t<\/div>\n\t\t<\/div>\n\t\t\t\t\t<\/div>\n\t\t<\/section>\n\t\t\t\t<section class=\"elementor-section elementor-top-section elementor-element elementor-element-aed101f elementor-section-boxed elementor-section-height-default elementor-section-height-default\" data-id=\"aed101f\" data-element_type=\"section\">\n\t\t\t\t\t\t<div class=\"elementor-container elementor-column-gap-default\">\n\t\t\t\t\t<div class=\"elementor-column elementor-col-50 elementor-top-column elementor-element elementor-element-ecacecb\" data-id=\"ecacecb\" data-element_type=\"column\">\n\t\t\t<div class=\"elementor-widget-wrap elementor-element-populated\">\n\t\t\t\t\t\t<div class=\"elementor-element elementor-element-649a4ed elementor-widget elementor-widget-heading\" data-id=\"649a4ed\" data-element_type=\"widget\" data-widget_type=\"heading.default\">\n\t\t\t\t<div class=\"elementor-widget-container\">\n\t\t\t\t\t<h2 class=\"elementor-heading-title elementor-size-default\">B\u00d6L\u00dcM BA\u015eKANI<\/h2>\t\t\t\t<\/div>\n\t\t\t\t<\/div>\n\t\t\t\t<div class=\"elementor-element elementor-element-66dec5d elementor-widget elementor-widget-text-editor\" data-id=\"66dec5d\" data-element_type=\"widget\" data-widget_type=\"text-editor.default\">\n\t\t\t\t<div class=\"elementor-widget-container\">\n\t\t\t\t\t\t\t\t\t<p><a href=\"https:\/\/avesis.atauni.edu.tr\/anakti\">Prof. Dr. At\u0131lhan NAKT\u0130YOK<\/a><\/p>\t\t\t\t\t\t\t\t<\/div>\n\t\t\t\t<\/div>\n\t\t\t\t<div class=\"elementor-element elementor-element-4c17111 elementor-widget elementor-widget-heading\" data-id=\"4c17111\" data-element_type=\"widget\" data-widget_type=\"heading.default\">\n\t\t\t\t<div class=\"elementor-widget-container\">\n\t\t\t\t\t<h2 class=\"elementor-heading-title elementor-size-default\">B\u00d6L\u00dcM BA\u015eKAN YARDIMCILARI<\/h2>\t\t\t\t<\/div>\n\t\t\t\t<\/div>\n\t\t\t\t<div class=\"elementor-element elementor-element-77791e2 elementor-widget elementor-widget-text-editor\" data-id=\"77791e2\" data-element_type=\"widget\" data-widget_type=\"text-editor.default\">\n\t\t\t\t<div class=\"elementor-widget-container\">\n\t\t\t\t\t\t\t\t\t<p><a href=\"https:\/\/avesis.atauni.edu.tr\/timuroglu\">Do\u00e7. M. K\u00fcr\u015fat T\u0130MURO\u011eLU<\/a><\/p><p><a href=\"https:\/\/avesis.atauni.edu.tr\/sefa.celik\">Dr. \u00d6\u011fr. \u00dcyesi Sefa \u00c7EL\u0130K<\/a><\/p>\t\t\t\t\t\t\t\t<\/div>\n\t\t\t\t<\/div>\n\t\t\t\t\t<\/div>\n\t\t<\/div>\n\t\t\t\t<div class=\"elementor-column elementor-col-50 elementor-top-column elementor-element elementor-element-1d144ab\" data-id=\"1d144ab\" data-element_type=\"column\">\n\t\t\t<div class=\"elementor-widget-wrap elementor-element-populated\">\n\t\t\t\t\t\t<div class=\"elementor-element elementor-element-4bddf88 elementor-widget elementor-widget-heading\" data-id=\"4bddf88\" data-element_type=\"widget\" data-widget_type=\"heading.default\">\n\t\t\t\t<div class=\"elementor-widget-container\">\n\t\t\t\t\t<h2 class=\"elementor-heading-title elementor-size-default\">AKADEM\u0130K PERSONEL<\/h2>\t\t\t\t<\/div>\n\t\t\t\t<\/div>\n\t\t\t\t<div class=\"elementor-element elementor-element-9e4b8b5 elementor-widget elementor-widget-text-editor\" data-id=\"9e4b8b5\" data-element_type=\"widget\" data-widget_type=\"text-editor.default\">\n\t\t\t\t<div class=\"elementor-widget-container\">\n\t\t\t\t\t\t\t\t\t<ul><li><a href=\"http:\/\/avesis.atauni.edu.tr\/ademdursun\">Prof. Dr. Adem DURSUN<\/a><\/li><li><a href=\"http:\/\/avesis.atauni.edu.tr\/anakti\">Prof. Dr. At\u0131lhan NAKT\u0130YOK<\/a><\/li><li><a href=\"http:\/\/avesis.atauni.edu.tr\/belmas\">Prof. Dr. Bekir ELMAS<\/a><\/li><li><a href=\"http:\/\/avesis.atauni.edu.tr\/bgungor\">Prof. Dr. Bener G\u00dcNG\u00d6R<\/a><\/li><li><a href=\"http:\/\/avesis.atauni.edu.tr\/ckarabey\">Prof. Dr. Canan Nur KARABEY<\/a><\/li><li><a href=\"http:\/\/avesis.atauni.edu.tr\/fatihcoskun.ertas\">Prof. Dr. Fatih Co\u015fkun ERTA\u015e<\/a><\/li><li><a href=\"http:\/\/avesis.atauni.edu.tr\/ramazan.yanik\">Prof. Dr. Ramazan YANIK<\/a><\/li><li><a href=\"http:\/\/avesis.atauni.edu.tr\/rkarci\">Prof. Dr. Re\u015fat KARCIO\u011eLU<\/a><\/li><li><a href=\"http:\/\/avesis.atauni.edu.tr\/sukruyaprakli\">Prof. Dr. Tevfik \u015e\u00fckr\u00fc YAPRAKLI<\/a><\/li><li><a href=\"https:\/\/avesis.atauni.edu.tr\/tondes\">Prof. Dr. Turan \u00d6NDE\u015e<\/a><\/li><li><a style=\"border: none\" href=\"http:\/\/avesis.atauni.edu.tr\/rkarci\">Prof<\/a><a href=\"http:\/\/avesis.atauni.edu.tr\/dguzel\">. Dr. Dil\u015fad G\u00dcZEL<\/a><\/li><li><a href=\"http:\/\/avesis.atauni.edu.tr\/ensaragirman\">Prof. Dr. Ensar A\u011eIRMAN<\/a><\/li><li><a href=\"http:\/\/avesis.atauni.edu.tr\/timuroglu\">Do\u00e7. Dr. Muhammed K\u00fcr\u015fat T\u0130MURO\u011eLU<\/a><\/li><li><a href=\"http:\/\/avesis.atauni.edu.tr\/muhammetozcan\">Do\u00e7. Dr. Muhammet \u00d6ZCAN<\/a><\/li><li><a href=\"http:\/\/avesis.atauni.edu.tr\/kadir.deligoz\">Do\u00e7. Dr. Kadir DEL\u0130G\u00d6Z<\/a><\/li><li><a href=\"http:\/\/avesis.atauni.edu.tr\/mukadder.horasan\">Dr. \u00d6\u011fr. \u00dcyesi Mukadder HORASAN<\/a><\/li><li><a href=\"http:\/\/avesis.atauni.edu.tr\/bipekten\">Dr. \u00d6\u011fr. \u00dcyesi Osman Berna \u0130PEKTEN<\/a><\/li><li><a href=\"http:\/\/avesis.atauni.edu.tr\/ulke.celik\">Dr. \u00d6\u011fr. \u00dcyesi \u00dclke Hilal \u00c7EL\u0130K<\/a><\/li><li><a href=\"http:\/\/avesis.atauni.edu.tr\/gorgun.deveci\">Dr. \u00d6\u011fr. \u00dcyesi Fatma G\u00f6rg\u00fcn DEVEC\u0130<\/a><\/li><li><a href=\"http:\/\/avesis.atauni.edu.tr\/gorgun.deveci\">Dr. \u00d6\u011fr. \u00dcyesi<\/a><a href=\"http:\/\/avesis.atauni.edu.tr\/sezin.cakir\">\u00a0Sezin KARABULUT \u00c7AKIR<\/a><\/li><li><a href=\"https:\/\/avesis.atauni.edu.tr\/sefa.celik\">Dr. \u00d6\u011fr. \u00dcyesi Sefa \u00c7EL\u0130K<\/a><\/li><li><a href=\"http:\/\/avesis.atauni.edu.tr\/musab.isik\">Ar\u015f. G\u00f6r. Dr. Musab I\u015eIK<\/a><\/li><li><a href=\"http:\/\/avesis.atauni.edu.tr\/kubra.alpa\">Ar\u015f. G\u00f6r. Dr. K\u00fcbra \u00c7EL\u0130K<\/a><\/li><li><a href=\"http:\/\/avesis.atauni.edu.tr\/aslihan.yetim\">Ar\u015f. G\u00f6r. Asl\u0131han YET\u0130M<\/a><\/li><\/ul>\t\t\t\t\t\t\t\t<\/div>\n\t\t\t\t<\/div>\n\t\t\t\t\t<\/div>\n\t\t<\/div>\n\t\t\t\t\t<\/div>\n\t\t<\/section>\n\t\t\t\t<\/div>\n\t\t","protected":false},"excerpt":{"rendered":"<p>Akademik Personel B\u00d6L\u00dcM BA\u015eKANI Prof. Dr. At\u0131lhan NAKT\u0130YOK B\u00d6L\u00dcM BA\u015eKAN YARDIMCILARI Do\u00e7. M. K\u00fcr\u015fat T\u0130MURO\u011eLU Dr. \u00d6\u011fr. \u00dcyesi Sefa \u00c7EL\u0130K AKADEM\u0130K PERSONEL Prof. Dr. Adem DURSUN Prof. Dr. At\u0131lhan NAKT\u0130YOK Prof. Dr. Bekir ELMAS Prof. Dr. Bener G\u00dcNG\u00d6R Prof. Dr. Canan Nur KARABEY Prof. Dr. Fatih Co\u015fkun ERTA\u015e Prof. Dr. Ramazan YANIK Prof. Dr. Re\u015fat [&hellip;]<\/p>\n","protected":false},"author":1,"featured_media":0,"parent":0,"menu_order":0,"comment_status":"closed","ping_status":"closed","template":"elementor_header_footer","meta":{"footnotes":""},"class_list":["post-5688","page","type-page","status-publish","hentry"],"_links":{"self":[{"href":"https:\/\/atauni.edu.tr\/isletme-bolumu\/wp-json\/wp\/v2\/pages\/5688","targetHints":{"allow":["GET"]}}],"collection":[{"href":"https:\/\/atauni.edu.tr\/isletme-bolumu\/wp-json\/wp\/v2\/pages"}],"about":[{"href":"https:\/\/atauni.edu.tr\/isletme-bolumu\/wp-json\/wp\/v2\/types\/page"}],"author":[{"embeddable":true,"href":"https:\/\/atauni.edu.tr\/isletme-bolumu\/wp-json\/wp\/v2\/users\/1"}],"replies":[{"embeddable":true,"href":"https:\/\/atauni.edu.tr\/isletme-bolumu\/wp-json\/wp\/v2\/comments?post=5688"}],"version-history":[{"count":47,"href":"https:\/\/atauni.edu.tr\/isletme-bolumu\/wp-json\/wp\/v2\/pages\/5688\/revisions"}],"predecessor-version":[{"id":6962,"href":"https:\/\/atauni.edu.tr\/isletme-bolumu\/wp-json\/wp\/v2\/pages\/5688\/revisions\/6962"}],"wp:attachment":[{"href":"https:\/\/atauni.edu.tr\/isletme-bolumu\/wp-json\/wp\/v2\/media?parent=5688"}],"curies":[{"name":"wp","href":"https:\/\/api.w.org\/{rel}","templated":true}]}}