{"id":5762,"date":"2021-07-13T12:55:48","date_gmt":"2021-07-13T09:55:48","guid":{"rendered":"https:\/\/portaltest.atauni.edu.tr\/bilgisayar-muhendisligi\/?page_id=5762"},"modified":"2026-03-05T16:39:47","modified_gmt":"2026-03-05T13:39:47","slug":"lisans-ders-listesi","status":"publish","type":"page","link":"https:\/\/atauni.edu.tr\/isletme-bolumu\/lisans-ders-listesi\/","title":{"rendered":"Ders Program\u0131"},"content":{"rendered":"\t\t<div data-elementor-type=\"wp-page\" data-elementor-id=\"5762\" class=\"elementor elementor-5762\" data-elementor-post-type=\"page\">\n\t\t\t\t\t\t<section class=\"elementor-section elementor-top-section elementor-element elementor-element-730d320 elementor-section-boxed elementor-section-height-default elementor-section-height-default\" data-id=\"730d320\" data-element_type=\"section\">\n\t\t\t\t\t\t<div class=\"elementor-container elementor-column-gap-default\">\n\t\t\t\t\t<div class=\"elementor-column elementor-col-100 elementor-top-column elementor-element elementor-element-753d0860\" data-id=\"753d0860\" data-element_type=\"column\">\n\t\t\t<div class=\"elementor-widget-wrap\">\n\t\t\t\t\t\t\t<\/div>\n\t\t<\/div>\n\t\t\t\t\t<\/div>\n\t\t<\/section>\n\t\t\t\t<section class=\"elementor-section elementor-top-section elementor-element elementor-element-9be811a elementor-section-boxed elementor-section-height-default elementor-section-height-default\" data-id=\"9be811a\" data-element_type=\"section\">\n\t\t\t\t\t\t<div class=\"elementor-container elementor-column-gap-default\">\n\t\t\t\t\t<div class=\"elementor-column elementor-col-100 elementor-top-column elementor-element elementor-element-1ed847b7\" data-id=\"1ed847b7\" data-element_type=\"column\">\n\t\t\t<div class=\"elementor-widget-wrap elementor-element-populated\">\n\t\t\t\t\t\t<div class=\"elementor-element elementor-element-4ce0d07f elementor-widget elementor-widget-heading\" data-id=\"4ce0d07f\" data-element_type=\"widget\" data-widget_type=\"heading.default\">\n\t\t\t\t<div class=\"elementor-widget-container\">\n\t\t\t\t\t<h2 class=\"elementor-heading-title elementor-size-default\">Lisans Ders Program\u0131<\/h2>\t\t\t\t<\/div>\n\t\t\t\t<\/div>\n\t\t\t\t<div class=\"elementor-element elementor-element-63260862 elementor-widget-divider--view-line elementor-widget elementor-widget-divider\" data-id=\"63260862\" data-element_type=\"widget\" data-widget_type=\"divider.default\">\n\t\t\t\t<div class=\"elementor-widget-container\">\n\t\t\t\t\t\t\t<div class=\"elementor-divider\">\n\t\t\t<span class=\"elementor-divider-separator\">\n\t\t\t\t\t\t<\/span>\n\t\t<\/div>\n\t\t\t\t\t\t<\/div>\n\t\t\t\t<\/div>\n\t\t\t\t\t<\/div>\n\t\t<\/div>\n\t\t\t\t\t<\/div>\n\t\t<\/section>\n\t\t\t\t<section class=\"elementor-section elementor-top-section elementor-element elementor-element-ff12562 elementor-section-boxed elementor-section-height-default elementor-section-height-default\" data-id=\"ff12562\" data-element_type=\"section\">\n\t\t\t\t\t\t<div class=\"elementor-container elementor-column-gap-default\">\n\t\t\t\t\t<div class=\"elementor-column elementor-col-100 elementor-top-column elementor-element elementor-element-2aa5f38\" data-id=\"2aa5f38\" data-element_type=\"column\">\n\t\t\t<div class=\"elementor-widget-wrap elementor-element-populated\">\n\t\t\t\t\t\t<div class=\"elementor-element elementor-element-3789799 elementor-widget elementor-widget-text-editor\" data-id=\"3789799\" data-element_type=\"widget\" data-widget_type=\"text-editor.default\">\n\t\t\t\t<div class=\"elementor-widget-container\">\n\t\t\t\t\t\t\t\t\t<p>Program AKTS bilgi paketlerine ili\u015fkin bilgilendirmeye y\u00f6nelik detaylar <a href=\"https:\/\/obs.atauni.edu.tr\/moduller\/dbp\/eobs\/birimDetay\/1107\/%C4%B0%C5%9Fletme%20Program%C4%B1%20(1107)?\">ders bilgi paketi<\/a>nde yer almaktad\u0131r. \u0130lgili ba\u011flant\u0131da;<\/p><ul><li>Birime Y\u00f6nelik bilgiler:<\/li><\/ul><div class=\"panel panel-default\"><div class=\"panel-heading\"><h4 class=\"panel-title\"><a href=\"https:\/\/obs.atauni.edu.tr\/moduller\/dbp\/eobs\/birimDetay\/1107\/%C4%B0%C5%9Fletme%20Program%C4%B1%20(1107)?#akd_1\" data-toggle=\"collapse\" data-parent=\"#accordion\">Kazan\u0131lan Derece<\/a><\/h4><\/div><\/div><div class=\"panel panel-default\"><div class=\"panel-heading\"><h4 class=\"panel-title\"><a href=\"https:\/\/obs.atauni.edu.tr\/moduller\/dbp\/eobs\/birimDetay\/1107\/%C4%B0%C5%9Fletme%20Program%C4%B1%20(1107)?#akd_2\" data-toggle=\"collapse\" data-parent=\"#accordion\">Derece Seviyesi<\/a><\/h4><\/div><\/div><div class=\"panel panel-default\"><div class=\"panel-heading\"><h4 class=\"panel-title\"><a href=\"https:\/\/obs.atauni.edu.tr\/moduller\/dbp\/eobs\/birimDetay\/1107\/%C4%B0%C5%9Fletme%20Program%C4%B1%20(1107)?#akd_3\" data-toggle=\"collapse\" data-parent=\"#accordion\">Kabul ve Kay\u0131t Ko\u015fullar\u0131<\/a><\/h4><\/div><\/div><div class=\"panel panel-default\"><div class=\"panel-heading\"><h4 class=\"panel-title\"><a href=\"https:\/\/obs.atauni.edu.tr\/moduller\/dbp\/eobs\/birimDetay\/1107\/%C4%B0%C5%9Fletme%20Program%C4%B1%20(1107)?#akd_4\" data-toggle=\"collapse\" data-parent=\"#accordion\">\u00d6nceki \u00d6\u011frenimin Tan\u0131nmas\u0131<\/a><\/h4><\/div><\/div><div class=\"panel panel-default\"><div class=\"panel-heading\"><h4 class=\"panel-title\"><a href=\"https:\/\/obs.atauni.edu.tr\/moduller\/dbp\/eobs\/birimDetay\/1107\/%C4%B0%C5%9Fletme%20Program%C4%B1%20(1107)?#akd_5\" data-toggle=\"collapse\" data-parent=\"#accordion\">Yeterlilik Ko\u015fullar\u0131 ve Kurallar\u0131<\/a><\/h4><\/div><\/div><div class=\"panel panel-default\"><div class=\"panel-heading\"><h4 class=\"panel-title\"><a href=\"https:\/\/obs.atauni.edu.tr\/moduller\/dbp\/eobs\/birimDetay\/1107\/%C4%B0%C5%9Fletme%20Program%C4%B1%20(1107)?#akd_6\" data-toggle=\"collapse\" data-parent=\"#accordion\">Program Profili<\/a><\/h4><\/div><\/div><div class=\"panel panel-default\"><div class=\"panel-heading\"><h4 class=\"panel-title\"><a href=\"https:\/\/obs.atauni.edu.tr\/moduller\/dbp\/eobs\/birimDetay\/1107\/%C4%B0%C5%9Fletme%20Program%C4%B1%20(1107)?#akd_7\" data-toggle=\"collapse\" data-parent=\"#accordion\">\u00d6rnekleriyle Mezunlar\u0131n Mesleki Profilleri<\/a><\/h4><\/div><\/div><div class=\"panel panel-default\"><div class=\"panel-heading\"><h4 class=\"panel-title\"><a href=\"https:\/\/obs.atauni.edu.tr\/moduller\/dbp\/eobs\/birimDetay\/1107\/%C4%B0%C5%9Fletme%20Program%C4%B1%20(1107)?#akd_8\" data-toggle=\"collapse\" data-parent=\"#accordion\">\u00dcst Derece Programlar\u0131na Ge\u00e7i\u015f<\/a><\/h4><\/div><\/div><div class=\"panel panel-default\"><div class=\"panel-heading\"><h4 class=\"panel-title\"><a href=\"https:\/\/obs.atauni.edu.tr\/moduller\/dbp\/eobs\/birimDetay\/1107\/%C4%B0%C5%9Fletme%20Program%C4%B1%20(1107)?#akd_9\" data-toggle=\"collapse\" data-parent=\"#accordion\">S\u0131nav Y\u00f6netmeli\u011fi, \u00d6l\u00e7me ve De\u011ferlendirme<\/a><\/h4><\/div><\/div><div class=\"panel panel-default\"><div class=\"panel-heading\"><h4 class=\"panel-title\"><a href=\"https:\/\/obs.atauni.edu.tr\/moduller\/dbp\/eobs\/birimDetay\/1107\/%C4%B0%C5%9Fletme%20Program%C4%B1%20(1107)?#akd_10\" data-toggle=\"collapse\" data-parent=\"#accordion\">Mezuniyet Ko\u015fullar\u0131<\/a><\/h4><\/div><\/div><div class=\"panel panel-default\"><div class=\"panel-heading\"><h4 class=\"panel-title\"><a href=\"https:\/\/obs.atauni.edu.tr\/moduller\/dbp\/eobs\/birimDetay\/1107\/%C4%B0%C5%9Fletme%20Program%C4%B1%20(1107)?#akd_11\" data-toggle=\"collapse\" data-parent=\"#accordion\">\u00c7al\u0131\u015fma \u015eekli<\/a><\/h4><ul><li>M\u00fcfredat Dersleri ve AKTS kredileri<\/li><li>Program Yeterlilikleri<\/li><li>Kurumsal Yeterlilikler<\/li><\/ul><p>gibi bilgilendirmeler yer almaktad\u0131r.<\/p><\/div><\/div>\t\t\t\t\t\t\t\t<\/div>\n\t\t\t\t<\/div>\n\t\t\t\t\t<\/div>\n\t\t<\/div>\n\t\t\t\t\t<\/div>\n\t\t<\/section>\n\t\t\t\t<section class=\"elementor-section elementor-top-section elementor-element elementor-element-5baacf8 elementor-section-boxed elementor-section-height-default elementor-section-height-default\" data-id=\"5baacf8\" data-element_type=\"section\">\n\t\t\t\t\t\t<div class=\"elementor-container elementor-column-gap-default\">\n\t\t\t\t\t<div class=\"elementor-column elementor-col-100 elementor-top-column elementor-element elementor-element-6875f49\" data-id=\"6875f49\" data-element_type=\"column\">\n\t\t\t<div class=\"elementor-widget-wrap elementor-element-populated\">\n\t\t\t\t\t\t<div class=\"elementor-element elementor-element-cff3e4c elementor-widget elementor-widget-heading\" data-id=\"cff3e4c\" data-element_type=\"widget\" data-widget_type=\"heading.default\">\n\t\t\t\t<div class=\"elementor-widget-container\">\n\t\t\t\t\t<h2 class=\"elementor-heading-title elementor-size-default\"><a href=\"https:\/\/birimler.atauni.edu.tr\/iktisadi-ve-idari-bilimler-fakultesi\/wp-content\/uploads\/sites\/64\/2022\/10\/Isletme.pdf\">\u0130\u015eLETME B\u00d6L\u00dcM\u00dc 2025-2026 AKADEM\u0130K YILI BAHAR D\u00d6NEM\u0130 DERS PROGRAMI<\/a><\/h2>\t\t\t\t<\/div>\n\t\t\t\t<\/div>\n\t\t\t\t<div class=\"elementor-element elementor-element-dab748d elementor-widget elementor-widget-pdf_viewer\" data-id=\"dab748d\" data-element_type=\"widget\" data-widget_type=\"pdf_viewer.default\">\n\t\t\t\t<div class=\"elementor-widget-container\">\n\t\t\t\t\t<iframe src=\"https:\/\/docs.google.com\/viewer?url=http:\/\/atauni.edu.tr\/isletme-bolumu\/wp-content\/uploads\/sites\/127\/2026\/02\/Isletme-Bolumu-Lisan-Ders-Programi-2025-2026-Bahar-Donemi.pdf&amp;embedded=true\" style=\"display: block; margin-left: auto; margin-right: auto; width: 640px; height: 1020px;\" frameborder=\"1\" marginheight=\"0px\" marginwidth=\"0px\" allowfullscreen><\/iframe>\t\t\t\t<\/div>\n\t\t\t\t<\/div>\n\t\t\t\t\t<\/div>\n\t\t<\/div>\n\t\t\t\t\t<\/div>\n\t\t<\/section>\n\t\t\t\t<\/div>\n\t\t","protected":false},"excerpt":{"rendered":"<p>Lisans Ders Program\u0131 Program AKTS bilgi paketlerine ili\u015fkin bilgilendirmeye y\u00f6nelik detaylar ders bilgi paketinde yer almaktad\u0131r. \u0130lgili ba\u011flant\u0131da; Birime Y\u00f6nelik bilgiler: Kazan\u0131lan Derece Derece Seviyesi Kabul ve Kay\u0131t Ko\u015fullar\u0131 \u00d6nceki \u00d6\u011frenimin Tan\u0131nmas\u0131 Yeterlilik Ko\u015fullar\u0131 ve Kurallar\u0131 Program Profili \u00d6rnekleriyle Mezunlar\u0131n Mesleki Profilleri \u00dcst Derece Programlar\u0131na Ge\u00e7i\u015f S\u0131nav Y\u00f6netmeli\u011fi, \u00d6l\u00e7me ve De\u011ferlendirme Mezuniyet Ko\u015fullar\u0131 \u00c7al\u0131\u015fma \u015eekli [&hellip;]<\/p>\n","protected":false},"author":1,"featured_media":0,"parent":0,"menu_order":0,"comment_status":"closed","ping_status":"closed","template":"elementor_header_footer","meta":{"footnotes":""},"class_list":["post-5762","page","type-page","status-publish","hentry"],"_links":{"self":[{"href":"https:\/\/atauni.edu.tr\/isletme-bolumu\/wp-json\/wp\/v2\/pages\/5762","targetHints":{"allow":["GET"]}}],"collection":[{"href":"https:\/\/atauni.edu.tr\/isletme-bolumu\/wp-json\/wp\/v2\/pages"}],"about":[{"href":"https:\/\/atauni.edu.tr\/isletme-bolumu\/wp-json\/wp\/v2\/types\/page"}],"author":[{"embeddable":true,"href":"https:\/\/atauni.edu.tr\/isletme-bolumu\/wp-json\/wp\/v2\/users\/1"}],"replies":[{"embeddable":true,"href":"https:\/\/atauni.edu.tr\/isletme-bolumu\/wp-json\/wp\/v2\/comments?post=5762"}],"version-history":[{"count":36,"href":"https:\/\/atauni.edu.tr\/isletme-bolumu\/wp-json\/wp\/v2\/pages\/5762\/revisions"}],"predecessor-version":[{"id":7261,"href":"https:\/\/atauni.edu.tr\/isletme-bolumu\/wp-json\/wp\/v2\/pages\/5762\/revisions\/7261"}],"wp:attachment":[{"href":"https:\/\/atauni.edu.tr\/isletme-bolumu\/wp-json\/wp\/v2\/media?parent=5762"}],"curies":[{"name":"wp","href":"https:\/\/api.w.org\/{rel}","templated":true}]}}