{"id":5765,"date":"2021-07-13T12:56:51","date_gmt":"2021-07-13T09:56:51","guid":{"rendered":"https:\/\/portaltest.atauni.edu.tr\/bilgisayar-muhendisligi\/?page_id=5765"},"modified":"2021-08-27T15:48:18","modified_gmt":"2021-08-27T12:48:18","slug":"anabilim-dallari","status":"publish","type":"page","link":"https:\/\/atauni.edu.tr\/isletme-bolumu\/anabilim-dallari\/","title":{"rendered":"Anabilim Dallar\u0131"},"content":{"rendered":"\t\t<div data-elementor-type=\"wp-page\" data-elementor-id=\"5765\" class=\"elementor elementor-5765\" data-elementor-post-type=\"page\">\n\t\t\t\t\t\t<section class=\"elementor-section elementor-top-section elementor-element elementor-element-730d320 elementor-section-boxed elementor-section-height-default elementor-section-height-default\" data-id=\"730d320\" data-element_type=\"section\">\n\t\t\t\t\t\t<div class=\"elementor-container elementor-column-gap-default\">\n\t\t\t\t\t<div class=\"elementor-column elementor-col-100 elementor-top-column elementor-element elementor-element-753d0860\" data-id=\"753d0860\" data-element_type=\"column\">\n\t\t\t<div class=\"elementor-widget-wrap\">\n\t\t\t\t\t\t\t<\/div>\n\t\t<\/div>\n\t\t\t\t\t<\/div>\n\t\t<\/section>\n\t\t\t\t<section class=\"elementor-section elementor-top-section elementor-element elementor-element-9be811a elementor-section-boxed elementor-section-height-default elementor-section-height-default\" data-id=\"9be811a\" data-element_type=\"section\">\n\t\t\t\t\t\t<div class=\"elementor-container elementor-column-gap-default\">\n\t\t\t\t\t<div class=\"elementor-column elementor-col-100 elementor-top-column elementor-element elementor-element-1ed847b7\" data-id=\"1ed847b7\" data-element_type=\"column\">\n\t\t\t<div class=\"elementor-widget-wrap elementor-element-populated\">\n\t\t\t\t\t\t<div class=\"elementor-element elementor-element-4ce0d07f elementor-widget elementor-widget-heading\" data-id=\"4ce0d07f\" data-element_type=\"widget\" data-widget_type=\"heading.default\">\n\t\t\t\t<div class=\"elementor-widget-container\">\n\t\t\t\t\t<h2 class=\"elementor-heading-title elementor-size-default\">Anabilim Dallar\u0131<\/h2>\t\t\t\t<\/div>\n\t\t\t\t<\/div>\n\t\t\t\t<div class=\"elementor-element elementor-element-63260862 elementor-widget-divider--view-line elementor-widget elementor-widget-divider\" data-id=\"63260862\" data-element_type=\"widget\" data-widget_type=\"divider.default\">\n\t\t\t\t<div class=\"elementor-widget-container\">\n\t\t\t\t\t\t\t<div class=\"elementor-divider\">\n\t\t\t<span class=\"elementor-divider-separator\">\n\t\t\t\t\t\t<\/span>\n\t\t<\/div>\n\t\t\t\t\t\t<\/div>\n\t\t\t\t<\/div>\n\t\t\t\t\t<\/div>\n\t\t<\/div>\n\t\t\t\t\t<\/div>\n\t\t<\/section>\n\t\t\t\t<section class=\"elementor-section elementor-top-section elementor-element elementor-element-681db8b elementor-section-boxed elementor-section-height-default elementor-section-height-default\" data-id=\"681db8b\" data-element_type=\"section\">\n\t\t\t\t\t\t<div class=\"elementor-container elementor-column-gap-default\">\n\t\t\t\t\t<div class=\"elementor-column elementor-col-100 elementor-top-column elementor-element elementor-element-ad4dac5\" data-id=\"ad4dac5\" data-element_type=\"column\">\n\t\t\t<div class=\"elementor-widget-wrap elementor-element-populated\">\n\t\t\t\t\t\t<div class=\"elementor-element elementor-element-2f96b3d elementor-widget elementor-widget-text-editor\" data-id=\"2f96b3d\" data-element_type=\"widget\" data-widget_type=\"text-editor.default\">\n\t\t\t\t<div class=\"elementor-widget-container\">\n\t\t\t\t\t\t\t\t\t<p>Anabilim dallar\u0131, \u00fcniversite i\u00e7inde akademik yap\u0131y\u0131 olu\u015fturan ve belirli alanlarda uzmanl\u0131k sa\u011flayan b\u00f6l\u00fcmlerdir.<\/p>\n<p>\u0130\u015fletme b\u00f6l\u00fcm\u00fc i\u00e7erisinde \u00e7e\u015fitli anabilim dallar\u0131 bulunabilir. Bu dallar i\u015fletmenin farkl\u0131 y\u00f6nlerini ele al\u0131r ve \u00f6\u011frencilere derinlemesine bilgi verilmesi ama\u00e7lan\u0131r.<\/p>\n<p>Bunlar aras\u0131nda finans, pazarlama, y\u00f6netim, \u00fcretim y\u00f6netimi, muhasebe gibi alanlar yer alabilir. Her bir dal, i\u015fletme faaliyetlerinin ayr\u0131lmaz bir par\u00e7as\u0131 olan konularda uzmanl\u0131k kazand\u0131rarak \u00f6\u011frencilerin i\u015f hayat\u0131na haz\u0131r olmas\u0131n\u0131 sa\u011flar.<\/p>\n<p>Anabilim dallar\u0131 arac\u0131l\u0131\u011f\u0131yla, i\u015fletmecilik e\u011fitimi alan \u00f6\u011frenciler kendi ilgi ve yeteneklerine g\u00f6re uzmanla\u015farak sekt\u00f6rde ba\u015far\u0131l\u0131 bir \u015fekilde yer alabilirler.<\/p>\t\t\t\t\t\t\t\t<\/div>\n\t\t\t\t<\/div>\n\t\t\t\t\t<\/div>\n\t\t<\/div>\n\t\t\t\t\t<\/div>\n\t\t<\/section>\n\t\t\t\t<\/div>\n\t\t","protected":false},"excerpt":{"rendered":"<p>\u0130\u015fletme B\u00f6l\u00fcm\u00fc Anabilim Dallar\u0131 \u0130\u015fletme b\u00f6l\u00fcm\u00fc, \u00f6\u011frencilere i\u015f d\u00fcnyas\u0131n\u0131n \u00e7e\u015fitli y\u00f6nlerini kapsayan geni\u015f bir e\u011fitim yelpazesi sunar. Bu ama\u00e7la, i\u015fletme b\u00f6l\u00fcm\u00fcm\u00fcz verschilli anabilim dallar\u0131na ayr\u0131lm\u0131\u015ft\u0131r. Her bir anabilim dal\u0131, i\u015fletmenin farkl\u0131 bir y\u00f6n\u00fcne odaklan\u0131r ve \u00f6\u011frencilere o alanda uzmanla\u015fmalar\u0131n\u0131 sa\u011flar. 1. **\u00dcretim Y\u00f6netimi ve Pazarlama Anabilim Dal\u0131**: Bu anabilim dal\u0131, \u00fcr\u00fcnlerin tasarlanmas\u0131, \u00fcretiminin planlanmas\u0131 ve [&hellip;]<\/p>\n","protected":false},"author":1,"featured_media":0,"parent":0,"menu_order":0,"comment_status":"closed","ping_status":"closed","template":"elementor_header_footer","meta":{"footnotes":""},"class_list":["post-5765","page","type-page","status-publish","hentry"],"_links":{"self":[{"href":"https:\/\/atauni.edu.tr\/isletme-bolumu\/wp-json\/wp\/v2\/pages\/5765","targetHints":{"allow":["GET"]}}],"collection":[{"href":"https:\/\/atauni.edu.tr\/isletme-bolumu\/wp-json\/wp\/v2\/pages"}],"about":[{"href":"https:\/\/atauni.edu.tr\/isletme-bolumu\/wp-json\/wp\/v2\/types\/page"}],"author":[{"embeddable":true,"href":"https:\/\/atauni.edu.tr\/isletme-bolumu\/wp-json\/wp\/v2\/users\/1"}],"replies":[{"embeddable":true,"href":"https:\/\/atauni.edu.tr\/isletme-bolumu\/wp-json\/wp\/v2\/comments?post=5765"}],"version-history":[{"count":8,"href":"https:\/\/atauni.edu.tr\/isletme-bolumu\/wp-json\/wp\/v2\/pages\/5765\/revisions"}],"predecessor-version":[{"id":6082,"href":"https:\/\/atauni.edu.tr\/isletme-bolumu\/wp-json\/wp\/v2\/pages\/5765\/revisions\/6082"}],"wp:attachment":[{"href":"https:\/\/atauni.edu.tr\/isletme-bolumu\/wp-json\/wp\/v2\/media?parent=5765"}],"curies":[{"name":"wp","href":"https:\/\/api.w.org\/{rel}","templated":true}]}}