{"id":6167,"date":"2022-02-10T13:45:07","date_gmt":"2022-02-10T10:45:07","guid":{"rendered":"https:\/\/birimler.atauni.edu.tr\/isletme-bolumu\/?page_id=6167"},"modified":"2026-02-18T16:53:50","modified_gmt":"2026-02-18T13:53:50","slug":"muhasebe-ve-finansman","status":"publish","type":"page","link":"https:\/\/atauni.edu.tr\/isletme-bolumu\/muhasebe-ve-finansman\/","title":{"rendered":"Muhasebe Ve Finansman"},"content":{"rendered":"\t\t<div data-elementor-type=\"wp-page\" data-elementor-id=\"6167\" class=\"elementor elementor-6167\" data-elementor-post-type=\"page\">\n\t\t\t\t\t\t<section class=\"elementor-section elementor-top-section elementor-element elementor-element-86c0d85 elementor-section-boxed elementor-section-height-default elementor-section-height-default\" data-id=\"86c0d85\" data-element_type=\"section\">\n\t\t\t\t\t\t<div class=\"elementor-container elementor-column-gap-default\">\n\t\t\t\t\t<div class=\"elementor-column elementor-col-50 elementor-top-column elementor-element elementor-element-6e36862\" data-id=\"6e36862\" data-element_type=\"column\">\n\t\t\t<div class=\"elementor-widget-wrap elementor-element-populated\">\n\t\t\t\t\t\t<div class=\"elementor-element elementor-element-5e8162b elementor-widget elementor-widget-heading\" data-id=\"5e8162b\" data-element_type=\"widget\" data-widget_type=\"heading.default\">\n\t\t\t\t<div class=\"elementor-widget-container\">\n\t\t\t\t\t<h2 class=\"elementor-heading-title elementor-size-default\">ANA B\u0130L\u0130M DALI BA\u015eKANI<\/h2>\t\t\t\t<\/div>\n\t\t\t\t<\/div>\n\t\t\t\t<div class=\"elementor-element elementor-element-2e97af5 elementor-widget elementor-widget-text-editor\" data-id=\"2e97af5\" data-element_type=\"widget\" data-widget_type=\"text-editor.default\">\n\t\t\t\t<div class=\"elementor-widget-container\">\n\t\t\t\t\t\t\t\t\t<h3><a href=\"https:\/\/avesis.atauni.edu.tr\/rkarci\">Prof. Dr. Re\u015fat KARCIO\u011eLU<\/a><\/h3>\t\t\t\t\t\t\t\t<\/div>\n\t\t\t\t<\/div>\n\t\t\t\t\t<\/div>\n\t\t<\/div>\n\t\t\t\t<div class=\"elementor-column elementor-col-50 elementor-top-column elementor-element elementor-element-c5f8ec5\" data-id=\"c5f8ec5\" data-element_type=\"column\">\n\t\t\t<div class=\"elementor-widget-wrap elementor-element-populated\">\n\t\t\t\t\t\t<div class=\"elementor-element elementor-element-be09987 elementor-widget elementor-widget-heading\" data-id=\"be09987\" data-element_type=\"widget\" data-widget_type=\"heading.default\">\n\t\t\t\t<div class=\"elementor-widget-container\">\n\t\t\t\t\t<h2 class=\"elementor-heading-title elementor-size-default\">Akademik Personel<\/h2>\t\t\t\t<\/div>\n\t\t\t\t<\/div>\n\t\t\t\t<div class=\"elementor-element elementor-element-3673b8f elementor-widget elementor-widget-text-editor\" data-id=\"3673b8f\" data-element_type=\"widget\" data-widget_type=\"text-editor.default\">\n\t\t\t\t<div class=\"elementor-widget-container\">\n\t\t\t\t\t\t\t\t\t<ul><li style=\"list-style-type: none\"><ul><li><a href=\"https:\/\/avesis.atauni.edu.tr\/ademdursun\">Prof. Dr. Adem DURSUN<\/a><\/li><li><a href=\"https:\/\/avesis.atauni.edu.tr\/belmas\">Prof. Dr. Bekir ELMAS<\/a><\/li><li><a href=\"https:\/\/avesis.atauni.edu.tr\/bgungor\">Prof. Dr. Bener G\u00dcNG\u00d6R<\/a><\/li><li><a href=\"https:\/\/avesis.atauni.edu.tr\/fatihcoskun.ertas\">Prof. Dr. Fatih Co\u015fkun ERTA\u015e<\/a><\/li><li><a href=\"http:\/\/avesis.atauni.edu.tr\/ramazan.yanik\">Prof. Dr. Ramazan YANIK<\/a><\/li><li><a href=\"http:\/\/avesis.atauni.edu.tr\/rkarci\">Prof. Dr. Re\u015fat KARCIO\u011eLU<\/a><\/li><li><a href=\"http:\/\/avesis.atauni.edu.tr\/tondes\">Prof. Dr. Turan \u00d6NDE\u015e<\/a><\/li><li><a href=\"http:\/\/avesis.atauni.edu.tr\/ensaragirman\">Prof. Dr. Ensar A\u011eIRMAN<\/a><\/li><li><a href=\"http:\/\/avesis.atauni.edu.tr\/muhammetozcan\">Do\u00e7. Dr. Muhammet \u00d6ZCAN<\/a><\/li><li><a href=\"http:\/\/avesis.atauni.edu.tr\/mukadder.horasan\">Dr. \u00d6\u011fr. \u00dcyesi Mukadder HORASAN<\/a><\/li><li><a href=\"http:\/\/avesis.atauni.edu.tr\/bipekten\">Dr. \u00d6\u011fr. \u00dcyesi Osman Berna \u0130PEKTEN<\/a><\/li><li><a href=\"http:\/\/avesis.atauni.edu.tr\/kubra.alpa\">Ar\u015f. G\u00f6r. Dr. <\/a><a href=\"http:\/\/avesis.atauni.edu.tr\/kubra.alpa\">K\u00fcbra \u00c7EL\u0130K<\/a><\/li><li><a href=\"http:\/\/avesis.atauni.edu.tr\/aslihan.yetim\">Ar\u015f. G\u00f6r. Asl\u0131han YET\u0130M<\/a><\/li><\/ul><\/li><\/ul>\t\t\t\t\t\t\t\t<\/div>\n\t\t\t\t<\/div>\n\t\t\t\t\t<\/div>\n\t\t<\/div>\n\t\t\t\t\t<\/div>\n\t\t<\/section>\n\t\t\t\t<\/div>\n\t\t","protected":false},"excerpt":{"rendered":"<p>ANA B\u0130L\u0130M DALI BA\u015eKANI Prof. Dr. Re\u015fat KARCIO\u011eLU Akademik Personel Prof. Dr. Adem DURSUN Prof. Dr. Bekir ELMAS Prof. Dr. Bener G\u00dcNG\u00d6R Prof. Dr. Fatih Co\u015fkun ERTA\u015e Prof. Dr. Ramazan YANIK Prof. Dr. Re\u015fat KARCIO\u011eLU Prof. Dr. Turan \u00d6NDE\u015e Prof. Dr. Ensar A\u011eIRMAN Do\u00e7. Dr. Muhammet \u00d6ZCAN Dr. \u00d6\u011fr. \u00dcyesi Mukadder HORASAN Dr. \u00d6\u011fr. \u00dcyesi [&hellip;]<\/p>\n","protected":false},"author":113,"featured_media":0,"parent":0,"menu_order":0,"comment_status":"closed","ping_status":"closed","template":"","meta":{"footnotes":""},"class_list":["post-6167","page","type-page","status-publish","hentry"],"_links":{"self":[{"href":"https:\/\/atauni.edu.tr\/isletme-bolumu\/wp-json\/wp\/v2\/pages\/6167","targetHints":{"allow":["GET"]}}],"collection":[{"href":"https:\/\/atauni.edu.tr\/isletme-bolumu\/wp-json\/wp\/v2\/pages"}],"about":[{"href":"https:\/\/atauni.edu.tr\/isletme-bolumu\/wp-json\/wp\/v2\/types\/page"}],"author":[{"embeddable":true,"href":"https:\/\/atauni.edu.tr\/isletme-bolumu\/wp-json\/wp\/v2\/users\/113"}],"replies":[{"embeddable":true,"href":"https:\/\/atauni.edu.tr\/isletme-bolumu\/wp-json\/wp\/v2\/comments?post=6167"}],"version-history":[{"count":20,"href":"https:\/\/atauni.edu.tr\/isletme-bolumu\/wp-json\/wp\/v2\/pages\/6167\/revisions"}],"predecessor-version":[{"id":6979,"href":"https:\/\/atauni.edu.tr\/isletme-bolumu\/wp-json\/wp\/v2\/pages\/6167\/revisions\/6979"}],"wp:attachment":[{"href":"https:\/\/atauni.edu.tr\/isletme-bolumu\/wp-json\/wp\/v2\/media?parent=6167"}],"curies":[{"name":"wp","href":"https:\/\/api.w.org\/{rel}","templated":true}]}}