{"id":6229,"date":"2022-02-21T16:21:47","date_gmt":"2022-02-21T13:21:47","guid":{"rendered":"https:\/\/birimler.atauni.edu.tr\/isletme-bolumu\/?page_id=6229"},"modified":"2026-02-18T16:47:28","modified_gmt":"2026-02-18T13:47:28","slug":"uretim-yonetimi-ve-pazarlama","status":"publish","type":"page","link":"https:\/\/atauni.edu.tr\/isletme-bolumu\/uretim-yonetimi-ve-pazarlama\/","title":{"rendered":"\u00dcRET\u0130M Y\u00d6NET\u0130M\u0130 VE PAZARLAMA"},"content":{"rendered":"\t\t<div data-elementor-type=\"wp-page\" data-elementor-id=\"6229\" class=\"elementor elementor-6229\" data-elementor-post-type=\"page\">\n\t\t\t\t\t\t<section class=\"elementor-section elementor-top-section elementor-element elementor-element-7138042 elementor-section-boxed elementor-section-height-default elementor-section-height-default\" data-id=\"7138042\" data-element_type=\"section\">\n\t\t\t\t\t\t<div class=\"elementor-container elementor-column-gap-default\">\n\t\t\t\t\t<div class=\"elementor-column elementor-col-50 elementor-top-column elementor-element elementor-element-4c0c334\" data-id=\"4c0c334\" data-element_type=\"column\">\n\t\t\t<div class=\"elementor-widget-wrap elementor-element-populated\">\n\t\t\t\t\t\t<div class=\"elementor-element elementor-element-7e7f455 elementor-widget elementor-widget-heading\" data-id=\"7e7f455\" data-element_type=\"widget\" data-widget_type=\"heading.default\">\n\t\t\t\t<div class=\"elementor-widget-container\">\n\t\t\t\t\t<h2 class=\"elementor-heading-title elementor-size-default\">ANA B\u0130L\u0130M DALI BA\u015eKANI<\/h2>\t\t\t\t<\/div>\n\t\t\t\t<\/div>\n\t\t\t\t<div class=\"elementor-element elementor-element-bea0fb9 elementor-widget elementor-widget-text-editor\" data-id=\"bea0fb9\" data-element_type=\"widget\" data-widget_type=\"text-editor.default\">\n\t\t\t\t<div class=\"elementor-widget-container\">\n\t\t\t\t\t\t\t\t\t<p><a href=\"https:\/\/avesis.atauni.edu.tr\/sukruyaprakli\">Prof. Dr. Tevfik \u015e\u00fckr\u00fc YAPRAKLI<\/a><\/p>\t\t\t\t\t\t\t\t<\/div>\n\t\t\t\t<\/div>\n\t\t\t\t\t<\/div>\n\t\t<\/div>\n\t\t\t\t<div class=\"elementor-column elementor-col-50 elementor-top-column elementor-element elementor-element-9568d95\" data-id=\"9568d95\" data-element_type=\"column\">\n\t\t\t<div class=\"elementor-widget-wrap elementor-element-populated\">\n\t\t\t\t\t\t<div class=\"elementor-element elementor-element-9013708 elementor-widget elementor-widget-heading\" data-id=\"9013708\" data-element_type=\"widget\" data-widget_type=\"heading.default\">\n\t\t\t\t<div class=\"elementor-widget-container\">\n\t\t\t\t\t<h2 class=\"elementor-heading-title elementor-size-default\">AKADEM\u0130K PERSONEL<\/h2>\t\t\t\t<\/div>\n\t\t\t\t<\/div>\n\t\t\t\t<div class=\"elementor-element elementor-element-06a8864 elementor-widget elementor-widget-text-editor\" data-id=\"06a8864\" data-element_type=\"widget\" data-widget_type=\"text-editor.default\">\n\t\t\t\t<div class=\"elementor-widget-container\">\n\t\t\t\t\t\t\t\t\t<p><a href=\"http:\/\/avesis.atauni.edu.tr\/sukruyaprakli\">Prof. Dr. Tevfik \u015e\u00fckr\u00fc YAPRAKLI<\/a><\/p><p><a href=\"http:\/\/avesis.atauni.edu.tr\/dguzel\">Prof. Dr. Dil\u015fad G\u00dcZEL<\/a><\/p><p><a href=\"http:\/\/avesis.atauni.edu.tr\/kadir.deligoz\">Do\u00e7. Dr. \u00dcyesi Kadir DEL\u0130G\u00d6Z<\/a><\/p><p><a href=\"http:\/\/avesis.atauni.edu.tr\/gorgun.deveci\">Dr. \u00d6\u011fr. \u00dcyesi Fatma G\u00f6rg\u00fcn DEVEC\u0130<\/a><\/p><p><a href=\"http:\/\/avesis.atauni.edu.tr\/sefa.celik\">Dr. \u00d6\u011fr. \u00dcyesi Sefa \u00c7EL\u0130K<\/a><\/p>\t\t\t\t\t\t\t\t<\/div>\n\t\t\t\t<\/div>\n\t\t\t\t\t<\/div>\n\t\t<\/div>\n\t\t\t\t\t<\/div>\n\t\t<\/section>\n\t\t\t\t<\/div>\n\t\t","protected":false},"excerpt":{"rendered":"<p>ANA B\u0130L\u0130M DALI BA\u015eKANI Prof. Dr. Tevfik \u015e\u00fckr\u00fc YAPRAKLI AKADEM\u0130K PERSONEL Prof. Dr. Tevfik \u015e\u00fckr\u00fc YAPRAKLI Prof. Dr. Dil\u015fad G\u00dcZEL Do\u00e7. Dr. \u00dcyesi Kadir DEL\u0130G\u00d6Z Dr. \u00d6\u011fr. \u00dcyesi Fatma G\u00f6rg\u00fcn DEVEC\u0130 Dr. \u00d6\u011fr. \u00dcyesi Sefa \u00c7EL\u0130K<\/p>\n","protected":false},"author":113,"featured_media":0,"parent":0,"menu_order":0,"comment_status":"closed","ping_status":"closed","template":"","meta":{"footnotes":""},"class_list":["post-6229","page","type-page","status-publish","hentry"],"_links":{"self":[{"href":"https:\/\/atauni.edu.tr\/isletme-bolumu\/wp-json\/wp\/v2\/pages\/6229","targetHints":{"allow":["GET"]}}],"collection":[{"href":"https:\/\/atauni.edu.tr\/isletme-bolumu\/wp-json\/wp\/v2\/pages"}],"about":[{"href":"https:\/\/atauni.edu.tr\/isletme-bolumu\/wp-json\/wp\/v2\/types\/page"}],"author":[{"embeddable":true,"href":"https:\/\/atauni.edu.tr\/isletme-bolumu\/wp-json\/wp\/v2\/users\/113"}],"replies":[{"embeddable":true,"href":"https:\/\/atauni.edu.tr\/isletme-bolumu\/wp-json\/wp\/v2\/comments?post=6229"}],"version-history":[{"count":18,"href":"https:\/\/atauni.edu.tr\/isletme-bolumu\/wp-json\/wp\/v2\/pages\/6229\/revisions"}],"predecessor-version":[{"id":6973,"href":"https:\/\/atauni.edu.tr\/isletme-bolumu\/wp-json\/wp\/v2\/pages\/6229\/revisions\/6973"}],"wp:attachment":[{"href":"https:\/\/atauni.edu.tr\/isletme-bolumu\/wp-json\/wp\/v2\/media?parent=6229"}],"curies":[{"name":"wp","href":"https:\/\/api.w.org\/{rel}","templated":true}]}}