{"id":6235,"date":"2022-02-21T16:29:24","date_gmt":"2022-02-21T13:29:24","guid":{"rendered":"https:\/\/birimler.atauni.edu.tr\/isletme-bolumu\/?page_id=6235"},"modified":"2026-02-18T16:52:02","modified_gmt":"2026-02-18T13:52:02","slug":"yonetim-ve-organizasyon","status":"publish","type":"page","link":"https:\/\/atauni.edu.tr\/isletme-bolumu\/yonetim-ve-organizasyon\/","title":{"rendered":"Y\u00d6NET\u0130M VE ORGAN\u0130ZASYON"},"content":{"rendered":"\t\t<div data-elementor-type=\"wp-page\" data-elementor-id=\"6235\" class=\"elementor elementor-6235\" data-elementor-post-type=\"page\">\n\t\t\t\t\t\t<section class=\"elementor-section elementor-top-section elementor-element elementor-element-3a370c3 elementor-section-boxed elementor-section-height-default elementor-section-height-default\" data-id=\"3a370c3\" data-element_type=\"section\">\n\t\t\t\t\t\t<div class=\"elementor-container elementor-column-gap-default\">\n\t\t\t\t\t<div class=\"elementor-column elementor-col-50 elementor-top-column elementor-element elementor-element-f2d7800\" data-id=\"f2d7800\" data-element_type=\"column\">\n\t\t\t<div class=\"elementor-widget-wrap elementor-element-populated\">\n\t\t\t\t\t\t<div class=\"elementor-element elementor-element-de4b5d9 elementor-widget elementor-widget-heading\" data-id=\"de4b5d9\" data-element_type=\"widget\" data-widget_type=\"heading.default\">\n\t\t\t\t<div class=\"elementor-widget-container\">\n\t\t\t\t\t<h2 class=\"elementor-heading-title elementor-size-default\">ANA B\u0130L\u0130M DALI BA\u015eKANI<\/h2>\t\t\t\t<\/div>\n\t\t\t\t<\/div>\n\t\t\t\t<div class=\"elementor-element elementor-element-22f30db elementor-widget elementor-widget-text-editor\" data-id=\"22f30db\" data-element_type=\"widget\" data-widget_type=\"text-editor.default\">\n\t\t\t\t<div class=\"elementor-widget-container\">\n\t\t\t\t\t\t\t\t\t<p><a href=\"http:\/\/avesis.atauni.edu.tr\/ckarabey\">Prof. Dr. Canan Nur KARABEY<\/a><\/p>\t\t\t\t\t\t\t\t<\/div>\n\t\t\t\t<\/div>\n\t\t\t\t\t<\/div>\n\t\t<\/div>\n\t\t\t\t<div class=\"elementor-column elementor-col-50 elementor-top-column elementor-element elementor-element-7db094a\" data-id=\"7db094a\" data-element_type=\"column\">\n\t\t\t<div class=\"elementor-widget-wrap elementor-element-populated\">\n\t\t\t\t\t\t<div class=\"elementor-element elementor-element-f95dfce elementor-widget elementor-widget-heading\" data-id=\"f95dfce\" data-element_type=\"widget\" data-widget_type=\"heading.default\">\n\t\t\t\t<div class=\"elementor-widget-container\">\n\t\t\t\t\t<h2 class=\"elementor-heading-title elementor-size-default\">AKADEM\u0130K PERSONEL<\/h2>\t\t\t\t<\/div>\n\t\t\t\t<\/div>\n\t\t\t\t<div class=\"elementor-element elementor-element-b29c223 elementor-widget elementor-widget-text-editor\" data-id=\"b29c223\" data-element_type=\"widget\" data-widget_type=\"text-editor.default\">\n\t\t\t\t<div class=\"elementor-widget-container\">\n\t\t\t\t\t\t\t\t\t<p><a href=\"http:\/\/avesis.atauni.edu.tr\/anakti\">Prof. Dr. At\u0131lhan NAKT\u0130YOK<\/a><\/p><p><a href=\"http:\/\/avesis.atauni.edu.tr\/ckarabey\">Prof. Dr. Canan Nur KARABEY<\/a><\/p><p><a href=\"http:\/\/avesis.atauni.edu.tr\/timuroglu\">Do\u00e7. Dr. Muhammed K\u00fcr\u015fat T\u0130MURO\u011eLU<\/a><\/p><p><a href=\"http:\/\/avesis.atauni.edu.tr\/ulke.celik\">Dr. \u00d6\u011fr. \u00dcyesi \u00dclke Hilal \u00c7EL\u0130K<\/a><\/p><p><a href=\"http:\/\/avesis.atauni.edu.tr\/sezin.cakir\">Dr. \u00d6\u011fr. \u00dcyesi Sezin KARABULUT \u00c7AKIR<\/a><\/p><p><a href=\"http:\/\/avesis.atauni.edu.tr\/musab.isik\">Ar\u015f. G\u00f6r. Dr. Musab I\u015eIK<\/a><\/p>\t\t\t\t\t\t\t\t<\/div>\n\t\t\t\t<\/div>\n\t\t\t\t\t<\/div>\n\t\t<\/div>\n\t\t\t\t\t<\/div>\n\t\t<\/section>\n\t\t\t\t<\/div>\n\t\t","protected":false},"excerpt":{"rendered":"<p>ANA B\u0130L\u0130M DALI BA\u015eKANI Prof. Dr. Canan Nur KARABEY AKADEM\u0130K PERSONEL Prof. Dr. At\u0131lhan NAKT\u0130YOK Prof. Dr. Canan Nur KARABEY Do\u00e7. Dr. Muhammed K\u00fcr\u015fat T\u0130MURO\u011eLU Dr. \u00d6\u011fr. \u00dcyesi \u00dclke Hilal \u00c7EL\u0130K Dr. \u00d6\u011fr. \u00dcyesi Sezin KARABULUT \u00c7AKIR Ar\u015f. G\u00f6r. Dr. Musab I\u015eIK<\/p>\n","protected":false},"author":113,"featured_media":0,"parent":0,"menu_order":0,"comment_status":"closed","ping_status":"closed","template":"","meta":{"footnotes":""},"class_list":["post-6235","page","type-page","status-publish","hentry"],"_links":{"self":[{"href":"https:\/\/atauni.edu.tr\/isletme-bolumu\/wp-json\/wp\/v2\/pages\/6235","targetHints":{"allow":["GET"]}}],"collection":[{"href":"https:\/\/atauni.edu.tr\/isletme-bolumu\/wp-json\/wp\/v2\/pages"}],"about":[{"href":"https:\/\/atauni.edu.tr\/isletme-bolumu\/wp-json\/wp\/v2\/types\/page"}],"author":[{"embeddable":true,"href":"https:\/\/atauni.edu.tr\/isletme-bolumu\/wp-json\/wp\/v2\/users\/113"}],"replies":[{"embeddable":true,"href":"https:\/\/atauni.edu.tr\/isletme-bolumu\/wp-json\/wp\/v2\/comments?post=6235"}],"version-history":[{"count":16,"href":"https:\/\/atauni.edu.tr\/isletme-bolumu\/wp-json\/wp\/v2\/pages\/6235\/revisions"}],"predecessor-version":[{"id":6976,"href":"https:\/\/atauni.edu.tr\/isletme-bolumu\/wp-json\/wp\/v2\/pages\/6235\/revisions\/6976"}],"wp:attachment":[{"href":"https:\/\/atauni.edu.tr\/isletme-bolumu\/wp-json\/wp\/v2\/media?parent=6235"}],"curies":[{"name":"wp","href":"https:\/\/api.w.org\/{rel}","templated":true}]}}