{"id":6255,"date":"2022-10-05T16:27:55","date_gmt":"2022-10-05T13:27:55","guid":{"rendered":"https:\/\/birimler.atauni.edu.tr\/isletme-bolumu\/?page_id=6255"},"modified":"2026-02-25T12:32:34","modified_gmt":"2026-02-25T09:32:34","slug":"program-ogretim-amaclari","status":"publish","type":"page","link":"https:\/\/atauni.edu.tr\/isletme-bolumu\/program-ogretim-amaclari\/","title":{"rendered":"Program E\u011fitim Ama\u00e7lar\u0131 ve P\u00f6\u00e7 \u0130le Uyumu"},"content":{"rendered":"\t\t<div data-elementor-type=\"wp-page\" data-elementor-id=\"6255\" class=\"elementor elementor-6255\" data-elementor-post-type=\"page\">\n\t\t\t\t\t\t<section class=\"elementor-section elementor-top-section elementor-element elementor-element-42666c4f elementor-section-boxed elementor-section-height-default elementor-section-height-default\" data-id=\"42666c4f\" data-element_type=\"section\">\n\t\t\t\t\t\t<div class=\"elementor-container elementor-column-gap-default\">\n\t\t\t\t\t<div class=\"elementor-column elementor-col-100 elementor-top-column elementor-element elementor-element-6f58e459\" data-id=\"6f58e459\" data-element_type=\"column\">\n\t\t\t<div class=\"elementor-widget-wrap elementor-element-populated\">\n\t\t\t\t\t\t<div class=\"elementor-element elementor-element-62e484f5 elementor-widget elementor-widget-text-editor\" data-id=\"62e484f5\" data-element_type=\"widget\" data-widget_type=\"text-editor.default\">\n\t\t\t\t<div class=\"elementor-widget-container\">\n\t\t\t\t\t\t\t\t\t\n<ul class=\"wp-block-list\">\n<li>\u0130\u015fletmelerde \u00e7e\u015fitli b\u00f6l\u00fcmlerde g\u00f6rev alabilecek mezunlar yeti\u015ftirmek ve mezunlar\u0131n\u0131 \u00fcretimden muhasebeye, pazarlama ve sat\u0131\u015ftan insan kaynaklar\u0131 y\u00f6netimine \u00e7e\u015fitli i\u015fletme fonksiyonlar\u0131na ili\u015fkin g\u00f6revleri yerine getirebilecek niteliklerle donatmak<\/li>\n<\/ul>\n\n\n\n<ul class=\"wp-block-list\">\n<li>Toplumsal ihtiya\u00e7lar\u0131 kar\u015f\u0131layacak mal ve hizmetler sunmak amac\u0131yla giri\u015fimci fikirler \u00fcretebilecek ve bunlar\u0131 bir i\u015fletme b\u00fcnyesinde uygulamaya ge\u00e7irilecek mezunlar yeti\u015ftirmek\u00a0<\/li>\n\n\n\n<li>\u00c7e\u015fitli d\u00fczeylerde y\u00f6netsel pozisyonlarda g\u00f6rev alabilecek mezunlar yeti\u015ftirmek<\/li>\n\n\n\n<li>\u00c7al\u0131\u015ft\u0131klar\u0131 i\u015fletmelerde yenilik\u00e7i fikirler \u00fcreterek kurumsal giri\u015fimcilik faaliyetlerine y\u00f6nelebilecek mezunlar yeti\u015ftirmek<\/li>\n\n\n\n<li>\u0130\u015f hayat\u0131nda uzmanl\u0131k alanlar\u0131yla ilgili geli\u015fmeleri takip edebilecek ve bu geli\u015fmeler do\u011frultusunda ihtiya\u00e7 duyulan ulusal ve uluslararas\u0131 i\u015fbirlikleri kurabilecek mezunlar yeti\u015ftirmek<\/li>\n\n\n\n<li>Ulusal ve uluslararas\u0131 alanda ger\u00e7ekle\u015fen de\u011fi\u015fim ve d\u00f6n\u00fc\u015f\u00fcmleri de\u011ferlendirebilecek, bunlar\u0131n do\u011furaca\u011f\u0131 sonu\u00e7lar\u0131 \u00f6ng\u00f6r\u00fclebilecek ve i\u015f \u00e7evresine gereken uyumu sa\u011flayabilecek mezunlar yeti\u015ftirmek<\/li>\n\n\n\n<li>Mesleki ve etik standartlar y\u00f6n\u00fcnden s\u00fcrekli geli\u015fmeyi sa\u011flamada aktif rol \u00fcstlenecek mezunlar yeti\u015ftirmek<\/li>\n<\/ul>\n\n\n\n<h2 class=\"wp-block-heading\"><\/h2>\n\t\t\t\t\t\t\t\t<\/div>\n\t\t\t\t<\/div>\n\t\t\t\t<div class=\"elementor-element elementor-element-75bdcd9 elementor-widget elementor-widget-heading\" data-id=\"75bdcd9\" data-element_type=\"widget\" data-widget_type=\"heading.default\">\n\t\t\t\t<div class=\"elementor-widget-container\">\n\t\t\t\t\t<h2 class=\"elementor-heading-title elementor-size-default\">Program E\u011fitim Ama\u00e7lar\u0131 \u0130le Program \u00d6\u011frenme \u00c7\u0131kt\u0131lar\u0131n\u0131n \u0130li\u015fkisi<\/h2>\t\t\t\t<\/div>\n\t\t\t\t<\/div>\n\t\t\t\t<div class=\"elementor-element elementor-element-8d6d793 elementor-widget elementor-widget-text-editor\" data-id=\"8d6d793\" data-element_type=\"widget\" data-widget_type=\"text-editor.default\">\n\t\t\t\t<div class=\"elementor-widget-container\">\n\t\t\t\t\t\t\t\t\t<table>\n<tbody>\n<tr>\n<td>\n<p><span style=\"font-weight: 400\">Program E\u011fitim Ama\u00e7lar\u0131 \/ P\u00d6\u00c7\u2019ler<\/span><\/p>\n<\/td>\n<td>\n<p><span style=\"font-weight: 400\">P\u00d6\u00c7 1<\/span><\/p>\n<\/td>\n<td>\n<p><span style=\"font-weight: 400\">P\u00d6\u00c7 2<\/span><\/p>\n<\/td>\n<td>\n<p><span style=\"font-weight: 400\">P\u00d6\u00c7 3<\/span><\/p>\n<\/td>\n<td>\n<p><span style=\"font-weight: 400\">P\u00d6\u00c7 4<\/span><\/p>\n<\/td>\n<td>\n<p><span style=\"font-weight: 400\">P\u00d6\u00c7 5<\/span><\/p>\n<\/td>\n<td>\n<p><span style=\"font-weight: 400\">P\u00d6\u00c7 6<\/span><\/p>\n<\/td>\n<td>\n<p><span style=\"font-weight: 400\">P\u00d6\u00c7 7<\/span><\/p>\n<\/td>\n<\/tr>\n<tr>\n<td>\n<p><span style=\"font-weight: 400\">1. Mezunlar\u0131n\u0131 \u00fcretim, muhasebe, pazarlama, sat\u0131\u015f ve \u0130KY gibi i\u015fletme fonksiyonlar\u0131nda g\u00f6rev alabilecek niteliklerle donatmak<\/span><\/p>\n<\/td>\n<td>\n<p><span style=\"font-weight: 400\">\u2713<\/span><\/p>\n<\/td>\n<td>\n<p><span style=\"font-weight: 400\">\u2713<\/span><\/p>\n<\/td>\n<td>\n<p><span style=\"font-weight: 400\">\u2713<\/span><\/p>\n<\/td>\n<td>\n<p><span style=\"font-weight: 400\">\u2713<\/span><\/p>\n<\/td>\n<td>\n<p><span style=\"font-weight: 400\">\u2713<\/span><\/p>\n<\/td>\n<td>\n<p><span style=\"font-weight: 400\">\u2713<\/span><\/p>\n<\/td>\n<td>\n<p><span style=\"font-weight: 400\">\u2713<\/span><\/p>\n<\/td>\n<\/tr>\n<tr>\n<td>\n<p><span style=\"font-weight: 400\">2. Toplumsal ihtiya\u00e7lar\u0131 kar\u015f\u0131lamaya y\u00f6nelik giri\u015fimci fikirler \u00fcretebilecek ve uygulayabilecek mezunlar yeti\u015ftirmek<\/span><\/p>\n<\/td>\n<td>\n<p><span style=\"font-weight: 400\">\u2713<\/span><\/p>\n<\/td>\n<td>\n<p><span style=\"font-weight: 400\">\u2713<\/span><\/p>\n<\/td>\n<td>\n<p><span style=\"font-weight: 400\">\u2713<\/span><\/p>\n<\/td>\n<td>\u00a0<\/td>\n<td>\u00a0<\/td>\n<td>\n<p><span style=\"font-weight: 400\">\u2713<\/span><\/p>\n<\/td>\n<td>\n<p><span style=\"font-weight: 400\">\u2713<\/span><\/p>\n<\/td>\n<\/tr>\n<tr>\n<td>\n<p><span style=\"font-weight: 400\">3. \u00c7e\u015fitli d\u00fczeylerde y\u00f6netsel pozisyonlarda g\u00f6rev alabilecek mezunlar yeti\u015ftirmek<\/span><\/p>\n<\/td>\n<td>\n<p><span style=\"font-weight: 400\">\u2713<\/span><\/p>\n<\/td>\n<td>\n<p><span style=\"font-weight: 400\">\u2713<\/span><\/p>\n<\/td>\n<td>\n<p><span style=\"font-weight: 400\">\u2713<\/span><\/p>\n<\/td>\n<td>\n<p><span style=\"font-weight: 400\">\u2713<\/span><\/p>\n<\/td>\n<td>\u00a0<\/td>\n<td>\n<p><span style=\"font-weight: 400\">\u2713<\/span><\/p>\n<\/td>\n<td>\n<p><span style=\"font-weight: 400\">\u2713<\/span><\/p>\n<\/td>\n<\/tr>\n<tr>\n<td>\n<p><span style=\"font-weight: 400\">4. Yenilik\u00e7i fikirler geli\u015ftirerek kurumsal giri\u015fimcilik faaliyetlerine y\u00f6nelebilecek mezunlar yeti\u015ftirmek<\/span><\/p>\n<\/td>\n<td>\n<p><span style=\"font-weight: 400\">\u2713<\/span><\/p>\n<\/td>\n<td>\n<p><span style=\"font-weight: 400\">\u2713<\/span><\/p>\n<\/td>\n<td>\n<p><span style=\"font-weight: 400\">\u2713<\/span><\/p>\n<\/td>\n<td>\u00a0<\/td>\n<td>\u00a0<\/td>\n<td>\u00a0<\/td>\n<td>\n<p><span style=\"font-weight: 400\">\u2713<\/span><\/p>\n<\/td>\n<\/tr>\n<tr>\n<td>\n<p><span style=\"font-weight: 400\">5. Ulusal ve uluslararas\u0131 geli\u015fmeleri takip edebilen, i\u015fbirlikleri kurabilen mezunlar yeti\u015ftirmek<\/span><\/p>\n<\/td>\n<td>\u00a0<\/td>\n<td>\n<p><span style=\"font-weight: 400\">\u2713<\/span><\/p>\n<\/td>\n<td>\n<p><span style=\"font-weight: 400\">\u2713<\/span><\/p>\n<\/td>\n<td>\n<p><span style=\"font-weight: 400\">\u2713<\/span><\/p>\n<\/td>\n<td>\n<p><span style=\"font-weight: 400\">\u2713<\/span><\/p>\n<\/td>\n<td>\u00a0<\/td>\n<td>\u00a0<\/td>\n<\/tr>\n<tr>\n<td>\n<p><span style=\"font-weight: 400\">6. Ulusal ve uluslararas\u0131 de\u011fi\u015fim ve d\u00f6n\u00fc\u015f\u00fcmleri analiz edebilen ve uyum sa\u011flayabilen mezunlar yeti\u015ftirmek<\/span><\/p>\n<\/td>\n<td>\u00a0<\/td>\n<td>\n<p><span style=\"font-weight: 400\">\u2713<\/span><\/p>\n<\/td>\n<td>\n<p><span style=\"font-weight: 400\">\u2713<\/span><\/p>\n<\/td>\n<td>\u00a0<\/td>\n<td>\u00a0<\/td>\n<td>\u00a0<\/td>\n<td>\n<p><span style=\"font-weight: 400\">\u2713<\/span><\/p>\n<\/td>\n<\/tr>\n<tr>\n<td>\n<p><span style=\"font-weight: 400\">7. Mesleki ve etik standartlar y\u00f6n\u00fcnden s\u00fcrekli geli\u015fimde aktif rol alan mezunlar yeti\u015ftirmek<\/span><\/p>\n<\/td>\n<td>\u00a0<\/td>\n<td>\u00a0<\/td>\n<td>\u00a0<\/td>\n<td>\u00a0<\/td>\n<td>\n<p><span style=\"font-weight: 400\">\u2713<\/span><\/p>\n<\/td>\n<td>\n<p><span style=\"font-weight: 400\">\u2713<\/span><\/p>\n<\/td>\n<td>\u00a0<\/td>\n<\/tr>\n<\/tbody>\n<\/table>\t\t\t\t\t\t\t\t<\/div>\n\t\t\t\t<\/div>\n\t\t\t\t\t<\/div>\n\t\t<\/div>\n\t\t\t\t\t<\/div>\n\t\t<\/section>\n\t\t\t\t<\/div>\n\t\t","protected":false},"excerpt":{"rendered":"<p>Program E\u011fitim Ama\u00e7lar\u0131 \u0130le Program \u00d6\u011frenme \u00c7\u0131kt\u0131lar\u0131n\u0131n \u0130li\u015fkisi Program E\u011fitim Ama\u00e7lar\u0131 \/ P\u00d6\u00c7\u2019ler P\u00d6\u00c7 1 P\u00d6\u00c7 2 P\u00d6\u00c7 3 P\u00d6\u00c7 4 P\u00d6\u00c7 5 P\u00d6\u00c7 6 P\u00d6\u00c7 7 1. Mezunlar\u0131n\u0131 \u00fcretim, muhasebe, pazarlama, sat\u0131\u015f ve \u0130KY gibi i\u015fletme fonksiyonlar\u0131nda g\u00f6rev alabilecek niteliklerle donatmak \u2713 \u2713 \u2713 \u2713 \u2713 \u2713 \u2713 2. Toplumsal ihtiya\u00e7lar\u0131 kar\u015f\u0131lamaya y\u00f6nelik giri\u015fimci [&hellip;]<\/p>\n","protected":false},"author":508,"featured_media":0,"parent":0,"menu_order":0,"comment_status":"closed","ping_status":"closed","template":"","meta":{"footnotes":""},"class_list":["post-6255","page","type-page","status-publish","hentry"],"_links":{"self":[{"href":"https:\/\/atauni.edu.tr\/isletme-bolumu\/wp-json\/wp\/v2\/pages\/6255","targetHints":{"allow":["GET"]}}],"collection":[{"href":"https:\/\/atauni.edu.tr\/isletme-bolumu\/wp-json\/wp\/v2\/pages"}],"about":[{"href":"https:\/\/atauni.edu.tr\/isletme-bolumu\/wp-json\/wp\/v2\/types\/page"}],"author":[{"embeddable":true,"href":"https:\/\/atauni.edu.tr\/isletme-bolumu\/wp-json\/wp\/v2\/users\/508"}],"replies":[{"embeddable":true,"href":"https:\/\/atauni.edu.tr\/isletme-bolumu\/wp-json\/wp\/v2\/comments?post=6255"}],"version-history":[{"count":7,"href":"https:\/\/atauni.edu.tr\/isletme-bolumu\/wp-json\/wp\/v2\/pages\/6255\/revisions"}],"predecessor-version":[{"id":7160,"href":"https:\/\/atauni.edu.tr\/isletme-bolumu\/wp-json\/wp\/v2\/pages\/6255\/revisions\/7160"}],"wp:attachment":[{"href":"https:\/\/atauni.edu.tr\/isletme-bolumu\/wp-json\/wp\/v2\/media?parent=6255"}],"curies":[{"name":"wp","href":"https:\/\/api.w.org\/{rel}","templated":true}]}}