{"id":6399,"date":"2022-10-31T15:08:21","date_gmt":"2022-10-31T12:08:21","guid":{"rendered":"https:\/\/birimler.atauni.edu.tr\/isletme-bolumu\/?page_id=6399"},"modified":"2022-11-02T14:48:43","modified_gmt":"2022-11-02T11:48:43","slug":"paydaslarimiz","status":"publish","type":"page","link":"https:\/\/atauni.edu.tr\/isletme-bolumu\/paydaslarimiz\/","title":{"rendered":"Payda\u015flar\u0131m\u0131z"},"content":{"rendered":"\n<h3 class=\"wp-block-heading\">D\u0131\u015f Payda\u015flar\u0131m\u0131z<\/h3>\n\n\n\n<ul class=\"wp-block-list\"><li>T.C. Kuzeydo\u011fu Anadolu Kalk\u0131nma Ajans\u0131<\/li><\/ul>\n\n\n\n<ul class=\"wp-block-list\"><li>DAP: Do\u011fu Anadolu Projesi B\u00f6lge Kalk\u0131nma \u0130daresi Ba\u015fkanl\u0131\u011f\u0131<\/li><\/ul>\n\n\n\n<ul class=\"wp-block-list\"><li>Erzurum Ticaret ve Sanayi Odas\u0131<\/li><\/ul>\n\n\n\n<ul class=\"wp-block-list\"><li><em>KOSGEB<\/em>&nbsp;T.C. K\u00fc\u00e7\u00fck ve Orta \u00d6l\u00e7ekli \u0130\u015fletmeleri Geli\u015ftirme ve Destekleme \u0130daresi Ba\u015fkanl\u0131\u011f\u0131.<\/li><\/ul>\n\n\n\n<ul class=\"wp-block-list\"><li>Erzurum Ticaret Borsas\u0131<\/li><\/ul>\n\n\n\n<ul class=\"wp-block-list\"><li>Bankalar<\/li><\/ul>\n\n\n\n<ul class=\"wp-block-list\"><li>\u00c7a\u011fr\u0131 Merkezleri<\/li><\/ul>\n\n\n\n<ul class=\"wp-block-list\"><li>Do\u011fu Anadolu \u0130hracat\u00e7\u0131lar Birli\u011fi: DA\u0130B<\/li><\/ul>\n\n\n\n<ul class=\"wp-block-list\"><li>Erzurum Serbest Muhasebeci Mali M\u00fc\u015favirler Odas\u0131<\/li><\/ul>\n\n\n\n<ul class=\"wp-block-list\"><li>Erzurum Sosyal G\u00fcvenlik Kurumu<\/li><\/ul>\n","protected":false},"excerpt":{"rendered":"<p>D\u0131\u015f Payda\u015flar\u0131m\u0131z T.C. Kuzeydo\u011fu Anadolu Kalk\u0131nma Ajans\u0131 DAP: Do\u011fu Anadolu Projesi B\u00f6lge Kalk\u0131nma \u0130daresi Ba\u015fkanl\u0131\u011f\u0131 Erzurum Ticaret ve Sanayi Odas\u0131 KOSGEB&nbsp;T.C. K\u00fc\u00e7\u00fck ve Orta \u00d6l\u00e7ekli \u0130\u015fletmeleri Geli\u015ftirme ve Destekleme \u0130daresi Ba\u015fkanl\u0131\u011f\u0131. Erzurum Ticaret Borsas\u0131 Bankalar \u00c7a\u011fr\u0131 Merkezleri Do\u011fu Anadolu \u0130hracat\u00e7\u0131lar Birli\u011fi: DA\u0130B Erzurum Serbest Muhasebeci Mali M\u00fc\u015favirler Odas\u0131 Erzurum Sosyal G\u00fcvenlik Kurumu<\/p>\n","protected":false},"author":508,"featured_media":0,"parent":0,"menu_order":0,"comment_status":"closed","ping_status":"closed","template":"","meta":{"footnotes":""},"class_list":["post-6399","page","type-page","status-publish","hentry"],"_links":{"self":[{"href":"https:\/\/atauni.edu.tr\/isletme-bolumu\/wp-json\/wp\/v2\/pages\/6399","targetHints":{"allow":["GET"]}}],"collection":[{"href":"https:\/\/atauni.edu.tr\/isletme-bolumu\/wp-json\/wp\/v2\/pages"}],"about":[{"href":"https:\/\/atauni.edu.tr\/isletme-bolumu\/wp-json\/wp\/v2\/types\/page"}],"author":[{"embeddable":true,"href":"https:\/\/atauni.edu.tr\/isletme-bolumu\/wp-json\/wp\/v2\/users\/508"}],"replies":[{"embeddable":true,"href":"https:\/\/atauni.edu.tr\/isletme-bolumu\/wp-json\/wp\/v2\/comments?post=6399"}],"version-history":[{"count":3,"href":"https:\/\/atauni.edu.tr\/isletme-bolumu\/wp-json\/wp\/v2\/pages\/6399\/revisions"}],"predecessor-version":[{"id":6414,"href":"https:\/\/atauni.edu.tr\/isletme-bolumu\/wp-json\/wp\/v2\/pages\/6399\/revisions\/6414"}],"wp:attachment":[{"href":"https:\/\/atauni.edu.tr\/isletme-bolumu\/wp-json\/wp\/v2\/media?parent=6399"}],"curies":[{"name":"wp","href":"https:\/\/api.w.org\/{rel}","templated":true}]}}