{"id":6422,"date":"2022-11-17T14:41:44","date_gmt":"2022-11-17T11:41:44","guid":{"rendered":"https:\/\/birimler.atauni.edu.tr\/isletme-bolumu\/?page_id=6422"},"modified":"2026-02-19T02:23:26","modified_gmt":"2026-02-18T23:23:26","slug":"yatay-gecis-ve-cift-anadal-yandal","status":"publish","type":"page","link":"https:\/\/atauni.edu.tr\/isletme-bolumu\/yatay-gecis-ve-cift-anadal-yandal\/","title":{"rendered":"Yatay Ge\u00e7i\u015f ve \u00c7ift Anadal\/Yandal"},"content":{"rendered":"\t\t<div data-elementor-type=\"wp-page\" data-elementor-id=\"6422\" class=\"elementor elementor-6422\" data-elementor-post-type=\"page\">\n\t\t\t\t\t\t<section class=\"elementor-section elementor-top-section elementor-element elementor-element-c58f4aa elementor-section-boxed elementor-section-height-default elementor-section-height-default\" data-id=\"c58f4aa\" data-element_type=\"section\">\n\t\t\t\t\t\t<div class=\"elementor-container elementor-column-gap-default\">\n\t\t\t\t\t<div class=\"elementor-column elementor-col-100 elementor-top-column elementor-element elementor-element-8a6c313\" data-id=\"8a6c313\" data-element_type=\"column\">\n\t\t\t<div class=\"elementor-widget-wrap elementor-element-populated\">\n\t\t\t\t\t\t<div class=\"elementor-element elementor-element-a0f8179 elementor-widget elementor-widget-text-editor\" data-id=\"a0f8179\" data-element_type=\"widget\" data-widget_type=\"text-editor.default\">\n\t\t\t\t<div class=\"elementor-widget-container\">\n\t\t\t\t\t\t\t\t\t<h2 data-start=\"446\" data-end=\"514\">\ud83d\udccc \u0130\u015fletme B\u00f6l\u00fcm\u00fc Yatay Ge\u00e7i\u015f, \u00c7ift Anadal ve Yandal Uygulamalar\u0131<\/h2><p data-start=\"516\" data-end=\"738\">Atat\u00fcrk \u00dcniversitesi \u0130\u015fletme B\u00f6l\u00fcm\u00fc\u2019nde yatay ge\u00e7i\u015f, \u00e7ift anadal ve yandal ba\u015fvurular\u0131; ilgili Y\u00fcksek\u00f6\u011fretim Kurulu mevzuat\u0131 ve \u00dcniversitemiz Senatosu taraf\u0131ndan kabul edilen uygulama esaslar\u0131 \u00e7er\u00e7evesinde y\u00fcr\u00fct\u00fclmektedir.<\/p><hr data-start=\"740\" data-end=\"743\" \/><h2 data-start=\"745\" data-end=\"762\">\ud83d\udd39 YATAY GE\u00c7\u0130\u015e<\/h2><p data-start=\"764\" data-end=\"974\">Yatay ge\u00e7i\u015f; bir y\u00fcksek\u00f6\u011fretim kurumunda kay\u0131tl\u0131 \u00f6\u011frencinin, belirlenen \u015fartlar\u0131 sa\u011flamas\u0131 halinde ayn\u0131 d\u00fczeydeki e\u015fde\u011fer diploma program\u0131na ge\u00e7i\u015f yapabilmesini ifade eder.<\/p><h3 data-start=\"976\" data-end=\"1011\">Ba\u015fvuru S\u00fcreci ve Temel \u015eartlar<\/h3><ul data-start=\"1012\" data-end=\"1583\"><li data-start=\"1012\" data-end=\"1083\"><p data-start=\"1014\" data-end=\"1083\">Ba\u015fvurular yaln\u0131zca akademik takvimde ilan edilen tarihlerde yap\u0131l\u0131r.<\/p><\/li><li data-start=\"1084\" data-end=\"1136\"><p data-start=\"1086\" data-end=\"1136\">Kurum i\u00e7i ve kurumlar aras\u0131 yatay ge\u00e7i\u015f m\u00fcmk\u00fcnd\u00fcr.<\/p><\/li><li data-start=\"1137\" data-end=\"1199\"><p data-start=\"1139\" data-end=\"1199\">Ba\u015fvurular ilgili y\u00f6netim kurulu taraf\u0131ndan de\u011ferlendirilir.<\/p><\/li><li data-start=\"1200\" data-end=\"1319\"><p data-start=\"1202\" data-end=\"1319\">Kurumlar aras\u0131 ge\u00e7i\u015flerde \u00f6\u011frencinin t\u00fcm derslerini alm\u0131\u015f ve ba\u015farm\u0131\u015f olmas\u0131 ve AGNO\u2019sunun en az 2.40 olmas\u0131 gerekir.<\/p><\/li><li data-start=\"1320\" data-end=\"1376\"><p data-start=\"1322\" data-end=\"1376\">De\u011ferlendirme genel olarak AGNO esas al\u0131narak yap\u0131l\u0131r.<\/p><\/li><li data-start=\"1377\" data-end=\"1459\"><p data-start=\"1379\" data-end=\"1459\">Ge\u00e7i\u015fi kabul edilen \u00f6\u011frenciler i\u00e7in ders muafiyeti ve intibak i\u015flemleri yap\u0131l\u0131r.<\/p><\/li><li data-start=\"1460\" data-end=\"1583\"><p data-start=\"1462\" data-end=\"1583\">Sonu\u00e7lar ilgili birimin internet sayfas\u0131nda ilan edilir ve ilan tebli\u011f h\u00fckm\u00fcndedir.<\/p><\/li><\/ul><hr data-start=\"1585\" data-end=\"1588\" \/><h2 data-start=\"1590\" data-end=\"1622\">\ud83d\udd39 \u00c7\u0130FT ANADAL PROGRAMI (\u00c7AP)<\/h2><p data-start=\"1624\" data-end=\"1822\">\u00c7ift Anadal Program\u0131; \u00fcst\u00fcn ba\u015far\u0131 g\u00f6steren \u00f6\u011frencilerin ikinci bir lisans program\u0131nda e\u011fitim alarak <strong data-start=\"1725\" data-end=\"1745\">iki ayr\u0131 diploma<\/strong> sahibi olmalar\u0131n\u0131 sa\u011flayan programd\u0131r.<\/p><h3 data-start=\"1824\" data-end=\"1845\">Ba\u015fvuru Ko\u015fullar\u0131<\/h3><ul data-start=\"1846\" data-end=\"2216\"><li data-start=\"1846\" data-end=\"1896\"><p data-start=\"1848\" data-end=\"1896\">En erken 3. yar\u0131y\u0131l ba\u015f\u0131nda ba\u015fvuru yap\u0131labilir.<\/p><\/li><li data-start=\"1897\" data-end=\"1980\"><p data-start=\"1899\" data-end=\"1980\">\u00d6\u011frencinin anadal program\u0131ndaki t\u00fcm dersleri ba\u015far\u0131yla tamamlam\u0131\u015f olmas\u0131 gerekir.<\/p><\/li><li data-start=\"1981\" data-end=\"2022\"><p data-start=\"1983\" data-end=\"2022\">AGNO\u2019nun en az <strong data-start=\"1998\" data-end=\"2006\">2.80<\/strong> olmas\u0131 gerekir.<\/p><\/li><li data-start=\"2023\" data-end=\"2150\"><p data-start=\"2025\" data-end=\"2150\">\u00d6\u011frencinin anadal program\u0131ndaki ba\u015far\u0131 s\u0131ralamas\u0131nda ilk %20 i\u00e7inde yer almas\u0131 gerekir.<\/p><\/li><li data-start=\"2151\" data-end=\"2216\"><p data-start=\"2153\" data-end=\"2216\">Kontenjanlar ilgili kurul taraf\u0131ndan belirlenir ve ilan edilir.<\/p><\/li><\/ul><h3 data-start=\"2218\" data-end=\"2240\">Program\u0131n \u0130\u015fleyi\u015fi<\/h3><ul data-start=\"2241\" data-end=\"2556\"><li data-start=\"2241\" data-end=\"2324\"><p data-start=\"2243\" data-end=\"2324\">\u00c7AP \u00f6\u011frencileri belirlenen ikinci anadal derslerini almak ve ba\u015farmak zorundad\u0131r.<\/p><\/li><li data-start=\"2325\" data-end=\"2370\"><p data-start=\"2327\" data-end=\"2370\">\u00c7AP i\u00e7in ayr\u0131 not d\u00f6k\u00fcm belgesi d\u00fczenlenir.<\/p><\/li><li data-start=\"2371\" data-end=\"2441\"><p data-start=\"2373\" data-end=\"2441\">\u00c7AP program\u0131ndaki AGNO\u2019nun mezuniyet i\u00e7in en az 2.80 olmas\u0131 gerekir.<\/p><\/li><li data-start=\"2442\" data-end=\"2556\"><p data-start=\"2444\" data-end=\"2556\">\u00d6\u011frenci, anadal program\u0131ndan mezun olmadan ikinci anadal diplomas\u0131 alamaz.<\/p><\/li><\/ul><hr data-start=\"2558\" data-end=\"2561\" \/><h2 data-start=\"2563\" data-end=\"2584\">\ud83d\udd39 YANDAL PROGRAMI<\/h2><p data-start=\"2586\" data-end=\"2773\">Yandal program\u0131; \u00f6\u011frencilerin ilgi duyduklar\u0131 ba\u015fka bir alanda belirli say\u0131da ders alarak <strong data-start=\"2676\" data-end=\"2698\">yandal sertifikas\u0131<\/strong> elde etmelerini sa\u011flayan programd\u0131r.<\/p><h3 data-start=\"2775\" data-end=\"2796\">Ba\u015fvuru Ko\u015fullar\u0131<\/h3><ul data-start=\"2797\" data-end=\"3075\"><li data-start=\"2797\" data-end=\"2858\"><p data-start=\"2799\" data-end=\"2858\">En erken 3., en ge\u00e7 6. yar\u0131y\u0131l ba\u015f\u0131nda ba\u015fvuru yap\u0131labilir.<\/p><\/li><li data-start=\"2859\" data-end=\"2929\"><p data-start=\"2861\" data-end=\"2929\">\u00d6\u011frencinin t\u00fcm kredili dersleri ba\u015far\u0131yla tamamlam\u0131\u015f olmas\u0131 gerekir.<\/p><\/li><li data-start=\"2930\" data-end=\"3009\"><p data-start=\"2932\" data-end=\"3009\">AGNO\u2019nun en az <strong data-start=\"2947\" data-end=\"2955\">2.50<\/strong> olmas\u0131 gerekir.<\/p><\/li><li data-start=\"3010\" data-end=\"3075\"><p data-start=\"3012\" data-end=\"3075\">Ba\u015fvurular ilgili y\u00f6netim kurullar\u0131 taraf\u0131ndan de\u011ferlendirilir.<\/p><\/li><\/ul><h3 data-start=\"3077\" data-end=\"3099\">Devam ve Mezuniyet<\/h3><ul data-start=\"3100\" data-end=\"3368\"><li data-start=\"3100\" data-end=\"3165\"><p data-start=\"3102\" data-end=\"3165\">Yandala devam i\u00e7in anadal AGNO\u2019sunun en az 2.40 olmas\u0131 gerekir.<\/p><\/li><li data-start=\"3166\" data-end=\"3294\"><p data-start=\"3168\" data-end=\"3294\">Anadal mezuniyet hakk\u0131 elde eden ve yandal program\u0131n\u0131 en az 2.00 ortalama ile tamamlayan \u00f6\u011frenciye yandal sertifikas\u0131 verilir.<\/p><\/li><li data-start=\"3295\" data-end=\"3368\"><p data-start=\"3297\" data-end=\"3368\">Bu belge diploma yerine ge\u00e7mez.<\/p><\/li><\/ul>\t\t\t\t\t\t\t\t<\/div>\n\t\t\t\t<\/div>\n\t\t\t\t\t<\/div>\n\t\t<\/div>\n\t\t\t\t\t<\/div>\n\t\t<\/section>\n\t\t\t\t<section class=\"elementor-section elementor-top-section elementor-element elementor-element-decf306 elementor-section-boxed elementor-section-height-default elementor-section-height-default\" data-id=\"decf306\" data-element_type=\"section\">\n\t\t\t\t\t\t<div class=\"elementor-container elementor-column-gap-default\">\n\t\t\t\t\t<div class=\"elementor-column elementor-col-33 elementor-top-column elementor-element elementor-element-ffae936\" data-id=\"ffae936\" data-element_type=\"column\">\n\t\t\t<div class=\"elementor-widget-wrap elementor-element-populated\">\n\t\t\t\t\t\t<div class=\"elementor-element elementor-element-1b4674f elementor-widget elementor-widget-pdf_viewer\" data-id=\"1b4674f\" data-element_type=\"widget\" data-widget_type=\"pdf_viewer.default\">\n\t\t\t\t<div class=\"elementor-widget-container\">\n\t\t\t\t\t<iframe src=\"https:\/\/docs.google.com\/viewer?url=http:\/\/birimler.atauni.edu.tr\/isletme-bolumu\/wp-content\/uploads\/sites\/127\/2022\/11\/IKTISADI-VE-IDARI-BILIMLER-FAKULTESI-CIFT-ANADAL-KONTENJANLAR-Kopya.pdf&amp;embedded=true\" style=\"display: block; margin-left: auto; margin-right: auto; width: 640px; height: 1020px;\" frameborder=\"1\" marginheight=\"0px\" marginwidth=\"0px\" allowfullscreen><\/iframe>\t\t\t\t<\/div>\n\t\t\t\t<\/div>\n\t\t\t\t\t<\/div>\n\t\t<\/div>\n\t\t\t\t<div class=\"elementor-column elementor-col-33 elementor-top-column elementor-element elementor-element-07f109c\" data-id=\"07f109c\" data-element_type=\"column\">\n\t\t\t<div class=\"elementor-widget-wrap elementor-element-populated\">\n\t\t\t\t\t\t<div class=\"elementor-element elementor-element-7a21bdb elementor-widget elementor-widget-pdf_viewer\" data-id=\"7a21bdb\" data-element_type=\"widget\" data-widget_type=\"pdf_viewer.default\">\n\t\t\t\t<div class=\"elementor-widget-container\">\n\t\t\t\t\t<iframe src=\"https:\/\/docs.google.com\/viewer?url=http:\/\/birimler.atauni.edu.tr\/isletme-bolumu\/wp-content\/uploads\/sites\/127\/2022\/11\/ciftanadal-yandal-uygulama-esaslari.pdf&amp;embedded=true\" style=\"display: block; margin-left: auto; margin-right: auto; width: 640px; height: 1020px;\" frameborder=\"1\" marginheight=\"0px\" marginwidth=\"0px\" allowfullscreen><\/iframe>\t\t\t\t<\/div>\n\t\t\t\t<\/div>\n\t\t\t\t\t<\/div>\n\t\t<\/div>\n\t\t\t\t<div class=\"elementor-column elementor-col-33 elementor-top-column elementor-element elementor-element-532ea71\" data-id=\"532ea71\" data-element_type=\"column\">\n\t\t\t<div class=\"elementor-widget-wrap elementor-element-populated\">\n\t\t\t\t\t\t<div class=\"elementor-element elementor-element-486dcb4 elementor-widget elementor-widget-pdf_viewer\" data-id=\"486dcb4\" data-element_type=\"widget\" data-widget_type=\"pdf_viewer.default\">\n\t\t\t\t<div class=\"elementor-widget-container\">\n\t\t\t\t\t<iframe src=\"https:\/\/docs.google.com\/viewer?url=http:\/\/birimler.atauni.edu.tr\/isletme-bolumu\/wp-content\/uploads\/sites\/127\/2022\/11\/yatay-gecis-mevzuati.pdf&amp;embedded=true\" style=\"display: block; margin-left: auto; margin-right: auto; width: 640px; height: 1020px;\" frameborder=\"1\" marginheight=\"0px\" marginwidth=\"0px\" allowfullscreen><\/iframe>\t\t\t\t<\/div>\n\t\t\t\t<\/div>\n\t\t\t\t\t<\/div>\n\t\t<\/div>\n\t\t\t\t\t<\/div>\n\t\t<\/section>\n\t\t\t\t<section class=\"elementor-section elementor-top-section elementor-element elementor-element-8c46a58 elementor-section-boxed elementor-section-height-default elementor-section-height-default\" data-id=\"8c46a58\" data-element_type=\"section\">\n\t\t\t\t\t\t<div class=\"elementor-container elementor-column-gap-default\">\n\t\t\t\t\t<div class=\"elementor-column elementor-col-33 elementor-top-column elementor-element elementor-element-a0b98e2\" data-id=\"a0b98e2\" data-element_type=\"column\">\n\t\t\t<div class=\"elementor-widget-wrap elementor-element-populated\">\n\t\t\t\t\t\t<div class=\"elementor-element elementor-element-adb9ec9 elementor-widget elementor-widget-pdf_viewer\" data-id=\"adb9ec9\" data-element_type=\"widget\" data-widget_type=\"pdf_viewer.default\">\n\t\t\t\t<div class=\"elementor-widget-container\">\n\t\t\t\t\t<iframe src=\"https:\/\/docs.google.com\/viewer?url=http:\/\/birimler.atauni.edu.tr\/isletme-bolumu\/wp-content\/uploads\/sites\/127\/2025\/12\/YANDAL-VE-C\u0327I\u0307FT-ANADAL-PROGRAMLARINA-BAS\u0327VURU-SU\u0308RECI\u0307.pdf&amp;embedded=true\" style=\"display: block; margin-left: auto; margin-right: auto; width: 640px; height: 1020px;\" frameborder=\"1\" marginheight=\"0px\" marginwidth=\"0px\" allowfullscreen><\/iframe>\t\t\t\t<\/div>\n\t\t\t\t<\/div>\n\t\t\t\t\t<\/div>\n\t\t<\/div>\n\t\t\t\t<div class=\"elementor-column elementor-col-33 elementor-top-column elementor-element elementor-element-423b138\" data-id=\"423b138\" data-element_type=\"column\">\n\t\t\t<div class=\"elementor-widget-wrap elementor-element-populated\">\n\t\t\t\t\t\t<div class=\"elementor-element elementor-element-08adf93 elementor-widget elementor-widget-pdf_viewer\" data-id=\"08adf93\" data-element_type=\"widget\" data-widget_type=\"pdf_viewer.default\">\n\t\t\t\t<div class=\"elementor-widget-container\">\n\t\t\t\t\t<iframe src=\"https:\/\/docs.google.com\/viewer?url=https:\/\/atauni.edu.tr\/isletme-bolumu\/wp-content\/plugins\/elementor\/assets\/images\/placeholder.png&amp;embedded=true\" style=\"display: block; margin-left: auto; margin-right: auto; width: 640px; height: 1020px;\" frameborder=\"1\" marginheight=\"0px\" marginwidth=\"0px\" allowfullscreen><\/iframe>\t\t\t\t<\/div>\n\t\t\t\t<\/div>\n\t\t\t\t<div class=\"elementor-element elementor-element-07b66a4 elementor-widget elementor-widget-pdf_viewer\" data-id=\"07b66a4\" data-element_type=\"widget\" data-widget_type=\"pdf_viewer.default\">\n\t\t\t\t<div class=\"elementor-widget-container\">\n\t\t\t\t\t<iframe src=\"https:\/\/docs.google.com\/viewer?url=http:\/\/birimler.atauni.edu.tr\/isletme-bolumu\/wp-content\/uploads\/sites\/127\/2025\/12\/C\u0327I\u0307FT-ANADAL-YANDAL-BAS\u0327VURU-kONTENJAN-LISTESI.pdf&amp;embedded=true\" style=\"display: block; margin-left: auto; margin-right: auto; width: 640px; height: 1020px;\" frameborder=\"1\" marginheight=\"0px\" marginwidth=\"0px\" allowfullscreen><\/iframe>\t\t\t\t<\/div>\n\t\t\t\t<\/div>\n\t\t\t\t\t<\/div>\n\t\t<\/div>\n\t\t\t\t<div class=\"elementor-column elementor-col-33 elementor-top-column elementor-element elementor-element-77db492\" data-id=\"77db492\" data-element_type=\"column\">\n\t\t\t<div class=\"elementor-widget-wrap elementor-element-populated\">\n\t\t\t\t\t\t<div class=\"elementor-element elementor-element-669b62f elementor-widget elementor-widget-pdf_viewer\" data-id=\"669b62f\" data-element_type=\"widget\" data-widget_type=\"pdf_viewer.default\">\n\t\t\t\t<div class=\"elementor-widget-container\">\n\t\t\t\t\t<iframe src=\"https:\/\/docs.google.com\/viewer?url=http:\/\/birimler.atauni.edu.tr\/isletme-bolumu\/wp-content\/uploads\/sites\/127\/2025\/12\/Yandal-Programi-1.pdf&amp;embedded=true\" style=\"display: block; margin-left: auto; margin-right: auto; width: 640px; height: 1020px;\" frameborder=\"1\" marginheight=\"0px\" marginwidth=\"0px\" allowfullscreen><\/iframe>\t\t\t\t<\/div>\n\t\t\t\t<\/div>\n\t\t\t\t\t<\/div>\n\t\t<\/div>\n\t\t\t\t\t<\/div>\n\t\t<\/section>\n\t\t\t\t<\/div>\n\t\t","protected":false},"excerpt":{"rendered":"<p>\ud83d\udccc \u0130\u015fletme B\u00f6l\u00fcm\u00fc Yatay Ge\u00e7i\u015f, \u00c7ift Anadal ve Yandal Uygulamalar\u0131 Atat\u00fcrk \u00dcniversitesi \u0130\u015fletme B\u00f6l\u00fcm\u00fc\u2019nde yatay ge\u00e7i\u015f, \u00e7ift anadal ve yandal ba\u015fvurular\u0131; ilgili Y\u00fcksek\u00f6\u011fretim Kurulu mevzuat\u0131 ve \u00dcniversitemiz Senatosu taraf\u0131ndan kabul edilen uygulama esaslar\u0131 \u00e7er\u00e7evesinde y\u00fcr\u00fct\u00fclmektedir. \ud83d\udd39 YATAY GE\u00c7\u0130\u015e Yatay ge\u00e7i\u015f; bir y\u00fcksek\u00f6\u011fretim kurumunda kay\u0131tl\u0131 \u00f6\u011frencinin, belirlenen \u015fartlar\u0131 sa\u011flamas\u0131 halinde ayn\u0131 d\u00fczeydeki e\u015fde\u011fer diploma program\u0131na ge\u00e7i\u015f [&hellip;]<\/p>\n","protected":false},"author":508,"featured_media":0,"parent":0,"menu_order":0,"comment_status":"closed","ping_status":"closed","template":"","meta":{"footnotes":""},"class_list":["post-6422","page","type-page","status-publish","hentry"],"_links":{"self":[{"href":"https:\/\/atauni.edu.tr\/isletme-bolumu\/wp-json\/wp\/v2\/pages\/6422","targetHints":{"allow":["GET"]}}],"collection":[{"href":"https:\/\/atauni.edu.tr\/isletme-bolumu\/wp-json\/wp\/v2\/pages"}],"about":[{"href":"https:\/\/atauni.edu.tr\/isletme-bolumu\/wp-json\/wp\/v2\/types\/page"}],"author":[{"embeddable":true,"href":"https:\/\/atauni.edu.tr\/isletme-bolumu\/wp-json\/wp\/v2\/users\/508"}],"replies":[{"embeddable":true,"href":"https:\/\/atauni.edu.tr\/isletme-bolumu\/wp-json\/wp\/v2\/comments?post=6422"}],"version-history":[{"count":18,"href":"https:\/\/atauni.edu.tr\/isletme-bolumu\/wp-json\/wp\/v2\/pages\/6422\/revisions"}],"predecessor-version":[{"id":7047,"href":"https:\/\/atauni.edu.tr\/isletme-bolumu\/wp-json\/wp\/v2\/pages\/6422\/revisions\/7047"}],"wp:attachment":[{"href":"https:\/\/atauni.edu.tr\/isletme-bolumu\/wp-json\/wp\/v2\/media?parent=6422"}],"curies":[{"name":"wp","href":"https:\/\/api.w.org\/{rel}","templated":true}]}}