{"id":6443,"date":"2022-11-17T15:21:36","date_gmt":"2022-11-17T12:21:36","guid":{"rendered":"https:\/\/birimler.atauni.edu.tr\/isletme-bolumu\/?page_id=6443"},"modified":"2026-02-19T02:28:16","modified_gmt":"2026-02-18T23:28:16","slug":"mezuniyet","status":"publish","type":"page","link":"https:\/\/atauni.edu.tr\/isletme-bolumu\/mezuniyet\/","title":{"rendered":"Mezuniyet"},"content":{"rendered":"\t\t<div data-elementor-type=\"wp-page\" data-elementor-id=\"6443\" class=\"elementor elementor-6443\" data-elementor-post-type=\"page\">\n\t\t\t\t\t\t<section class=\"elementor-section elementor-top-section elementor-element elementor-element-1794025 elementor-section-boxed elementor-section-height-default elementor-section-height-default\" data-id=\"1794025\" data-element_type=\"section\">\n\t\t\t\t\t\t<div class=\"elementor-container elementor-column-gap-default\">\n\t\t\t\t\t<div class=\"elementor-column elementor-col-100 elementor-top-column elementor-element elementor-element-68f6867\" data-id=\"68f6867\" data-element_type=\"column\">\n\t\t\t<div class=\"elementor-widget-wrap elementor-element-populated\">\n\t\t\t\t\t\t<div class=\"elementor-element elementor-element-1551caa elementor-widget elementor-widget-text-editor\" data-id=\"1551caa\" data-element_type=\"widget\" data-widget_type=\"text-editor.default\">\n\t\t\t\t<div class=\"elementor-widget-container\">\n\t\t\t\t\t\t\t\t\t<p>Mezuniyet i\u00e7in gerekli ko\u015fullar;<\/p><p>\u0130\u015fletme b\u00f6l\u00fcm\u00fc \u00f6\u011frencilerinin, \u0130\u015fletme b\u00f6l\u00fcm\u00fc <a href=\"https:\/\/birimler.atauni.edu.tr\/isletme-bolumu\/program-ogretim-plani\/\">Program \u00d6\u011fretim Plan\u0131n<\/a>a uygun bir \u015fekilde derslerini ba\u015far\u0131yla tamamlamas\u0131 gerekmektedir.<\/p><p>\u00d6\u011frencilerin en az 240 AKTS&#8217;lik dersi ba\u015far\u0131yla tamamlam\u0131\u015f ve her d\u00f6nemde 30 AKTS&#8217;lik ders alm\u0131\u015f olmas\u0131 gerekmektedir.<\/p>\t\t\t\t\t\t\t\t<\/div>\n\t\t\t\t<\/div>\n\t\t\t\t<div class=\"elementor-element elementor-element-907eea6 elementor-widget elementor-widget-text-editor\" data-id=\"907eea6\" data-element_type=\"widget\" data-widget_type=\"text-editor.default\">\n\t\t\t\t<div class=\"elementor-widget-container\">\n\t\t\t\t\t\t\t\t\t<p><a href=\"https:\/\/eski.atauni.edu.tr\/mezun-ogrenci-sayilari\">G\u00dcNCEL MEZUN \u00d6\u011eRENC\u0130 SAYILARI \u0130\u00c7\u0130N TIKLAYINIZ.<\/a><\/p>\t\t\t\t\t\t\t\t<\/div>\n\t\t\t\t<\/div>\n\t\t\t\t<div class=\"elementor-element elementor-element-e3d0453 elementor-widget elementor-widget-pdf_viewer\" data-id=\"e3d0453\" data-element_type=\"widget\" data-widget_type=\"pdf_viewer.default\">\n\t\t\t\t<div class=\"elementor-widget-container\">\n\t\t\t\t\t<iframe src=\"https:\/\/docs.google.com\/viewer?url=http:\/\/birimler.atauni.edu.tr\/isletme-bolumu\/wp-content\/uploads\/sites\/127\/2022\/11\/Mezuniyet-Yol-Haritasi-09112022.pptx&amp;embedded=true\" style=\"display: block; margin-left: auto; margin-right: auto; width: 640px; height: 1020px;\" frameborder=\"1\" marginheight=\"0px\" marginwidth=\"0px\" allowfullscreen><\/iframe>\t\t\t\t<\/div>\n\t\t\t\t<\/div>\n\t\t\t\t\t<\/div>\n\t\t<\/div>\n\t\t\t\t\t<\/div>\n\t\t<\/section>\n\t\t\t\t<\/div>\n\t\t","protected":false},"excerpt":{"rendered":"<p>Mezuniyet i\u00e7in gerekli ko\u015fullar; \u0130\u015fletme b\u00f6l\u00fcm\u00fc \u00f6\u011frencilerinin, \u0130\u015fletme b\u00f6l\u00fcm\u00fc Program \u00d6\u011fretim Plan\u0131na uygun bir \u015fekilde derslerini ba\u015far\u0131yla tamamlamas\u0131 gerekmektedir. \u00d6\u011frencilerin en az 240 AKTS&#8217;lik dersi ba\u015far\u0131yla tamamlam\u0131\u015f ve her d\u00f6nemde 30 AKTS&#8217;lik ders alm\u0131\u015f olmas\u0131 gerekmektedir. G\u00dcNCEL MEZUN \u00d6\u011eRENC\u0130 SAYILARI \u0130\u00c7\u0130N TIKLAYINIZ.<\/p>\n","protected":false},"author":508,"featured_media":0,"parent":0,"menu_order":0,"comment_status":"closed","ping_status":"closed","template":"","meta":{"footnotes":""},"class_list":["post-6443","page","type-page","status-publish","hentry"],"_links":{"self":[{"href":"https:\/\/atauni.edu.tr\/isletme-bolumu\/wp-json\/wp\/v2\/pages\/6443","targetHints":{"allow":["GET"]}}],"collection":[{"href":"https:\/\/atauni.edu.tr\/isletme-bolumu\/wp-json\/wp\/v2\/pages"}],"about":[{"href":"https:\/\/atauni.edu.tr\/isletme-bolumu\/wp-json\/wp\/v2\/types\/page"}],"author":[{"embeddable":true,"href":"https:\/\/atauni.edu.tr\/isletme-bolumu\/wp-json\/wp\/v2\/users\/508"}],"replies":[{"embeddable":true,"href":"https:\/\/atauni.edu.tr\/isletme-bolumu\/wp-json\/wp\/v2\/comments?post=6443"}],"version-history":[{"count":13,"href":"https:\/\/atauni.edu.tr\/isletme-bolumu\/wp-json\/wp\/v2\/pages\/6443\/revisions"}],"predecessor-version":[{"id":7050,"href":"https:\/\/atauni.edu.tr\/isletme-bolumu\/wp-json\/wp\/v2\/pages\/6443\/revisions\/7050"}],"wp:attachment":[{"href":"https:\/\/atauni.edu.tr\/isletme-bolumu\/wp-json\/wp\/v2\/media?parent=6443"}],"curies":[{"name":"wp","href":"https:\/\/api.w.org\/{rel}","templated":true}]}}