{"id":6688,"date":"2024-05-01T22:24:21","date_gmt":"2024-05-01T19:24:21","guid":{"rendered":"https:\/\/birimler.atauni.edu.tr\/isletme-bolumu\/?page_id=6688"},"modified":"2026-02-19T16:47:03","modified_gmt":"2026-02-19T13:47:03","slug":"program-ogrenme-ciktilari","status":"publish","type":"page","link":"https:\/\/atauni.edu.tr\/isletme-bolumu\/program-ogrenme-ciktilari\/","title":{"rendered":"\u0130\u015fletme B\u00f6l\u00fcm\u00fc Program \u00d6\u011frenme \u00c7\u0131kt\u0131lar\u0131"},"content":{"rendered":"\t\t<div data-elementor-type=\"wp-page\" data-elementor-id=\"6688\" class=\"elementor elementor-6688\" data-elementor-post-type=\"page\">\n\t\t\t\t\t\t<section class=\"elementor-section elementor-top-section elementor-element elementor-element-fd23771 elementor-section-boxed elementor-section-height-default elementor-section-height-default\" data-id=\"fd23771\" data-element_type=\"section\">\n\t\t\t\t\t\t<div class=\"elementor-container elementor-column-gap-default\">\n\t\t\t\t\t<div class=\"elementor-column elementor-col-100 elementor-top-column elementor-element elementor-element-0de2158\" data-id=\"0de2158\" data-element_type=\"column\">\n\t\t\t<div class=\"elementor-widget-wrap elementor-element-populated\">\n\t\t\t\t\t\t<div class=\"elementor-element elementor-element-1f4c726 elementor-widget elementor-widget-text-editor\" data-id=\"1f4c726\" data-element_type=\"widget\" data-widget_type=\"text-editor.default\">\n\t\t\t\t<div class=\"elementor-widget-container\">\n\t\t\t\t\t\t\t\t\t<ul><li><p>P\u00d6\u00c7 1: \u0130\u015fletme B\u00f6l\u00fcm\u00fc mezunlar\u0131 kendi i\u015fini kurarak giri\u015fimcili\u011fe y\u00f6nelebilir. Bunun d\u0131\u015f\u0131nda kamuda veya \u00f6zel sekt\u00f6rde bir i\u015fverene ba\u011fl\u0131 olarak \u00e7ok \u00e7e\u015fitli pozisyonlarda \u00e7al\u0131\u015farak sorumluluk alabilir.<\/p><p>P\u00d6\u00c7 2: \u0130\u015fletme B\u00f6l\u00fcm\u00fc mezunlar\u0131 ekonomik faaliyetleri ve i\u015fletmeleri bir sistem olarak g\u00f6rebilir, bu sistemin alt par\u00e7alar\u0131 aras\u0131ndaki ba\u011flant\u0131 kurup de\u011ferlendirme yapabilir.<\/p><p>P\u00d6\u00c7 3: \u0130\u015fletme B\u00f6l\u00fcm\u00fc mezunlar\u0131 i\u015f hayat\u0131nda ve i\u015fletmelerde ger\u00e7ekle\u015fen de\u011fi\u015fim ve d\u00f6n\u00fc\u015f\u00fcmleri takip edebilir ve bunlar\u0131n do\u011furaca\u011f\u0131 sonu\u00e7lar\u0131 \u00f6ng\u00f6rebilir.<\/p><p>P\u00d6\u00c7 4: \u0130\u015fletme B\u00f6l\u00fcm\u00fc mezunlar\u0131 ki\u015fileraras\u0131 becerileri sayesinde etkili ileti\u015fim kurabilir, ba\u015fkalar\u0131yla birlikte \u00e7al\u0131\u015fabilir, yetki devredebilir, tak\u0131m \u00e7al\u0131\u015fmas\u0131 yapabilir, ba\u015fkalar\u0131n\u0131 motive edebilir, onlara liderlik edebilir ve \u00e7at\u0131\u015fmalar\u0131 \u00e7\u00f6z\u00fcmleyebilir.<\/p><p>P\u00d6\u00c7 5: \u0130\u015fletme B\u00f6l\u00fcm\u00fc mezunlar\u0131 mesle\u011fini icra ederken T\u00fcrk\u00e7e&#8217;yi etkin kullanabilir ve mesleki geli\u015fimini sa\u011flamak amac\u0131yla en az bir yabanc\u0131 dil bilir.<\/p><p>P\u00d6\u00c7 6: \u0130\u015fletme B\u00f6l\u00fcm\u00fc mezunlar\u0131 etik de\u011ferlere ba\u011fl\u0131l\u0131k konusunda duyarl\u0131l\u0131k kazan\u0131r ve mesleki etik standartlar\u0131 benimser.<\/p><p>P\u00d6\u00c7 7: \u0130\u015fletme B\u00f6l\u00fcm\u00fc mezunlar\u0131 ba\u015far\u0131l\u0131 i\u015fletmecilik faaliyetleri i\u00e7in yap\u0131lmas\u0131 gereken faaliyetleri belirleyebilir ve de\u011ferlendirebilir. \u0130\u015fletmelerin sorunlar\u0131n\u0131 ve ba\u015far\u0131s\u0131zl\u0131k sebeplerini tespit edip \u00e7\u00f6z\u00fcm \u00f6nerileri geli\u015ftirebilir.<\/p><\/li><\/ul>\t\t\t\t\t\t\t\t<\/div>\n\t\t\t\t<\/div>\n\t\t\t\t\t<\/div>\n\t\t<\/div>\n\t\t\t\t\t<\/div>\n\t\t<\/section>\n\t\t\t\t<\/div>\n\t\t","protected":false},"excerpt":{"rendered":"<p>P\u00d6\u00c7 1: \u0130\u015fletme B\u00f6l\u00fcm\u00fc mezunlar\u0131 kendi i\u015fini kurarak giri\u015fimcili\u011fe y\u00f6nelebilir. Bunun d\u0131\u015f\u0131nda kamuda veya \u00f6zel sekt\u00f6rde bir i\u015fverene ba\u011fl\u0131 olarak \u00e7ok \u00e7e\u015fitli pozisyonlarda \u00e7al\u0131\u015farak sorumluluk alabilir. P\u00d6\u00c7 2: \u0130\u015fletme B\u00f6l\u00fcm\u00fc mezunlar\u0131 ekonomik faaliyetleri ve i\u015fletmeleri bir sistem olarak g\u00f6rebilir, bu sistemin alt par\u00e7alar\u0131 aras\u0131ndaki ba\u011flant\u0131 kurup de\u011ferlendirme yapabilir. P\u00d6\u00c7 3: \u0130\u015fletme B\u00f6l\u00fcm\u00fc mezunlar\u0131 i\u015f hayat\u0131nda [&hellip;]<\/p>\n","protected":false},"author":508,"featured_media":0,"parent":0,"menu_order":0,"comment_status":"closed","ping_status":"closed","template":"","meta":{"footnotes":""},"class_list":["post-6688","page","type-page","status-publish","hentry"],"_links":{"self":[{"href":"https:\/\/atauni.edu.tr\/isletme-bolumu\/wp-json\/wp\/v2\/pages\/6688","targetHints":{"allow":["GET"]}}],"collection":[{"href":"https:\/\/atauni.edu.tr\/isletme-bolumu\/wp-json\/wp\/v2\/pages"}],"about":[{"href":"https:\/\/atauni.edu.tr\/isletme-bolumu\/wp-json\/wp\/v2\/types\/page"}],"author":[{"embeddable":true,"href":"https:\/\/atauni.edu.tr\/isletme-bolumu\/wp-json\/wp\/v2\/users\/508"}],"replies":[{"embeddable":true,"href":"https:\/\/atauni.edu.tr\/isletme-bolumu\/wp-json\/wp\/v2\/comments?post=6688"}],"version-history":[{"count":18,"href":"https:\/\/atauni.edu.tr\/isletme-bolumu\/wp-json\/wp\/v2\/pages\/6688\/revisions"}],"predecessor-version":[{"id":7066,"href":"https:\/\/atauni.edu.tr\/isletme-bolumu\/wp-json\/wp\/v2\/pages\/6688\/revisions\/7066"}],"wp:attachment":[{"href":"https:\/\/atauni.edu.tr\/isletme-bolumu\/wp-json\/wp\/v2\/media?parent=6688"}],"curies":[{"name":"wp","href":"https:\/\/api.w.org\/{rel}","templated":true}]}}