{"id":6709,"date":"2024-05-01T22:46:10","date_gmt":"2024-05-01T19:46:10","guid":{"rendered":"https:\/\/birimler.atauni.edu.tr\/isletme-bolumu\/?page_id=6709"},"modified":"2026-02-19T02:09:10","modified_gmt":"2026-02-18T23:09:10","slug":"ders-disi-etkinlikler","status":"publish","type":"page","link":"https:\/\/atauni.edu.tr\/isletme-bolumu\/ders-disi-etkinlikler\/","title":{"rendered":"Toplumsal Duyarl\u0131l\u0131k Projeleri"},"content":{"rendered":"\t\t<div data-elementor-type=\"wp-page\" data-elementor-id=\"6709\" class=\"elementor elementor-6709\" data-elementor-post-type=\"page\">\n\t\t\t\t\t\t<section class=\"elementor-section elementor-top-section elementor-element elementor-element-7d9f608 elementor-section-boxed elementor-section-height-default elementor-section-height-default\" data-id=\"7d9f608\" data-element_type=\"section\">\n\t\t\t\t\t\t<div class=\"elementor-container elementor-column-gap-default\">\n\t\t\t\t\t<div class=\"elementor-column elementor-col-50 elementor-top-column elementor-element elementor-element-d1698d4\" data-id=\"d1698d4\" data-element_type=\"column\">\n\t\t\t<div class=\"elementor-widget-wrap elementor-element-populated\">\n\t\t\t\t\t\t<div class=\"elementor-element elementor-element-993176f elementor-widget elementor-widget-heading\" data-id=\"993176f\" data-element_type=\"widget\" data-widget_type=\"heading.default\">\n\t\t\t\t<div class=\"elementor-widget-container\">\n\t\t\t\t\t<h2 class=\"elementor-heading-title elementor-size-default\">Sosyal Transkript<\/h2>\t\t\t\t<\/div>\n\t\t\t\t<\/div>\n\t\t\t\t<div class=\"elementor-element elementor-element-c783ab8 elementor-widget elementor-widget-text-editor\" data-id=\"c783ab8\" data-element_type=\"widget\" data-widget_type=\"text-editor.default\">\n\t\t\t\t<div class=\"elementor-widget-container\">\n\t\t\t\t\t\t\t\t\t<p>Sosyal Transkript, \u00f6\u011frencilerin \u00f6\u011frenim s\u00fcreleri boyunca sosyal faaliyetlere kat\u0131l\u0131mlar\u0131 sonucu elde ettikleri kazan\u0131mlara ili\u015fkindir. \u00d6\u011frencinin ba\u015fvurusu sonucu de\u011ferlendirmeye al\u0131nacak olan sosyal faaliyetler \u015funlard\u0131r:<\/p>\n<p><!-- \/wp:paragraph --><!-- wp:paragraph --><\/p>\n<p>Kul\u00fcp etkinlikleri ve organizasyonlar<\/p>\n<p><!-- \/wp:paragraph --><!-- wp:paragraph --><\/p>\n<p>Topluma hizmet<\/p>\n<p><!-- \/wp:paragraph --><!-- wp:paragraph --><\/p>\n<p>Kazan\u0131lan derceler ve \u00f6d\u00fcller<\/p>\n<p><!-- \/wp:paragraph --><!-- wp:paragraph --><\/p>\n<p>Bilimsel etkinlikler<\/p>\n<p><!-- \/wp:paragraph --><!-- wp:paragraph --><\/p>\n<p>K\u00fclt\u00fcr-sanat ve spor etkinlikleri<\/p>\t\t\t\t\t\t\t\t<\/div>\n\t\t\t\t<\/div>\n\t\t\t\t\t<\/div>\n\t\t<\/div>\n\t\t\t\t<div class=\"elementor-column elementor-col-50 elementor-top-column elementor-element elementor-element-ba1b529\" data-id=\"ba1b529\" data-element_type=\"column\">\n\t\t\t<div class=\"elementor-widget-wrap elementor-element-populated\">\n\t\t\t\t\t\t<div class=\"elementor-element elementor-element-ed3f5ca elementor-widget elementor-widget-heading\" data-id=\"ed3f5ca\" data-element_type=\"widget\" data-widget_type=\"heading.default\">\n\t\t\t\t<div class=\"elementor-widget-container\">\n\t\t\t\t\t<h2 class=\"elementor-heading-title elementor-size-default\">\u0130\u015fletme B\u00f6l\u00fcm\u00fc \u00d6\u011frencilerinin Ders Kapsam\u0131nda Haz\u0131rlam\u0131\u015f Olduklar\u0131 Toplumsal Duyarl\u0131l\u0131k Projeleri<\/h2>\t\t\t\t<\/div>\n\t\t\t\t<\/div>\n\t\t\t\t<div class=\"elementor-element elementor-element-8e03cf1 elementor-widget elementor-widget-pdf_viewer\" data-id=\"8e03cf1\" data-element_type=\"widget\" data-widget_type=\"pdf_viewer.default\">\n\t\t\t\t<div class=\"elementor-widget-container\">\n\t\t\t\t\t<iframe src=\"https:\/\/docs.google.com\/viewer?url=http:\/\/atauni.edu.tr\/isletme-bolumu\/wp-content\/uploads\/sites\/127\/2026\/02\/Kadin-Haklari-Ve-Siddet.pdf&amp;embedded=true\" style=\"display: block; margin-left: auto; margin-right: auto; width: 640px; height: 1020px;\" frameborder=\"1\" marginheight=\"0px\" marginwidth=\"0px\" allowfullscreen><\/iframe>\t\t\t\t<\/div>\n\t\t\t\t<\/div>\n\t\t\t\t\t<\/div>\n\t\t<\/div>\n\t\t\t\t\t<\/div>\n\t\t<\/section>\n\t\t\t\t<\/div>\n\t\t","protected":false},"excerpt":{"rendered":"<p>Sosyal Transkript Sosyal Transkript, \u00f6\u011frencilerin \u00f6\u011frenim s\u00fcreleri boyunca sosyal faaliyetlere kat\u0131l\u0131mlar\u0131 sonucu elde ettikleri kazan\u0131mlara ili\u015fkindir. \u00d6\u011frencinin ba\u015fvurusu sonucu de\u011ferlendirmeye al\u0131nacak olan sosyal faaliyetler \u015funlard\u0131r: Kul\u00fcp etkinlikleri ve organizasyonlar Topluma hizmet Kazan\u0131lan derceler ve \u00f6d\u00fcller Bilimsel etkinlikler K\u00fclt\u00fcr-sanat ve spor etkinlikleri \u0130\u015fletme B\u00f6l\u00fcm\u00fc \u00d6\u011frencilerinin Ders Kapsam\u0131nda Haz\u0131rlam\u0131\u015f Olduklar\u0131 Toplumsal Duyarl\u0131l\u0131k Projeleri<\/p>\n","protected":false},"author":508,"featured_media":0,"parent":0,"menu_order":0,"comment_status":"closed","ping_status":"closed","template":"","meta":{"footnotes":""},"class_list":["post-6709","page","type-page","status-publish","hentry"],"_links":{"self":[{"href":"https:\/\/atauni.edu.tr\/isletme-bolumu\/wp-json\/wp\/v2\/pages\/6709","targetHints":{"allow":["GET"]}}],"collection":[{"href":"https:\/\/atauni.edu.tr\/isletme-bolumu\/wp-json\/wp\/v2\/pages"}],"about":[{"href":"https:\/\/atauni.edu.tr\/isletme-bolumu\/wp-json\/wp\/v2\/types\/page"}],"author":[{"embeddable":true,"href":"https:\/\/atauni.edu.tr\/isletme-bolumu\/wp-json\/wp\/v2\/users\/508"}],"replies":[{"embeddable":true,"href":"https:\/\/atauni.edu.tr\/isletme-bolumu\/wp-json\/wp\/v2\/comments?post=6709"}],"version-history":[{"count":5,"href":"https:\/\/atauni.edu.tr\/isletme-bolumu\/wp-json\/wp\/v2\/pages\/6709\/revisions"}],"predecessor-version":[{"id":7044,"href":"https:\/\/atauni.edu.tr\/isletme-bolumu\/wp-json\/wp\/v2\/pages\/6709\/revisions\/7044"}],"wp:attachment":[{"href":"https:\/\/atauni.edu.tr\/isletme-bolumu\/wp-json\/wp\/v2\/media?parent=6709"}],"curies":[{"name":"wp","href":"https:\/\/api.w.org\/{rel}","templated":true}]}}