{"id":6873,"date":"2025-06-26T12:06:46","date_gmt":"2025-06-26T09:06:46","guid":{"rendered":"https:\/\/birimler.atauni.edu.tr\/isletme-bolumu\/?page_id=6873"},"modified":"2025-08-01T19:31:14","modified_gmt":"2025-08-01T16:31:14","slug":"etkinlikler","status":"publish","type":"page","link":"https:\/\/atauni.edu.tr\/isletme-bolumu\/etkinlikler\/","title":{"rendered":"Etkinlikler"},"content":{"rendered":"<form method=\"get\" class=\"row g-3\" style=\"margin-bottom: 20px;\"><div class=\"col-md-3\"><input type=\"text\" name=\"etkinlik_ara\" class=\"form-control\" placeholder=\"Etkinlik ara...\" value=\"\"><\/div><div class=\"col-md-3\"><input type=\"date\" name=\"baslangic_tarihi\" class=\"form-control\" value=\"\"><\/div><div class=\"col-md-3\"><input type=\"date\" name=\"bitis_tarihi\" class=\"form-control\" value=\"\"><\/div><div class=\"col-md-3\"><button type=\"submit\" class=\"btn btn-secondary w-50\">Filtrele<\/button><\/div><\/form><div class=\"etkinlikler-grid-container\" style=\"display: grid; grid-template-columns: repeat(3, 1fr); gap: 20px;\"><div class=\"etkinlik-grid-item\"><div class=\"etkinlik-thumbnail\"><img fetchpriority=\"high\" decoding=\"async\" width=\"300\" height=\"225\" src=\"https:\/\/atauni.edu.tr\/isletme-bolumu\/wp-content\/uploads\/sites\/127\/2026\/04\/WhatsApp-Image-2026-04-21-at-15.51.26-300x225.jpeg\" class=\"img-fluid wp-post-image\" alt=\"\" srcset=\"https:\/\/atauni.edu.tr\/isletme-bolumu\/wp-content\/uploads\/sites\/127\/2026\/04\/WhatsApp-Image-2026-04-21-at-15.51.26-300x225.jpeg 300w, https:\/\/atauni.edu.tr\/isletme-bolumu\/wp-content\/uploads\/sites\/127\/2026\/04\/WhatsApp-Image-2026-04-21-at-15.51.26-1024x768.jpeg 1024w, https:\/\/atauni.edu.tr\/isletme-bolumu\/wp-content\/uploads\/sites\/127\/2026\/04\/WhatsApp-Image-2026-04-21-at-15.51.26-768x576.jpeg 768w, https:\/\/atauni.edu.tr\/isletme-bolumu\/wp-content\/uploads\/sites\/127\/2026\/04\/WhatsApp-Image-2026-04-21-at-15.51.26-1536x1152.jpeg 1536w, https:\/\/atauni.edu.tr\/isletme-bolumu\/wp-content\/uploads\/sites\/127\/2026\/04\/WhatsApp-Image-2026-04-21-at-15.51.26-600x450.jpeg 600w, https:\/\/atauni.edu.tr\/isletme-bolumu\/wp-content\/uploads\/sites\/127\/2026\/04\/WhatsApp-Image-2026-04-21-at-15.51.26-560x420.jpeg 560w, https:\/\/atauni.edu.tr\/isletme-bolumu\/wp-content\/uploads\/sites\/127\/2026\/04\/WhatsApp-Image-2026-04-21-at-15.51.26.jpeg 2048w\" sizes=\"(max-width: 300px) 100vw, 300px\" \/><\/div><div class=\"etkinlik-datee\"><span class=\"day\">21<\/span><span class=\"month\">Nisan<\/span><span class=\"year\">2026<\/span><\/div><a href=\"https:\/\/atauni.edu.tr\/isletme-bolumu\/2026\/04\/21\/isletme-bolumunde-mufredat-guncellemeleri-icin-ogrencilerle-istisare-toplantisi-gerceklestirildi\/\" class=\"etkinlik-titlee\">\u0130\u015fletme B\u00f6l\u00fcm\u00fcnde M\u00fcfredat G\u00fcncellemeleri \u0130\u00e7in \u00d6\u011frencilerle \u0130sti\u015fare Toplant\u0131s\u0131 Ger\u00e7ekle\u015ftirildi<\/a><\/div><div class=\"etkinlik-grid-item\"><div class=\"etkinlik-thumbnail\"><img decoding=\"async\" width=\"300\" height=\"225\" src=\"https:\/\/atauni.edu.tr\/isletme-bolumu\/wp-content\/uploads\/sites\/127\/2026\/04\/WhatsApp-Image-2026-04-20-at-15.12.13-4-300x225.jpeg\" class=\"img-fluid wp-post-image\" alt=\"\" srcset=\"https:\/\/atauni.edu.tr\/isletme-bolumu\/wp-content\/uploads\/sites\/127\/2026\/04\/WhatsApp-Image-2026-04-20-at-15.12.13-4-300x225.jpeg 300w, https:\/\/atauni.edu.tr\/isletme-bolumu\/wp-content\/uploads\/sites\/127\/2026\/04\/WhatsApp-Image-2026-04-20-at-15.12.13-4-1024x768.jpeg 1024w, https:\/\/atauni.edu.tr\/isletme-bolumu\/wp-content\/uploads\/sites\/127\/2026\/04\/WhatsApp-Image-2026-04-20-at-15.12.13-4-768x576.jpeg 768w, https:\/\/atauni.edu.tr\/isletme-bolumu\/wp-content\/uploads\/sites\/127\/2026\/04\/WhatsApp-Image-2026-04-20-at-15.12.13-4-1536x1152.jpeg 1536w, https:\/\/atauni.edu.tr\/isletme-bolumu\/wp-content\/uploads\/sites\/127\/2026\/04\/WhatsApp-Image-2026-04-20-at-15.12.13-4-600x450.jpeg 600w, https:\/\/atauni.edu.tr\/isletme-bolumu\/wp-content\/uploads\/sites\/127\/2026\/04\/WhatsApp-Image-2026-04-20-at-15.12.13-4-560x420.jpeg 560w, https:\/\/atauni.edu.tr\/isletme-bolumu\/wp-content\/uploads\/sites\/127\/2026\/04\/WhatsApp-Image-2026-04-20-at-15.12.13-4.jpeg 1600w\" sizes=\"(max-width: 300px) 100vw, 300px\" \/><\/div><div class=\"etkinlik-datee\"><span class=\"day\">20<\/span><span class=\"month\">Nisan<\/span><span class=\"year\">2026<\/span><\/div><a href=\"https:\/\/atauni.edu.tr\/isletme-bolumu\/2026\/04\/20\/mufredat-guncelleme-calismalari-ogrenci-gorusmeleri\/\" class=\"etkinlik-titlee\">M\u00fcfredat G\u00fcncelleme \u00c7al\u0131\u015fmalar\u0131 Kapsam\u0131nda \u00d6\u011frenci G\u00f6r\u00fc\u015fmeleri Ger\u00e7ekle\u015ftirildi<\/a><\/div><div class=\"etkinlik-grid-item\"><div class=\"etkinlik-thumbnail\"><img decoding=\"async\" width=\"225\" height=\"300\" src=\"https:\/\/atauni.edu.tr\/isletme-bolumu\/wp-content\/uploads\/sites\/127\/2026\/04\/WhatsApp-Image-2026-04-17-at-14.31.03-225x300.jpeg\" class=\"img-fluid wp-post-image\" alt=\"\" srcset=\"https:\/\/atauni.edu.tr\/isletme-bolumu\/wp-content\/uploads\/sites\/127\/2026\/04\/WhatsApp-Image-2026-04-17-at-14.31.03-225x300.jpeg 225w, https:\/\/atauni.edu.tr\/isletme-bolumu\/wp-content\/uploads\/sites\/127\/2026\/04\/WhatsApp-Image-2026-04-17-at-14.31.03-768x1024.jpeg 768w, https:\/\/atauni.edu.tr\/isletme-bolumu\/wp-content\/uploads\/sites\/127\/2026\/04\/WhatsApp-Image-2026-04-17-at-14.31.03-1152x1536.jpeg 1152w, https:\/\/atauni.edu.tr\/isletme-bolumu\/wp-content\/uploads\/sites\/127\/2026\/04\/WhatsApp-Image-2026-04-17-at-14.31.03-450x600.jpeg 450w, https:\/\/atauni.edu.tr\/isletme-bolumu\/wp-content\/uploads\/sites\/127\/2026\/04\/WhatsApp-Image-2026-04-17-at-14.31.03-420x560.jpeg 420w, https:\/\/atauni.edu.tr\/isletme-bolumu\/wp-content\/uploads\/sites\/127\/2026\/04\/WhatsApp-Image-2026-04-17-at-14.31.03.jpeg 1200w\" sizes=\"(max-width: 225px) 100vw, 225px\" \/><\/div><div class=\"etkinlik-datee\"><span class=\"day\">17<\/span><span class=\"month\">Nisan<\/span><span class=\"year\">2026<\/span><\/div><a href=\"https:\/\/atauni.edu.tr\/isletme-bolumu\/2026\/04\/17\/isletme-bolumunde-mufredat-guncelleme-calismalari-kapsaminda-dis-paydas-gorusmeleri-gerceklestirildi\/\" class=\"etkinlik-titlee\">\u0130\u015fletme B\u00f6l\u00fcm\u00fcnde M\u00fcfredat G\u00fcncelleme \u00c7al\u0131\u015fmalar\u0131 Kapsam\u0131nda D\u0131\u015f Payda\u015f G\u00f6r\u00fc\u015fmeleri Ger\u00e7ekle\u015ftirildi<\/a><\/div><div class=\"etkinlik-grid-item\"><div class=\"etkinlik-thumbnail\"><img loading=\"lazy\" decoding=\"async\" width=\"300\" height=\"135\" src=\"https:\/\/atauni.edu.tr\/isletme-bolumu\/wp-content\/uploads\/sites\/127\/2026\/04\/WhatsApp-Image-2026-04-16-at-16.20.20-300x135.jpeg\" class=\"img-fluid wp-post-image\" alt=\"\" srcset=\"https:\/\/atauni.edu.tr\/isletme-bolumu\/wp-content\/uploads\/sites\/127\/2026\/04\/WhatsApp-Image-2026-04-16-at-16.20.20-300x135.jpeg 300w, https:\/\/atauni.edu.tr\/isletme-bolumu\/wp-content\/uploads\/sites\/127\/2026\/04\/WhatsApp-Image-2026-04-16-at-16.20.20-1024x461.jpeg 1024w, https:\/\/atauni.edu.tr\/isletme-bolumu\/wp-content\/uploads\/sites\/127\/2026\/04\/WhatsApp-Image-2026-04-16-at-16.20.20-768x346.jpeg 768w, https:\/\/atauni.edu.tr\/isletme-bolumu\/wp-content\/uploads\/sites\/127\/2026\/04\/WhatsApp-Image-2026-04-16-at-16.20.20-1536x691.jpeg 1536w, https:\/\/atauni.edu.tr\/isletme-bolumu\/wp-content\/uploads\/sites\/127\/2026\/04\/WhatsApp-Image-2026-04-16-at-16.20.20-600x270.jpeg 600w, https:\/\/atauni.edu.tr\/isletme-bolumu\/wp-content\/uploads\/sites\/127\/2026\/04\/WhatsApp-Image-2026-04-16-at-16.20.20-560x252.jpeg 560w, https:\/\/atauni.edu.tr\/isletme-bolumu\/wp-content\/uploads\/sites\/127\/2026\/04\/WhatsApp-Image-2026-04-16-at-16.20.20.jpeg 2000w\" sizes=\"(max-width: 300px) 100vw, 300px\" \/><\/div><div class=\"etkinlik-datee\"><span class=\"day\">16<\/span><span class=\"month\">Nisan<\/span><span class=\"year\">2026<\/span><\/div><a href=\"https:\/\/atauni.edu.tr\/isletme-bolumu\/2026\/04\/16\/isletme-bolumunde-mufredat-guncelleme-calismalari-kapsaminda-ic-paydas-gorusmeleri-gerceklestirildi\/\" class=\"etkinlik-titlee\">\u0130\u015fletme B\u00f6l\u00fcm\u00fcnde M\u00fcfredat G\u00fcncelleme \u00c7al\u0131\u015fmalar\u0131 Kapsam\u0131nda \u0130\u00e7 Payda\u015f G\u00f6r\u00fc\u015fmeleri Ger\u00e7ekle\u015ftirildi<\/a><\/div><div class=\"etkinlik-grid-item\"><div class=\"etkinlik-thumbnail\"><img loading=\"lazy\" decoding=\"async\" width=\"225\" height=\"300\" src=\"https:\/\/atauni.edu.tr\/isletme-bolumu\/wp-content\/uploads\/sites\/127\/2026\/02\/WhatsApp-Image-2026-02-25-at-15.39.30-2-225x300.jpeg\" class=\"img-fluid wp-post-image\" alt=\"\" srcset=\"https:\/\/atauni.edu.tr\/isletme-bolumu\/wp-content\/uploads\/sites\/127\/2026\/02\/WhatsApp-Image-2026-02-25-at-15.39.30-2-225x300.jpeg 225w, https:\/\/atauni.edu.tr\/isletme-bolumu\/wp-content\/uploads\/sites\/127\/2026\/02\/WhatsApp-Image-2026-02-25-at-15.39.30-2-768x1024.jpeg 768w, https:\/\/atauni.edu.tr\/isletme-bolumu\/wp-content\/uploads\/sites\/127\/2026\/02\/WhatsApp-Image-2026-02-25-at-15.39.30-2-1152x1536.jpeg 1152w, https:\/\/atauni.edu.tr\/isletme-bolumu\/wp-content\/uploads\/sites\/127\/2026\/02\/WhatsApp-Image-2026-02-25-at-15.39.30-2-450x600.jpeg 450w, https:\/\/atauni.edu.tr\/isletme-bolumu\/wp-content\/uploads\/sites\/127\/2026\/02\/WhatsApp-Image-2026-02-25-at-15.39.30-2-420x560.jpeg 420w, https:\/\/atauni.edu.tr\/isletme-bolumu\/wp-content\/uploads\/sites\/127\/2026\/02\/WhatsApp-Image-2026-02-25-at-15.39.30-2.jpeg 1500w\" sizes=\"(max-width: 225px) 100vw, 225px\" \/><\/div><div class=\"etkinlik-datee\"><span class=\"day\">25<\/span><span class=\"month\">\u015eubat<\/span><span class=\"year\">2026<\/span><\/div><a href=\"https:\/\/atauni.edu.tr\/isletme-bolumu\/2026\/02\/25\/akreditasyon-calismalari-degerlendirme-toplantisi-gerceklestirildi\/\" class=\"etkinlik-titlee\">Akreditasyon \u00c7al\u0131\u015fmalar\u0131 De\u011ferlendirme Toplant\u0131s\u0131 Ger\u00e7ekle\u015ftirildi<\/a><\/div><div class=\"etkinlik-grid-item\"><div class=\"etkinlik-thumbnail\"><img loading=\"lazy\" decoding=\"async\" width=\"300\" height=\"225\" src=\"https:\/\/atauni.edu.tr\/isletme-bolumu\/wp-content\/uploads\/sites\/127\/2026\/02\/WhatsApp-Image-2026-02-25-at-00.06.00-300x225.jpeg\" class=\"img-fluid wp-post-image\" alt=\"\" srcset=\"https:\/\/atauni.edu.tr\/isletme-bolumu\/wp-content\/uploads\/sites\/127\/2026\/02\/WhatsApp-Image-2026-02-25-at-00.06.00-300x225.jpeg 300w, https:\/\/atauni.edu.tr\/isletme-bolumu\/wp-content\/uploads\/sites\/127\/2026\/02\/WhatsApp-Image-2026-02-25-at-00.06.00-1024x768.jpeg 1024w, https:\/\/atauni.edu.tr\/isletme-bolumu\/wp-content\/uploads\/sites\/127\/2026\/02\/WhatsApp-Image-2026-02-25-at-00.06.00-768x576.jpeg 768w, https:\/\/atauni.edu.tr\/isletme-bolumu\/wp-content\/uploads\/sites\/127\/2026\/02\/WhatsApp-Image-2026-02-25-at-00.06.00-1536x1152.jpeg 1536w, https:\/\/atauni.edu.tr\/isletme-bolumu\/wp-content\/uploads\/sites\/127\/2026\/02\/WhatsApp-Image-2026-02-25-at-00.06.00-600x450.jpeg 600w, https:\/\/atauni.edu.tr\/isletme-bolumu\/wp-content\/uploads\/sites\/127\/2026\/02\/WhatsApp-Image-2026-02-25-at-00.06.00-560x420.jpeg 560w, https:\/\/atauni.edu.tr\/isletme-bolumu\/wp-content\/uploads\/sites\/127\/2026\/02\/WhatsApp-Image-2026-02-25-at-00.06.00.jpeg 2000w\" sizes=\"(max-width: 300px) 100vw, 300px\" \/><\/div><div class=\"etkinlik-datee\"><span class=\"day\">25<\/span><span class=\"month\">\u015eubat<\/span><span class=\"year\">2026<\/span><\/div><a href=\"https:\/\/atauni.edu.tr\/isletme-bolumu\/2026\/02\/25\/erasmus-bilgilendirme-toplantisi\/\" class=\"etkinlik-titlee\">Erasmus Bilgilendirme Toplant\u0131s\u0131<\/a><\/div><div class=\"etkinlik-grid-item\"><div class=\"etkinlik-thumbnail\"><img loading=\"lazy\" decoding=\"async\" width=\"300\" height=\"225\" src=\"https:\/\/atauni.edu.tr\/isletme-bolumu\/wp-content\/uploads\/sites\/127\/2026\/02\/WhatsApp-Image-2026-02-24-at-16.18.12-300x225.jpeg\" class=\"img-fluid wp-post-image\" alt=\"\" srcset=\"https:\/\/atauni.edu.tr\/isletme-bolumu\/wp-content\/uploads\/sites\/127\/2026\/02\/WhatsApp-Image-2026-02-24-at-16.18.12-300x225.jpeg 300w, https:\/\/atauni.edu.tr\/isletme-bolumu\/wp-content\/uploads\/sites\/127\/2026\/02\/WhatsApp-Image-2026-02-24-at-16.18.12-1024x768.jpeg 1024w, https:\/\/atauni.edu.tr\/isletme-bolumu\/wp-content\/uploads\/sites\/127\/2026\/02\/WhatsApp-Image-2026-02-24-at-16.18.12-768x576.jpeg 768w, https:\/\/atauni.edu.tr\/isletme-bolumu\/wp-content\/uploads\/sites\/127\/2026\/02\/WhatsApp-Image-2026-02-24-at-16.18.12-1536x1152.jpeg 1536w, https:\/\/atauni.edu.tr\/isletme-bolumu\/wp-content\/uploads\/sites\/127\/2026\/02\/WhatsApp-Image-2026-02-24-at-16.18.12-600x450.jpeg 600w, https:\/\/atauni.edu.tr\/isletme-bolumu\/wp-content\/uploads\/sites\/127\/2026\/02\/WhatsApp-Image-2026-02-24-at-16.18.12-560x420.jpeg 560w, https:\/\/atauni.edu.tr\/isletme-bolumu\/wp-content\/uploads\/sites\/127\/2026\/02\/WhatsApp-Image-2026-02-24-at-16.18.12.jpeg 2000w\" sizes=\"(max-width: 300px) 100vw, 300px\" \/><\/div><div class=\"etkinlik-datee\"><span class=\"day\">24<\/span><span class=\"month\">\u015eubat<\/span><span class=\"year\">2026<\/span><\/div><a href=\"https:\/\/atauni.edu.tr\/isletme-bolumu\/2026\/02\/24\/akreditasyon-komisyonu-calismalarina-devam-ediyor\/\" class=\"etkinlik-titlee\">Akreditasyon Komisyonu \u00e7al\u0131\u015fmalar\u0131na devam ediyor.<\/a><\/div><div class=\"etkinlik-grid-item\"><div class=\"etkinlik-thumbnail\"><img loading=\"lazy\" decoding=\"async\" width=\"300\" height=\"225\" src=\"https:\/\/atauni.edu.tr\/isletme-bolumu\/wp-content\/uploads\/sites\/127\/2026\/02\/WhatsApp-Image-2026-02-24-at-16.18.12-3-300x225.jpeg\" class=\"img-fluid wp-post-image\" alt=\"\" srcset=\"https:\/\/atauni.edu.tr\/isletme-bolumu\/wp-content\/uploads\/sites\/127\/2026\/02\/WhatsApp-Image-2026-02-24-at-16.18.12-3-300x225.jpeg 300w, https:\/\/atauni.edu.tr\/isletme-bolumu\/wp-content\/uploads\/sites\/127\/2026\/02\/WhatsApp-Image-2026-02-24-at-16.18.12-3-1024x768.jpeg 1024w, https:\/\/atauni.edu.tr\/isletme-bolumu\/wp-content\/uploads\/sites\/127\/2026\/02\/WhatsApp-Image-2026-02-24-at-16.18.12-3-768x576.jpeg 768w, https:\/\/atauni.edu.tr\/isletme-bolumu\/wp-content\/uploads\/sites\/127\/2026\/02\/WhatsApp-Image-2026-02-24-at-16.18.12-3-1536x1152.jpeg 1536w, https:\/\/atauni.edu.tr\/isletme-bolumu\/wp-content\/uploads\/sites\/127\/2026\/02\/WhatsApp-Image-2026-02-24-at-16.18.12-3-600x450.jpeg 600w, https:\/\/atauni.edu.tr\/isletme-bolumu\/wp-content\/uploads\/sites\/127\/2026\/02\/WhatsApp-Image-2026-02-24-at-16.18.12-3-560x420.jpeg 560w, https:\/\/atauni.edu.tr\/isletme-bolumu\/wp-content\/uploads\/sites\/127\/2026\/02\/WhatsApp-Image-2026-02-24-at-16.18.12-3.jpeg 2000w\" sizes=\"(max-width: 300px) 100vw, 300px\" \/><\/div><div class=\"etkinlik-datee\"><span class=\"day\">18<\/span><span class=\"month\">\u015eubat<\/span><span class=\"year\">2026<\/span><\/div><a href=\"https:\/\/atauni.edu.tr\/isletme-bolumu\/2026\/02\/18\/akreditasyon-toplantisi-gerceklestirilmistir\/\" class=\"etkinlik-titlee\">Akreditasyon toplant\u0131s\u0131 ger\u00e7ekle\u015ftirilmi\u015ftir.<\/a><\/div><div class=\"etkinlik-grid-item\"><div class=\"etkinlik-thumbnail\"><img loading=\"lazy\" decoding=\"async\" width=\"300\" height=\"139\" src=\"https:\/\/atauni.edu.tr\/isletme-bolumu\/wp-content\/uploads\/sites\/127\/2025\/09\/WhatsApp-Image-2025-09-29-at-15.08.17-300x139.jpeg\" class=\"img-fluid wp-post-image\" alt=\"\" srcset=\"https:\/\/atauni.edu.tr\/isletme-bolumu\/wp-content\/uploads\/sites\/127\/2025\/09\/WhatsApp-Image-2025-09-29-at-15.08.17-300x139.jpeg 300w, https:\/\/atauni.edu.tr\/isletme-bolumu\/wp-content\/uploads\/sites\/127\/2025\/09\/WhatsApp-Image-2025-09-29-at-15.08.17-1024x473.jpeg 1024w, https:\/\/atauni.edu.tr\/isletme-bolumu\/wp-content\/uploads\/sites\/127\/2025\/09\/WhatsApp-Image-2025-09-29-at-15.08.17-768x355.jpeg 768w, https:\/\/atauni.edu.tr\/isletme-bolumu\/wp-content\/uploads\/sites\/127\/2025\/09\/WhatsApp-Image-2025-09-29-at-15.08.17-1536x709.jpeg 1536w, https:\/\/atauni.edu.tr\/isletme-bolumu\/wp-content\/uploads\/sites\/127\/2025\/09\/WhatsApp-Image-2025-09-29-at-15.08.17-600x277.jpeg 600w, https:\/\/atauni.edu.tr\/isletme-bolumu\/wp-content\/uploads\/sites\/127\/2025\/09\/WhatsApp-Image-2025-09-29-at-15.08.17-560x259.jpeg 560w, https:\/\/atauni.edu.tr\/isletme-bolumu\/wp-content\/uploads\/sites\/127\/2025\/09\/WhatsApp-Image-2025-09-29-at-15.08.17.jpeg 1600w\" sizes=\"(max-width: 300px) 100vw, 300px\" \/><\/div><div class=\"etkinlik-datee\"><span class=\"day\">30<\/span><span class=\"month\">Eyl\u00fcl<\/span><span class=\"year\">2025<\/span><\/div><a href=\"https:\/\/atauni.edu.tr\/isletme-bolumu\/2025\/09\/30\/isletme-bolumu-2025-2026-egitim-ogretim-donemi-oryantosyonu-gerceklestirildi\/\" class=\"etkinlik-titlee\">\u0130\u015fletme B\u00f6l\u00fcm\u00fc 2025-2026 E\u011fitim \u00d6\u011fretim D\u00f6nemi Oryantosyonu ger\u00e7ekle\u015ftirildi.<\/a><\/div><\/div><div class=\"pagination\" style=\"margin-top: 20px;\"><span aria-current=\"page\" class=\"page-numbers current\">1<\/span>\n<a class=\"page-numbers\" href=\"https:\/\/atauni.edu.tr\/isletme-bolumu\/wp-json\/wp\/v2\/pages\/6873\/page\/2\/\">2<\/a>\n<a class=\"page-numbers\" href=\"https:\/\/atauni.edu.tr\/isletme-bolumu\/wp-json\/wp\/v2\/pages\/6873\/page\/3\/\">3<\/a>\n<a class=\"page-numbers\" href=\"https:\/\/atauni.edu.tr\/isletme-bolumu\/wp-json\/wp\/v2\/pages\/6873\/page\/4\/\">4<\/a>\n<a class=\"next page-numbers\" href=\"https:\/\/atauni.edu.tr\/isletme-bolumu\/wp-json\/wp\/v2\/pages\/6873\/page\/2\/\">Sonraki &raquo;<\/a><\/div>\n\n\n\n<p><\/p>\n","protected":false},"excerpt":{"rendered":"","protected":false},"author":8,"featured_media":0,"parent":0,"menu_order":0,"comment_status":"closed","ping_status":"closed","template":"","meta":{"footnotes":""},"class_list":["post-6873","page","type-page","status-publish","hentry"],"_links":{"self":[{"href":"https:\/\/atauni.edu.tr\/isletme-bolumu\/wp-json\/wp\/v2\/pages\/6873","targetHints":{"allow":["GET"]}}],"collection":[{"href":"https:\/\/atauni.edu.tr\/isletme-bolumu\/wp-json\/wp\/v2\/pages"}],"about":[{"href":"https:\/\/atauni.edu.tr\/isletme-bolumu\/wp-json\/wp\/v2\/types\/page"}],"author":[{"embeddable":true,"href":"https:\/\/atauni.edu.tr\/isletme-bolumu\/wp-json\/wp\/v2\/users\/8"}],"replies":[{"embeddable":true,"href":"https:\/\/atauni.edu.tr\/isletme-bolumu\/wp-json\/wp\/v2\/comments?post=6873"}],"version-history":[{"count":2,"href":"https:\/\/atauni.edu.tr\/isletme-bolumu\/wp-json\/wp\/v2\/pages\/6873\/revisions"}],"predecessor-version":[{"id":6881,"href":"https:\/\/atauni.edu.tr\/isletme-bolumu\/wp-json\/wp\/v2\/pages\/6873\/revisions\/6881"}],"wp:attachment":[{"href":"https:\/\/atauni.edu.tr\/isletme-bolumu\/wp-json\/wp\/v2\/media?parent=6873"}],"curies":[{"name":"wp","href":"https:\/\/api.w.org\/{rel}","templated":true}]}}