{"id":6876,"date":"2025-06-26T12:07:53","date_gmt":"2025-06-26T09:07:53","guid":{"rendered":"https:\/\/birimler.atauni.edu.tr\/isletme-bolumu\/?page_id=6876"},"modified":"2026-02-18T18:23:24","modified_gmt":"2026-02-18T15:23:24","slug":"duyurular","status":"publish","type":"page","link":"https:\/\/atauni.edu.tr\/isletme-bolumu\/duyurular\/","title":{"rendered":"Duyurular"},"content":{"rendered":"\t\t<div data-elementor-type=\"wp-page\" data-elementor-id=\"6876\" class=\"elementor elementor-6876\" data-elementor-post-type=\"page\">\n\t\t\t\t\t\t<section class=\"elementor-section elementor-top-section elementor-element elementor-element-da69519 elementor-section-boxed elementor-section-height-default elementor-section-height-default\" data-id=\"da69519\" data-element_type=\"section\">\n\t\t\t\t\t\t<div class=\"elementor-container elementor-column-gap-default\">\n\t\t\t\t\t<div class=\"elementor-column elementor-col-100 elementor-top-column elementor-element elementor-element-6117e8fe\" data-id=\"6117e8fe\" data-element_type=\"column\">\n\t\t\t<div class=\"elementor-widget-wrap elementor-element-populated\">\n\t\t\t\t\t\t<div class=\"elementor-element elementor-element-661eb540 elementor-widget elementor-widget-text-editor\" data-id=\"661eb540\" data-element_type=\"widget\" data-widget_type=\"text-editor.default\">\n\t\t\t\t<div class=\"elementor-widget-container\">\n\t\t\t\t\t\t\t\t\t<form method=\"get\" class=\"row g-3\" style=\"margin-bottom: 20px;\">\n<div class=\"col-md-3\"><input type=\"text\" name=\"Duyuru_ara\" class=\"form-control\" placeholder=\"Duyuru ara...\" value=\"\"><\/div>\n<div class=\"col-md-3\"><input type=\"date\" name=\"baslangic_tarihi\" class=\"form-control\" value=\"\"><\/div>\n<div class=\"col-md-3\"><input type=\"date\" name=\"bitis_tarihi\" class=\"form-control\" value=\"\"><\/div>\n<div class=\"col-md-3\"><button type=\"submit\" class=\"btn btn-secondary w-50\">Filtrele<\/button><\/div>\n<\/form>\n<ul class=\"kategori-yazilari-liste\">\n<li style=\"display: flex; margin-bottom: 10px; align-items: center;\">\n<div class=\"post-content\" style=\"flex-grow: 1;\"><span class=\"post-date Duyurutarih\" style=\"display: block; font-weight: bold; margin-bottom: 5px;\">19 \u015eubat 2026<\/span><a class=\"Duyurubaslik\" href=\"https:\/\/atauni.edu.tr\/isletme-bolumu\/2026\/02\/19\/isletme-bolumu-lisansustu-ders-programi-yayinlanmistir\/\">\u0130\u015fletme B\u00f6l\u00fcm\u00fc Lisans\u00fcst\u00fc Ders Program\u0131 Yay\u0131nlanm\u0131\u015ft\u0131r<\/a><\/div>\n<\/li>\n<li style=\"display: flex; margin-bottom: 10px; align-items: center;\">\n<div class=\"post-content\" style=\"flex-grow: 1;\"><span class=\"post-date Duyurutarih\" style=\"display: block; font-weight: bold; margin-bottom: 5px;\">19 \u015eubat 2026<\/span><a class=\"Duyurubaslik\" href=\"https:\/\/atauni.edu.tr\/isletme-bolumu\/2026\/02\/19\/isletme-bolumu-baskanlik-gorev-degisimi\/\">\u0130\u015fletme B\u00f6l\u00fcm\u00fc Ba\u015fkanl\u0131k G\u00f6rev De\u011fi\u015fimi<\/a><\/div>\n<\/li>\n<li style=\"display: flex; margin-bottom: 10px; align-items: center;\">\n<div class=\"post-content\" style=\"flex-grow: 1;\"><span class=\"post-date Duyurutarih\" style=\"display: block; font-weight: bold; margin-bottom: 5px;\">7 \u015eubat 2026<\/span><a class=\"Duyurubaslik\" href=\"https:\/\/atauni.edu.tr\/isletme-bolumu\/2026\/02\/07\/lisans-programi-2025-2026-bahar-donemi-ders-programi-yayinlanmistir\/\">Lisans Program\u0131 2025-2026 Bahar D\u00f6nemi Ders Program\u0131 Yay\u0131nlanm\u0131\u015ft\u0131r.<\/a><\/div>\n<\/li>\n<li style=\"display: flex; margin-bottom: 10px; align-items: center;\">\n<div class=\"post-content\" style=\"flex-grow: 1;\"><span class=\"post-date Duyurutarih\" style=\"display: block; font-weight: bold; margin-bottom: 5px;\">8 \u015eubat 2024<\/span><a class=\"Duyurubaslik\" href=\"https:\/\/atauni.edu.tr\/isletme-bolumu\/2024\/02\/08\/27-pazarlama-kongresi\/\">27.\u00a0 Pazarlama Kongresi<\/a><\/div>\n<\/li>\n<li style=\"display: flex; margin-bottom: 10px; align-items: center;\">\n<div class=\"post-content\" style=\"flex-grow: 1;\"><span class=\"post-date Duyurutarih\" style=\"display: block; font-weight: bold; margin-bottom: 5px;\">27 Eyl\u00fcl 2023<\/span><a class=\"Duyurubaslik\" href=\"https:\/\/atauni.edu.tr\/isletme-bolumu\/2023\/09\/27\/akademik-bolum-kurulu\/\">AKADEM\u0130K B\u00d6L\u00dcM KURULU<\/a><\/div>\n<\/li>\n<li style=\"display: flex; margin-bottom: 10px; align-items: center;\">\n<div class=\"post-content\" style=\"flex-grow: 1;\"><span class=\"post-date Duyurutarih\" style=\"display: block; font-weight: bold; margin-bottom: 5px;\">28 Kas\u0131m 2022<\/span><a class=\"Duyurubaslik\" href=\"https:\/\/atauni.edu.tr\/isletme-bolumu\/2022\/11\/28\/kariyer-belirleme-asamasinda-smmm-ve-ymm-mesleklerini-tanima\/\">KAR\u0130YER BEL\u0130RLEME A\u015eAMASINDA SMMM VE YMM MESLEKLER\u0130N\u0130 TANIMA<\/a><\/div>\n<\/li>\n<li style=\"display: flex; margin-bottom: 10px; align-items: center;\">\n<div class=\"post-content\" style=\"flex-grow: 1;\"><span class=\"post-date Duyurutarih\" style=\"display: block; font-weight: bold; margin-bottom: 5px;\">24 Kas\u0131m 2022<\/span><a class=\"Duyurubaslik\" href=\"https:\/\/atauni.edu.tr\/isletme-bolumu\/2022\/11\/24\/farabi-mevlana-ve-orhun-degisim-programlari-bilgilendirme-toplantisi\/\">Farabi, Mevlana ve Orhun De\u011fi\u015fim Programlar\u0131 Bilgilendirme Toplant\u0131s\u0131<\/a><\/div>\n<\/li>\n<li style=\"display: flex; margin-bottom: 10px; align-items: center;\">\n<div class=\"post-content\" style=\"flex-grow: 1;\"><span class=\"post-date Duyurutarih\" style=\"display: block; font-weight: bold; margin-bottom: 5px;\">23 Kas\u0131m 2022<\/span><a class=\"Duyurubaslik\" href=\"https:\/\/atauni.edu.tr\/isletme-bolumu\/2022\/11\/23\/6-lios-bildiri-ozetleri-kitabi-yayinlandi\/\">6. L\u0130OS Bildiri \u00d6zetleri Kitab\u0131 yay\u0131nland\u0131.<\/a><\/div>\n<\/li>\n<li style=\"display: flex; margin-bottom: 10px; align-items: center;\">\n<div class=\"post-content\" style=\"flex-grow: 1;\"><span class=\"post-date Duyurutarih\" style=\"display: block; font-weight: bold; margin-bottom: 5px;\">17 Kas\u0131m 2022<\/span><a class=\"Duyurubaslik\" href=\"https:\/\/atauni.edu.tr\/isletme-bolumu\/2022\/11\/17\/eras\/\">ERASMUS+ \u00c7ALI\u015eTAYI<\/a><\/div>\n<\/li>\n<li style=\"display: flex; margin-bottom: 10px; align-items: center;\">\n<div class=\"post-content\" style=\"flex-grow: 1;\"><span class=\"post-date Duyurutarih\" style=\"display: block; font-weight: bold; margin-bottom: 5px;\">26 Ekim 2022<\/span><a class=\"Duyurubaslik\" href=\"https:\/\/atauni.edu.tr\/isletme-bolumu\/2022\/10\/26\/6388\/\">AKRED\u0130TASYON B\u0130LG\u0130LEND\u0130RME TOPLANTISI<\/a><\/div>\n<\/li>\n<\/ul>\n<nav class=\"pagination\" style=\"margin-top: 20px;\">\n<ul class='page-numbers'>\n<li><span aria-current=\"page\" class=\"page-numbers current\">1<\/span><\/li>\n<li><a class=\"page-numbers\" href=\"https:\/\/atauni.edu.tr\/isletme-bolumu\/wp-json\/wp\/v2\/pages\/6876\/page\/2\/\">2<\/a><\/li>\n<li><a class=\"next page-numbers\" href=\"https:\/\/atauni.edu.tr\/isletme-bolumu\/wp-json\/wp\/v2\/pages\/6876\/page\/2\/\">Sonraki &raquo;<\/a><\/li>\n<\/ul>\n<\/nav>\n\n<p>\u00a0<\/p>\n\t\t\t\t\t\t\t\t<\/div>\n\t\t\t\t<\/div>\n\t\t\t\t\t<\/div>\n\t\t<\/div>\n\t\t\t\t\t<\/div>\n\t\t<\/section>\n\t\t\t\t<\/div>\n\t\t","protected":false},"excerpt":{"rendered":"<p>\u00a0<\/p>\n","protected":false},"author":8,"featured_media":0,"parent":0,"menu_order":0,"comment_status":"closed","ping_status":"closed","template":"","meta":{"footnotes":""},"class_list":["post-6876","page","type-page","status-publish","hentry"],"_links":{"self":[{"href":"https:\/\/atauni.edu.tr\/isletme-bolumu\/wp-json\/wp\/v2\/pages\/6876","targetHints":{"allow":["GET"]}}],"collection":[{"href":"https:\/\/atauni.edu.tr\/isletme-bolumu\/wp-json\/wp\/v2\/pages"}],"about":[{"href":"https:\/\/atauni.edu.tr\/isletme-bolumu\/wp-json\/wp\/v2\/types\/page"}],"author":[{"embeddable":true,"href":"https:\/\/atauni.edu.tr\/isletme-bolumu\/wp-json\/wp\/v2\/users\/8"}],"replies":[{"embeddable":true,"href":"https:\/\/atauni.edu.tr\/isletme-bolumu\/wp-json\/wp\/v2\/comments?post=6876"}],"version-history":[{"count":8,"href":"https:\/\/atauni.edu.tr\/isletme-bolumu\/wp-json\/wp\/v2\/pages\/6876\/revisions"}],"predecessor-version":[{"id":7030,"href":"https:\/\/atauni.edu.tr\/isletme-bolumu\/wp-json\/wp\/v2\/pages\/6876\/revisions\/7030"}],"wp:attachment":[{"href":"https:\/\/atauni.edu.tr\/isletme-bolumu\/wp-json\/wp\/v2\/media?parent=6876"}],"curies":[{"name":"wp","href":"https:\/\/api.w.org\/{rel}","templated":true}]}}