{"id":7059,"date":"2026-02-19T02:38:13","date_gmt":"2026-02-18T23:38:13","guid":{"rendered":"https:\/\/atauni.edu.tr\/isletme-bolumu\/?page_id=7059"},"modified":"2026-02-19T02:38:13","modified_gmt":"2026-02-18T23:38:13","slug":"danismanlik-faaliyetleri","status":"publish","type":"page","link":"https:\/\/atauni.edu.tr\/isletme-bolumu\/danismanlik-faaliyetleri\/","title":{"rendered":"Dan\u0131\u015fmanl\u0131k Faaliyetleri"},"content":{"rendered":"","protected":false},"excerpt":{"rendered":"","protected":false},"author":508,"featured_media":0,"parent":0,"menu_order":0,"comment_status":"closed","ping_status":"closed","template":"","meta":{"footnotes":""},"class_list":["post-7059","page","type-page","status-publish","hentry"],"_links":{"self":[{"href":"https:\/\/atauni.edu.tr\/isletme-bolumu\/wp-json\/wp\/v2\/pages\/7059","targetHints":{"allow":["GET"]}}],"collection":[{"href":"https:\/\/atauni.edu.tr\/isletme-bolumu\/wp-json\/wp\/v2\/pages"}],"about":[{"href":"https:\/\/atauni.edu.tr\/isletme-bolumu\/wp-json\/wp\/v2\/types\/page"}],"author":[{"embeddable":true,"href":"https:\/\/atauni.edu.tr\/isletme-bolumu\/wp-json\/wp\/v2\/users\/508"}],"replies":[{"embeddable":true,"href":"https:\/\/atauni.edu.tr\/isletme-bolumu\/wp-json\/wp\/v2\/comments?post=7059"}],"version-history":[{"count":1,"href":"https:\/\/atauni.edu.tr\/isletme-bolumu\/wp-json\/wp\/v2\/pages\/7059\/revisions"}],"predecessor-version":[{"id":7060,"href":"https:\/\/atauni.edu.tr\/isletme-bolumu\/wp-json\/wp\/v2\/pages\/7059\/revisions\/7060"}],"wp:attachment":[{"href":"https:\/\/atauni.edu.tr\/isletme-bolumu\/wp-json\/wp\/v2\/media?parent=7059"}],"curies":[{"name":"wp","href":"https:\/\/api.w.org\/{rel}","templated":true}]}}