{"id":7082,"date":"2026-02-20T01:31:29","date_gmt":"2026-02-19T22:31:29","guid":{"rendered":"https:\/\/atauni.edu.tr\/isletme-bolumu\/?page_id=7082"},"modified":"2026-02-23T12:40:49","modified_gmt":"2026-02-23T09:40:49","slug":"bolum-komisyonlari-listesi","status":"publish","type":"page","link":"https:\/\/atauni.edu.tr\/isletme-bolumu\/bolum-komisyonlari-listesi\/","title":{"rendered":"B\u00f6l\u00fcm Komisyonlar\u0131 Listesi"},"content":{"rendered":"\t\t<div data-elementor-type=\"wp-page\" data-elementor-id=\"7082\" class=\"elementor elementor-7082\" data-elementor-post-type=\"page\">\n\t\t\t\t\t\t<section class=\"elementor-section elementor-top-section elementor-element elementor-element-99ce2e9 elementor-section-boxed elementor-section-height-default elementor-section-height-default\" data-id=\"99ce2e9\" data-element_type=\"section\">\n\t\t\t\t\t\t<div class=\"elementor-container elementor-column-gap-default\">\n\t\t\t\t\t<div class=\"elementor-column elementor-col-20 elementor-top-column elementor-element elementor-element-2bed855\" data-id=\"2bed855\" data-element_type=\"column\">\n\t\t\t<div class=\"elementor-widget-wrap elementor-element-populated\">\n\t\t\t\t\t\t<div class=\"elementor-element elementor-element-47fc1a5 elementor-widget elementor-widget-heading\" data-id=\"47fc1a5\" data-element_type=\"widget\" data-widget_type=\"heading.default\">\n\t\t\t\t<div class=\"elementor-widget-container\">\n\t\t\t\t\t<h2 class=\"elementor-heading-title elementor-size-default\">B\u00f6l\u00fcm Akreditasyon Komisyonu<\/h2>\t\t\t\t<\/div>\n\t\t\t\t<\/div>\n\t\t\t\t<div class=\"elementor-element elementor-element-1991175 elementor-widget elementor-widget-text-editor\" data-id=\"1991175\" data-element_type=\"widget\" data-widget_type=\"text-editor.default\">\n\t\t\t\t<div class=\"elementor-widget-container\">\n\t\t\t\t\t\t\t\t\t<p>Akreditasyon Komisyonu<br \/>Ba\u015fkan: Prof.Dr. At\u0131lhan NAKT\u0130YOK<br \/>\u00dcye: Prof. Dr. Canan Nur KARABEY<br \/>\u00dcye: Dr. \u00d6\u011fr. \u00dcyesi Sefa \u00c7EL\u0130K<br \/>\u00dcye: Ar\u015f. G\u00f6r. Dr. Musab I\u015eIK<br \/>\u00dcye: Ar\u015f. G\u00f6r. Dr. K\u00fcbra \u00c7EL\u0130K<br \/>Alt Komisyon <br \/>Prof. Dr. Ensar A\u011eIRMAN<br \/>Do\u00e7.Dr. M.K\u00fcr\u015fad T\u0130MURO\u011eLU<br \/>Do\u00e7. Dr. Muhammet \u00d6ZCAN<br \/>Dr. \u00d6\u011fr. \u00dcyesi \u00dclke Hilal \u00c7EL\u0130K<br \/>Dr. \u00d6\u011fr. \u00dcyesi Mukadder HORASAN<br \/>Dr. \u00d6\u011fr. \u00dcyesi Fatma G\u00f6rg\u00fcn DEVEC\u0130<br \/>Dr. \u00d6\u011fr. \u00dcyesi Sezin KARABULUT \u00c7AKIR<br \/>Ar\u015f. G\u00f6r. Asl\u0131han YET\u0130M<br \/>Akreditasyon dan\u0131\u015fman\u0131 : Do\u00e7. Dr. Kadir DEL\u0130G\u00d6Z<\/p>\t\t\t\t\t\t\t\t<\/div>\n\t\t\t\t<\/div>\n\t\t\t\t\t<\/div>\n\t\t<\/div>\n\t\t\t\t<div class=\"elementor-column elementor-col-20 elementor-top-column elementor-element elementor-element-187441b\" data-id=\"187441b\" data-element_type=\"column\">\n\t\t\t<div class=\"elementor-widget-wrap elementor-element-populated\">\n\t\t\t\t\t\t<div class=\"elementor-element elementor-element-2e7aacb elementor-widget elementor-widget-heading\" data-id=\"2e7aacb\" data-element_type=\"widget\" data-widget_type=\"heading.default\">\n\t\t\t\t<div class=\"elementor-widget-container\">\n\t\t\t\t\t<h2 class=\"elementor-heading-title elementor-size-default\">B\u00f6l\u00fcm E\u011fitim Komisyonu<\/h2>\t\t\t\t<\/div>\n\t\t\t\t<\/div>\n\t\t\t\t<div class=\"elementor-element elementor-element-869efe7 elementor-widget elementor-widget-text-editor\" data-id=\"869efe7\" data-element_type=\"widget\" data-widget_type=\"text-editor.default\">\n\t\t\t\t<div class=\"elementor-widget-container\">\n\t\t\t\t\t\t\t\t\t<table width=\"633\"><tbody><tr><td width=\"255\"><p>Dr. \u00d6\u011fr. \u00dcyesi Mukadder HORASAN<\/p><\/td><\/tr><tr><td width=\"255\"><p><span style=\"letter-spacing: 0px\">Dr. \u00d6\u011fr. \u00dcyesi Sefa \u00c7EL\u0130K<\/span><\/p><\/td><\/tr><tr><td width=\"255\"><p>Ar\u015f. G\u00f6r. Dr. K\u00fcbra \u00c7EL\u0130K<\/p><\/td><\/tr><\/tbody><\/table>\t\t\t\t\t\t\t\t<\/div>\n\t\t\t\t<\/div>\n\t\t\t\t\t<\/div>\n\t\t<\/div>\n\t\t\t\t<div class=\"elementor-column elementor-col-20 elementor-top-column elementor-element elementor-element-f202420\" data-id=\"f202420\" data-element_type=\"column\">\n\t\t\t<div class=\"elementor-widget-wrap elementor-element-populated\">\n\t\t\t\t\t\t<div class=\"elementor-element elementor-element-cde14f2 elementor-widget elementor-widget-heading\" data-id=\"cde14f2\" data-element_type=\"widget\" data-widget_type=\"heading.default\">\n\t\t\t\t<div class=\"elementor-widget-container\">\n\t\t\t\t\t<h2 class=\"elementor-heading-title elementor-size-default\">B\u00f6l\u00fcm \u00d6l\u00e7me-De\u011ferlendirme Komisyonu<\/h2>\t\t\t\t<\/div>\n\t\t\t\t<\/div>\n\t\t\t\t<div class=\"elementor-element elementor-element-90f933d elementor-widget elementor-widget-text-editor\" data-id=\"90f933d\" data-element_type=\"widget\" data-widget_type=\"text-editor.default\">\n\t\t\t\t<div class=\"elementor-widget-container\">\n\t\t\t\t\t\t\t\t\t<table width=\"633\"><tbody><tr><td width=\"255\"><p>Prof.Dr. Turan \u00d6NDE\u015e<\/p><\/td><\/tr><tr><td width=\"255\"><p>Do\u00e7. Dr. Muhammed K\u00fcr\u015fat T\u0130MURO\u011eLU<\/p><\/td><\/tr><tr><td width=\"255\"><p>Do\u00e7.Dr.Kadir DEL\u0130G\u00d6Z<\/p><\/td><\/tr><\/tbody><\/table>\t\t\t\t\t\t\t\t<\/div>\n\t\t\t\t<\/div>\n\t\t\t\t\t<\/div>\n\t\t<\/div>\n\t\t\t\t<div class=\"elementor-column elementor-col-20 elementor-top-column elementor-element elementor-element-ce91d74\" data-id=\"ce91d74\" data-element_type=\"column\">\n\t\t\t<div class=\"elementor-widget-wrap elementor-element-populated\">\n\t\t\t\t\t\t<div class=\"elementor-element elementor-element-1a16b58 elementor-widget elementor-widget-heading\" data-id=\"1a16b58\" data-element_type=\"widget\" data-widget_type=\"heading.default\">\n\t\t\t\t<div class=\"elementor-widget-container\">\n\t\t\t\t\t<h2 class=\"elementor-heading-title elementor-size-default\">B\u00f6l\u00fcm Muafiyet ve \u0130ntibak Komisyonu<\/h2>\t\t\t\t<\/div>\n\t\t\t\t<\/div>\n\t\t\t\t<div class=\"elementor-element elementor-element-029cd72 elementor-widget elementor-widget-text-editor\" data-id=\"029cd72\" data-element_type=\"widget\" data-widget_type=\"text-editor.default\">\n\t\t\t\t<div class=\"elementor-widget-container\">\n\t\t\t\t\t\t\t\t\t<table width=\"633\"><tbody><tr><td width=\"255\"><p>Dr. \u00d6\u011fr. \u00dcyesi Mukadder HORASAN<\/p><\/td><\/tr><tr><td width=\"255\"><p><span style=\"letter-spacing: 0px\">Dr. \u00d6\u011fr. \u00dcyesi Sefa \u00c7EL\u0130K<\/span><\/p><\/td><\/tr><tr><td width=\"255\"><p>Ar\u015f. G\u00f6r. Dr. K\u00fcbra \u00c7EL\u0130K<\/p><\/td><\/tr><\/tbody><\/table>\t\t\t\t\t\t\t\t<\/div>\n\t\t\t\t<\/div>\n\t\t\t\t\t<\/div>\n\t\t<\/div>\n\t\t\t\t<div class=\"elementor-column elementor-col-20 elementor-top-column elementor-element elementor-element-d3ff57b\" data-id=\"d3ff57b\" data-element_type=\"column\">\n\t\t\t<div class=\"elementor-widget-wrap elementor-element-populated\">\n\t\t\t\t\t\t<div class=\"elementor-element elementor-element-14c2662 elementor-widget elementor-widget-heading\" data-id=\"14c2662\" data-element_type=\"widget\" data-widget_type=\"heading.default\">\n\t\t\t\t<div class=\"elementor-widget-container\">\n\t\t\t\t\t<h2 class=\"elementor-heading-title elementor-size-default\">B\u00f6l\u00fcm Staj Komisyonu<\/h2>\t\t\t\t<\/div>\n\t\t\t\t<\/div>\n\t\t\t\t<div class=\"elementor-element elementor-element-c98f207 elementor-widget elementor-widget-text-editor\" data-id=\"c98f207\" data-element_type=\"widget\" data-widget_type=\"text-editor.default\">\n\t\t\t\t<div class=\"elementor-widget-container\">\n\t\t\t\t\t\t\t\t\t<p>Prof. Dr. Turan \u00d6NDE\u015e (Ba\u015fkan)<\/p><p>\u00a0Do\u00e7. Dr. M. K\u00fcr\u015fat T\u0130MURO\u011eLU<\/p><p>\u00a0Do\u00e7. Dr. Kadir DEL\u0130G\u00d6Z<\/p>\t\t\t\t\t\t\t\t<\/div>\n\t\t\t\t<\/div>\n\t\t\t\t\t<\/div>\n\t\t<\/div>\n\t\t\t\t\t<\/div>\n\t\t<\/section>\n\t\t\t\t<\/div>\n\t\t","protected":false},"excerpt":{"rendered":"<p>B\u00f6l\u00fcm Akreditasyon Komisyonu Akreditasyon KomisyonuBa\u015fkan: Prof.Dr. At\u0131lhan NAKT\u0130YOK\u00dcye: Prof. Dr. Canan Nur KARABEY\u00dcye: Dr. \u00d6\u011fr. \u00dcyesi Sefa \u00c7EL\u0130K\u00dcye: Ar\u015f. G\u00f6r. Dr. Musab I\u015eIK\u00dcye: Ar\u015f. G\u00f6r. Dr. K\u00fcbra \u00c7EL\u0130KAlt Komisyon Prof. Dr. Ensar A\u011eIRMANDo\u00e7.Dr. M.K\u00fcr\u015fad T\u0130MURO\u011eLUDo\u00e7. Dr. Muhammet \u00d6ZCANDr. \u00d6\u011fr. \u00dcyesi \u00dclke Hilal \u00c7EL\u0130KDr. \u00d6\u011fr. \u00dcyesi Mukadder HORASANDr. \u00d6\u011fr. \u00dcyesi Fatma G\u00f6rg\u00fcn DEVEC\u0130Dr. \u00d6\u011fr. \u00dcyesi Sezin [&hellip;]<\/p>\n","protected":false},"author":508,"featured_media":0,"parent":0,"menu_order":0,"comment_status":"closed","ping_status":"closed","template":"","meta":{"footnotes":""},"class_list":["post-7082","page","type-page","status-publish","hentry"],"_links":{"self":[{"href":"https:\/\/atauni.edu.tr\/isletme-bolumu\/wp-json\/wp\/v2\/pages\/7082","targetHints":{"allow":["GET"]}}],"collection":[{"href":"https:\/\/atauni.edu.tr\/isletme-bolumu\/wp-json\/wp\/v2\/pages"}],"about":[{"href":"https:\/\/atauni.edu.tr\/isletme-bolumu\/wp-json\/wp\/v2\/types\/page"}],"author":[{"embeddable":true,"href":"https:\/\/atauni.edu.tr\/isletme-bolumu\/wp-json\/wp\/v2\/users\/508"}],"replies":[{"embeddable":true,"href":"https:\/\/atauni.edu.tr\/isletme-bolumu\/wp-json\/wp\/v2\/comments?post=7082"}],"version-history":[{"count":10,"href":"https:\/\/atauni.edu.tr\/isletme-bolumu\/wp-json\/wp\/v2\/pages\/7082\/revisions"}],"predecessor-version":[{"id":7145,"href":"https:\/\/atauni.edu.tr\/isletme-bolumu\/wp-json\/wp\/v2\/pages\/7082\/revisions\/7145"}],"wp:attachment":[{"href":"https:\/\/atauni.edu.tr\/isletme-bolumu\/wp-json\/wp\/v2\/media?parent=7082"}],"curies":[{"name":"wp","href":"https:\/\/api.w.org\/{rel}","templated":true}]}}