{"id":7102,"date":"2026-02-21T01:12:04","date_gmt":"2026-02-20T22:12:04","guid":{"rendered":"https:\/\/atauni.edu.tr\/isletme-bolumu\/?page_id=7102"},"modified":"2026-02-21T02:00:58","modified_gmt":"2026-02-20T23:00:58","slug":"tezli-yuksek-lisans-basvuru-sureci","status":"publish","type":"page","link":"https:\/\/atauni.edu.tr\/isletme-bolumu\/tezli-yuksek-lisans-basvuru-sureci\/","title":{"rendered":"Tezli Y\u00fcksek Lisans"},"content":{"rendered":"\t\t<div data-elementor-type=\"wp-page\" data-elementor-id=\"7102\" class=\"elementor elementor-7102\" data-elementor-post-type=\"page\">\n\t\t\t\t\t\t<section class=\"elementor-section elementor-top-section elementor-element elementor-element-e5a9855 elementor-section-boxed elementor-section-height-default elementor-section-height-default\" data-id=\"e5a9855\" data-element_type=\"section\">\n\t\t\t\t\t\t<div class=\"elementor-container elementor-column-gap-default\">\n\t\t\t\t\t<div class=\"elementor-column elementor-col-100 elementor-top-column elementor-element elementor-element-2306539\" data-id=\"2306539\" data-element_type=\"column\">\n\t\t\t<div class=\"elementor-widget-wrap elementor-element-populated\">\n\t\t\t\t\t\t<div class=\"elementor-element elementor-element-73ac148 elementor-widget elementor-widget-heading\" data-id=\"73ac148\" data-element_type=\"widget\" data-widget_type=\"heading.default\">\n\t\t\t\t<div class=\"elementor-widget-container\">\n\t\t\t\t\t<h2 class=\"elementor-heading-title elementor-size-default\">\ud83c\udf93 Neden Lisans\u00fcst\u00fc E\u011fitim Tercih Edilmeli?<\/h2>\t\t\t\t<\/div>\n\t\t\t\t<\/div>\n\t\t\t\t<div class=\"elementor-element elementor-element-1177976 elementor-widget elementor-widget-text-editor\" data-id=\"1177976\" data-element_type=\"widget\" data-widget_type=\"text-editor.default\">\n\t\t\t\t<div class=\"elementor-widget-container\">\n\t\t\t\t\t\t\t\t\t<p data-start=\"474\" data-end=\"768\"><span class=\"hover:entity-accent entity-underline inline cursor-pointer align-baseline\"><span class=\"whitespace-normal\">Atat\u00fcrk \u00dcniversitesi<\/span><\/span> \u0130ktisadi ve \u0130dari Bilimler Fak\u00fcltesi \u0130\u015fletme program\u0131 \u00f6\u011frencileri i\u00e7in lisans\u00fcst\u00fc e\u011fitim, yaln\u0131zca bir akademik ilerleme s\u00fcreci de\u011fil; ayn\u0131 zamanda uzmanla\u015fma, ara\u015ft\u0131rma yetkinli\u011fi kazanma ve kariyer olanaklar\u0131n\u0131 geni\u015fletme a\u00e7\u0131s\u0131ndan stratejik bir ad\u0131md\u0131r.<\/p><h4 data-start=\"770\" data-end=\"805\">1. Uzmanla\u015fma ve Derinle\u015fme<\/h4><p data-start=\"806\" data-end=\"1041\">Lisans d\u00fczeyinde edinilen temel i\u015fletme bilgileri, lisans\u00fcst\u00fc e\u011fitim ile belirli bir alanda (muhasebe, finans, y\u00f6netim, pazarlama vb.) derinle\u015ftirilir. Bu sayede \u00f6\u011frenciler, se\u00e7tikleri alanda uzmanla\u015farak rekabet avantaj\u0131 elde ederler.<\/p><h4 data-start=\"1043\" data-end=\"1084\">2. Akademik ve Analitik Yetkinlik<\/h4><p data-start=\"1085\" data-end=\"1295\">Lisans\u00fcst\u00fc programlar, \u00f6\u011frencilere ileri d\u00fczey ara\u015ft\u0131rma y\u00f6ntemleri, veri analizi ve bilimsel d\u00fc\u015f\u00fcnme becerileri kazand\u0131r\u0131r. Bu durum \u00f6zellikle akademik kariyer hedefleyen \u00f6\u011frenciler i\u00e7in kritik \u00f6neme sahiptir.<\/p><h4 data-start=\"1297\" data-end=\"1337\">3. Kariyer F\u0131rsatlar\u0131n\u0131n Artmas\u0131<\/h4><p data-start=\"1338\" data-end=\"1580\">Y\u00fcksek lisans ve doktora dereceleri, kamu ve \u00f6zel sekt\u00f6rde daha nitelikli pozisyonlara eri\u015fim sa\u011flar. \u00d6zellikle y\u00f6netici pozisyonlar\u0131, uzmanl\u0131k gerektiren alanlar ve dan\u0131\u015fmanl\u0131k gibi kariyer yollar\u0131nda lisans\u00fcst\u00fc e\u011fitim \u00f6nemli bir avantajd\u0131r.<\/p><h4 data-start=\"1582\" data-end=\"1616\">4. Akademik Kariyer \u0130mk\u00e2n\u0131<\/h4><p data-start=\"1617\" data-end=\"1803\">\u00dcniversitelerde \u00f6\u011fretim eleman\u0131 olabilmek i\u00e7in lisans\u00fcst\u00fc e\u011fitim zorunludur. Bu ba\u011flamda, akademik kariyer hedefleyen \u00f6\u011frenciler i\u00e7in y\u00fcksek lisans ve doktora programlar\u0131 vazge\u00e7ilmezdir.<\/p><h4 data-start=\"1805\" data-end=\"1847\">5. De\u011fi\u015fim ve Ara\u015ft\u0131rma Olanaklar\u0131<\/h4><p data-start=\"1848\" data-end=\"2022\">Lisans\u00fcst\u00fc e\u011fitim s\u00fcrecinde \u00f6\u011frenciler; ulusal ve uluslararas\u0131 projelerde yer alma, bilimsel yay\u0131n yapma ve farkl\u0131 \u00fcniversitelerle i\u015f birli\u011fi geli\u015ftirme f\u0131rsat\u0131 elde ederler.<\/p><h4 data-start=\"2024\" data-end=\"2065\">6. Ki\u015fisel ve Profesyonel Geli\u015fim<\/h4><p data-start=\"2066\" data-end=\"2270\">Ele\u015ftirel d\u00fc\u015f\u00fcnme, problem \u00e7\u00f6zme, sunum yapabilme ve akademik yaz\u0131m becerileri lisans\u00fcst\u00fc e\u011fitim s\u00fcrecinde \u00f6nemli \u00f6l\u00e7\u00fcde geli\u015fir. Bu beceriler, yaln\u0131zca akademide de\u011fil i\u015f hayat\u0131nda da y\u00fcksek de\u011fer ta\u015f\u0131r.<\/p>\t\t\t\t\t\t\t\t<\/div>\n\t\t\t\t<\/div>\n\t\t\t\t\t<\/div>\n\t\t<\/div>\n\t\t\t\t\t<\/div>\n\t\t<\/section>\n\t\t\t\t<section class=\"elementor-section elementor-top-section elementor-element elementor-element-096d239 elementor-section-boxed elementor-section-height-default elementor-section-height-default\" data-id=\"096d239\" data-element_type=\"section\">\n\t\t\t\t\t\t<div class=\"elementor-container elementor-column-gap-default\">\n\t\t\t\t\t<div class=\"elementor-column elementor-col-100 elementor-top-column elementor-element elementor-element-1f8e4a5\" data-id=\"1f8e4a5\" data-element_type=\"column\">\n\t\t\t<div class=\"elementor-widget-wrap elementor-element-populated\">\n\t\t\t\t\t\t<div class=\"elementor-element elementor-element-6300011 elementor-widget elementor-widget-text-editor\" data-id=\"6300011\" data-element_type=\"widget\" data-widget_type=\"text-editor.default\">\n\t\t\t\t<div class=\"elementor-widget-container\">\n\t\t\t\t\t\t\t\t\t<p>Lisans\u00fcst\u00fc ba\u015fvuru s\u00fcre\u00e7lerinde;<\/p><ul><li>Sonu\u00e7lar,<\/li><li>Bilgilendirme,<\/li><li>B\u00fct\u00fcnle\u015fik y\u00fcksek lisans,<\/li><li>Kontenjanlar,<\/li><li>Takvim,<\/li><li>Ba\u015fvuru \u015fartlar\u0131,<\/li><li>Ba\u015fvuru i\u015flemleri,<\/li><li>Ba\u015fvuru belgeleri,\u00a0<\/li><li>De\u011ferlendirme,<\/li><li>E\u015fde\u011ferlikler<\/li><\/ul><p>gibi bir\u00e7ok bilgiye ula\u015fmak i\u00e7in <a href=\"https:\/\/atauni.edu.tr\/ogrenci-isleri-daire-baskanligi\/lisansustu-programlar\/\">t\u0131klay\u0131n\u0131z<\/a>.<\/p><p>Ayr\u0131ca formlar ve ileti\u015fim bilgileri i\u00e7in <a href=\"https:\/\/atauni.edu.tr\/sosyal-bilimler-enstitusu\/\">Sosyal Bilimler Enstit\u00fcs\u00fc<\/a> &#8216; n\u00fcn sayfas\u0131n\u0131 da ziyaret edebilirsiniz<\/p>\t\t\t\t\t\t\t\t<\/div>\n\t\t\t\t<\/div>\n\t\t\t\t\t<\/div>\n\t\t<\/div>\n\t\t\t\t\t<\/div>\n\t\t<\/section>\n\t\t\t\t<\/div>\n\t\t","protected":false},"excerpt":{"rendered":"<p>\ud83c\udf93 Neden Lisans\u00fcst\u00fc E\u011fitim Tercih Edilmeli? Atat\u00fcrk \u00dcniversitesi \u0130ktisadi ve \u0130dari Bilimler Fak\u00fcltesi \u0130\u015fletme program\u0131 \u00f6\u011frencileri i\u00e7in lisans\u00fcst\u00fc e\u011fitim, yaln\u0131zca bir akademik ilerleme s\u00fcreci de\u011fil; ayn\u0131 zamanda uzmanla\u015fma, ara\u015ft\u0131rma yetkinli\u011fi kazanma ve kariyer olanaklar\u0131n\u0131 geni\u015fletme a\u00e7\u0131s\u0131ndan stratejik bir ad\u0131md\u0131r. 1. Uzmanla\u015fma ve Derinle\u015fme Lisans d\u00fczeyinde edinilen temel i\u015fletme bilgileri, lisans\u00fcst\u00fc e\u011fitim ile belirli bir alanda [&hellip;]<\/p>\n","protected":false},"author":508,"featured_media":0,"parent":0,"menu_order":0,"comment_status":"closed","ping_status":"closed","template":"","meta":{"footnotes":""},"class_list":["post-7102","page","type-page","status-publish","hentry"],"_links":{"self":[{"href":"https:\/\/atauni.edu.tr\/isletme-bolumu\/wp-json\/wp\/v2\/pages\/7102","targetHints":{"allow":["GET"]}}],"collection":[{"href":"https:\/\/atauni.edu.tr\/isletme-bolumu\/wp-json\/wp\/v2\/pages"}],"about":[{"href":"https:\/\/atauni.edu.tr\/isletme-bolumu\/wp-json\/wp\/v2\/types\/page"}],"author":[{"embeddable":true,"href":"https:\/\/atauni.edu.tr\/isletme-bolumu\/wp-json\/wp\/v2\/users\/508"}],"replies":[{"embeddable":true,"href":"https:\/\/atauni.edu.tr\/isletme-bolumu\/wp-json\/wp\/v2\/comments?post=7102"}],"version-history":[{"count":12,"href":"https:\/\/atauni.edu.tr\/isletme-bolumu\/wp-json\/wp\/v2\/pages\/7102\/revisions"}],"predecessor-version":[{"id":7123,"href":"https:\/\/atauni.edu.tr\/isletme-bolumu\/wp-json\/wp\/v2\/pages\/7102\/revisions\/7123"}],"wp:attachment":[{"href":"https:\/\/atauni.edu.tr\/isletme-bolumu\/wp-json\/wp\/v2\/media?parent=7102"}],"curies":[{"name":"wp","href":"https:\/\/api.w.org\/{rel}","templated":true}]}}