{"id":7116,"date":"2026-02-21T01:40:12","date_gmt":"2026-02-20T22:40:12","guid":{"rendered":"https:\/\/atauni.edu.tr\/isletme-bolumu\/?page_id=7116"},"modified":"2026-02-21T01:59:21","modified_gmt":"2026-02-20T22:59:21","slug":"tezsiz-yuksek-lisans","status":"publish","type":"page","link":"https:\/\/atauni.edu.tr\/isletme-bolumu\/tezsiz-yuksek-lisans\/","title":{"rendered":"Tezsiz Y\u00fcksek Lisans"},"content":{"rendered":"\t\t<div data-elementor-type=\"wp-page\" data-elementor-id=\"7116\" class=\"elementor elementor-7116\" data-elementor-post-type=\"page\">\n\t\t\t\t\t\t<section class=\"elementor-section elementor-top-section elementor-element elementor-element-20c41be elementor-section-boxed elementor-section-height-default elementor-section-height-default\" data-id=\"20c41be\" data-element_type=\"section\">\n\t\t\t\t\t\t<div class=\"elementor-container elementor-column-gap-default\">\n\t\t\t\t\t<div class=\"elementor-column elementor-col-100 elementor-top-column elementor-element elementor-element-6eab72f\" data-id=\"6eab72f\" data-element_type=\"column\">\n\t\t\t<div class=\"elementor-widget-wrap elementor-element-populated\">\n\t\t\t\t\t\t<div class=\"elementor-element elementor-element-4e0862f elementor-widget elementor-widget-heading\" data-id=\"4e0862f\" data-element_type=\"widget\" data-widget_type=\"heading.default\">\n\t\t\t\t<div class=\"elementor-widget-container\">\n\t\t\t\t\t<h2 class=\"elementor-heading-title elementor-size-default\">\u0130\u015fletme B\u00f6l\u00fcm\u00fcn\u00fc \u0130lgilendiren Tezsiz Y\u00fcksek Lisans Programlar\u0131<\/h2>\t\t\t\t<\/div>\n\t\t\t\t<\/div>\n\t\t\t\t<div class=\"elementor-element elementor-element-2d6008b elementor-widget elementor-widget-text-editor\" data-id=\"2d6008b\" data-element_type=\"widget\" data-widget_type=\"text-editor.default\">\n\t\t\t\t<div class=\"elementor-widget-container\">\n\t\t\t\t\t\t\t\t\t<p>Programlar a\u015fa\u011f\u0131da ba\u011flant\u0131 verilerek listelenmi\u015ftir.<\/p><p><a href=\"https:\/\/atauzem.atauni.edu.tr\/programlar\/isletme\">\u0130\u015fletme Tezsiz Y\u00fcksek Lisans Program\u0131<\/a><\/p><p><a href=\"https:\/\/atauzem.atauni.edu.tr\/programlar\/isletme-ingilizce\">\u0130\u015fletme (\u0130ngilizce) Tezsiz Y\u00fcksek Lisans Program\u0131<\/a><\/p><p><a href=\"https:\/\/atauzem.atauni.edu.tr\/programlar\/yoneticiler-icin-isletme\">Y\u00f6neticiler \u0130\u00e7in \u0130\u015fletme Tezsiz Y\u00fcksek Lisans Program\u0131<\/a><\/p><p><a href=\"https:\/\/atauzem.atauni.edu.tr\/programlar\/yoneticiler-icin-isletme-ingilizce\">Y\u00f6neticiler \u0130\u00e7in \u0130\u015fletme (\u0130ngilizce) Tezsiz Y\u00fcksek Lisans Program\u0131<\/a><\/p><p><a href=\"https:\/\/atauzem.atauni.edu.tr\/programlar\/insan-kaynaklari-yonetimi-tezsiz-yuksek-lisans\">\u0130nsan Kaynaklar\u0131 Y\u00f6netimi Tezsiz Y\u00fcksek Lisans Program\u0131<\/a><\/p><p><a href=\"https:\/\/atauzem.atauni.edu.tr\/programlar\/pazarlama\">Pazarlama Tezsiz Y\u00fcksek Lisans Program\u0131<\/a><\/p>\t\t\t\t\t\t\t\t<\/div>\n\t\t\t\t<\/div>\n\t\t\t\t<div class=\"elementor-element elementor-element-f2b5806 elementor-widget elementor-widget-text-editor\" data-id=\"f2b5806\" data-element_type=\"widget\" data-widget_type=\"text-editor.default\">\n\t\t\t\t<div class=\"elementor-widget-container\">\n\t\t\t\t\t\t\t\t\t<p>2025 \u2013 2026\u00a0E\u011fitim-\u00d6\u011fretim y\u0131l\u0131\u00a0bahar\u00a0yar\u0131y\u0131l\u0131nda kay\u0131t yapt\u0131racak \u00f6\u011frenciler i\u00e7in tezsiz y\u00fcksek lisans program \u00fccretleri<\/p><p>\u00dcniversite Y\u00f6netim Kurulunun 23.05.2025 tarihli toplant\u0131s\u0131nda;<\/p><p><strong>Sosyal Bilimler Enstit\u00fcs\u00fc<\/strong>\u00a0Tezsiz Y\u00fcksek Lisans Programlar\u0131 i\u00e7in ise\u00a0<strong>50.000 (ellibin) \u20ba,<\/strong><\/p><p>olarak\u00a0 belirlenmi\u015f olup,\u00a0<\/p><p>ilgili tutarlar g\u00fcz ve bahar d\u00f6nemi ba\u015flar\u0131nda iki e\u015fit taksit halinde tahsil edilecektir.<\/p><p>\u2014 \u00dccretler Halk Bankas\u0131 ve Vak\u0131flar Bankas\u0131 gi\u015felerinden, Halk Bankas\u0131, Vak\u0131flar Bankas\u0131 ve Ziraat Bankas\u0131 ATM\u2019lerinden veya internet bankac\u0131l\u0131\u011f\u0131ndan yat\u0131r\u0131labilmektedir.<\/p><p>Ayr\u0131ca detayl\u0131 bilgilere eri\u015fmek i\u00e7in <a href=\"https:\/\/atauni.edu.tr\/ogrenci-isleri-daire-baskanligi\/lisansustu-programlar\/\">t\u0131klay\u0131n\u0131z<\/a>.<\/p><p>Tezsiz y\u00fcksek lisans s\u00fcrecinde ilgili formlar\u0131 ve dilek\u00e7eleri edinmek ve ileti\u015fime ge\u00e7mek i\u00e7in <a href=\"https:\/\/atauni.edu.tr\/sosyal-bilimler-enstitusu\/tezsiz-yuksek-lisans-formlari\/\">Sosyal Bilimler Enstit\u00fcs\u00fc<\/a> sayfas\u0131n\u0131 ziyaret edebilirsiniz.<\/p>\t\t\t\t\t\t\t\t<\/div>\n\t\t\t\t<\/div>\n\t\t\t\t\t<\/div>\n\t\t<\/div>\n\t\t\t\t\t<\/div>\n\t\t<\/section>\n\t\t\t\t<\/div>\n\t\t","protected":false},"excerpt":{"rendered":"<p>\u0130\u015fletme B\u00f6l\u00fcm\u00fcn\u00fc \u0130lgilendiren Tezsiz Y\u00fcksek Lisans Programlar\u0131 Programlar a\u015fa\u011f\u0131da ba\u011flant\u0131 verilerek listelenmi\u015ftir. \u0130\u015fletme Tezsiz Y\u00fcksek Lisans Program\u0131 \u0130\u015fletme (\u0130ngilizce) Tezsiz Y\u00fcksek Lisans Program\u0131 Y\u00f6neticiler \u0130\u00e7in \u0130\u015fletme Tezsiz Y\u00fcksek Lisans Program\u0131 Y\u00f6neticiler \u0130\u00e7in \u0130\u015fletme (\u0130ngilizce) Tezsiz Y\u00fcksek Lisans Program\u0131 \u0130nsan Kaynaklar\u0131 Y\u00f6netimi Tezsiz Y\u00fcksek Lisans Program\u0131 Pazarlama Tezsiz Y\u00fcksek Lisans Program\u0131 2025 \u2013 2026\u00a0E\u011fitim-\u00d6\u011fretim y\u0131l\u0131\u00a0bahar\u00a0yar\u0131y\u0131l\u0131nda kay\u0131t [&hellip;]<\/p>\n","protected":false},"author":508,"featured_media":0,"parent":0,"menu_order":0,"comment_status":"closed","ping_status":"closed","template":"","meta":{"footnotes":""},"class_list":["post-7116","page","type-page","status-publish","hentry"],"_links":{"self":[{"href":"https:\/\/atauni.edu.tr\/isletme-bolumu\/wp-json\/wp\/v2\/pages\/7116","targetHints":{"allow":["GET"]}}],"collection":[{"href":"https:\/\/atauni.edu.tr\/isletme-bolumu\/wp-json\/wp\/v2\/pages"}],"about":[{"href":"https:\/\/atauni.edu.tr\/isletme-bolumu\/wp-json\/wp\/v2\/types\/page"}],"author":[{"embeddable":true,"href":"https:\/\/atauni.edu.tr\/isletme-bolumu\/wp-json\/wp\/v2\/users\/508"}],"replies":[{"embeddable":true,"href":"https:\/\/atauni.edu.tr\/isletme-bolumu\/wp-json\/wp\/v2\/comments?post=7116"}],"version-history":[{"count":4,"href":"https:\/\/atauni.edu.tr\/isletme-bolumu\/wp-json\/wp\/v2\/pages\/7116\/revisions"}],"predecessor-version":[{"id":7122,"href":"https:\/\/atauni.edu.tr\/isletme-bolumu\/wp-json\/wp\/v2\/pages\/7116\/revisions\/7122"}],"wp:attachment":[{"href":"https:\/\/atauni.edu.tr\/isletme-bolumu\/wp-json\/wp\/v2\/media?parent=7116"}],"curies":[{"name":"wp","href":"https:\/\/api.w.org\/{rel}","templated":true}]}}