{"id":7129,"date":"2026-02-21T02:06:50","date_gmt":"2026-02-20T23:06:50","guid":{"rendered":"https:\/\/atauni.edu.tr\/isletme-bolumu\/?page_id=7129"},"modified":"2026-02-21T02:11:26","modified_gmt":"2026-02-20T23:11:26","slug":"2024-2028-stratejik-plani","status":"publish","type":"page","link":"https:\/\/atauni.edu.tr\/isletme-bolumu\/2024-2028-stratejik-plani\/","title":{"rendered":"2024-2028 Stratejik Plan\u0131"},"content":{"rendered":"\t\t<div data-elementor-type=\"wp-page\" data-elementor-id=\"7129\" class=\"elementor elementor-7129\" data-elementor-post-type=\"page\">\n\t\t\t\t\t\t<section class=\"elementor-section elementor-top-section elementor-element elementor-element-f5a0f7b elementor-section-boxed elementor-section-height-default elementor-section-height-default\" data-id=\"f5a0f7b\" data-element_type=\"section\">\n\t\t\t\t\t\t<div class=\"elementor-container elementor-column-gap-default\">\n\t\t\t\t\t<div class=\"elementor-column elementor-col-100 elementor-top-column elementor-element elementor-element-ffd1327\" data-id=\"ffd1327\" data-element_type=\"column\">\n\t\t\t<div class=\"elementor-widget-wrap elementor-element-populated\">\n\t\t\t\t\t\t<div class=\"elementor-element elementor-element-58569b5 elementor-widget elementor-widget-heading\" data-id=\"58569b5\" data-element_type=\"widget\" data-widget_type=\"heading.default\">\n\t\t\t\t<div class=\"elementor-widget-container\">\n\t\t\t\t\t<h2 class=\"elementor-heading-title elementor-size-default\">\u0130\u015fletme B\u00f6l\u00fcm\u00fc 2024-2028 Startejik Plan\u0131n\u0131 a\u015fa\u011f\u0131daki dosyadan inceleyebilirsiniz.<\/h2>\t\t\t\t<\/div>\n\t\t\t\t<\/div>\n\t\t\t\t<div class=\"elementor-element elementor-element-85dcdea elementor-widget elementor-widget-pdf_viewer\" data-id=\"85dcdea\" data-element_type=\"widget\" data-widget_type=\"pdf_viewer.default\">\n\t\t\t\t<div class=\"elementor-widget-container\">\n\t\t\t\t\t<iframe src=\"https:\/\/docs.google.com\/viewer?url=http:\/\/atauni.edu.tr\/isletme-bolumu\/wp-content\/uploads\/sites\/127\/2026\/02\/2024-2028-Stratejik-Plani.pdf&amp;embedded=true\" style=\"display: block; margin-left: auto; margin-right: auto; width: 640px; height: 1020px;\" frameborder=\"1\" marginheight=\"0px\" marginwidth=\"0px\" allowfullscreen><\/iframe>\t\t\t\t<\/div>\n\t\t\t\t<\/div>\n\t\t\t\t\t<\/div>\n\t\t<\/div>\n\t\t\t\t\t<\/div>\n\t\t<\/section>\n\t\t\t\t<\/div>\n\t\t","protected":false},"excerpt":{"rendered":"<p>\u0130\u015fletme B\u00f6l\u00fcm\u00fc 2024-2028 Startejik Plan\u0131n\u0131 a\u015fa\u011f\u0131daki dosyadan inceleyebilirsiniz.<\/p>\n","protected":false},"author":508,"featured_media":0,"parent":0,"menu_order":0,"comment_status":"closed","ping_status":"closed","template":"","meta":{"footnotes":""},"class_list":["post-7129","page","type-page","status-publish","hentry"],"_links":{"self":[{"href":"https:\/\/atauni.edu.tr\/isletme-bolumu\/wp-json\/wp\/v2\/pages\/7129","targetHints":{"allow":["GET"]}}],"collection":[{"href":"https:\/\/atauni.edu.tr\/isletme-bolumu\/wp-json\/wp\/v2\/pages"}],"about":[{"href":"https:\/\/atauni.edu.tr\/isletme-bolumu\/wp-json\/wp\/v2\/types\/page"}],"author":[{"embeddable":true,"href":"https:\/\/atauni.edu.tr\/isletme-bolumu\/wp-json\/wp\/v2\/users\/508"}],"replies":[{"embeddable":true,"href":"https:\/\/atauni.edu.tr\/isletme-bolumu\/wp-json\/wp\/v2\/comments?post=7129"}],"version-history":[{"count":4,"href":"https:\/\/atauni.edu.tr\/isletme-bolumu\/wp-json\/wp\/v2\/pages\/7129\/revisions"}],"predecessor-version":[{"id":7136,"href":"https:\/\/atauni.edu.tr\/isletme-bolumu\/wp-json\/wp\/v2\/pages\/7129\/revisions\/7136"}],"wp:attachment":[{"href":"https:\/\/atauni.edu.tr\/isletme-bolumu\/wp-json\/wp\/v2\/media?parent=7129"}],"curies":[{"name":"wp","href":"https:\/\/api.w.org\/{rel}","templated":true}]}}