{"id":7231,"date":"2026-03-05T15:29:57","date_gmt":"2026-03-05T12:29:57","guid":{"rendered":"https:\/\/atauni.edu.tr\/isletme-bolumu\/?page_id=7231"},"modified":"2026-03-05T15:32:44","modified_gmt":"2026-03-05T12:32:44","slug":"kariyer-danismanligi","status":"publish","type":"page","link":"https:\/\/atauni.edu.tr\/isletme-bolumu\/kariyer-danismanligi\/","title":{"rendered":"Kariyer Dan\u0131\u015fmanl\u0131\u011f\u0131"},"content":{"rendered":"\t\t<div data-elementor-type=\"wp-page\" data-elementor-id=\"7231\" class=\"elementor elementor-7231\" data-elementor-post-type=\"page\">\n\t\t\t\t\t\t<section class=\"elementor-section elementor-top-section elementor-element elementor-element-3488819 elementor-section-boxed elementor-section-height-default elementor-section-height-default\" data-id=\"3488819\" data-element_type=\"section\">\n\t\t\t\t\t\t<div class=\"elementor-container elementor-column-gap-default\">\n\t\t\t\t\t<div class=\"elementor-column elementor-col-100 elementor-top-column elementor-element elementor-element-7db095c\" data-id=\"7db095c\" data-element_type=\"column\">\n\t\t\t<div class=\"elementor-widget-wrap elementor-element-populated\">\n\t\t\t\t\t\t<div class=\"elementor-element elementor-element-2230b73 elementor-widget elementor-widget-text-editor\" data-id=\"2230b73\" data-element_type=\"widget\" data-widget_type=\"text-editor.default\">\n\t\t\t\t<div class=\"elementor-widget-container\">\n\t\t\t\t\t\t\t\t\t<p><span style=\"font-weight: 400\">\u00d6\u011frencilere akademik dan\u0131\u015fmanl\u0131\u011f\u0131n yan\u0131 s\u0131ra kariyer dan\u0131\u015fmanl\u0131\u011f\u0131 da sa\u011flanmas\u0131, \u00f6\u011frencilerin teknik ve mesleki becerilerin \u00f6tesinde ince becerilerini geli\u015ftirmeleri hususunda \u00f6nemli bir fayda sa\u011flamaktad\u0131r. Bu noktada \u00f6\u011frencinin ya\u015fam\u0131na yap\u0131lan her kariyer odakl\u0131 dokunu\u015f, gelece\u011fin ba\u015far\u0131l\u0131 \u00e7al\u0131\u015fanlar\u0131n\u0131n belirlenmesine yard\u0131mc\u0131 olacakt\u0131r. Bu anlay\u0131\u015f\u0131 benimseyen b\u00f6l\u00fcm\u00fcm\u00fcz akademik personeli ihtiya\u00e7 duyan her \u00f6\u011frenciye destek olmaya \u00e7al\u0131\u015fmaktad\u0131r. Fak\u00fcltemiz b\u00fcnyesinde konuyla alakal\u0131 kurulmu\u015f olan <\/span><a href=\"https:\/\/atauni.edu.tr\/iktisadi-ve-idari-bilimler-fakultesi\/wp-content\/uploads\/sites\/64\/2023\/02\/Kariyer-Mezun-Takip-ve-Sertifika.docx\"><b><i>Kariyer, Mezun Takip ve Sertifika Komisyonu<\/i><\/b><\/a><b><i>nda b\u00f6l\u00fcm hocalar\u0131m\u0131z da g\u00f6rev almaktad\u0131rlar<\/i><\/b><span style=\"font-weight: 400\"> (EK-1c). Ayr\u0131ca Atat\u00fcrk \u00dcniversitesi Psikolojik Dan\u0131\u015fmanl\u0131k ve Rehberlik Ara\u015ft\u0131rma ve Uygulama Merkezi (ATA-PDREM) \u00f6\u011frencilere psikolojik dan\u0131\u015fmanl\u0131k, rehberlik ve destek hizmetleri sunarak onlar\u0131n ki\u015fisel geli\u015fimlerini desteklemekte ve kariyer geli\u015fimlerine dolayl\u0131 yoldan olsa da katk\u0131 sunmaktad\u0131r. Bu merkezin \u00e7al\u0131\u015fmalar\u0131yla ilgili bilgilere <\/span><a href=\"https:\/\/atauni.edu.tr\/psikolojik-danisma-ve-rehberlik-uygulama-ve-arastirma-merkezi\/\"><span style=\"font-weight: 400\">https:\/\/atauni.edu.tr\/psikolojik-danisma-ve-rehberlik-uygulama-ve-arastirma-merkezi\/<\/span><\/a><span style=\"font-weight: 400\"> adresinden ula\u015f\u0131labilir.\u00a0<\/span><\/p><p><span style=\"font-weight: 400\">Akademik dan\u0131\u015fmanl\u0131k s\u00fcre\u00e7lerinde \u00f6\u011frencilere ihtiya\u00e7 duyduklar\u0131 alanlarda destekler verilmektedir ve gerekli g\u00f6r\u00fclen durumlarda \u00f6\u011frenciler Atat\u00fcrk \u00dcniversitesi Kariyer Planlama ve Mezun \u0130zleme Uygulama ve Ara\u015ft\u0131rma Merkezi\u2019nin bireysel kariyer dan\u0131\u015fmanl\u0131\u011f\u0131 hizmetine y\u00f6nlendirilmektedir. \u00dcniversitemizde \u00f6\u011frencilerin ve mezunlar\u0131n istihdam olanaklar\u0131n\u0131 geli\u015ftirmek amac\u0131 ile kurulmu\u015f Atat\u00fcrk \u00dcniversitesi <a href=\"https:\/\/atauni.edu.tr\/kariyer\/\">Kariyer Planlama ve Mezun \u0130zleme Uygulama ve Ara\u015ft\u0131rma Merkezi<\/a>\u2019nin misyonu, \u00f6\u011frencilere kariyer geli\u015ftirme yolunda destek olarak kariyer haz\u0131rl\u0131\u011f\u0131 ve ya\u015fam boyu kariyer y\u00f6netimi becerilerini geli\u015ftirmelerini sa\u011flamakt\u0131r. Bu kapsamda Kariyer Planlama Merkezi\u2019nde g\u00f6rev yapan uzman akademik personel taraf\u0131ndan, b\u00f6l\u00fcm\u00fcn talebi do\u011frultusunda \u00f6\u011frencilere kariyer planlamas\u0131, CV haz\u0131rlama, etkili m\u00fclakat teknikleri gibi konularda bilgilendirme e\u011fitimleri verilmektedir.<\/span><\/p>\t\t\t\t\t\t\t\t<\/div>\n\t\t\t\t<\/div>\n\t\t\t\t\t<\/div>\n\t\t<\/div>\n\t\t\t\t\t<\/div>\n\t\t<\/section>\n\t\t\t\t<\/div>\n\t\t","protected":false},"excerpt":{"rendered":"<p>\u00d6\u011frencilere akademik dan\u0131\u015fmanl\u0131\u011f\u0131n yan\u0131 s\u0131ra kariyer dan\u0131\u015fmanl\u0131\u011f\u0131 da sa\u011flanmas\u0131, \u00f6\u011frencilerin teknik ve mesleki becerilerin \u00f6tesinde ince becerilerini geli\u015ftirmeleri hususunda \u00f6nemli bir fayda sa\u011flamaktad\u0131r. Bu noktada \u00f6\u011frencinin ya\u015fam\u0131na yap\u0131lan her kariyer odakl\u0131 dokunu\u015f, gelece\u011fin ba\u015far\u0131l\u0131 \u00e7al\u0131\u015fanlar\u0131n\u0131n belirlenmesine yard\u0131mc\u0131 olacakt\u0131r. Bu anlay\u0131\u015f\u0131 benimseyen b\u00f6l\u00fcm\u00fcm\u00fcz akademik personeli ihtiya\u00e7 duyan her \u00f6\u011frenciye destek olmaya \u00e7al\u0131\u015fmaktad\u0131r. Fak\u00fcltemiz b\u00fcnyesinde konuyla alakal\u0131 [&hellip;]<\/p>\n","protected":false},"author":508,"featured_media":0,"parent":0,"menu_order":0,"comment_status":"closed","ping_status":"closed","template":"","meta":{"footnotes":""},"class_list":["post-7231","page","type-page","status-publish","hentry"],"_links":{"self":[{"href":"https:\/\/atauni.edu.tr\/isletme-bolumu\/wp-json\/wp\/v2\/pages\/7231","targetHints":{"allow":["GET"]}}],"collection":[{"href":"https:\/\/atauni.edu.tr\/isletme-bolumu\/wp-json\/wp\/v2\/pages"}],"about":[{"href":"https:\/\/atauni.edu.tr\/isletme-bolumu\/wp-json\/wp\/v2\/types\/page"}],"author":[{"embeddable":true,"href":"https:\/\/atauni.edu.tr\/isletme-bolumu\/wp-json\/wp\/v2\/users\/508"}],"replies":[{"embeddable":true,"href":"https:\/\/atauni.edu.tr\/isletme-bolumu\/wp-json\/wp\/v2\/comments?post=7231"}],"version-history":[{"count":3,"href":"https:\/\/atauni.edu.tr\/isletme-bolumu\/wp-json\/wp\/v2\/pages\/7231\/revisions"}],"predecessor-version":[{"id":7234,"href":"https:\/\/atauni.edu.tr\/isletme-bolumu\/wp-json\/wp\/v2\/pages\/7231\/revisions\/7234"}],"wp:attachment":[{"href":"https:\/\/atauni.edu.tr\/isletme-bolumu\/wp-json\/wp\/v2\/media?parent=7231"}],"curies":[{"name":"wp","href":"https:\/\/api.w.org\/{rel}","templated":true}]}}