{"id":5682,"date":"2021-07-13T10:10:01","date_gmt":"2021-07-13T07:10:01","guid":{"rendered":"https:\/\/portaltest.atauni.edu.tr\/bilgisayar-muhendisligi\/?page_id=5682"},"modified":"2025-09-24T11:42:59","modified_gmt":"2025-09-24T08:42:59","slug":"vizyon-misyon-ve-temel-degerler","status":"publish","type":"page","link":"https:\/\/atauni.edu.tr\/ispir-hamza-polat-meslek-yuksekokulu\/vizyon-misyon-ve-temel-degerler\/","title":{"rendered":"Vizyon Misyon ve Temel De\u011ferler"},"content":{"rendered":"\t\t<div data-elementor-type=\"wp-page\" data-elementor-id=\"5682\" class=\"elementor elementor-5682\" data-elementor-post-type=\"page\">\n\t\t\t\t\t\t<section class=\"elementor-section elementor-top-section elementor-element elementor-element-730d320 elementor-section-boxed elementor-section-height-default elementor-section-height-default\" data-id=\"730d320\" data-element_type=\"section\">\n\t\t\t\t\t\t<div class=\"elementor-container elementor-column-gap-default\">\n\t\t\t\t\t<div class=\"elementor-column elementor-col-100 elementor-top-column elementor-element elementor-element-753d0860\" data-id=\"753d0860\" data-element_type=\"column\">\n\t\t\t<div class=\"elementor-widget-wrap\">\n\t\t\t\t\t\t\t<\/div>\n\t\t<\/div>\n\t\t\t\t\t<\/div>\n\t\t<\/section>\n\t\t\t\t<section class=\"elementor-section elementor-top-section elementor-element elementor-element-9be811a elementor-section-boxed elementor-section-height-default elementor-section-height-default\" data-id=\"9be811a\" data-element_type=\"section\">\n\t\t\t\t\t\t<div class=\"elementor-container elementor-column-gap-default\">\n\t\t\t\t\t<div class=\"elementor-column elementor-col-100 elementor-top-column elementor-element elementor-element-1ed847b7\" data-id=\"1ed847b7\" data-element_type=\"column\">\n\t\t\t<div class=\"elementor-widget-wrap elementor-element-populated\">\n\t\t\t\t\t\t<div class=\"elementor-element elementor-element-4ce0d07f elementor-widget elementor-widget-heading\" data-id=\"4ce0d07f\" data-element_type=\"widget\" data-widget_type=\"heading.default\">\n\t\t\t\t<div class=\"elementor-widget-container\">\n\t\t\t\t\t<h2 class=\"elementor-heading-title elementor-size-default\">Vizyon, Misyon ve Etik \u0130lkeler ve Temel De\u011ferlerimiz<\/h2>\t\t\t\t<\/div>\n\t\t\t\t<\/div>\n\t\t\t\t<div class=\"elementor-element elementor-element-63260862 elementor-widget-divider--view-line elementor-widget elementor-widget-divider\" data-id=\"63260862\" data-element_type=\"widget\" data-widget_type=\"divider.default\">\n\t\t\t\t<div class=\"elementor-widget-container\">\n\t\t\t\t\t\t\t<div class=\"elementor-divider\">\n\t\t\t<span class=\"elementor-divider-separator\">\n\t\t\t\t\t\t<\/span>\n\t\t<\/div>\n\t\t\t\t\t\t<\/div>\n\t\t\t\t<\/div>\n\t\t\t\t\t<\/div>\n\t\t<\/div>\n\t\t\t\t\t<\/div>\n\t\t<\/section>\n\t\t\t\t<section class=\"elementor-section elementor-top-section elementor-element elementor-element-681db8b elementor-section-boxed elementor-section-height-default elementor-section-height-default\" data-id=\"681db8b\" data-element_type=\"section\">\n\t\t\t\t\t\t<div class=\"elementor-container elementor-column-gap-default\">\n\t\t\t\t\t<div class=\"elementor-column elementor-col-100 elementor-top-column elementor-element elementor-element-ad4dac5\" data-id=\"ad4dac5\" data-element_type=\"column\">\n\t\t\t<div class=\"elementor-widget-wrap elementor-element-populated\">\n\t\t\t\t\t\t<div class=\"elementor-element elementor-element-2f96b3d elementor-widget elementor-widget-text-editor\" data-id=\"2f96b3d\" data-element_type=\"widget\" data-widget_type=\"text-editor.default\">\n\t\t\t\t<div class=\"elementor-widget-container\">\n\t\t\t\t\t\t\t\t\t<p>\u00a0<\/p><p><b>\u0130spir Hamza Polat Meslek Y\u00fcksekokulu Vizyonu<\/b><\/p><p>Kendisini s\u00fcrekli geli\u015ftirerek, b\u00f6lgesel d\u00f6n\u00fc\u015f\u00fcmlere \u00f6nc\u00fcl\u00fck eden, sanayi ve i\u015f d\u00fcnyas\u0131n\u0131n ihtiya\u00e7lar\u0131na y\u00f6nelik nitelikli teknikerler yeti\u015ftiren lider bir meslek y\u00fcksekokulu olmakt\u0131r.<\/p><p>\u00a0<\/p><p><b>\u0130spir Hamza Polat Meslek Y\u00fcksekokulu Misyonu<\/b><\/p><p>B\u00f6lgesel ve ulusal kalk\u0131nmaya katk\u0131 sa\u011flamak; sekt\u00f6r\u00fcn ihtiya\u00e7lar\u0131na y\u00f6nelik uygulamal\u0131 e\u011fitim, tasar\u0131m ve inovasyon faaliyetleri ger\u00e7ekle\u015ftirmek; \u00f6rg\u00fcn ve uzaktan e\u011fitim yoluyla donan\u0131ml\u0131, etik de\u011ferlere sahip ve mesleki yeterlili\u011fe sahip bireyler yeti\u015ftirmektir.<\/p><p>\u00a0<\/p><p><b>Etik \u0130lkeler ve Temel De\u011ferlerimiz<\/b><\/p><ul><li><b>Bilimsellik:<\/b> Ald\u0131\u011f\u0131m\u0131z her kararda ve uygulamam\u0131zda, mesleki ve bilimsel verileri temel al\u0131r\u0131z.<\/li><li><b>Yenilik\u00e7ilik ve Giri\u015fimcilik:<\/b> B\u00f6lgesel ihtiya\u00e7lara y\u00f6nelik yenilik\u00e7i \u00e7\u00f6z\u00fcmler \u00fcretir, \u00f6\u011frencilerimizi giri\u015fimci bir ruhla yeti\u015ftiririz.<\/li><li><b>Kat\u0131l\u0131mc\u0131l\u0131k ve \u0130\u015fbirli\u011fi:<\/b> \u00d6\u011frenci, \u00f6\u011fretim eleman\u0131 ve yerel payda\u015flar\u0131m\u0131zla birlikte karar al\u0131r, \u015feffaf bir bilgi ak\u0131\u015f\u0131 sa\u011flar\u0131z.<\/li><li><b>\u00d6\u011frenme Odakl\u0131l\u0131k:<\/b> \u00d6\u011frencilerimizin kariyer boyu geli\u015fimini destekleyecek bilgi ve becerileri kazanmas\u0131na odaklan\u0131r\u0131z.<\/li><li><b>Liyakat ve Ba\u015far\u0131y\u0131 Takdir:<\/b> G\u00f6sterilen \u00e7abay\u0131 ve ba\u015far\u0131y\u0131 tan\u0131r, liyakati esas alan bir yakla\u015f\u0131m sergileriz.<\/li><li><b>Ulusal ve Evrensel De\u011ferlere Ba\u011fl\u0131l\u0131k:<\/b> \u00dclkemizin milli de\u011ferlerinin yan\u0131nda, evrensel akademik ve insani de\u011ferleri de benimseriz.<\/li><li><b>Toplumsal ve \u00c7evresel Duyarl\u0131l\u0131k:<\/b> B\u00f6lgemizin sosyal ve \u00e7evresel sorunlar\u0131na kar\u015f\u0131 duyarl\u0131 olur, projelerimizle \u00e7\u00f6z\u00fcm \u00fcretmeye \u00e7al\u0131\u015f\u0131r\u0131z.<\/li><\/ul>\t\t\t\t\t\t\t\t<\/div>\n\t\t\t\t<\/div>\n\t\t\t\t\t<\/div>\n\t\t<\/div>\n\t\t\t\t\t<\/div>\n\t\t<\/section>\n\t\t\t\t<\/div>\n\t\t","protected":false},"excerpt":{"rendered":"<p>Vizyon, Misyon ve Etik \u0130lkeler ve Temel De\u011ferlerimiz \u00a0 \u0130spir Hamza Polat Meslek Y\u00fcksekokulu Vizyonu Kendisini s\u00fcrekli geli\u015ftirerek, b\u00f6lgesel d\u00f6n\u00fc\u015f\u00fcmlere \u00f6nc\u00fcl\u00fck eden, sanayi ve i\u015f d\u00fcnyas\u0131n\u0131n ihtiya\u00e7lar\u0131na y\u00f6nelik nitelikli teknikerler yeti\u015ftiren lider bir meslek y\u00fcksekokulu olmakt\u0131r. \u00a0 \u0130spir Hamza Polat Meslek Y\u00fcksekokulu Misyonu B\u00f6lgesel ve ulusal kalk\u0131nmaya katk\u0131 sa\u011flamak; sekt\u00f6r\u00fcn ihtiya\u00e7lar\u0131na y\u00f6nelik uygulamal\u0131 e\u011fitim, tasar\u0131m [&hellip;]<\/p>\n","protected":false},"author":1,"featured_media":0,"parent":0,"menu_order":0,"comment_status":"closed","ping_status":"closed","template":"elementor_header_footer","meta":{"footnotes":""},"class_list":["post-5682","page","type-page","status-publish","hentry"],"_links":{"self":[{"href":"https:\/\/atauni.edu.tr\/ispir-hamza-polat-meslek-yuksekokulu\/wp-json\/wp\/v2\/pages\/5682","targetHints":{"allow":["GET"]}}],"collection":[{"href":"https:\/\/atauni.edu.tr\/ispir-hamza-polat-meslek-yuksekokulu\/wp-json\/wp\/v2\/pages"}],"about":[{"href":"https:\/\/atauni.edu.tr\/ispir-hamza-polat-meslek-yuksekokulu\/wp-json\/wp\/v2\/types\/page"}],"author":[{"embeddable":true,"href":"https:\/\/atauni.edu.tr\/ispir-hamza-polat-meslek-yuksekokulu\/wp-json\/wp\/v2\/users\/1"}],"replies":[{"embeddable":true,"href":"https:\/\/atauni.edu.tr\/ispir-hamza-polat-meslek-yuksekokulu\/wp-json\/wp\/v2\/comments?post=5682"}],"version-history":[{"count":17,"href":"https:\/\/atauni.edu.tr\/ispir-hamza-polat-meslek-yuksekokulu\/wp-json\/wp\/v2\/pages\/5682\/revisions"}],"predecessor-version":[{"id":8494,"href":"https:\/\/atauni.edu.tr\/ispir-hamza-polat-meslek-yuksekokulu\/wp-json\/wp\/v2\/pages\/5682\/revisions\/8494"}],"wp:attachment":[{"href":"https:\/\/atauni.edu.tr\/ispir-hamza-polat-meslek-yuksekokulu\/wp-json\/wp\/v2\/media?parent=5682"}],"curies":[{"name":"wp","href":"https:\/\/api.w.org\/{rel}","templated":true}]}}