{"id":5751,"date":"2021-07-13T12:50:27","date_gmt":"2021-07-13T09:50:27","guid":{"rendered":"https:\/\/portaltest.atauni.edu.tr\/bilgisayar-muhendisligi\/?page_id=5751"},"modified":"2024-07-24T17:22:11","modified_gmt":"2024-07-24T14:22:11","slug":"lisansustu-ders-listesi","status":"publish","type":"page","link":"https:\/\/atauni.edu.tr\/ispir-hamza-polat-meslek-yuksekokulu\/lisansustu-ders-listesi\/","title":{"rendered":"Ders Listesi"},"content":{"rendered":"\t\t<div data-elementor-type=\"wp-page\" data-elementor-id=\"5751\" class=\"elementor elementor-5751\" data-elementor-post-type=\"page\">\n\t\t\t\t\t\t<section class=\"elementor-section elementor-top-section elementor-element elementor-element-730d320 elementor-section-boxed elementor-section-height-default elementor-section-height-default\" data-id=\"730d320\" data-element_type=\"section\">\n\t\t\t\t\t\t<div class=\"elementor-container elementor-column-gap-default\">\n\t\t\t\t\t<div class=\"elementor-column elementor-col-100 elementor-top-column elementor-element elementor-element-753d0860\" data-id=\"753d0860\" data-element_type=\"column\">\n\t\t\t<div class=\"elementor-widget-wrap\">\n\t\t\t\t\t\t\t<\/div>\n\t\t<\/div>\n\t\t\t\t\t<\/div>\n\t\t<\/section>\n\t\t\t\t<section class=\"elementor-section elementor-top-section elementor-element elementor-element-9be811a elementor-section-boxed elementor-section-height-default elementor-section-height-default\" data-id=\"9be811a\" data-element_type=\"section\">\n\t\t\t\t\t\t<div class=\"elementor-container elementor-column-gap-default\">\n\t\t\t\t\t<div class=\"elementor-column elementor-col-100 elementor-top-column elementor-element elementor-element-1ed847b7\" data-id=\"1ed847b7\" data-element_type=\"column\">\n\t\t\t<div class=\"elementor-widget-wrap elementor-element-populated\">\n\t\t\t\t\t\t<div class=\"elementor-element elementor-element-4ce0d07f elementor-widget elementor-widget-heading\" data-id=\"4ce0d07f\" data-element_type=\"widget\" data-widget_type=\"heading.default\">\n\t\t\t\t<div class=\"elementor-widget-container\">\n\t\t\t\t\t<h2 class=\"elementor-heading-title elementor-size-default\">Meslek Y\u00fcksekokulumuz programlar\u0131nda sunulan derslerin detayl\u0131 i\u00e7eriklerini a\u015fa\u011f\u0131daki ba\u011flant\u0131lardan kolayca indirebilirsiniz.\n\n<br>\n<br>Bu belgeler Yatay Ge\u00e7i\u015f i\u015flemlerinde kullan\u0131labilir.<\/h2>\t\t\t\t<\/div>\n\t\t\t\t<\/div>\n\t\t\t\t<div class=\"elementor-element elementor-element-63260862 elementor-widget-divider--view-line elementor-widget elementor-widget-divider\" data-id=\"63260862\" data-element_type=\"widget\" data-widget_type=\"divider.default\">\n\t\t\t\t<div class=\"elementor-widget-container\">\n\t\t\t\t\t\t\t<div class=\"elementor-divider\">\n\t\t\t<span class=\"elementor-divider-separator\">\n\t\t\t\t\t\t<\/span>\n\t\t<\/div>\n\t\t\t\t\t\t<\/div>\n\t\t\t\t<\/div>\n\t\t\t\t\t<\/div>\n\t\t<\/div>\n\t\t\t\t\t<\/div>\n\t\t<\/section>\n\t\t\t\t<section class=\"elementor-section elementor-top-section elementor-element elementor-element-cdcd63a elementor-section-boxed elementor-section-height-default elementor-section-height-default\" data-id=\"cdcd63a\" data-element_type=\"section\">\n\t\t\t\t\t\t<div class=\"elementor-container elementor-column-gap-default\">\n\t\t\t\t\t<div class=\"elementor-column elementor-col-100 elementor-top-column elementor-element elementor-element-ed80476\" data-id=\"ed80476\" data-element_type=\"column\">\n\t\t\t<div class=\"elementor-widget-wrap elementor-element-populated\">\n\t\t\t\t\t\t<div class=\"elementor-element elementor-element-92147a0 elementor-widget elementor-widget-text-editor\" data-id=\"92147a0\" data-element_type=\"widget\" data-widget_type=\"text-editor.default\">\n\t\t\t\t<div class=\"elementor-widget-container\">\n\t\t\t\t\t\t\t\t\t<p><a href=\"http:\/\/birimler.atauni.edu.tr\/ispir-hamza-polat-meslek-yuksekokulu\/wp-content\/uploads\/sites\/441\/2020\/07\/BANKACILIK-VE-SIGORTACILIK-PROGRAMI-DERS-ICERIKLERI.pdf\">Bankac\u0131l\u0131k ve Sigortac\u0131l\u0131k Program\u0131 ders i\u00e7erikleri<\/a><\/p><p><a href=\"http:\/\/birimler.atauni.edu.tr\/ispir-hamza-polat-meslek-yuksekokulu\/wp-content\/uploads\/sites\/441\/2020\/07\/BIYOMEDIKAL-CIHAZ-TEKNOLOJISI-PROGRAMI-DERS-ICERIKLERI.pdf\">Biyomedikal Cihaz Teknolojileri Program\u0131 ders i\u00e7erikleri<\/a><\/p><p><a href=\"http:\/\/birimler.atauni.edu.tr\/ispir-hamza-polat-meslek-yuksekokulu\/wp-content\/uploads\/sites\/441\/2020\/07\/ELEKTRIK-PROGRAMI-DERS-ICERIKLERI.pdf\">Elektrik Program\u0131 ders i\u00e7erikleri<\/a><\/p><p><a href=\"http:\/\/birimler.atauni.edu.tr\/ispir-hamza-polat-meslek-yuksekokulu\/wp-content\/uploads\/sites\/441\/2020\/07\/ELEKTRIK-ENERJISI-URETIM-ILETIM-VE-DAGITIM-PROGRAMI-DERS-ICERIKLERI.pdf\">Elektrik Enerji \u00dcretim \u0130letim ve Da\u011f\u0131t\u0131m Program\u0131 ders i\u00e7erikleri<\/a><\/p><p><a href=\"http:\/\/birimler.atauni.edu.tr\/ispir-hamza-polat-meslek-yuksekokulu\/wp-content\/uploads\/sites\/441\/2020\/07\/ORMANCILIK-VE-ORMAN-URUNLERI-PROGRAMI-DERS-ICERIKLERI.pdf\">Ormanc\u0131l\u0131k ve Orman \u00dcr\u00fcnleri Program\u0131 ders i\u00e7erikleri<\/a><\/p><p><a href=\"http:\/\/birimler.atauni.edu.tr\/ispir-hamza-polat-meslek-yuksekokulu\/wp-content\/uploads\/sites\/441\/2020\/07\/SAGLIK-KURUMLARI-ISLETMECILIGI-PROGRAMI-DERS-ICERIKLERI.pdf\">Sa\u011fl\u0131k Kurumlar\u0131 \u0130\u015fletmecili\u011fi Program\u0131 ders i\u00e7erikleri<\/a><\/p><p>\u00a0<\/p>\t\t\t\t\t\t\t\t<\/div>\n\t\t\t\t<\/div>\n\t\t\t\t\t<\/div>\n\t\t<\/div>\n\t\t\t\t\t<\/div>\n\t\t<\/section>\n\t\t\t\t<\/div>\n\t\t","protected":false},"excerpt":{"rendered":"<p>Meslek Y\u00fcksekokulumuz programlar\u0131nda sunulan derslerin detayl\u0131 i\u00e7eriklerini a\u015fa\u011f\u0131daki ba\u011flant\u0131lardan kolayca indirebilirsiniz. Bu belgeler Yatay Ge\u00e7i\u015f i\u015flemlerinde kullan\u0131labilir. Bankac\u0131l\u0131k ve Sigortac\u0131l\u0131k Program\u0131 ders i\u00e7erikleri Biyomedikal Cihaz Teknolojileri Program\u0131 ders i\u00e7erikleri Elektrik Program\u0131 ders i\u00e7erikleri Elektrik Enerji \u00dcretim \u0130letim ve Da\u011f\u0131t\u0131m Program\u0131 ders i\u00e7erikleri Ormanc\u0131l\u0131k ve Orman \u00dcr\u00fcnleri Program\u0131 ders i\u00e7erikleri Sa\u011fl\u0131k Kurumlar\u0131 \u0130\u015fletmecili\u011fi Program\u0131 ders i\u00e7erikleri [&hellip;]<\/p>\n","protected":false},"author":1,"featured_media":0,"parent":0,"menu_order":0,"comment_status":"closed","ping_status":"closed","template":"elementor_header_footer","meta":{"footnotes":""},"class_list":["post-5751","page","type-page","status-publish","hentry"],"_links":{"self":[{"href":"https:\/\/atauni.edu.tr\/ispir-hamza-polat-meslek-yuksekokulu\/wp-json\/wp\/v2\/pages\/5751","targetHints":{"allow":["GET"]}}],"collection":[{"href":"https:\/\/atauni.edu.tr\/ispir-hamza-polat-meslek-yuksekokulu\/wp-json\/wp\/v2\/pages"}],"about":[{"href":"https:\/\/atauni.edu.tr\/ispir-hamza-polat-meslek-yuksekokulu\/wp-json\/wp\/v2\/types\/page"}],"author":[{"embeddable":true,"href":"https:\/\/atauni.edu.tr\/ispir-hamza-polat-meslek-yuksekokulu\/wp-json\/wp\/v2\/users\/1"}],"replies":[{"embeddable":true,"href":"https:\/\/atauni.edu.tr\/ispir-hamza-polat-meslek-yuksekokulu\/wp-json\/wp\/v2\/comments?post=5751"}],"version-history":[{"count":20,"href":"https:\/\/atauni.edu.tr\/ispir-hamza-polat-meslek-yuksekokulu\/wp-json\/wp\/v2\/pages\/5751\/revisions"}],"predecessor-version":[{"id":8120,"href":"https:\/\/atauni.edu.tr\/ispir-hamza-polat-meslek-yuksekokulu\/wp-json\/wp\/v2\/pages\/5751\/revisions\/8120"}],"wp:attachment":[{"href":"https:\/\/atauni.edu.tr\/ispir-hamza-polat-meslek-yuksekokulu\/wp-json\/wp\/v2\/media?parent=5751"}],"curies":[{"name":"wp","href":"https:\/\/api.w.org\/{rel}","templated":true}]}}