{"id":6404,"date":"2021-12-02T11:54:34","date_gmt":"2021-12-02T08:54:34","guid":{"rendered":"https:\/\/birimler.atauni.edu.tr\/ispir-hamza-polat-meslek-yuksekokulu\/?page_id=6404"},"modified":"2025-09-23T14:39:48","modified_gmt":"2025-09-23T11:39:48","slug":"danismanliklar","status":"publish","type":"page","link":"https:\/\/atauni.edu.tr\/ispir-hamza-polat-meslek-yuksekokulu\/danismanliklar\/","title":{"rendered":"Dan\u0131\u015fmanl\u0131klar"},"content":{"rendered":"\t\t<div data-elementor-type=\"wp-page\" data-elementor-id=\"6404\" class=\"elementor elementor-6404\" data-elementor-post-type=\"page\">\n\t\t\t\t\t\t<section class=\"elementor-section elementor-top-section elementor-element elementor-element-aae1867 elementor-section-boxed elementor-section-height-default elementor-section-height-default\" data-id=\"aae1867\" data-element_type=\"section\">\n\t\t\t\t\t\t<div class=\"elementor-container elementor-column-gap-default\">\n\t\t\t\t\t<div class=\"elementor-column elementor-col-100 elementor-top-column elementor-element elementor-element-57518fa\" data-id=\"57518fa\" data-element_type=\"column\">\n\t\t\t<div class=\"elementor-widget-wrap elementor-element-populated\">\n\t\t\t\t\t\t<div class=\"elementor-element elementor-element-5949fb4 elementor-widget elementor-widget-pdf_viewer\" data-id=\"5949fb4\" data-element_type=\"widget\" data-widget_type=\"pdf_viewer.default\">\n\t\t\t\t<div class=\"elementor-widget-container\">\n\t\t\t\t\t<iframe src=\"https:\/\/docs.google.com\/viewer?url=http:\/\/birimler.atauni.edu.tr\/ispir-hamza-polat-meslek-yuksekokulu\/wp-content\/uploads\/sites\/441\/2025\/09\/2024-2025-Danismanlik-Listesi.pdf&amp;embedded=true\" style=\"display: block; margin-left: auto; margin-right: auto; width: 1020px; height: 1020px;\" frameborder=\"1\" marginheight=\"0px\" marginwidth=\"0px\" allowfullscreen><\/iframe>\t\t\t\t<\/div>\n\t\t\t\t<\/div>\n\t\t\t\t\t<\/div>\n\t\t<\/div>\n\t\t\t\t\t<\/div>\n\t\t<\/section>\n\t\t\t\t<\/div>\n\t\t","protected":false},"excerpt":{"rendered":"","protected":false},"author":416,"featured_media":0,"parent":0,"menu_order":0,"comment_status":"closed","ping_status":"closed","template":"","meta":{"footnotes":""},"class_list":["post-6404","page","type-page","status-publish","hentry"],"_links":{"self":[{"href":"https:\/\/atauni.edu.tr\/ispir-hamza-polat-meslek-yuksekokulu\/wp-json\/wp\/v2\/pages\/6404","targetHints":{"allow":["GET"]}}],"collection":[{"href":"https:\/\/atauni.edu.tr\/ispir-hamza-polat-meslek-yuksekokulu\/wp-json\/wp\/v2\/pages"}],"about":[{"href":"https:\/\/atauni.edu.tr\/ispir-hamza-polat-meslek-yuksekokulu\/wp-json\/wp\/v2\/types\/page"}],"author":[{"embeddable":true,"href":"https:\/\/atauni.edu.tr\/ispir-hamza-polat-meslek-yuksekokulu\/wp-json\/wp\/v2\/users\/416"}],"replies":[{"embeddable":true,"href":"https:\/\/atauni.edu.tr\/ispir-hamza-polat-meslek-yuksekokulu\/wp-json\/wp\/v2\/comments?post=6404"}],"version-history":[{"count":25,"href":"https:\/\/atauni.edu.tr\/ispir-hamza-polat-meslek-yuksekokulu\/wp-json\/wp\/v2\/pages\/6404\/revisions"}],"predecessor-version":[{"id":8482,"href":"https:\/\/atauni.edu.tr\/ispir-hamza-polat-meslek-yuksekokulu\/wp-json\/wp\/v2\/pages\/6404\/revisions\/8482"}],"wp:attachment":[{"href":"https:\/\/atauni.edu.tr\/ispir-hamza-polat-meslek-yuksekokulu\/wp-json\/wp\/v2\/media?parent=6404"}],"curies":[{"name":"wp","href":"https:\/\/api.w.org\/{rel}","templated":true}]}}