{"id":6567,"date":"2021-12-12T13:05:46","date_gmt":"2021-12-12T10:05:46","guid":{"rendered":"https:\/\/birimler.atauni.edu.tr\/ispir-hamza-polat-meslek-yuksekokulu\/?page_id=6567"},"modified":"2025-11-12T11:25:45","modified_gmt":"2025-11-12T08:25:45","slug":"hakkinda","status":"publish","type":"page","link":"https:\/\/atauni.edu.tr\/ispir-hamza-polat-meslek-yuksekokulu\/hakkinda\/","title":{"rendered":"Hakk\u0131nda"},"content":{"rendered":"\t\t<div data-elementor-type=\"wp-page\" data-elementor-id=\"6567\" class=\"elementor elementor-6567\" data-elementor-post-type=\"page\">\n\t\t\t\t\t\t<section class=\"elementor-section elementor-top-section elementor-element elementor-element-7350e1d elementor-section-boxed elementor-section-height-default elementor-section-height-default\" data-id=\"7350e1d\" data-element_type=\"section\">\n\t\t\t\t\t\t<div class=\"elementor-container elementor-column-gap-default\">\n\t\t\t\t\t<div class=\"elementor-column elementor-col-100 elementor-top-column elementor-element elementor-element-7e2be8a\" data-id=\"7e2be8a\" data-element_type=\"column\">\n\t\t\t<div class=\"elementor-widget-wrap elementor-element-populated\">\n\t\t\t\t\t\t<div class=\"elementor-element elementor-element-25dced5 elementor-widget elementor-widget-text-editor\" data-id=\"25dced5\" data-element_type=\"widget\" data-widget_type=\"text-editor.default\">\n\t\t\t\t<div class=\"elementor-widget-container\">\n\t\t\t\t\t\t\t\t\t<p>\u00a0 \u00a0 \u00a0Do\u011fu Anadolu ile Do\u011fu Karadeniz B\u00f6lgelerinin Erzurum-Rize s\u0131n\u0131r\u0131nda bulu\u015ftu\u011fu g\u00fcney \u2013 kuzey ula\u015f\u0131m aks\u0131n\u0131n \u00f6nemli noktalar\u0131ndan birisi olan Erzurum\u2019un \u0130spir il\u00e7esinde; karasal iklim ile deniz ikliminin ge\u00e7i\u015f noktas\u0131nda olmas\u0131 nedeniyle k\u0131\u015f aylar\u0131 Erzurum\u2019a ve Erzurum\u2019un di\u011fer il\u00e7elerine k\u0131yasla daha \u0131l\u0131man ge\u00e7mektedir. \u00c7oruh vadisi i\u00e7erisinde yer alan \u0130spir e\u015fsiz do\u011fal g\u00fczellikleri, endemik bitkileri ve kendine \u00f6zg\u00fc k\u00fclt\u00fcr\u00fc ile Erzurum\u2019un g\u00fczel il\u00e7elerinden birisidir.<\/p><p>\u00a0 \u00a0 \u00a016.06.1995 tarihinde kurulan ve 1997-1998 e\u011fitim y\u0131l\u0131 itibariyle \u00f6\u011frenci al\u0131m\u0131na ba\u015flayan \u0130spir Meslek Y\u00fcksekokulu\u2019nun ad\u0131 29.06.1998 tarihli Y\u00fcksek \u00d6\u011fretim Genel Kurulu toplant\u0131s\u0131nda al\u0131nan karar sonucunda <strong>\u0130spir Hamza Polat Meslek Y\u00fcksekokulu<\/strong> olarak de\u011fi\u015ftirilmi\u015ftir.<\/p><p>\u00a0 \u00a0 70 d\u00f6n\u00fcm kamp\u00fcs alan\u0131na sahip olan y\u00fcksekokulda 5 adet 40 ki\u015fi, 5 adet 72 ki\u015fi ve 2 adet 100 ki\u015fi kapasiteli derslikler, 1 adet tam te\u015fekk\u00fcll\u00fc konferans salonu, k\u00fct\u00fcphane-okuma odas\u0131, 1 adet bilgisayar laboratuvar\u0131,1 adet elektrik laboratuvar\u0131 ve 1 adet biyomedikal laboratuvar\u0131, kantin-yemekhane ve kapal\u0131 spor salonu bulunmaktad\u0131r. Kantin-yemekhanede Atat\u00fcrk \u00dcniversitesi Sa\u011fl\u0131k, K\u00fclt\u00fcr ve Spor Dairesi Ba\u015fkanl\u0131\u011f\u0131 ve \u0130spir Hamza Polat Meslek Y\u00fcksekokulu kontrol\u00fc ve deste\u011fi ile haftan\u0131n be\u015f g\u00fcn\u00fcnde uygun fiyatla 3 \u00e7e\u015fitli tabldot \u00f6\u011fle yeme\u011fi verilmektedir.<\/p><p>\u00a0 \u00a0 \u00a0Y\u00fcksekokulumuz Atat\u00fcrk \u00dcniversitesi merkez kamp\u00fcs\u00fcne 145 km mesafe uzakl\u0131kta olup \u0130spir-Erzurum g\u00fczergah\u0131nda sabah 07:00 ile ak\u015fam 17:00 saatleri aras\u0131nda kar\u015f\u0131l\u0131kl\u0131 otob\u00fcs seferleri bulunmaktad\u0131r.<\/p><p>\u00a0 \u00a0 Y\u00fcksekokul kamp\u00fcs\u00fcn\u00fcn hemen yan\u0131nda yer alan, 170 yatak kapasiteli Gen\u00e7lik ve Spor Bakanl\u0131\u011f\u0131&#8217;na ba\u011fl\u0131 KYK yurdu; \u00f6\u011frencilerimize 24 saat kesintisiz internet ve s\u0131cak su hizmeti, k\u0131z ve erkek taraflar\u0131nda birer okuma salonu imk\u00e2n\u0131 sa\u011flamaktayd\u0131. Ancak Gen\u00e7lik ve Spor Bakanl\u0131\u011f\u0131 yetkililerince y\u00fcr\u00fct\u00fclen depreme dayan\u0131kl\u0131l\u0131k incelemeleri sonucunda \u0130spir KYK yurdunun g\u00fcvenli olmad\u0131\u011f\u0131 tespit edilmi\u015f ve yurt tahliye edilerek yeni bir yurt in\u015fas\u0131 i\u00e7in s\u00fcre\u00e7 ba\u015flat\u0131lm\u0131\u015ft\u0131r. Bu d\u00f6nemde \u0130spir Belediyesi taraf\u0131ndan i\u015fletilen 200 ki\u015fi kapasiteli \u00f6zel yurda ek olarak di\u011fer alternatif konaklama imk\u00e2nlar\u0131 \u00f6\u011frencilerimizin kullan\u0131m\u0131na a\u00e7\u0131kt\u0131r.<\/p><p>\u00a0 \u00a0 \u00a0<strong>\u0130spir Hamza Polat Meslek Y\u00fcksekokulu<\/strong>\u2019nda 2025-2026 akademik y\u0131l\u0131 itibariyle aktif olarak Elektrik ve Enerji B\u00f6l\u00fcm\u00fc (Elektrik Enerjisi \u00dcretim, \u0130letim ve Da\u011f\u0131t\u0131m\u0131 Program\u0131 ile Elektrik Program\u0131, Yenilenebilir Enerji Teknikerli\u011fi), Elektronik ve Otomasyon B\u00f6l\u00fcm\u00fc (Biyomedikal Cihaz Teknolojisi Program\u0131), Finans Bankac\u0131l\u0131k ve Sigortac\u0131l\u0131k B\u00f6l\u00fcm\u00fc (Bankac\u0131l\u0131k ve Sigortac\u0131l\u0131k Program\u0131), Ormanc\u0131l\u0131k B\u00f6l\u00fcm\u00fc (Ormanc\u0131l\u0131k ve Orman \u00dcr\u00fcnleri Program\u0131) ve Y\u00f6netim ve Organizasyon B\u00f6l\u00fcm\u00fc (Sa\u011fl\u0131k Kurumlar\u0131 \u0130\u015fletmecili\u011fi) olmak \u00fczere 5 b\u00f6l\u00fcm, 7 program bulunmaktad\u0131r. Meslek Y\u00fcksekokulu kadrosunda 2 Do\u00e7. Dr., 5 Dr. \u00d6\u011fretim \u00dcyesi,\u00a0 2 adet \u00d6\u011fretim G\u00f6revlisi, 2 adet Ara\u015ft\u0131rma G\u00f6revlisi olmak \u00fczere 11 akademik personel ile 12 adet idari ve teknik personel mevcuttur.<\/p>\t\t\t\t\t\t\t\t<\/div>\n\t\t\t\t<\/div>\n\t\t\t\t\t<\/div>\n\t\t<\/div>\n\t\t\t\t\t<\/div>\n\t\t<\/section>\n\t\t\t\t<\/div>\n\t\t","protected":false},"excerpt":{"rendered":"<p>\u00a0 \u00a0 \u00a0Do\u011fu Anadolu ile Do\u011fu Karadeniz B\u00f6lgelerinin Erzurum-Rize s\u0131n\u0131r\u0131nda bulu\u015ftu\u011fu g\u00fcney \u2013 kuzey ula\u015f\u0131m aks\u0131n\u0131n \u00f6nemli noktalar\u0131ndan birisi olan Erzurum\u2019un \u0130spir il\u00e7esinde; karasal iklim ile deniz ikliminin ge\u00e7i\u015f noktas\u0131nda olmas\u0131 nedeniyle k\u0131\u015f aylar\u0131 Erzurum\u2019a ve Erzurum\u2019un di\u011fer il\u00e7elerine k\u0131yasla daha \u0131l\u0131man ge\u00e7mektedir. \u00c7oruh vadisi i\u00e7erisinde yer alan \u0130spir e\u015fsiz do\u011fal g\u00fczellikleri, endemik bitkileri ve [&hellip;]<\/p>\n","protected":false},"author":416,"featured_media":0,"parent":0,"menu_order":0,"comment_status":"closed","ping_status":"closed","template":"","meta":{"footnotes":""},"class_list":["post-6567","page","type-page","status-publish","hentry"],"_links":{"self":[{"href":"https:\/\/atauni.edu.tr\/ispir-hamza-polat-meslek-yuksekokulu\/wp-json\/wp\/v2\/pages\/6567","targetHints":{"allow":["GET"]}}],"collection":[{"href":"https:\/\/atauni.edu.tr\/ispir-hamza-polat-meslek-yuksekokulu\/wp-json\/wp\/v2\/pages"}],"about":[{"href":"https:\/\/atauni.edu.tr\/ispir-hamza-polat-meslek-yuksekokulu\/wp-json\/wp\/v2\/types\/page"}],"author":[{"embeddable":true,"href":"https:\/\/atauni.edu.tr\/ispir-hamza-polat-meslek-yuksekokulu\/wp-json\/wp\/v2\/users\/416"}],"replies":[{"embeddable":true,"href":"https:\/\/atauni.edu.tr\/ispir-hamza-polat-meslek-yuksekokulu\/wp-json\/wp\/v2\/comments?post=6567"}],"version-history":[{"count":19,"href":"https:\/\/atauni.edu.tr\/ispir-hamza-polat-meslek-yuksekokulu\/wp-json\/wp\/v2\/pages\/6567\/revisions"}],"predecessor-version":[{"id":8515,"href":"https:\/\/atauni.edu.tr\/ispir-hamza-polat-meslek-yuksekokulu\/wp-json\/wp\/v2\/pages\/6567\/revisions\/8515"}],"wp:attachment":[{"href":"https:\/\/atauni.edu.tr\/ispir-hamza-polat-meslek-yuksekokulu\/wp-json\/wp\/v2\/media?parent=6567"}],"curies":[{"name":"wp","href":"https:\/\/api.w.org\/{rel}","templated":true}]}}