{"id":6573,"date":"2021-12-12T13:08:05","date_gmt":"2021-12-12T10:08:05","guid":{"rendered":"https:\/\/birimler.atauni.edu.tr\/ispir-hamza-polat-meslek-yuksekokulu\/?page_id=6573"},"modified":"2021-12-12T13:08:40","modified_gmt":"2021-12-12T10:08:40","slug":"yonetimden-mesaj","status":"publish","type":"page","link":"https:\/\/atauni.edu.tr\/ispir-hamza-polat-meslek-yuksekokulu\/yonetimden-mesaj\/","title":{"rendered":"Y\u00f6netimden Mesaj"},"content":{"rendered":"\t\t<div data-elementor-type=\"wp-page\" data-elementor-id=\"6573\" class=\"elementor elementor-6573\" data-elementor-post-type=\"page\">\n\t\t\t\t\t\t<section class=\"elementor-section elementor-top-section elementor-element elementor-element-3497752 elementor-section-boxed elementor-section-height-default elementor-section-height-default\" data-id=\"3497752\" data-element_type=\"section\">\n\t\t\t\t\t\t<div class=\"elementor-container elementor-column-gap-default\">\n\t\t\t\t\t<div class=\"elementor-column elementor-col-100 elementor-top-column elementor-element elementor-element-fa7060d\" data-id=\"fa7060d\" data-element_type=\"column\">\n\t\t\t<div class=\"elementor-widget-wrap elementor-element-populated\">\n\t\t\t\t\t\t<div class=\"elementor-element elementor-element-14e57c7 elementor-widget elementor-widget-text-editor\" data-id=\"14e57c7\" data-element_type=\"widget\" data-widget_type=\"text-editor.default\">\n\t\t\t\t<div class=\"elementor-widget-container\">\n\t\t\t\t\t\t\t\t\t<p>Belirli mesleklerde nitelikli insan g\u00fcc\u00fc yeti\u015ftirmek ve ayn\u0131 zamanda \u00f6\u011frencilerimizin hayata haz\u0131rlanmas\u0131nda ve i\u015f d\u00fcnyas\u0131n\u0131n ihtiya\u00e7 duydu\u011fu nitelikli insan g\u00fcc\u00fcn\u00fcn temininde b\u00fcy\u00fck bir \u00e7aba ve gayret i\u00e7erisindeyiz. \u00d6\u011frencilerimizin \u00e7a\u011fda\u015f ve evrensel ilkeleri benimseyen, y\u00fcksek bilgi ve beceriye sahip bireyler olarak mezun olmalar\u0131 en b\u00fcy\u00fck arzumuzdur. D\u00fcnyadaki yeni geli\u015fmelere paralel olarak, geleneksel de\u011ferlerimizden kopmadan bu de\u011fi\u015fimlere ayak uydurmam\u0131z gerekmektedir. Bu anlay\u0131\u015f ve inan\u00e7la, \u00f6\u011frencilerimize sonsuz ba\u015far\u0131lar diliyoruz.<\/p>\t\t\t\t\t\t\t\t<\/div>\n\t\t\t\t<\/div>\n\t\t\t\t\t<\/div>\n\t\t<\/div>\n\t\t\t\t\t<\/div>\n\t\t<\/section>\n\t\t\t\t<\/div>\n\t\t","protected":false},"excerpt":{"rendered":"<p>Belirli mesleklerde nitelikli insan g\u00fcc\u00fc yeti\u015ftirmek ve ayn\u0131 zamanda \u00f6\u011frencilerimizin hayata haz\u0131rlanmas\u0131nda ve i\u015f d\u00fcnyas\u0131n\u0131n ihtiya\u00e7 duydu\u011fu nitelikli insan g\u00fcc\u00fcn\u00fcn temininde b\u00fcy\u00fck bir \u00e7aba ve gayret i\u00e7erisindeyiz. \u00d6\u011frencilerimizin \u00e7a\u011fda\u015f ve evrensel ilkeleri benimseyen, y\u00fcksek bilgi ve beceriye sahip bireyler olarak mezun olmalar\u0131 en b\u00fcy\u00fck arzumuzdur. D\u00fcnyadaki yeni geli\u015fmelere paralel olarak, geleneksel de\u011ferlerimizden kopmadan bu de\u011fi\u015fimlere [&hellip;]<\/p>\n","protected":false},"author":416,"featured_media":0,"parent":0,"menu_order":0,"comment_status":"closed","ping_status":"closed","template":"","meta":{"footnotes":""},"class_list":["post-6573","page","type-page","status-publish","hentry"],"_links":{"self":[{"href":"https:\/\/atauni.edu.tr\/ispir-hamza-polat-meslek-yuksekokulu\/wp-json\/wp\/v2\/pages\/6573","targetHints":{"allow":["GET"]}}],"collection":[{"href":"https:\/\/atauni.edu.tr\/ispir-hamza-polat-meslek-yuksekokulu\/wp-json\/wp\/v2\/pages"}],"about":[{"href":"https:\/\/atauni.edu.tr\/ispir-hamza-polat-meslek-yuksekokulu\/wp-json\/wp\/v2\/types\/page"}],"author":[{"embeddable":true,"href":"https:\/\/atauni.edu.tr\/ispir-hamza-polat-meslek-yuksekokulu\/wp-json\/wp\/v2\/users\/416"}],"replies":[{"embeddable":true,"href":"https:\/\/atauni.edu.tr\/ispir-hamza-polat-meslek-yuksekokulu\/wp-json\/wp\/v2\/comments?post=6573"}],"version-history":[{"count":4,"href":"https:\/\/atauni.edu.tr\/ispir-hamza-polat-meslek-yuksekokulu\/wp-json\/wp\/v2\/pages\/6573\/revisions"}],"predecessor-version":[{"id":6577,"href":"https:\/\/atauni.edu.tr\/ispir-hamza-polat-meslek-yuksekokulu\/wp-json\/wp\/v2\/pages\/6573\/revisions\/6577"}],"wp:attachment":[{"href":"https:\/\/atauni.edu.tr\/ispir-hamza-polat-meslek-yuksekokulu\/wp-json\/wp\/v2\/media?parent=6573"}],"curies":[{"name":"wp","href":"https:\/\/api.w.org\/{rel}","templated":true}]}}