{"id":6578,"date":"2021-12-12T13:09:58","date_gmt":"2021-12-12T10:09:58","guid":{"rendered":"https:\/\/birimler.atauni.edu.tr\/ispir-hamza-polat-meslek-yuksekokulu\/?page_id=6578"},"modified":"2021-12-12T13:10:12","modified_gmt":"2021-12-12T10:10:12","slug":"tarihce","status":"publish","type":"page","link":"https:\/\/atauni.edu.tr\/ispir-hamza-polat-meslek-yuksekokulu\/tarihce\/","title":{"rendered":"Tarih\u00e7e"},"content":{"rendered":"\t\t<div data-elementor-type=\"wp-page\" data-elementor-id=\"6578\" class=\"elementor elementor-6578\" data-elementor-post-type=\"page\">\n\t\t\t\t\t\t<section class=\"elementor-section elementor-top-section elementor-element elementor-element-e212a5d elementor-section-boxed elementor-section-height-default elementor-section-height-default\" data-id=\"e212a5d\" data-element_type=\"section\">\n\t\t\t\t\t\t<div class=\"elementor-container elementor-column-gap-default\">\n\t\t\t\t\t<div class=\"elementor-column elementor-col-100 elementor-top-column elementor-element elementor-element-bc4cfef\" data-id=\"bc4cfef\" data-element_type=\"column\">\n\t\t\t<div class=\"elementor-widget-wrap elementor-element-populated\">\n\t\t\t\t\t\t<div class=\"elementor-element elementor-element-71ef562 elementor-widget elementor-widget-text-editor\" data-id=\"71ef562\" data-element_type=\"widget\" data-widget_type=\"text-editor.default\">\n\t\t\t\t<div class=\"elementor-widget-container\">\n\t\t\t\t\t\t\t\t\t<p><strong>\u00a0\u0130spir Hamza Polat Meslek Y\u00fcksekokulu<\/strong>; Atat\u00fcrk \u00dcniversitesi Senatosunun <strong>16.01.1995<\/strong> tarih ve 01 say\u0131l\u0131 oturumunda al\u0131nan karar neticesine istinaden Y\u00fcksek \u00d6\u011fretim Genel Kuruluna teklif edilmi\u015f ve Y\u00fcksek \u00d6\u011fretim Genel Kurulu\u2019nun 16.06.1995 tarihli oturumunda incelenmi\u015f ve \u0130spir Meslek Y\u00fcksekokulunun a\u00e7\u0131lmas\u0131na karar verilmi\u015ftir. <strong>1997-1998<\/strong> e\u011fitim y\u0131l\u0131 itibariyle \u00f6\u011frenci al\u0131m\u0131na ba\u015flayan \u0130spir Meslek Y\u00fcksekokulu, Atat\u00fcrk \u00dcniversitesi Rekt\u00f6rl\u00fc\u011f\u00fcn\u00fcn \u0130spir Meslek Y\u00fcksekokulu ad\u0131n\u0131n <strong>\u0130spir Hamza Polat Meslek Y\u00fcksekokulu<\/strong> olarak de\u011fi\u015ftirilmesi konusundaki teklifi 29.06.1998 tarihli Y\u00fcksek \u00d6\u011fretim Genel Kurulu toplant\u0131s\u0131nda incelenmi\u015f ve Meslek Y\u00fcksekokullar\u0131na ad verme hakk\u0131ndaki <strong>12.03.1998<\/strong> tarih ve 98.3.43 say\u0131l\u0131 Y\u00fcksek \u00d6\u011fretim Genel Kurulu Karar\u0131 dikkate al\u0131narak, 2547 Say\u0131l\u0131 Kanunun 2880 Say\u0131l\u0131 Kanunla de\u011fi\u015fik 7\/d-2 maddesi uyar\u0131nca \u0130spir Meslek Y\u00fcksekokulu ad\u0131n\u0131n <strong>\u0130spir Hamza Polat Meslek Y\u00fcksekokulu<\/strong> olarak de\u011fi\u015ftirilmesine karar verilmi\u015ftir.<\/p>\t\t\t\t\t\t\t\t<\/div>\n\t\t\t\t<\/div>\n\t\t\t\t\t<\/div>\n\t\t<\/div>\n\t\t\t\t\t<\/div>\n\t\t<\/section>\n\t\t\t\t<\/div>\n\t\t","protected":false},"excerpt":{"rendered":"<p>\u00a0\u0130spir Hamza Polat Meslek Y\u00fcksekokulu; Atat\u00fcrk \u00dcniversitesi Senatosunun 16.01.1995 tarih ve 01 say\u0131l\u0131 oturumunda al\u0131nan karar neticesine istinaden Y\u00fcksek \u00d6\u011fretim Genel Kuruluna teklif edilmi\u015f ve Y\u00fcksek \u00d6\u011fretim Genel Kurulu\u2019nun 16.06.1995 tarihli oturumunda incelenmi\u015f ve \u0130spir Meslek Y\u00fcksekokulunun a\u00e7\u0131lmas\u0131na karar verilmi\u015ftir. 1997-1998 e\u011fitim y\u0131l\u0131 itibariyle \u00f6\u011frenci al\u0131m\u0131na ba\u015flayan \u0130spir Meslek Y\u00fcksekokulu, Atat\u00fcrk \u00dcniversitesi Rekt\u00f6rl\u00fc\u011f\u00fcn\u00fcn \u0130spir Meslek [&hellip;]<\/p>\n","protected":false},"author":416,"featured_media":0,"parent":0,"menu_order":0,"comment_status":"closed","ping_status":"closed","template":"","meta":{"footnotes":""},"class_list":["post-6578","page","type-page","status-publish","hentry"],"_links":{"self":[{"href":"https:\/\/atauni.edu.tr\/ispir-hamza-polat-meslek-yuksekokulu\/wp-json\/wp\/v2\/pages\/6578","targetHints":{"allow":["GET"]}}],"collection":[{"href":"https:\/\/atauni.edu.tr\/ispir-hamza-polat-meslek-yuksekokulu\/wp-json\/wp\/v2\/pages"}],"about":[{"href":"https:\/\/atauni.edu.tr\/ispir-hamza-polat-meslek-yuksekokulu\/wp-json\/wp\/v2\/types\/page"}],"author":[{"embeddable":true,"href":"https:\/\/atauni.edu.tr\/ispir-hamza-polat-meslek-yuksekokulu\/wp-json\/wp\/v2\/users\/416"}],"replies":[{"embeddable":true,"href":"https:\/\/atauni.edu.tr\/ispir-hamza-polat-meslek-yuksekokulu\/wp-json\/wp\/v2\/comments?post=6578"}],"version-history":[{"count":4,"href":"https:\/\/atauni.edu.tr\/ispir-hamza-polat-meslek-yuksekokulu\/wp-json\/wp\/v2\/pages\/6578\/revisions"}],"predecessor-version":[{"id":6582,"href":"https:\/\/atauni.edu.tr\/ispir-hamza-polat-meslek-yuksekokulu\/wp-json\/wp\/v2\/pages\/6578\/revisions\/6582"}],"wp:attachment":[{"href":"https:\/\/atauni.edu.tr\/ispir-hamza-polat-meslek-yuksekokulu\/wp-json\/wp\/v2\/media?parent=6578"}],"curies":[{"name":"wp","href":"https:\/\/api.w.org\/{rel}","templated":true}]}}