{"id":6593,"date":"2021-12-12T13:30:03","date_gmt":"2021-12-12T10:30:03","guid":{"rendered":"https:\/\/birimler.atauni.edu.tr\/ispir-hamza-polat-meslek-yuksekokulu\/?page_id=6593"},"modified":"2025-05-21T14:39:35","modified_gmt":"2025-05-21T11:39:35","slug":"projeler","status":"publish","type":"page","link":"https:\/\/atauni.edu.tr\/ispir-hamza-polat-meslek-yuksekokulu\/projeler\/","title":{"rendered":"Projeler"},"content":{"rendered":"\t\t<div data-elementor-type=\"wp-page\" data-elementor-id=\"6593\" class=\"elementor elementor-6593\" data-elementor-post-type=\"page\">\n\t\t\t\t\t\t<section class=\"elementor-section elementor-top-section elementor-element elementor-element-4c8196e elementor-section-boxed elementor-section-height-default elementor-section-height-default\" data-id=\"4c8196e\" data-element_type=\"section\">\n\t\t\t\t\t\t<div class=\"elementor-container elementor-column-gap-default\">\n\t\t\t\t\t<div class=\"elementor-column elementor-col-100 elementor-top-column elementor-element elementor-element-41c61cd\" data-id=\"41c61cd\" data-element_type=\"column\">\n\t\t\t<div class=\"elementor-widget-wrap elementor-element-populated\">\n\t\t\t\t\t\t<div class=\"elementor-element elementor-element-810fc35 elementor-widget elementor-widget-text-editor\" data-id=\"810fc35\" data-element_type=\"widget\" data-widget_type=\"text-editor.default\">\n\t\t\t\t<div class=\"elementor-widget-container\">\n\t\t\t\t\t\t\t\t\t<p><a href=\"https:\/\/birimler.atauni.edu.tr\/elektrik-ve-enerji-bolumu\/toplumsal-duyarlilik-projeleri\/\">Elektrik ve Enerji B\u00f6l\u00fcm\u00fc Toplumsal Duyarl\u0131l\u0131k Projeleri<\/a><\/p><p><a href=\"https:\/\/birimler.atauni.edu.tr\/elektronik-ve-otomasyon-bolumu\/toplumsal-duyarlilik-projeleri\/\">Elektronik ve Otomasyon B\u00f6l\u00fcm\u00fc Toplumsal Duyarl\u0131l\u0131k Projeleri<\/a><\/p><p><a href=\"https:\/\/birimler.atauni.edu.tr\/finans-bankacilik-ve-sigortacilik-bolumu\/toplumsal-duyarlilik-projeleri\/\">Finans &#8211; Bankac\u0131l\u0131k ve Sigortac\u0131l\u0131k B\u00f6l\u00fcm\u00fc Toplumsal Duyarl\u0131l\u0131k Projeleri<\/a><\/p><p>Ormanc\u0131l\u0131k B\u00f6l\u00fcm\u00fc Toplumsal Duyarl\u0131l\u0131k Projeleri<\/p><p>Y\u00f6netim ve Organizasyon B\u00f6l\u00fcm\u00fc Toplumsal Duyarl\u0131l\u0131k Projeleri<\/p>\t\t\t\t\t\t\t\t<\/div>\n\t\t\t\t<\/div>\n\t\t\t\t\t<\/div>\n\t\t<\/div>\n\t\t\t\t\t<\/div>\n\t\t<\/section>\n\t\t\t\t<\/div>\n\t\t","protected":false},"excerpt":{"rendered":"<p>Elektrik ve Enerji B\u00f6l\u00fcm\u00fc Toplumsal Duyarl\u0131l\u0131k Projeleri Elektronik ve Otomasyon B\u00f6l\u00fcm\u00fc Toplumsal Duyarl\u0131l\u0131k Projeleri Finans &#8211; Bankac\u0131l\u0131k ve Sigortac\u0131l\u0131k B\u00f6l\u00fcm\u00fc Toplumsal Duyarl\u0131l\u0131k Projeleri Ormanc\u0131l\u0131k B\u00f6l\u00fcm\u00fc Toplumsal Duyarl\u0131l\u0131k Projeleri Y\u00f6netim ve Organizasyon B\u00f6l\u00fcm\u00fc Toplumsal Duyarl\u0131l\u0131k Projeleri<\/p>\n","protected":false},"author":416,"featured_media":0,"parent":0,"menu_order":0,"comment_status":"closed","ping_status":"closed","template":"","meta":{"footnotes":""},"class_list":["post-6593","page","type-page","status-publish","hentry"],"_links":{"self":[{"href":"https:\/\/atauni.edu.tr\/ispir-hamza-polat-meslek-yuksekokulu\/wp-json\/wp\/v2\/pages\/6593","targetHints":{"allow":["GET"]}}],"collection":[{"href":"https:\/\/atauni.edu.tr\/ispir-hamza-polat-meslek-yuksekokulu\/wp-json\/wp\/v2\/pages"}],"about":[{"href":"https:\/\/atauni.edu.tr\/ispir-hamza-polat-meslek-yuksekokulu\/wp-json\/wp\/v2\/types\/page"}],"author":[{"embeddable":true,"href":"https:\/\/atauni.edu.tr\/ispir-hamza-polat-meslek-yuksekokulu\/wp-json\/wp\/v2\/users\/416"}],"replies":[{"embeddable":true,"href":"https:\/\/atauni.edu.tr\/ispir-hamza-polat-meslek-yuksekokulu\/wp-json\/wp\/v2\/comments?post=6593"}],"version-history":[{"count":17,"href":"https:\/\/atauni.edu.tr\/ispir-hamza-polat-meslek-yuksekokulu\/wp-json\/wp\/v2\/pages\/6593\/revisions"}],"predecessor-version":[{"id":8331,"href":"https:\/\/atauni.edu.tr\/ispir-hamza-polat-meslek-yuksekokulu\/wp-json\/wp\/v2\/pages\/6593\/revisions\/8331"}],"wp:attachment":[{"href":"https:\/\/atauni.edu.tr\/ispir-hamza-polat-meslek-yuksekokulu\/wp-json\/wp\/v2\/media?parent=6593"}],"curies":[{"name":"wp","href":"https:\/\/api.w.org\/{rel}","templated":true}]}}