{"id":8446,"date":"2025-08-10T15:36:48","date_gmt":"2025-08-10T12:36:48","guid":{"rendered":"https:\/\/birimler.atauni.edu.tr\/ispir-hamza-polat-meslek-yuksekokulu\/?page_id=8446"},"modified":"2025-08-10T15:36:48","modified_gmt":"2025-08-10T12:36:48","slug":"haberler","status":"publish","type":"page","link":"https:\/\/atauni.edu.tr\/ispir-hamza-polat-meslek-yuksekokulu\/haberler\/","title":{"rendered":"Haberler"},"content":{"rendered":"<form method=\"get\" class=\"row g-3\" style=\"margin-bottom: 20px;\"><div class=\"col-md-3\"><input type=\"text\" name=\"haber_ara\" class=\"form-control\" placeholder=\"Haber ara...\" value=\"\"><\/div><div class=\"col-md-3\"><input type=\"date\" name=\"baslangic_tarihi\" class=\"form-control\" value=\"\"><\/div><div class=\"col-md-3\"><input type=\"date\" name=\"bitis_tarihi\" class=\"form-control\" value=\"\"><\/div><div class=\"col-md-3\"><button type=\"submit\" class=\"btn btn-secondary w-50\">Filtrele<\/button><\/div><\/form><ul class=\"kategori-yazilari-liste\"><li style=\"display: flex; margin-bottom: 10px; align-items: center;\"><div class=\"post-thumbnail\" style=\"margin-right: 15px;\"><a href=\"https:\/\/atauni.edu.tr\/ispir-hamza-polat-meslek-yuksekokulu\/2025\/12\/31\/yaban-hayati-gozlem-gezisi\/\"><img decoding=\"async\" width=\"150\" height=\"150\" src=\"https:\/\/atauni.edu.tr\/ispir-hamza-polat-meslek-yuksekokulu\/wp-content\/uploads\/sites\/441\/2020\/07\/Haber-150x150.gif\" class=\"attachment-thumbnail size-thumbnail wp-post-image\" alt=\"\" \/><\/a><\/div><div class=\"post-content\" style=\"flex-grow: 1;\"><span class=\"post-date habertarih\" style=\"display: block; font-weight: bold; margin-bottom: 5px;\">31 Aral\u0131k 2025<\/span><a class=\"haberbaslik\" href=\"https:\/\/atauni.edu.tr\/ispir-hamza-polat-meslek-yuksekokulu\/2025\/12\/31\/yaban-hayati-gozlem-gezisi\/\">Yaban Hayat\u0131 G\u00f6zlem Gezisi<\/a><\/div><\/li><li style=\"display: flex; margin-bottom: 10px; align-items: center;\"><div class=\"post-thumbnail\" style=\"margin-right: 15px;\"><a href=\"https:\/\/atauni.edu.tr\/ispir-hamza-polat-meslek-yuksekokulu\/2025\/12\/04\/yaban-hayati-gelistirme-sahalari-ve-avcilik-faaliyetleri\/\"><img decoding=\"async\" width=\"150\" height=\"150\" src=\"https:\/\/atauni.edu.tr\/ispir-hamza-polat-meslek-yuksekokulu\/wp-content\/uploads\/sites\/441\/2020\/07\/Haber-150x150.gif\" class=\"attachment-thumbnail size-thumbnail wp-post-image\" alt=\"\" \/><\/a><\/div><div class=\"post-content\" style=\"flex-grow: 1;\"><span class=\"post-date habertarih\" style=\"display: block; font-weight: bold; margin-bottom: 5px;\">4 Aral\u0131k 2025<\/span><a class=\"haberbaslik\" href=\"https:\/\/atauni.edu.tr\/ispir-hamza-polat-meslek-yuksekokulu\/2025\/12\/04\/yaban-hayati-gelistirme-sahalari-ve-avcilik-faaliyetleri\/\">Ormanc\u0131l\u0131k ve Yaban Hayat\u0131 Faaliyetleri Hakk\u0131nda S\u00f6yle\u015fi<\/a><\/div><\/li><li style=\"display: flex; margin-bottom: 10px; align-items: center;\"><div class=\"post-thumbnail\" style=\"margin-right: 15px;\"><a href=\"https:\/\/atauni.edu.tr\/ispir-hamza-polat-meslek-yuksekokulu\/2024\/10\/03\/kadesi-indir-guvende-kal\/\"><img decoding=\"async\" width=\"150\" height=\"150\" src=\"https:\/\/atauni.edu.tr\/ispir-hamza-polat-meslek-yuksekokulu\/wp-content\/uploads\/sites\/441\/2020\/07\/Haber-150x150.gif\" class=\"attachment-thumbnail size-thumbnail wp-post-image\" alt=\"\" \/><\/a><\/div><div class=\"post-content\" style=\"flex-grow: 1;\"><span class=\"post-date habertarih\" style=\"display: block; font-weight: bold; margin-bottom: 5px;\">3 Ekim 2024<\/span><a class=\"haberbaslik\" href=\"https:\/\/atauni.edu.tr\/ispir-hamza-polat-meslek-yuksekokulu\/2024\/10\/03\/kadesi-indir-guvende-kal\/\">KADES\u2019i \u0130ndir, G\u00fcvende Kal!<\/a><\/div><\/li><li style=\"display: flex; margin-bottom: 10px; align-items: center;\"><div class=\"post-thumbnail\" style=\"margin-right: 15px;\"><a href=\"https:\/\/atauni.edu.tr\/ispir-hamza-polat-meslek-yuksekokulu\/2023\/11\/11\/11-kasim-fidan-dikim-etkinligi\/\"><img decoding=\"async\" width=\"150\" height=\"150\" src=\"https:\/\/atauni.edu.tr\/ispir-hamza-polat-meslek-yuksekokulu\/wp-content\/uploads\/sites\/441\/2020\/07\/Haber-150x150.gif\" class=\"attachment-thumbnail size-thumbnail wp-post-image\" alt=\"\" \/><\/a><\/div><div class=\"post-content\" style=\"flex-grow: 1;\"><span class=\"post-date habertarih\" style=\"display: block; font-weight: bold; margin-bottom: 5px;\">11 Kas\u0131m 2023<\/span><a class=\"haberbaslik\" href=\"https:\/\/atauni.edu.tr\/ispir-hamza-polat-meslek-yuksekokulu\/2023\/11\/11\/11-kasim-fidan-dikim-etkinligi\/\">11 Kas\u0131m Fidan Dikim Etkinli\u011fi<\/a><\/div><\/li><li style=\"display: flex; margin-bottom: 10px; align-items: center;\"><div class=\"post-thumbnail\" style=\"margin-right: 15px;\"><a href=\"https:\/\/atauni.edu.tr\/ispir-hamza-polat-meslek-yuksekokulu\/2023\/05\/05\/teknofest-2023te-buyuk-basari\/\"><img decoding=\"async\" width=\"150\" height=\"150\" src=\"https:\/\/atauni.edu.tr\/ispir-hamza-polat-meslek-yuksekokulu\/wp-content\/uploads\/sites\/441\/2020\/07\/Haber-150x150.gif\" class=\"attachment-thumbnail size-thumbnail wp-post-image\" alt=\"\" \/><\/a><\/div><div class=\"post-content\" style=\"flex-grow: 1;\"><span class=\"post-date habertarih\" style=\"display: block; font-weight: bold; margin-bottom: 5px;\">5 May\u0131s 2023<\/span><a class=\"haberbaslik\" href=\"https:\/\/atauni.edu.tr\/ispir-hamza-polat-meslek-yuksekokulu\/2023\/05\/05\/teknofest-2023te-buyuk-basari\/\">TeknoFest 2023&#8217;te B\u00fcy\u00fck Ba\u015far\u0131<\/a><\/div><\/li><li style=\"display: flex; margin-bottom: 10px; align-items: center;\"><div class=\"post-thumbnail\" style=\"margin-right: 15px;\"><a href=\"https:\/\/atauni.edu.tr\/ispir-hamza-polat-meslek-yuksekokulu\/2022\/02\/24\/yaban-hayati-yemleme-ve-gozlemleme-faaliyeti\/\"><img decoding=\"async\" width=\"150\" height=\"150\" src=\"https:\/\/atauni.edu.tr\/ispir-hamza-polat-meslek-yuksekokulu\/wp-content\/uploads\/sites\/441\/2020\/07\/Haber-150x150.gif\" class=\"attachment-thumbnail size-thumbnail wp-post-image\" alt=\"\" \/><\/a><\/div><div class=\"post-content\" style=\"flex-grow: 1;\"><span class=\"post-date habertarih\" style=\"display: block; font-weight: bold; margin-bottom: 5px;\">24 \u015eubat 2022<\/span><a class=\"haberbaslik\" href=\"https:\/\/atauni.edu.tr\/ispir-hamza-polat-meslek-yuksekokulu\/2022\/02\/24\/yaban-hayati-yemleme-ve-gozlemleme-faaliyeti\/\">Yaban Hayat\u0131 Yemleme ve G\u00f6zlemleme Faaliyeti<\/a><\/div><\/li><li style=\"display: flex; margin-bottom: 10px; align-items: center;\"><div class=\"post-thumbnail\" style=\"margin-right: 15px;\"><a href=\"https:\/\/atauni.edu.tr\/ispir-hamza-polat-meslek-yuksekokulu\/2021\/12\/29\/kariyer-merkezi-ziyareti\/\"><img decoding=\"async\" width=\"150\" height=\"150\" src=\"https:\/\/atauni.edu.tr\/ispir-hamza-polat-meslek-yuksekokulu\/wp-content\/uploads\/sites\/441\/2020\/07\/Haber-150x150.gif\" class=\"attachment-thumbnail size-thumbnail wp-post-image\" alt=\"\" \/><\/a><\/div><div class=\"post-content\" style=\"flex-grow: 1;\"><span class=\"post-date habertarih\" style=\"display: block; font-weight: bold; margin-bottom: 5px;\">29 Aral\u0131k 2021<\/span><a class=\"haberbaslik\" href=\"https:\/\/atauni.edu.tr\/ispir-hamza-polat-meslek-yuksekokulu\/2021\/12\/29\/kariyer-merkezi-ziyareti\/\">Kariyer Merkezi Ziyareti<\/a><\/div><\/li><li style=\"display: flex; margin-bottom: 10px; align-items: center;\"><div class=\"post-thumbnail\" style=\"margin-right: 15px;\"><a href=\"https:\/\/atauni.edu.tr\/ispir-hamza-polat-meslek-yuksekokulu\/2021\/12\/28\/meslek-yuksek-okullarinin-bolgesel-misyon-ve-vizyon-farklilasmasi\/\"><img decoding=\"async\" width=\"150\" height=\"150\" src=\"https:\/\/atauni.edu.tr\/ispir-hamza-polat-meslek-yuksekokulu\/wp-content\/uploads\/sites\/441\/2020\/07\/Haber-150x150.gif\" class=\"attachment-thumbnail size-thumbnail wp-post-image\" alt=\"\" \/><\/a><\/div><div class=\"post-content\" style=\"flex-grow: 1;\"><span class=\"post-date habertarih\" style=\"display: block; font-weight: bold; margin-bottom: 5px;\">28 Aral\u0131k 2021<\/span><a class=\"haberbaslik\" href=\"https:\/\/atauni.edu.tr\/ispir-hamza-polat-meslek-yuksekokulu\/2021\/12\/28\/meslek-yuksek-okullarinin-bolgesel-misyon-ve-vizyon-farklilasmasi\/\">\u00c7al\u0131\u015ftay<\/a><\/div><\/li><li style=\"display: flex; margin-bottom: 10px; align-items: center;\"><div class=\"post-thumbnail\" style=\"margin-right: 15px;\"><a href=\"https:\/\/atauni.edu.tr\/ispir-hamza-polat-meslek-yuksekokulu\/2021\/12\/03\/ogrenci-temsilcisi-secimi\/\"><img decoding=\"async\" width=\"150\" height=\"150\" src=\"https:\/\/atauni.edu.tr\/ispir-hamza-polat-meslek-yuksekokulu\/wp-content\/uploads\/sites\/441\/2020\/07\/Haber-150x150.gif\" class=\"attachment-thumbnail size-thumbnail wp-post-image\" alt=\"\" \/><\/a><\/div><div class=\"post-content\" style=\"flex-grow: 1;\"><span class=\"post-date habertarih\" style=\"display: block; font-weight: bold; margin-bottom: 5px;\">3 Aral\u0131k 2021<\/span><a class=\"haberbaslik\" href=\"https:\/\/atauni.edu.tr\/ispir-hamza-polat-meslek-yuksekokulu\/2021\/12\/03\/ogrenci-temsilcisi-secimi\/\">\u00d6\u011frenci Temsilcisi Se\u00e7imi<\/a><\/div><\/li><li style=\"display: flex; margin-bottom: 10px; align-items: center;\"><div class=\"post-thumbnail\" style=\"margin-right: 15px;\"><a href=\"https:\/\/atauni.edu.tr\/ispir-hamza-polat-meslek-yuksekokulu\/2021\/06\/13\/proje-egitimi\/\"><img decoding=\"async\" width=\"150\" height=\"150\" src=\"https:\/\/atauni.edu.tr\/ispir-hamza-polat-meslek-yuksekokulu\/wp-content\/uploads\/sites\/441\/2020\/07\/Haber-150x150.gif\" class=\"attachment-thumbnail size-thumbnail wp-post-image\" alt=\"\" \/><\/a><\/div><div class=\"post-content\" style=\"flex-grow: 1;\"><span class=\"post-date habertarih\" style=\"display: block; font-weight: bold; margin-bottom: 5px;\">13 Haziran 2021<\/span><a class=\"haberbaslik\" href=\"https:\/\/atauni.edu.tr\/ispir-hamza-polat-meslek-yuksekokulu\/2021\/06\/13\/proje-egitimi\/\">Proje E\u011fitimi<\/a><\/div><\/li><\/ul>\n\n\n\n<p><\/p>\n","protected":false},"excerpt":{"rendered":"","protected":false},"author":1,"featured_media":0,"parent":0,"menu_order":0,"comment_status":"closed","ping_status":"closed","template":"","meta":{"footnotes":""},"class_list":["post-8446","page","type-page","status-publish","hentry"],"_links":{"self":[{"href":"https:\/\/atauni.edu.tr\/ispir-hamza-polat-meslek-yuksekokulu\/wp-json\/wp\/v2\/pages\/8446","targetHints":{"allow":["GET"]}}],"collection":[{"href":"https:\/\/atauni.edu.tr\/ispir-hamza-polat-meslek-yuksekokulu\/wp-json\/wp\/v2\/pages"}],"about":[{"href":"https:\/\/atauni.edu.tr\/ispir-hamza-polat-meslek-yuksekokulu\/wp-json\/wp\/v2\/types\/page"}],"author":[{"embeddable":true,"href":"https:\/\/atauni.edu.tr\/ispir-hamza-polat-meslek-yuksekokulu\/wp-json\/wp\/v2\/users\/1"}],"replies":[{"embeddable":true,"href":"https:\/\/atauni.edu.tr\/ispir-hamza-polat-meslek-yuksekokulu\/wp-json\/wp\/v2\/comments?post=8446"}],"version-history":[{"count":1,"href":"https:\/\/atauni.edu.tr\/ispir-hamza-polat-meslek-yuksekokulu\/wp-json\/wp\/v2\/pages\/8446\/revisions"}],"predecessor-version":[{"id":8449,"href":"https:\/\/atauni.edu.tr\/ispir-hamza-polat-meslek-yuksekokulu\/wp-json\/wp\/v2\/pages\/8446\/revisions\/8449"}],"wp:attachment":[{"href":"https:\/\/atauni.edu.tr\/ispir-hamza-polat-meslek-yuksekokulu\/wp-json\/wp\/v2\/media?parent=8446"}],"curies":[{"name":"wp","href":"https:\/\/api.w.org\/{rel}","templated":true}]}}