{"id":6184,"date":"2022-03-23T10:31:17","date_gmt":"2022-03-23T07:31:17","guid":{"rendered":"https:\/\/birimler.atauni.edu.tr\/kadin-sorunlari-uygulama-ve-arastirma-merkezi-1\/?page_id=6184"},"modified":"2022-05-10T13:15:18","modified_gmt":"2022-05-10T10:15:18","slug":"mevzuat","status":"publish","type":"page","link":"https:\/\/atauni.edu.tr\/kadin-sorunlari-uygulama-ve-arastirma-merkezi-1\/mevzuat\/","title":{"rendered":"Mevzuat"},"content":{"rendered":"\t\t<div data-elementor-type=\"wp-page\" data-elementor-id=\"6184\" class=\"elementor elementor-6184\" data-elementor-post-type=\"page\">\n\t\t\t\t\t\t<section class=\"elementor-section elementor-top-section elementor-element elementor-element-9795315 elementor-section-boxed elementor-section-height-default elementor-section-height-default\" data-id=\"9795315\" data-element_type=\"section\">\n\t\t\t\t\t\t<div class=\"elementor-container elementor-column-gap-default\">\n\t\t\t\t\t<div class=\"elementor-column elementor-col-100 elementor-top-column elementor-element elementor-element-539dca4\" data-id=\"539dca4\" data-element_type=\"column\">\n\t\t\t<div class=\"elementor-widget-wrap elementor-element-populated\">\n\t\t\t\t\t\t<div class=\"elementor-element elementor-element-d5c77c2 elementor-widget elementor-widget-heading\" data-id=\"d5c77c2\" data-element_type=\"widget\" data-widget_type=\"heading.default\">\n\t\t\t\t<div class=\"elementor-widget-container\">\n\t\t\t\t\t<h2 class=\"elementor-heading-title elementor-size-default\">Mevzuat<\/h2>\t\t\t\t<\/div>\n\t\t\t\t<\/div>\n\t\t\t\t<div class=\"elementor-element elementor-element-c14e9e8 elementor-widget-divider--view-line elementor-widget elementor-widget-divider\" data-id=\"c14e9e8\" data-element_type=\"widget\" data-widget_type=\"divider.default\">\n\t\t\t\t<div class=\"elementor-widget-container\">\n\t\t\t\t\t\t\t<div class=\"elementor-divider\">\n\t\t\t<span class=\"elementor-divider-separator\">\n\t\t\t\t\t\t<\/span>\n\t\t<\/div>\n\t\t\t\t\t\t<\/div>\n\t\t\t\t<\/div>\n\t\t\t\t\t<\/div>\n\t\t<\/div>\n\t\t\t\t\t<\/div>\n\t\t<\/section>\n\t\t\t\t<section class=\"elementor-section elementor-top-section elementor-element elementor-element-7c40111 elementor-section-boxed elementor-section-height-default elementor-section-height-default\" data-id=\"7c40111\" data-element_type=\"section\">\n\t\t\t\t\t\t<div class=\"elementor-container elementor-column-gap-default\">\n\t\t\t\t\t<div class=\"elementor-column elementor-col-66 elementor-top-column elementor-element elementor-element-0708eb2\" data-id=\"0708eb2\" data-element_type=\"column\">\n\t\t\t<div class=\"elementor-widget-wrap elementor-element-populated\">\n\t\t\t\t\t\t<div class=\"elementor-element elementor-element-0370720 elementor-widget elementor-widget-pdf_viewer\" data-id=\"0370720\" data-element_type=\"widget\" data-widget_type=\"pdf_viewer.default\">\n\t\t\t\t<div class=\"elementor-widget-container\">\n\t\t\t\t\t<iframe src=\"https:\/\/docs.google.com\/viewer?url=https:\/\/birimler.atauni.edu.tr\/kadin-sorunlari-uygulama-ve-arastirma-merkezi-1\/wp-content\/uploads\/sites\/490\/2020\/07\/ATAKSAM-YONETMELIK.pdf&amp;embedded=true\" style=\"display: block; margin-left: auto; margin-right: auto; width: 640px; height: 1020px;\" frameborder=\"1\" marginheight=\"0px\" marginwidth=\"0px\" allowfullscreen><\/iframe>\t\t\t\t<\/div>\n\t\t\t\t<\/div>\n\t\t\t\t\t<\/div>\n\t\t<\/div>\n\t\t\t\t<div class=\"elementor-column elementor-col-33 elementor-top-column elementor-element elementor-element-a8cd11a\" data-id=\"a8cd11a\" data-element_type=\"column\">\n\t\t\t<div class=\"elementor-widget-wrap elementor-element-populated\">\n\t\t\t\t\t\t<div class=\"elementor-element elementor-element-9ebb7d4 elementor-align-justify elementor-widget elementor-widget-button\" data-id=\"9ebb7d4\" data-element_type=\"widget\" data-widget_type=\"button.default\">\n\t\t\t\t<div class=\"elementor-widget-container\">\n\t\t\t\t\t\t\t\t\t<div class=\"elementor-button-wrapper\">\n\t\t\t\t\t<a class=\"elementor-button elementor-button-link elementor-size-sm elementor-animation-pulse\" href=\"https:\/\/birimler.atauni.edu.tr\/kadin-sorunlari-uygulama-ve-arastirma-merkezi-1\/wp-content\/uploads\/sites\/490\/2020\/07\/SENATO-KARARI-VE-POLITIKA-BELGESI-.pdf\">\n\t\t\t\t\t\t<span class=\"elementor-button-content-wrapper\">\n\t\t\t\t\t\t\t\t\t<span class=\"elementor-button-text\">Senato Karar\u0131<\/span>\n\t\t\t\t\t<\/span>\n\t\t\t\t\t<\/a>\n\t\t\t\t<\/div>\n\t\t\t\t\t\t\t\t<\/div>\n\t\t\t\t<\/div>\n\t\t\t\t<div class=\"elementor-element elementor-element-d592245 elementor-align-justify elementor-widget elementor-widget-button\" data-id=\"d592245\" data-element_type=\"widget\" data-widget_type=\"button.default\">\n\t\t\t\t<div class=\"elementor-widget-container\">\n\t\t\t\t\t\t\t\t\t<div class=\"elementor-button-wrapper\">\n\t\t\t\t\t<a class=\"elementor-button elementor-button-link elementor-size-sm elementor-animation-pulse\" href=\"https:\/\/birimler.atauni.edu.tr\/kadin-sorunlari-uygulama-ve-arastirma-merkezi-1\/wp-content\/uploads\/sites\/490\/2020\/07\/Kadina-Yonelik-Siddetle-Mucadele-Ulusal-Eylem-Plani-2016-2020.pdf\">\n\t\t\t\t\t\t<span class=\"elementor-button-content-wrapper\">\n\t\t\t\t\t\t\t\t\t<span class=\"elementor-button-text\">Ulusal Eylem Plan\u0131<\/span>\n\t\t\t\t\t<\/span>\n\t\t\t\t\t<\/a>\n\t\t\t\t<\/div>\n\t\t\t\t\t\t\t\t<\/div>\n\t\t\t\t<\/div>\n\t\t\t\t<div class=\"elementor-element elementor-element-183f41a elementor-align-justify elementor-widget elementor-widget-button\" data-id=\"183f41a\" data-element_type=\"widget\" data-widget_type=\"button.default\">\n\t\t\t\t<div class=\"elementor-widget-container\">\n\t\t\t\t\t\t\t\t\t<div class=\"elementor-button-wrapper\">\n\t\t\t\t\t<a class=\"elementor-button elementor-button-link elementor-size-sm elementor-animation-pulse\" href=\"https:\/\/birimler.atauni.edu.tr\/kadin-sorunlari-uygulama-ve-arastirma-merkezi-1\/wp-content\/uploads\/sites\/490\/2020\/07\/TOPLUMSAL-CINSIYET-ESITLIGI-TUTUM-BELGESI-.docx\">\n\t\t\t\t\t\t<span class=\"elementor-button-content-wrapper\">\n\t\t\t\t\t\t\t\t\t<span class=\"elementor-button-text\">Toplumsal Cinsiyet E\u015fitli\u011fi Tutum Belgesi<\/span>\n\t\t\t\t\t<\/span>\n\t\t\t\t\t<\/a>\n\t\t\t\t<\/div>\n\t\t\t\t\t\t\t\t<\/div>\n\t\t\t\t<\/div>\n\t\t\t\t\t<\/div>\n\t\t<\/div>\n\t\t\t\t\t<\/div>\n\t\t<\/section>\n\t\t\t\t<\/div>\n\t\t","protected":false},"excerpt":{"rendered":"<p>Mevzuat Senato Karar\u0131 Ulusal Eylem Plan\u0131 Toplumsal Cinsiyet E\u015fitli\u011fi Tutum Belgesi<\/p>\n","protected":false},"author":455,"featured_media":0,"parent":0,"menu_order":0,"comment_status":"closed","ping_status":"closed","template":"","meta":{"footnotes":""},"class_list":["post-6184","page","type-page","status-publish","hentry"],"_links":{"self":[{"href":"https:\/\/atauni.edu.tr\/kadin-sorunlari-uygulama-ve-arastirma-merkezi-1\/wp-json\/wp\/v2\/pages\/6184","targetHints":{"allow":["GET"]}}],"collection":[{"href":"https:\/\/atauni.edu.tr\/kadin-sorunlari-uygulama-ve-arastirma-merkezi-1\/wp-json\/wp\/v2\/pages"}],"about":[{"href":"https:\/\/atauni.edu.tr\/kadin-sorunlari-uygulama-ve-arastirma-merkezi-1\/wp-json\/wp\/v2\/types\/page"}],"author":[{"embeddable":true,"href":"https:\/\/atauni.edu.tr\/kadin-sorunlari-uygulama-ve-arastirma-merkezi-1\/wp-json\/wp\/v2\/users\/455"}],"replies":[{"embeddable":true,"href":"https:\/\/atauni.edu.tr\/kadin-sorunlari-uygulama-ve-arastirma-merkezi-1\/wp-json\/wp\/v2\/comments?post=6184"}],"version-history":[{"count":34,"href":"https:\/\/atauni.edu.tr\/kadin-sorunlari-uygulama-ve-arastirma-merkezi-1\/wp-json\/wp\/v2\/pages\/6184\/revisions"}],"predecessor-version":[{"id":6505,"href":"https:\/\/atauni.edu.tr\/kadin-sorunlari-uygulama-ve-arastirma-merkezi-1\/wp-json\/wp\/v2\/pages\/6184\/revisions\/6505"}],"wp:attachment":[{"href":"https:\/\/atauni.edu.tr\/kadin-sorunlari-uygulama-ve-arastirma-merkezi-1\/wp-json\/wp\/v2\/media?parent=6184"}],"curies":[{"name":"wp","href":"https:\/\/api.w.org\/{rel}","templated":true}]}}