{"id":6190,"date":"2022-03-23T10:33:38","date_gmt":"2022-03-23T07:33:38","guid":{"rendered":"https:\/\/birimler.atauni.edu.tr\/kadin-sorunlari-uygulama-ve-arastirma-merkezi-1\/?page_id=6190"},"modified":"2022-03-23T12:54:58","modified_gmt":"2022-03-23T09:54:58","slug":"projeler","status":"publish","type":"page","link":"https:\/\/atauni.edu.tr\/kadin-sorunlari-uygulama-ve-arastirma-merkezi-1\/projeler\/","title":{"rendered":"Projeler"},"content":{"rendered":"\t\t<div data-elementor-type=\"wp-page\" data-elementor-id=\"6190\" class=\"elementor elementor-6190\" data-elementor-post-type=\"page\">\n\t\t\t\t\t\t<section class=\"elementor-section elementor-top-section elementor-element elementor-element-bdfcc6a elementor-section-boxed elementor-section-height-default elementor-section-height-default\" data-id=\"bdfcc6a\" data-element_type=\"section\">\n\t\t\t\t\t\t<div class=\"elementor-container elementor-column-gap-default\">\n\t\t\t\t\t<div class=\"elementor-column elementor-col-100 elementor-top-column elementor-element elementor-element-c2401b0\" data-id=\"c2401b0\" data-element_type=\"column\">\n\t\t\t<div class=\"elementor-widget-wrap elementor-element-populated\">\n\t\t\t\t\t\t<div class=\"elementor-element elementor-element-fa679f0 elementor-widget elementor-widget-heading\" data-id=\"fa679f0\" data-element_type=\"widget\" data-widget_type=\"heading.default\">\n\t\t\t\t<div class=\"elementor-widget-container\">\n\t\t\t\t\t<h2 class=\"elementor-heading-title elementor-size-default\">Projeler<\/h2>\t\t\t\t<\/div>\n\t\t\t\t<\/div>\n\t\t\t\t<div class=\"elementor-element elementor-element-a9fca72 elementor-widget-divider--view-line elementor-widget elementor-widget-divider\" data-id=\"a9fca72\" data-element_type=\"widget\" data-widget_type=\"divider.default\">\n\t\t\t\t<div class=\"elementor-widget-container\">\n\t\t\t\t\t\t\t<div class=\"elementor-divider\">\n\t\t\t<span class=\"elementor-divider-separator\">\n\t\t\t\t\t\t<\/span>\n\t\t<\/div>\n\t\t\t\t\t\t<\/div>\n\t\t\t\t<\/div>\n\t\t\t\t\t<\/div>\n\t\t<\/div>\n\t\t\t\t\t<\/div>\n\t\t<\/section>\n\t\t\t\t<section class=\"elementor-section elementor-top-section elementor-element elementor-element-bf28c4e elementor-section-boxed elementor-section-height-default elementor-section-height-default\" data-id=\"bf28c4e\" data-element_type=\"section\">\n\t\t\t\t\t\t<div class=\"elementor-container elementor-column-gap-default\">\n\t\t\t\t\t<div class=\"elementor-column elementor-col-66 elementor-top-column elementor-element elementor-element-58d4d26\" data-id=\"58d4d26\" data-element_type=\"column\">\n\t\t\t<div class=\"elementor-widget-wrap elementor-element-populated\">\n\t\t\t\t\t\t<div class=\"elementor-element elementor-element-fedc503 elementor-widget elementor-widget-pdf_viewer\" data-id=\"fedc503\" data-element_type=\"widget\" data-widget_type=\"pdf_viewer.default\">\n\t\t\t\t<div class=\"elementor-widget-container\">\n\t\t\t\t\t<iframe src=\"https:\/\/docs.google.com\/viewer?url=https:\/\/birimler.atauni.edu.tr\/kadin-sorunlari-uygulama-ve-arastirma-merkezi-1\/wp-content\/uploads\/sites\/490\/2020\/07\/Kadina-yonelik-siddetle-mucadelede-farkindalik-2.pdf&amp;embedded=true\" style=\"display: block; margin-left: auto; margin-right: auto; width: 640px; height: 1020px;\" frameborder=\"1\" marginheight=\"0px\" marginwidth=\"0px\" allowfullscreen><\/iframe>\t\t\t\t<\/div>\n\t\t\t\t<\/div>\n\t\t\t\t\t<\/div>\n\t\t<\/div>\n\t\t\t\t<div class=\"elementor-column elementor-col-33 elementor-top-column elementor-element elementor-element-88aaba5\" data-id=\"88aaba5\" data-element_type=\"column\">\n\t\t\t<div class=\"elementor-widget-wrap elementor-element-populated\">\n\t\t\t\t\t\t<div class=\"elementor-element elementor-element-960f05c elementor-align-justify elementor-widget elementor-widget-button\" data-id=\"960f05c\" data-element_type=\"widget\" data-widget_type=\"button.default\">\n\t\t\t\t<div class=\"elementor-widget-container\">\n\t\t\t\t\t\t\t\t\t<div class=\"elementor-button-wrapper\">\n\t\t\t\t\t<a class=\"elementor-button elementor-button-link elementor-size-sm elementor-animation-pulse\" href=\"https:\/\/birimler.atauni.edu.tr\/kadin-sorunlari-uygulama-ve-arastirma-merkezi-1\/wp-content\/uploads\/sites\/490\/2020\/07\/Siddete-turuncu-tepki-1.pdf\">\n\t\t\t\t\t\t<span class=\"elementor-button-content-wrapper\">\n\t\t\t\t\t\t\t\t\t<span class=\"elementor-button-text\">\u015eiddete Turuncu Tepki<\/span>\n\t\t\t\t\t<\/span>\n\t\t\t\t\t<\/a>\n\t\t\t\t<\/div>\n\t\t\t\t\t\t\t\t<\/div>\n\t\t\t\t<\/div>\n\t\t\t\t<div class=\"elementor-element elementor-element-a9f1956 elementor-align-justify elementor-widget elementor-widget-button\" data-id=\"a9f1956\" data-element_type=\"widget\" data-widget_type=\"button.default\">\n\t\t\t\t<div class=\"elementor-widget-container\">\n\t\t\t\t\t\t\t\t\t<div class=\"elementor-button-wrapper\">\n\t\t\t\t\t<a class=\"elementor-button elementor-button-link elementor-size-sm elementor-animation-pulse\" href=\"https:\/\/birimler.atauni.edu.tr\/kadin-sorunlari-uygulama-ve-arastirma-merkezi-1\/wp-content\/uploads\/sites\/490\/2020\/07\/Siddeti-Onlemede-Fikrini-Soyle-Projesi-Sonuc-Raporu-1.pdf\">\n\t\t\t\t\t\t<span class=\"elementor-button-content-wrapper\">\n\t\t\t\t\t\t\t\t\t<span class=\"elementor-button-text\">\u015eiddeti \u00d6nlemede Fikrini S\u00f6yle<\/span>\n\t\t\t\t\t<\/span>\n\t\t\t\t\t<\/a>\n\t\t\t\t<\/div>\n\t\t\t\t\t\t\t\t<\/div>\n\t\t\t\t<\/div>\n\t\t\t\t\t<\/div>\n\t\t<\/div>\n\t\t\t\t\t<\/div>\n\t\t<\/section>\n\t\t\t\t<\/div>\n\t\t","protected":false},"excerpt":{"rendered":"<p>Projeler \u015eiddete Turuncu Tepki \u015eiddeti \u00d6nlemede Fikrini S\u00f6yle<\/p>\n","protected":false},"author":455,"featured_media":0,"parent":0,"menu_order":0,"comment_status":"closed","ping_status":"closed","template":"","meta":{"footnotes":""},"class_list":["post-6190","page","type-page","status-publish","hentry"],"_links":{"self":[{"href":"https:\/\/atauni.edu.tr\/kadin-sorunlari-uygulama-ve-arastirma-merkezi-1\/wp-json\/wp\/v2\/pages\/6190","targetHints":{"allow":["GET"]}}],"collection":[{"href":"https:\/\/atauni.edu.tr\/kadin-sorunlari-uygulama-ve-arastirma-merkezi-1\/wp-json\/wp\/v2\/pages"}],"about":[{"href":"https:\/\/atauni.edu.tr\/kadin-sorunlari-uygulama-ve-arastirma-merkezi-1\/wp-json\/wp\/v2\/types\/page"}],"author":[{"embeddable":true,"href":"https:\/\/atauni.edu.tr\/kadin-sorunlari-uygulama-ve-arastirma-merkezi-1\/wp-json\/wp\/v2\/users\/455"}],"replies":[{"embeddable":true,"href":"https:\/\/atauni.edu.tr\/kadin-sorunlari-uygulama-ve-arastirma-merkezi-1\/wp-json\/wp\/v2\/comments?post=6190"}],"version-history":[{"count":17,"href":"https:\/\/atauni.edu.tr\/kadin-sorunlari-uygulama-ve-arastirma-merkezi-1\/wp-json\/wp\/v2\/pages\/6190\/revisions"}],"predecessor-version":[{"id":6412,"href":"https:\/\/atauni.edu.tr\/kadin-sorunlari-uygulama-ve-arastirma-merkezi-1\/wp-json\/wp\/v2\/pages\/6190\/revisions\/6412"}],"wp:attachment":[{"href":"https:\/\/atauni.edu.tr\/kadin-sorunlari-uygulama-ve-arastirma-merkezi-1\/wp-json\/wp\/v2\/media?parent=6190"}],"curies":[{"name":"wp","href":"https:\/\/api.w.org\/{rel}","templated":true}]}}