{"id":7993,"date":"2025-12-10T13:53:35","date_gmt":"2025-12-10T10:53:35","guid":{"rendered":"https:\/\/birimler.atauni.edu.tr\/kalite-koordinatorlugu\/?page_id=7993"},"modified":"2026-01-08T10:28:09","modified_gmt":"2026-01-08T07:28:09","slug":"dokumanlar","status":"publish","type":"page","link":"https:\/\/atauni.edu.tr\/kalite-koordinatorlugu\/dokumanlar\/","title":{"rendered":"D\u00f6k\u00fcmanlar"},"content":{"rendered":"\t\t<div data-elementor-type=\"wp-page\" data-elementor-id=\"7993\" class=\"elementor elementor-7993\" data-elementor-post-type=\"page\">\n\t\t\t\t\t\t<section class=\"elementor-section elementor-top-section elementor-element elementor-element-a565313 elementor-section-boxed elementor-section-height-default elementor-section-height-default\" data-id=\"a565313\" data-element_type=\"section\">\n\t\t\t\t\t\t<div class=\"elementor-container elementor-column-gap-default\">\n\t\t\t\t\t<div class=\"elementor-column elementor-col-50 elementor-top-column elementor-element elementor-element-391f16b\" data-id=\"391f16b\" data-element_type=\"column\">\n\t\t\t<div class=\"elementor-widget-wrap elementor-element-populated\">\n\t\t\t\t\t\t<div class=\"elementor-element elementor-element-f91e2d0 elementor-widget elementor-widget-text-editor\" data-id=\"f91e2d0\" data-element_type=\"widget\" data-widget_type=\"text-editor.default\">\n\t\t\t\t<div class=\"elementor-widget-container\">\n\t\t\t\t\t\t\t\t\t<ul class=\"znListItems clearfix\"><li class=\"znListItems-item clearfix\"><a class=\"znListItems-link\" href=\"http:\/\/birimler.atauni.edu.tr\/wp-content\/uploads\/2025\/12\/tc_anayasasi.pdf\"><span class=\"znListItems-text\">T.C. Anayasa&#8217;s\u0131n\u0131n \u0130lgili H\u00fck\u00fcmleri<\/span><\/a><\/li><li class=\"znListItems-item clearfix\"><a class=\"znListItems-link\" href=\"http:\/\/birimler.atauni.edu.tr\/wp-content\/uploads\/2025\/12\/Yuksekogretim-Kanunu-1.pdf\"><span class=\"znListItems-text\">Y\u00fcksek\u00f6\u011fretim Kanunu (2547 Say\u0131l\u0131 Kanun)<\/span><\/a><\/li><li class=\"znListItems-item clearfix\"><a class=\"znListItems-link\" href=\"https:\/\/www.resmigazete.gov.tr\/eskiler\/2018\/11\/20181123-16.htm\" target=\"_blank\" rel=\"noopener\"><span class=\"znListItems-text\">Y\u00fcksek\u00f6\u011fretim Kalite G\u00fcvencesi Y\u00f6netmeli\u011fi<\/span><\/a><\/li><li class=\"znListItems-item clearfix\"><a class=\"znListItems-link\" href=\"http:\/\/birimler.atauni.edu.tr\/wp-content\/uploads\/2025\/12\/USUL-VE-ESASLAR_tarih-1.pdf\"><span class=\"znListItems-text\">Y\u00fcksek\u00f6\u011fretim Kalite Kurulunun \u00c7al\u0131\u015fma Usul ve Esaslar\u0131<\/span><\/a><\/li><li class=\"znListItems-item clearfix\"><a class=\"znListItems-link\" href=\"http:\/\/birimler.atauni.edu.tr\/wp-content\/uploads\/2025\/12\/Kurumsal-Dis-Degerlendirme-ve-AkreditasyonKilavuzu-Surum-1.pdf\" target=\"_blank\" rel=\"noopener\"><span class=\"znListItems-text\">Kurumsal D\u0131\u015f De\u011ferlendirme ve Akreditasyon K\u0131lavuzu<\/span><\/a><\/li><li class=\"znListItems-item clearfix\"><a class=\"znListItems-link\" href=\"http:\/\/birimler.atauni.edu.tr\/wp-content\/uploads\/2025\/12\/Kurumsal-Dis-Degerlendirme-ve-AkreditasyonKilavuzu-Surum-2.pdf\"><span class=\"znListItems-text\">Kurumsal D\u0131\u015f De\u011ferlendirme Y\u00f6nergesi<\/span><\/a><\/li><li class=\"znListItems-item clearfix\"><a class=\"znListItems-link\" href=\"http:\/\/birimler.atauni.edu.tr\/wp-content\/uploads\/2025\/12\/7-YUKSEKOGRETIM-ALANINDA-FAALIYET-GOSTEREN-DIS-DEGERLENDIRME-VE-AKREDITASYON-KURULUSLARININ-YETKILENDIRILMESINE-ILISKIN-YONERGE_tarih.pdf\"><span class=\"znListItems-text\">Y\u00fcksek\u00f6\u011fretim Alan\u0131nda Faaliyet G\u00f6steren D\u0131\u015f De\u011ferlendirme ve Akreditasyon Kurulu\u015flar\u0131n\u0131n Yetkilendirilmesine \u0130li\u015fkin Y\u00f6nerge<\/span><\/a><\/li><li class=\"znListItems-item clearfix\"><a class=\"znListItems-link\" href=\"http:\/\/birimler.atauni.edu.tr\/wp-content\/uploads\/2025\/12\/8-K-ATATURK-UNIVERSITESI-TOPLUMSAL-KATKI-POLI\u0307TI\u0307KA-BELGESI-V.01.pdf\" target=\"_blank\" rel=\"noopener\"><span class=\"znListItems-text\">Atat\u00fcrk \u00dcniversitesi Toplumsal Katk\u0131 Politikas\u0131<\/span><\/a><\/li><li class=\"znListItems-item clearfix\"><a href=\"https:\/\/atauni.edu.tr\/egitim-ogretim-politikasi\"><span class=\"znListItems-text\">Atat\u00fcrk \u00dcniversitesi E\u011fitim-\u00d6\u011fretim Politikas\u0131<\/span><\/a><\/li><li class=\"znListItems-item clearfix\"><a class=\"znListItems-link\" href=\"http:\/\/birimler.atauni.edu.tr\/wp-content\/uploads\/2025\/12\/9-Ataturk-Universitesi-Acik-Bilim-Politikasi.pdf\" target=\"_blank\" rel=\"noopener\"><span class=\"znListItems-text\">Atat\u00fcrk \u00dcniversitesi A\u00e7\u0131k Bilim Politikas\u0131<\/span><\/a><\/li><li class=\"znListItems-item clearfix\"><a class=\"znListItems-link\" href=\"http:\/\/birimler.atauni.edu.tr\/wp-content\/uploads\/2025\/12\/10-ATAUNI_UluslararasilasmaStratejisiveEylemPlani2023_DIO_SENATO.pdf\" target=\"_blank\" rel=\"noopener\"><span class=\"znListItems-text\">Atat\u00fcrk \u00dcniversitesi Uluslararas\u0131la\u015fma Politikas\u0131<\/span><\/a><\/li><li class=\"znListItems-item clearfix\"><a class=\"znListItems-link\" href=\"http:\/\/birimler.atauni.edu.tr\/wp-content\/uploads\/2025\/12\/11-Ataturk-Universitesi-Kadin-Guclenmesini-Destekleme-Politikasi.pdf\" target=\"_blank\" rel=\"noopener\"><span class=\"znListItems-text\">Atat\u00fcrk \u00dcniversitesi Kad\u0131n G\u00fc\u00e7lenmesini Destekleme Politikas\u0131<\/span><\/a><\/li><li class=\"znListItems-item clearfix\"><a class=\"znListItems-link\" href=\"http:\/\/birimler.atauni.edu.tr\/wp-content\/uploads\/2025\/12\/12-ArastirmaPolitikasi.pdf\" target=\"_blank\" rel=\"noopener\"><span class=\"znListItems-text\">Atat\u00fcrk \u00dcniversitesi Ara\u015ft\u0131rma Politikas\u0131<\/span><\/a><\/li><li class=\"znListItems-item clearfix\"><a class=\"znListItems-link\" href=\"http:\/\/birimler.atauni.edu.tr\/wp-content\/uploads\/2025\/12\/13-Ataturk-Universitesi-Akreditasyon-Politikasi.pdf\" target=\"_blank\" rel=\"noopener\"><span class=\"znListItems-text\">Atat\u00fcrk \u00dcniversitesi Akreditasyon Politikas\u0131<\/span><\/a><\/li><\/ul>\t\t\t\t\t\t\t\t<\/div>\n\t\t\t\t<\/div>\n\t\t\t\t\t<\/div>\n\t\t<\/div>\n\t\t\t\t<div class=\"elementor-column elementor-col-50 elementor-top-column elementor-element elementor-element-6f875f6\" data-id=\"6f875f6\" data-element_type=\"column\">\n\t\t\t<div class=\"elementor-widget-wrap\">\n\t\t\t\t\t\t\t<\/div>\n\t\t<\/div>\n\t\t\t\t\t<\/div>\n\t\t<\/section>\n\t\t\t\t<\/div>\n\t\t","protected":false},"excerpt":{"rendered":"<p>T.C. Anayasa&#8217;s\u0131n\u0131n \u0130lgili H\u00fck\u00fcmleri Y\u00fcksek\u00f6\u011fretim Kanunu (2547 Say\u0131l\u0131 Kanun) Y\u00fcksek\u00f6\u011fretim Kalite G\u00fcvencesi Y\u00f6netmeli\u011fi Y\u00fcksek\u00f6\u011fretim Kalite Kurulunun \u00c7al\u0131\u015fma Usul ve Esaslar\u0131 Kurumsal D\u0131\u015f De\u011ferlendirme ve Akreditasyon K\u0131lavuzu Kurumsal D\u0131\u015f De\u011ferlendirme Y\u00f6nergesi Y\u00fcksek\u00f6\u011fretim Alan\u0131nda Faaliyet G\u00f6steren D\u0131\u015f De\u011ferlendirme ve Akreditasyon Kurulu\u015flar\u0131n\u0131n Yetkilendirilmesine \u0130li\u015fkin Y\u00f6nerge Atat\u00fcrk \u00dcniversitesi Toplumsal Katk\u0131 Politikas\u0131 Atat\u00fcrk \u00dcniversitesi E\u011fitim-\u00d6\u011fretim Politikas\u0131 Atat\u00fcrk \u00dcniversitesi A\u00e7\u0131k Bilim [&hellip;]<\/p>\n","protected":false},"author":594,"featured_media":0,"parent":0,"menu_order":0,"comment_status":"closed","ping_status":"closed","template":"","meta":{"footnotes":""},"class_list":["post-7993","page","type-page","status-publish","hentry"],"_links":{"self":[{"href":"https:\/\/atauni.edu.tr\/kalite-koordinatorlugu\/wp-json\/wp\/v2\/pages\/7993","targetHints":{"allow":["GET"]}}],"collection":[{"href":"https:\/\/atauni.edu.tr\/kalite-koordinatorlugu\/wp-json\/wp\/v2\/pages"}],"about":[{"href":"https:\/\/atauni.edu.tr\/kalite-koordinatorlugu\/wp-json\/wp\/v2\/types\/page"}],"author":[{"embeddable":true,"href":"https:\/\/atauni.edu.tr\/kalite-koordinatorlugu\/wp-json\/wp\/v2\/users\/594"}],"replies":[{"embeddable":true,"href":"https:\/\/atauni.edu.tr\/kalite-koordinatorlugu\/wp-json\/wp\/v2\/comments?post=7993"}],"version-history":[{"count":20,"href":"https:\/\/atauni.edu.tr\/kalite-koordinatorlugu\/wp-json\/wp\/v2\/pages\/7993\/revisions"}],"predecessor-version":[{"id":8467,"href":"https:\/\/atauni.edu.tr\/kalite-koordinatorlugu\/wp-json\/wp\/v2\/pages\/7993\/revisions\/8467"}],"wp:attachment":[{"href":"https:\/\/atauni.edu.tr\/kalite-koordinatorlugu\/wp-json\/wp\/v2\/media?parent=7993"}],"curies":[{"name":"wp","href":"https:\/\/api.w.org\/{rel}","templated":true}]}}