{"id":8064,"date":"2025-12-15T11:07:02","date_gmt":"2025-12-15T08:07:02","guid":{"rendered":"https:\/\/birimler.atauni.edu.tr\/kalite-koordinatorlugu\/?page_id=8064"},"modified":"2026-03-09T11:42:18","modified_gmt":"2026-03-09T08:42:18","slug":"anket-sonuc-raporlari","status":"publish","type":"page","link":"https:\/\/atauni.edu.tr\/kalite-koordinatorlugu\/anket-sonuc-raporlari\/","title":{"rendered":"Anket Sonu\u00e7 Raporlar\u0131"},"content":{"rendered":"\t\t<div data-elementor-type=\"wp-page\" data-elementor-id=\"8064\" class=\"elementor elementor-8064\" data-elementor-post-type=\"page\">\n\t\t\t\t\t\t<section class=\"elementor-section elementor-top-section elementor-element elementor-element-0d5a4da elementor-section-boxed elementor-section-height-default elementor-section-height-default\" data-id=\"0d5a4da\" data-element_type=\"section\">\n\t\t\t\t\t\t<div class=\"elementor-container elementor-column-gap-default\">\n\t\t\t\t\t<div class=\"elementor-column elementor-col-66 elementor-top-column elementor-element elementor-element-c4ba3af\" data-id=\"c4ba3af\" data-element_type=\"column\">\n\t\t\t<div class=\"elementor-widget-wrap elementor-element-populated\">\n\t\t\t\t\t\t<div class=\"elementor-element elementor-element-f19e2c6 elementor-widget elementor-widget-accordion\" data-id=\"f19e2c6\" data-element_type=\"widget\" data-widget_type=\"accordion.default\">\n\t\t\t\t<div class=\"elementor-widget-container\">\n\t\t\t\t\t\t\t<div class=\"elementor-accordion\">\n\t\t\t\t\t\t\t<div class=\"elementor-accordion-item\">\n\t\t\t\t\t<div id=\"elementor-tab-title-2531\" class=\"elementor-tab-title\" data-tab=\"1\" role=\"button\" aria-controls=\"elementor-tab-content-2531\" aria-expanded=\"false\">\n\t\t\t\t\t\t\t\t\t\t\t\t\t<span class=\"elementor-accordion-icon elementor-accordion-icon-left\" aria-hidden=\"true\">\n\t\t\t\t\t\t\t\t\t\t\t\t\t\t\t<span class=\"elementor-accordion-icon-closed\"><i class=\"fas fa-plus\"><\/i><\/span>\n\t\t\t\t\t\t\t\t<span class=\"elementor-accordion-icon-opened\"><i class=\"fas fa-minus\"><\/i><\/span>\n\t\t\t\t\t\t\t\t\t\t\t\t\t\t<\/span>\n\t\t\t\t\t\t\t\t\t\t\t\t<a class=\"elementor-accordion-title\" tabindex=\"0\">2024-2025 E\u011fitim \u00d6\u011fretim Y\u0131l\u0131<\/a>\n\t\t\t\t\t<\/div>\n\t\t\t\t\t<div id=\"elementor-tab-content-2531\" class=\"elementor-tab-content elementor-clearfix\" data-tab=\"1\" role=\"region\" aria-labelledby=\"elementor-tab-title-2531\"><p><a href=\"https:\/\/atauni.edu.tr\/kalite-koordinatorlugu\/wp-content\/uploads\/sites\/821\/2026\/03\/Ogrenci-Anket-Raporu-2024-2025.pdf\">\u00d6\u011frenci Anket Raporu 2024-2025<\/a><\/p><p><a href=\"https:\/\/atauni.edu.tr\/kalite-koordinatorlugu\/wp-content\/uploads\/sites\/821\/2026\/03\/Akademik-Personel-Genel-Memnuniyet-Anket-Degerlendirme-Raporu-2024-2025-.pdf\">Akademik Personel Genel Memnuniyet Anket De\u011ferlendirme Raporu 2024-2025<\/a><\/p><p><a href=\"https:\/\/atauni.edu.tr\/kalite-koordinatorlugu\/wp-content\/uploads\/sites\/821\/2026\/03\/Ataturk-Universitesi-Idari-Personel-2024-2025-Egitim-Ogretim-Yili-Guz-Donemi-Anket-Degerlendirme-Raporu.pdf\">Atat\u00fcrk \u00dcniversitesi \u0130dari Personel 2024-2025 E\u011fitim-\u00d6\u011fretim Y\u0131l\u0131 G\u00fcz D\u00f6nemi Anket De\u011ferlendirme Raporu<\/a><\/p><\/div>\n\t\t\t\t<\/div>\n\t\t\t\t\t\t\t<div class=\"elementor-accordion-item\">\n\t\t\t\t\t<div id=\"elementor-tab-title-2532\" class=\"elementor-tab-title\" data-tab=\"2\" role=\"button\" aria-controls=\"elementor-tab-content-2532\" aria-expanded=\"false\">\n\t\t\t\t\t\t\t\t\t\t\t\t\t<span class=\"elementor-accordion-icon elementor-accordion-icon-left\" aria-hidden=\"true\">\n\t\t\t\t\t\t\t\t\t\t\t\t\t\t\t<span class=\"elementor-accordion-icon-closed\"><i class=\"fas fa-plus\"><\/i><\/span>\n\t\t\t\t\t\t\t\t<span class=\"elementor-accordion-icon-opened\"><i class=\"fas fa-minus\"><\/i><\/span>\n\t\t\t\t\t\t\t\t\t\t\t\t\t\t<\/span>\n\t\t\t\t\t\t\t\t\t\t\t\t<a class=\"elementor-accordion-title\" tabindex=\"0\">2023-2024 E\u011fitim \u00d6\u011fretim Y\u0131l\u0131<\/a>\n\t\t\t\t\t<\/div>\n\t\t\t\t\t<div id=\"elementor-tab-content-2532\" class=\"elementor-tab-content elementor-clearfix\" data-tab=\"2\" role=\"region\" aria-labelledby=\"elementor-tab-title-2532\"><ul><li><a href=\"https:\/\/birimler.atauni.edu.tr\/kalite-koordinatorlugu\/wp-content\/uploads\/sites\/821\/2025\/12\/Ataturk-Universitesi-Akademik-Personel-2023-2024-3.pdf\">Akademik Personel Memnuniyet Raporu<\/a><\/li><li><a href=\"https:\/\/birimler.atauni.edu.tr\/kalite-koordinatorlugu\/wp-content\/uploads\/sites\/821\/2025\/12\/Idari-Personel-2023-2024-Anket-Raporu.pdf\">\u0130dari Personel Memnuniyet Raporu<\/a><\/li><li><a href=\"https:\/\/birimler.atauni.edu.tr\/kalite-koordinatorlugu\/wp-content\/uploads\/sites\/821\/2025\/12\/Ataturk-Universitesi-Ogrenci-Memnuniyet-Anket-Raporu-2023-2024.pdf\">\u00d6\u011frenci Memnuniyet Raporu<\/a><\/li><\/ul><\/div>\n\t\t\t\t<\/div>\n\t\t\t\t\t\t\t<div class=\"elementor-accordion-item\">\n\t\t\t\t\t<div id=\"elementor-tab-title-2533\" class=\"elementor-tab-title\" data-tab=\"3\" role=\"button\" aria-controls=\"elementor-tab-content-2533\" aria-expanded=\"false\">\n\t\t\t\t\t\t\t\t\t\t\t\t\t<span class=\"elementor-accordion-icon elementor-accordion-icon-left\" aria-hidden=\"true\">\n\t\t\t\t\t\t\t\t\t\t\t\t\t\t\t<span class=\"elementor-accordion-icon-closed\"><i class=\"fas fa-plus\"><\/i><\/span>\n\t\t\t\t\t\t\t\t<span class=\"elementor-accordion-icon-opened\"><i class=\"fas fa-minus\"><\/i><\/span>\n\t\t\t\t\t\t\t\t\t\t\t\t\t\t<\/span>\n\t\t\t\t\t\t\t\t\t\t\t\t<a class=\"elementor-accordion-title\" tabindex=\"0\">2022-2023 E\u011fitim \u00d6\u011fretim Y\u0131l\u0131<\/a>\n\t\t\t\t\t<\/div>\n\t\t\t\t\t<div id=\"elementor-tab-content-2533\" class=\"elementor-tab-content elementor-clearfix\" data-tab=\"3\" role=\"region\" aria-labelledby=\"elementor-tab-title-2533\"><ul><li><a href=\"https:\/\/birimler.atauni.edu.tr\/kalite-koordinatorlugu\/wp-content\/uploads\/sites\/821\/2025\/12\/akademik-personel-rapor-1.pdf\">Akademik Personel Memnuniyet Raporu<\/a>\u00a0<\/li><\/ul><\/div>\n\t\t\t\t<\/div>\n\t\t\t\t\t\t\t<div class=\"elementor-accordion-item\">\n\t\t\t\t\t<div id=\"elementor-tab-title-2534\" class=\"elementor-tab-title\" data-tab=\"4\" role=\"button\" aria-controls=\"elementor-tab-content-2534\" aria-expanded=\"false\">\n\t\t\t\t\t\t\t\t\t\t\t\t\t<span class=\"elementor-accordion-icon elementor-accordion-icon-left\" aria-hidden=\"true\">\n\t\t\t\t\t\t\t\t\t\t\t\t\t\t\t<span class=\"elementor-accordion-icon-closed\"><i class=\"fas fa-plus\"><\/i><\/span>\n\t\t\t\t\t\t\t\t<span class=\"elementor-accordion-icon-opened\"><i class=\"fas fa-minus\"><\/i><\/span>\n\t\t\t\t\t\t\t\t\t\t\t\t\t\t<\/span>\n\t\t\t\t\t\t\t\t\t\t\t\t<a class=\"elementor-accordion-title\" tabindex=\"0\">2021-2022 E\u011fitim \u00d6\u011fretim Y\u0131l\u0131 G\u00fcz D\u00f6nemi\u0131<\/a>\n\t\t\t\t\t<\/div>\n\t\t\t\t\t<div id=\"elementor-tab-content-2534\" class=\"elementor-tab-content elementor-clearfix\" data-tab=\"4\" role=\"region\" aria-labelledby=\"elementor-tab-title-2534\"><ul><li>\u00a0<a href=\"https:\/\/birimler.atauni.edu.tr\/kalite-koordinatorlugu\/wp-content\/uploads\/sites\/821\/2025\/12\/Akademik-Personel-Memnuniyet-Anketi-Raporu-2022.pdf\">Akademik Personel Memnuniyet Raporu<\/a><\/li><li><a href=\"https:\/\/birimler.atauni.edu.tr\/kalite-koordinatorlugu\/wp-content\/uploads\/sites\/821\/2025\/12\/Idari-Personel-Memnuniyet-Anketi-Raporu-2022.pdf\">\u0130dari Personel Memnuniyet Raporu<\/a><\/li><li><a href=\"https:\/\/birimler.atauni.edu.tr\/kalite-koordinatorlugu\/wp-content\/uploads\/sites\/821\/2025\/12\/Ogrenci-Memnuniyet-Anketi-Raporu-2022.pdf.pdf\">\u00d6\u011frenci Memnuniyet Raporu<\/a><\/li><\/ul><\/div>\n\t\t\t\t<\/div>\n\t\t\t\t\t\t\t<div class=\"elementor-accordion-item\">\n\t\t\t\t\t<div id=\"elementor-tab-title-2535\" class=\"elementor-tab-title\" data-tab=\"5\" role=\"button\" aria-controls=\"elementor-tab-content-2535\" aria-expanded=\"false\">\n\t\t\t\t\t\t\t\t\t\t\t\t\t<span class=\"elementor-accordion-icon elementor-accordion-icon-left\" aria-hidden=\"true\">\n\t\t\t\t\t\t\t\t\t\t\t\t\t\t\t<span class=\"elementor-accordion-icon-closed\"><i class=\"fas fa-plus\"><\/i><\/span>\n\t\t\t\t\t\t\t\t<span class=\"elementor-accordion-icon-opened\"><i class=\"fas fa-minus\"><\/i><\/span>\n\t\t\t\t\t\t\t\t\t\t\t\t\t\t<\/span>\n\t\t\t\t\t\t\t\t\t\t\t\t<a class=\"elementor-accordion-title\" tabindex=\"0\">2019-2025 Y\u0131l\u0131 Genel Memnuniyet Anket  Oranlar\u0131<\/a>\n\t\t\t\t\t<\/div>\n\t\t\t\t\t<div id=\"elementor-tab-content-2535\" class=\"elementor-tab-content elementor-clearfix\" data-tab=\"5\" role=\"region\" aria-labelledby=\"elementor-tab-title-2535\"><ul><li><a href=\"https:\/\/birimler.atauni.edu.tr\/kalite-koordinatorlugu\/wp-content\/uploads\/sites\/821\/2025\/12\/2019-2025-yili-Genel-Memnuniyet-Anket-Oranlari.pdf\">2019-2025 Y\u0131l\u0131 Genel Memnuniyet Anket Oranlar\u0131<\/a><\/li><\/ul><\/div>\n\t\t\t\t<\/div>\n\t\t\t\t\t\t\t<div class=\"elementor-accordion-item\">\n\t\t\t\t\t<div id=\"elementor-tab-title-2536\" class=\"elementor-tab-title\" data-tab=\"6\" role=\"button\" aria-controls=\"elementor-tab-content-2536\" aria-expanded=\"false\">\n\t\t\t\t\t\t\t\t\t\t\t\t\t<span class=\"elementor-accordion-icon elementor-accordion-icon-left\" aria-hidden=\"true\">\n\t\t\t\t\t\t\t\t\t\t\t\t\t\t\t<span class=\"elementor-accordion-icon-closed\"><i class=\"fas fa-plus\"><\/i><\/span>\n\t\t\t\t\t\t\t\t<span class=\"elementor-accordion-icon-opened\"><i class=\"fas fa-minus\"><\/i><\/span>\n\t\t\t\t\t\t\t\t\t\t\t\t\t\t<\/span>\n\t\t\t\t\t\t\t\t\t\t\t\t<a class=\"elementor-accordion-title\" tabindex=\"0\">2019-2020 E\u011fitim Y\u0131l\u0131 G\u00fcz D\u00f6nemi<\/a>\n\t\t\t\t\t<\/div>\n\t\t\t\t\t<div id=\"elementor-tab-content-2536\" class=\"elementor-tab-content elementor-clearfix\" data-tab=\"6\" role=\"region\" aria-labelledby=\"elementor-tab-title-2536\"><ul><li><a href=\"https:\/\/birimler.atauni.edu.tr\/kalite-koordinatorlugu\/wp-content\/uploads\/sites\/821\/2025\/12\/2019-2020_Akademik_personel_memnuniyet_raporu.pdf\">Akademik Personel Memnuniyet Raporu<\/a><\/li><li><a href=\"https:\/\/birimler.atauni.edu.tr\/kalite-koordinatorlugu\/wp-content\/uploads\/sites\/821\/2025\/12\/2019-2020_Idari_-personel_memnuniyet_anketi_raporu.pdf\">\u0130dari Personel Memnuniyet Raporu<\/a><\/li><li><a href=\"https:\/\/birimler.atauni.edu.tr\/kalite-koordinatorlugu\/wp-content\/uploads\/sites\/821\/2025\/12\/2019-2020_Isveren_Memnuniyet_Anketi_Raporu.pdf\">\u0130\u015fveren Memnuniyet Raporu<\/a><\/li><li><a href=\"https:\/\/birimler.atauni.edu.tr\/kalite-koordinatorlugu\/wp-content\/uploads\/sites\/821\/2025\/12\/2019-2020_Mezun_Memnuniyet_Anketi_Raporu.pdf\">Mezun Memnuniyet Raporu<\/a><\/li><li><a href=\"https:\/\/birimler.atauni.edu.tr\/kalite-koordinatorlugu\/wp-content\/uploads\/sites\/821\/2025\/12\/2019-2020_Ogrenci_Memnuniyet_Anketi_Raporu.pdf\">\u00d6\u011frenci Memnuniyet Raporu<\/a><\/li><\/ul><\/div>\n\t\t\t\t<\/div>\n\t\t\t\t\t\t\t<div class=\"elementor-accordion-item\">\n\t\t\t\t\t<div id=\"elementor-tab-title-2537\" class=\"elementor-tab-title\" data-tab=\"7\" role=\"button\" aria-controls=\"elementor-tab-content-2537\" aria-expanded=\"false\">\n\t\t\t\t\t\t\t\t\t\t\t\t\t<span class=\"elementor-accordion-icon elementor-accordion-icon-left\" aria-hidden=\"true\">\n\t\t\t\t\t\t\t\t\t\t\t\t\t\t\t<span class=\"elementor-accordion-icon-closed\"><i class=\"fas fa-plus\"><\/i><\/span>\n\t\t\t\t\t\t\t\t<span class=\"elementor-accordion-icon-opened\"><i class=\"fas fa-minus\"><\/i><\/span>\n\t\t\t\t\t\t\t\t\t\t\t\t\t\t<\/span>\n\t\t\t\t\t\t\t\t\t\t\t\t<a class=\"elementor-accordion-title\" tabindex=\"0\">2018-2019 E\u011fitim Y\u0131l\u0131 Bahar D\u00f6nemi<\/a>\n\t\t\t\t\t<\/div>\n\t\t\t\t\t<div id=\"elementor-tab-content-2537\" class=\"elementor-tab-content elementor-clearfix\" data-tab=\"7\" role=\"region\" aria-labelledby=\"elementor-tab-title-2537\"><ul><li><a href=\"https:\/\/birimler.atauni.edu.tr\/kalite-koordinatorlugu\/wp-content\/uploads\/sites\/821\/2025\/12\/2018-2019_Bahar_Akademik-personel-memnuniyet-anketi-raporu-1.pdf\">Akademik Personel Memnuniyet Raporu<\/a><\/li><li><a href=\"https:\/\/birimler.atauni.edu.tr\/kalite-koordinatorlugu\/wp-content\/uploads\/sites\/821\/2025\/12\/2018-2019_Bahar_Idari-personel-memnuniyet-anketi-raporu-1.pdf\">\u0130dari Personel Memnuniyet Raporu<\/a><\/li><li><a href=\"https:\/\/birimler.atauni.edu.tr\/kalite-koordinatorlugu\/wp-content\/uploads\/sites\/821\/2025\/12\/2018-2019_Bahar_Isveren-Memnuniyet-Anketi-Raporu.pdf\">\u0130\u015fveren Memnuniyet Raporu<\/a><\/li><li><a href=\"https:\/\/birimler.atauni.edu.tr\/kalite-koordinatorlugu\/wp-content\/uploads\/sites\/821\/2025\/12\/2018-2019_Bahar_Mezun-Memnuniyet-Anketi-Raporu.pdf\">Mezun Memnuniyet Raporu<\/a><\/li><\/ul><\/div>\n\t\t\t\t<\/div>\n\t\t\t\t\t\t\t\t<\/div>\n\t\t\t\t\t\t<\/div>\n\t\t\t\t<\/div>\n\t\t\t\t\t<\/div>\n\t\t<\/div>\n\t\t\t\t<div class=\"elementor-column elementor-col-33 elementor-top-column elementor-element elementor-element-ab0aa26\" data-id=\"ab0aa26\" data-element_type=\"column\">\n\t\t\t<div class=\"elementor-widget-wrap\">\n\t\t\t\t\t\t\t<\/div>\n\t\t<\/div>\n\t\t\t\t\t<\/div>\n\t\t<\/section>\n\t\t\t\t<\/div>\n\t\t","protected":false},"excerpt":{"rendered":"<p>2024-2025 E\u011fitim \u00d6\u011fretim Y\u0131l\u0131 \u00d6\u011frenci Anket Raporu 2024-2025 Akademik Personel Genel Memnuniyet Anket De\u011ferlendirme Raporu 2024-2025 Atat\u00fcrk \u00dcniversitesi \u0130dari Personel 2024-2025 E\u011fitim-\u00d6\u011fretim Y\u0131l\u0131 G\u00fcz D\u00f6nemi Anket De\u011ferlendirme Raporu 2023-2024 E\u011fitim \u00d6\u011fretim Y\u0131l\u0131 Akademik Personel Memnuniyet Raporu \u0130dari Personel Memnuniyet Raporu \u00d6\u011frenci Memnuniyet Raporu 2022-2023 E\u011fitim \u00d6\u011fretim Y\u0131l\u0131 Akademik Personel Memnuniyet Raporu\u00a0 2021-2022 E\u011fitim \u00d6\u011fretim Y\u0131l\u0131 [&hellip;]<\/p>\n","protected":false},"author":594,"featured_media":0,"parent":0,"menu_order":0,"comment_status":"closed","ping_status":"closed","template":"","meta":{"footnotes":""},"class_list":["post-8064","page","type-page","status-publish","hentry"],"_links":{"self":[{"href":"https:\/\/atauni.edu.tr\/kalite-koordinatorlugu\/wp-json\/wp\/v2\/pages\/8064","targetHints":{"allow":["GET"]}}],"collection":[{"href":"https:\/\/atauni.edu.tr\/kalite-koordinatorlugu\/wp-json\/wp\/v2\/pages"}],"about":[{"href":"https:\/\/atauni.edu.tr\/kalite-koordinatorlugu\/wp-json\/wp\/v2\/types\/page"}],"author":[{"embeddable":true,"href":"https:\/\/atauni.edu.tr\/kalite-koordinatorlugu\/wp-json\/wp\/v2\/users\/594"}],"replies":[{"embeddable":true,"href":"https:\/\/atauni.edu.tr\/kalite-koordinatorlugu\/wp-json\/wp\/v2\/comments?post=8064"}],"version-history":[{"count":40,"href":"https:\/\/atauni.edu.tr\/kalite-koordinatorlugu\/wp-json\/wp\/v2\/pages\/8064\/revisions"}],"predecessor-version":[{"id":9267,"href":"https:\/\/atauni.edu.tr\/kalite-koordinatorlugu\/wp-json\/wp\/v2\/pages\/8064\/revisions\/9267"}],"wp:attachment":[{"href":"https:\/\/atauni.edu.tr\/kalite-koordinatorlugu\/wp-json\/wp\/v2\/media?parent=8064"}],"curies":[{"name":"wp","href":"https:\/\/api.w.org\/{rel}","templated":true}]}}