{"id":8117,"date":"2025-12-15T13:56:47","date_gmt":"2025-12-15T10:56:47","guid":{"rendered":"https:\/\/birimler.atauni.edu.tr\/kalite-koordinatorlugu\/?page_id=8117"},"modified":"2025-12-15T14:12:20","modified_gmt":"2025-12-15T11:12:20","slug":"tescil-sureci-devam-edenler","status":"publish","type":"page","link":"https:\/\/atauni.edu.tr\/kalite-koordinatorlugu\/tescil-sureci-devam-edenler\/","title":{"rendered":"Tescil S\u00fcreci Devam Edenler"},"content":{"rendered":"\t\t<div data-elementor-type=\"wp-page\" data-elementor-id=\"8117\" class=\"elementor elementor-8117\" data-elementor-post-type=\"page\">\n\t\t\t\t\t\t<section class=\"elementor-section elementor-top-section elementor-element elementor-element-8be9292 elementor-section-boxed elementor-section-height-default elementor-section-height-default\" data-id=\"8be9292\" data-element_type=\"section\">\n\t\t\t\t\t\t<div class=\"elementor-container elementor-column-gap-default\">\n\t\t\t\t\t<div class=\"elementor-column elementor-col-50 elementor-top-column elementor-element elementor-element-22bc957\" data-id=\"22bc957\" data-element_type=\"column\">\n\t\t\t<div class=\"elementor-widget-wrap elementor-element-populated\">\n\t\t\t\t\t\t<div class=\"elementor-element elementor-element-938111b elementor-widget elementor-widget-text-editor\" data-id=\"938111b\" data-element_type=\"widget\" data-widget_type=\"text-editor.default\">\n\t\t\t\t<div class=\"elementor-widget-container\">\n\t\t\t\t\t\t\t\t\t<p><blockquote class=\"wp-embedded-content\" data-secret=\"PAP1mTFQPo\"><a href=\"https:\/\/www.yokak.gov.tr\/tescil-suresi-devam-eden-akreditasyon-kuruluslari\/\">Tescil S\u00fcresi Devam Eden Akreditasyon Kurulu\u015flar\u0131<\/a><\/blockquote><iframe class=\"wp-embedded-content\" sandbox=\"allow-scripts\" security=\"restricted\" style=\"position: absolute; visibility: hidden;\" title=\"&#8220;Tescil S\u00fcresi Devam Eden Akreditasyon Kurulu\u015flar\u0131&#8221; &#8212; Y\u00fcksek\u00f6\u011fretim Kalite Kurulu Ba\u015fkanl\u0131\u011f\u0131\" src=\"https:\/\/www.yokak.gov.tr\/tescil-suresi-devam-eden-akreditasyon-kuruluslari\/embed\/#?secret=pqZ26I1r6u#?secret=PAP1mTFQPo\" data-secret=\"PAP1mTFQPo\" width=\"500\" height=\"282\"  marginwidth=\"0\" marginheight=\"0\" scrolling=\"no\"><\/iframe><\/p>\t\t\t\t\t\t\t\t<\/div>\n\t\t\t\t<\/div>\n\t\t\t\t\t<\/div>\n\t\t<\/div>\n\t\t\t\t<div class=\"elementor-column elementor-col-50 elementor-top-column elementor-element elementor-element-144364e\" data-id=\"144364e\" data-element_type=\"column\">\n\t\t\t<div class=\"elementor-widget-wrap\">\n\t\t\t\t\t\t\t<\/div>\n\t\t<\/div>\n\t\t\t\t\t<\/div>\n\t\t<\/section>\n\t\t\t\t<\/div>\n\t\t","protected":false},"excerpt":{"rendered":"<p>Tescil S\u00fcresi Devam Eden Akreditasyon Kurulu\u015flar\u0131<\/p>\n","protected":false},"author":594,"featured_media":0,"parent":0,"menu_order":0,"comment_status":"closed","ping_status":"closed","template":"","meta":{"footnotes":""},"class_list":["post-8117","page","type-page","status-publish","hentry"],"_links":{"self":[{"href":"https:\/\/atauni.edu.tr\/kalite-koordinatorlugu\/wp-json\/wp\/v2\/pages\/8117","targetHints":{"allow":["GET"]}}],"collection":[{"href":"https:\/\/atauni.edu.tr\/kalite-koordinatorlugu\/wp-json\/wp\/v2\/pages"}],"about":[{"href":"https:\/\/atauni.edu.tr\/kalite-koordinatorlugu\/wp-json\/wp\/v2\/types\/page"}],"author":[{"embeddable":true,"href":"https:\/\/atauni.edu.tr\/kalite-koordinatorlugu\/wp-json\/wp\/v2\/users\/594"}],"replies":[{"embeddable":true,"href":"https:\/\/atauni.edu.tr\/kalite-koordinatorlugu\/wp-json\/wp\/v2\/comments?post=8117"}],"version-history":[{"count":7,"href":"https:\/\/atauni.edu.tr\/kalite-koordinatorlugu\/wp-json\/wp\/v2\/pages\/8117\/revisions"}],"predecessor-version":[{"id":8149,"href":"https:\/\/atauni.edu.tr\/kalite-koordinatorlugu\/wp-json\/wp\/v2\/pages\/8117\/revisions\/8149"}],"wp:attachment":[{"href":"https:\/\/atauni.edu.tr\/kalite-koordinatorlugu\/wp-json\/wp\/v2\/media?parent=8117"}],"curies":[{"name":"wp","href":"https:\/\/api.w.org\/{rel}","templated":true}]}}