{"id":8122,"date":"2025-12-15T14:01:58","date_gmt":"2025-12-15T11:01:58","guid":{"rendered":"https:\/\/birimler.atauni.edu.tr\/kalite-koordinatorlugu\/?page_id=8122"},"modified":"2025-12-15T14:13:54","modified_gmt":"2025-12-15T11:13:54","slug":"tescil-suresi-sona-erenler","status":"publish","type":"page","link":"https:\/\/atauni.edu.tr\/kalite-koordinatorlugu\/tescil-suresi-sona-erenler\/","title":{"rendered":"Tescil S\u00fcresi Sona Erenler"},"content":{"rendered":"\t\t<div data-elementor-type=\"wp-page\" data-elementor-id=\"8122\" class=\"elementor elementor-8122\" data-elementor-post-type=\"page\">\n\t\t\t\t\t\t<section class=\"elementor-section elementor-top-section elementor-element elementor-element-4485caa elementor-section-boxed elementor-section-height-default elementor-section-height-default\" data-id=\"4485caa\" data-element_type=\"section\">\n\t\t\t\t\t\t<div class=\"elementor-container elementor-column-gap-default\">\n\t\t\t\t\t<div class=\"elementor-column elementor-col-50 elementor-top-column elementor-element elementor-element-e94c5a1\" data-id=\"e94c5a1\" data-element_type=\"column\">\n\t\t\t<div class=\"elementor-widget-wrap elementor-element-populated\">\n\t\t\t\t\t\t<div class=\"elementor-element elementor-element-76283a2 elementor-widget elementor-widget-text-editor\" data-id=\"76283a2\" data-element_type=\"widget\" data-widget_type=\"text-editor.default\">\n\t\t\t\t<div class=\"elementor-widget-container\">\n\t\t\t\t\t\t\t\t\t<p><blockquote class=\"wp-embedded-content\" data-secret=\"gGWjnKYymv\"><a href=\"https:\/\/www.yokak.gov.tr\/tescil-suresi-sona-eren-akreditasyon-kuruluslari\/\">Tescil S\u00fcresi Sona Eren Akreditasyon Kurulu\u015flar\u0131<\/a><\/blockquote><iframe class=\"wp-embedded-content\" sandbox=\"allow-scripts\" security=\"restricted\" style=\"position: absolute; visibility: hidden;\" title=\"&#8220;Tescil S\u00fcresi Sona Eren Akreditasyon Kurulu\u015flar\u0131&#8221; &#8212; Y\u00fcksek\u00f6\u011fretim Kalite Kurulu Ba\u015fkanl\u0131\u011f\u0131\" src=\"https:\/\/www.yokak.gov.tr\/tescil-suresi-sona-eren-akreditasyon-kuruluslari\/embed\/#?secret=PTVnK23JsH#?secret=gGWjnKYymv\" data-secret=\"gGWjnKYymv\" width=\"500\" height=\"282\"  marginwidth=\"0\" marginheight=\"0\" scrolling=\"no\"><\/iframe><\/p>\t\t\t\t\t\t\t\t<\/div>\n\t\t\t\t<\/div>\n\t\t\t\t\t<\/div>\n\t\t<\/div>\n\t\t\t\t<div class=\"elementor-column elementor-col-50 elementor-top-column elementor-element elementor-element-0d87cf6\" data-id=\"0d87cf6\" data-element_type=\"column\">\n\t\t\t<div class=\"elementor-widget-wrap\">\n\t\t\t\t\t\t\t<\/div>\n\t\t<\/div>\n\t\t\t\t\t<\/div>\n\t\t<\/section>\n\t\t\t\t<section class=\"elementor-section elementor-top-section elementor-element elementor-element-1a25c60 elementor-section-boxed elementor-section-height-default elementor-section-height-default\" data-id=\"1a25c60\" data-element_type=\"section\">\n\t\t\t\t\t\t<div class=\"elementor-container elementor-column-gap-default\">\n\t\t\t\t\t<div class=\"elementor-column elementor-col-100 elementor-top-column elementor-element elementor-element-506b8c0\" data-id=\"506b8c0\" data-element_type=\"column\">\n\t\t\t<div class=\"elementor-widget-wrap elementor-element-populated\">\n\t\t\t\t\t\t\t<\/div>\n\t\t<\/div>\n\t\t\t\t\t<\/div>\n\t\t<\/section>\n\t\t\t\t<\/div>\n\t\t","protected":false},"excerpt":{"rendered":"<p>Tescil S\u00fcresi Sona Eren Akreditasyon Kurulu\u015flar\u0131<\/p>\n","protected":false},"author":594,"featured_media":0,"parent":0,"menu_order":0,"comment_status":"closed","ping_status":"closed","template":"","meta":{"footnotes":""},"class_list":["post-8122","page","type-page","status-publish","hentry"],"_links":{"self":[{"href":"https:\/\/atauni.edu.tr\/kalite-koordinatorlugu\/wp-json\/wp\/v2\/pages\/8122","targetHints":{"allow":["GET"]}}],"collection":[{"href":"https:\/\/atauni.edu.tr\/kalite-koordinatorlugu\/wp-json\/wp\/v2\/pages"}],"about":[{"href":"https:\/\/atauni.edu.tr\/kalite-koordinatorlugu\/wp-json\/wp\/v2\/types\/page"}],"author":[{"embeddable":true,"href":"https:\/\/atauni.edu.tr\/kalite-koordinatorlugu\/wp-json\/wp\/v2\/users\/594"}],"replies":[{"embeddable":true,"href":"https:\/\/atauni.edu.tr\/kalite-koordinatorlugu\/wp-json\/wp\/v2\/comments?post=8122"}],"version-history":[{"count":13,"href":"https:\/\/atauni.edu.tr\/kalite-koordinatorlugu\/wp-json\/wp\/v2\/pages\/8122\/revisions"}],"predecessor-version":[{"id":8154,"href":"https:\/\/atauni.edu.tr\/kalite-koordinatorlugu\/wp-json\/wp\/v2\/pages\/8122\/revisions\/8154"}],"wp:attachment":[{"href":"https:\/\/atauni.edu.tr\/kalite-koordinatorlugu\/wp-json\/wp\/v2\/media?parent=8122"}],"curies":[{"name":"wp","href":"https:\/\/api.w.org\/{rel}","templated":true}]}}