{"id":8194,"date":"2025-12-16T10:35:29","date_gmt":"2025-12-16T07:35:29","guid":{"rendered":"https:\/\/birimler.atauni.edu.tr\/kalite-koordinatorlugu\/?page_id=8194"},"modified":"2026-02-26T11:51:54","modified_gmt":"2026-02-26T08:51:54","slug":"akreditasyon-basvurusu-yapan-programlar","status":"publish","type":"page","link":"https:\/\/atauni.edu.tr\/kalite-koordinatorlugu\/akreditasyon-basvurusu-yapan-programlar\/","title":{"rendered":"Akreditasyon Ba\u015fvurusu Yapan Programlar"},"content":{"rendered":"\t\t<div data-elementor-type=\"wp-page\" data-elementor-id=\"8194\" class=\"elementor elementor-8194\" data-elementor-post-type=\"page\">\n\t\t\t\t\t\t<section class=\"elementor-section elementor-top-section elementor-element elementor-element-fb4a81d elementor-section-boxed elementor-section-height-default elementor-section-height-default\" data-id=\"fb4a81d\" data-element_type=\"section\">\n\t\t\t\t\t\t<div class=\"elementor-container elementor-column-gap-default\">\n\t\t\t\t\t<div class=\"elementor-column elementor-col-100 elementor-top-column elementor-element elementor-element-21b8ad5\" data-id=\"21b8ad5\" data-element_type=\"column\">\n\t\t\t<div class=\"elementor-widget-wrap elementor-element-populated\">\n\t\t\t\t\t\t<div class=\"elementor-element elementor-element-3d31b50 elementor-widget elementor-widget-text-editor\" data-id=\"3d31b50\" data-element_type=\"widget\" data-widget_type=\"text-editor.default\">\n\t\t\t\t<div class=\"elementor-widget-container\">\n\t\t\t\t\t\t\t\t\t<h3 class=\"zn_text_box-title zn_text_box-title-- \"><span style=\"color: #333399\"><strong>2026 Y\u0131l\u0131nda Ba\u015fvuru Yapan Programlar<\/strong><\/span><\/h3>\t\t\t\t\t\t\t\t<\/div>\n\t\t\t\t<\/div>\n\t\t\t\t\t<\/div>\n\t\t<\/div>\n\t\t\t\t\t<\/div>\n\t\t<\/section>\n\t\t\t\t<section class=\"elementor-section elementor-top-section elementor-element elementor-element-ed5abb8 elementor-section-boxed elementor-section-height-default elementor-section-height-default\" data-id=\"ed5abb8\" data-element_type=\"section\">\n\t\t\t\t\t\t<div class=\"elementor-container elementor-column-gap-default\">\n\t\t\t\t\t<div class=\"elementor-column elementor-col-100 elementor-top-column elementor-element elementor-element-d80001e\" data-id=\"d80001e\" data-element_type=\"column\">\n\t\t\t<div class=\"elementor-widget-wrap elementor-element-populated\">\n\t\t\t\t\t\t<div class=\"elementor-element elementor-element-39bce51 elementor-widget elementor-widget-text-editor\" data-id=\"39bce51\" data-element_type=\"widget\" data-widget_type=\"text-editor.default\">\n\t\t\t\t<div class=\"elementor-widget-container\">\n\t\t\t\t\t\t\t\t\t<table style=\"height: 937px\" width=\"564\"><tbody><tr><td><table class=\"MsoNormalTable\" style=\"width: 786.75pt;background-image: initial;background-position: initial;background-size: initial;background-repeat: initial;background-attachment: initial;border: initial none initial\" border=\"1\" width=\"1049\" cellspacing=\"0\" cellpadding=\"0\"><tbody><tr><td style=\"border-width: 1pt;padding: 3.75pt 7.5pt\"><p class=\"MsoNormal\" style=\"line-height: 200%\"><b><span style=\"font-size: 12pt;line-height: 200%;font-family: Arial, sans-serif\">No<\/span><\/b><\/p><\/td><td style=\"border-top-width: 1pt;border-right-width: 1pt;border-bottom-width: 1pt;border-left: none;padding: 3.75pt 7.5pt\"><p class=\"MsoNormal\" style=\"line-height: 200%\"><b><span style=\"font-size: 12pt;line-height: 200%;font-family: Arial, sans-serif\">Birim<\/span><\/b><\/p><\/td><td style=\"border-top-width: 1pt;border-right-width: 1pt;border-bottom-width: 1pt;border-left: none;padding: 3.75pt 7.5pt\"><p class=\"MsoNormal\" style=\"line-height: 200%\"><b><span style=\"font-size: 12pt;line-height: 200%;font-family: Arial, sans-serif\">Program<\/span><\/b><\/p><\/td><td style=\"border-top-width: 1pt;border-right-width: 1pt;border-bottom-width: 1pt;border-left: none;padding: 3.75pt 7.5pt\"><p class=\"MsoNormal\" style=\"line-height: 200%\"><b><span style=\"font-size: 12pt;line-height: 200%;font-family: Arial, sans-serif\">\u0130lgili Akreditasyon Program\u0131<\/span><\/b><\/p><\/td><\/tr><tr><td style=\"border-right-width: 1pt;border-bottom-width: 1pt;border-left-width: 1pt;border-top: none;padding: 3.75pt 7.5pt\"><p class=\"MsoNormal\" style=\"line-height: 200%\"><span style=\"font-size: 12pt;line-height: 200%;font-family: Arial, sans-serif\">1<\/span><\/p><\/td><td style=\"border-top: none;border-left: none;border-bottom-width: 1pt;border-right-width: 1pt;padding: 3.75pt 7.5pt\"><p class=\"MsoNormal\" style=\"line-height: 200%\"><span style=\"font-size: 12pt;line-height: 200%;font-family: Arial, sans-serif\">Sosyal Bilimler Meslek Y\u00fcksekokulu<\/span><\/p><\/td><td style=\"border-top: none;border-left: none;border-bottom-width: 1pt;border-right-width: 1pt;padding: 3.75pt 7.5pt\"><p class=\"MsoNormal\" style=\"line-height: 200%\"><span style=\"font-size: 12pt;line-height: 200%;font-family: Arial, sans-serif\">\u00c7ocuk Geli\u015fimi<\/span><\/p><\/td><td style=\"border-top: none;border-left: none;border-bottom-width: 1pt;border-right-width: 1pt;padding: 3.75pt 7.5pt\"><p class=\"MsoNormal\" style=\"line-height: 200%\"><span style=\"font-size: 12pt;line-height: 200%;font-family: Arial, sans-serif\">MEDEK<\/span><\/p><\/td><\/tr><tr><td style=\"border-right-width: 1pt;border-bottom-width: 1pt;border-left-width: 1pt;border-top: none;padding: 3.75pt 7.5pt\"><p class=\"MsoNormal\" style=\"line-height: 200%\"><span style=\"font-size: 12pt;line-height: 200%;font-family: Arial, sans-serif\">2<\/span><\/p><\/td><td style=\"border-top: none;border-left: none;border-bottom-width: 1pt;border-right-width: 1pt;padding: 3.75pt 7.5pt\"><p class=\"MsoNormal\" style=\"line-height: 200%\"><span style=\"font-size: 12pt;line-height: 200%;font-family: Arial, sans-serif\">Sosyal Bilimler Meslek Y\u00fcksekokulu<\/span><\/p><\/td><td style=\"border-top: none;border-left: none;border-bottom-width: 1pt;border-right-width: 1pt;padding: 3.75pt 7.5pt\"><p class=\"MsoNormal\" style=\"line-height: 200%\"><span style=\"font-size: 12pt;line-height: 200%;font-family: Arial, sans-serif\">D\u0131\u015f Ticaret<\/span><\/p><\/td><td style=\"border-top: none;border-left: none;border-bottom-width: 1pt;border-right-width: 1pt;padding: 3.75pt 7.5pt\"><p class=\"MsoNormal\" style=\"line-height: 200%\"><span style=\"font-size: 12pt;line-height: 200%;font-family: Arial, sans-serif\">MEDEK<\/span><\/p><\/td><\/tr><tr><td style=\"border-right-width: 1pt;border-bottom-width: 1pt;border-left-width: 1pt;border-top: none;padding: 3.75pt 7.5pt\"><p class=\"MsoNormal\" style=\"line-height: 200%\"><span style=\"font-size: 12pt;line-height: 200%;font-family: Arial, sans-serif\">3<\/span><\/p><\/td><td style=\"border-top: none;border-left: none;border-bottom-width: 1pt;border-right-width: 1pt;padding: 3.75pt 7.5pt\"><p class=\"MsoNormal\" style=\"line-height: 200%\"><span style=\"font-size: 12pt;line-height: 200%;font-family: Arial, sans-serif\">Sosyal Bilimler Meslek Y\u00fcksekokulu<\/span><\/p><\/td><td style=\"border-top: none;border-left: none;border-bottom-width: 1pt;border-right-width: 1pt;padding: 3.75pt 7.5pt\"><p class=\"MsoNormal\" style=\"line-height: 200%\"><span style=\"font-size: 12pt;line-height: 200%;font-family: Arial, sans-serif\">Muhasebe ve Vergi Uygulamalar\u0131<\/span><\/p><\/td><td style=\"border-top: none;border-left: none;border-bottom-width: 1pt;border-right-width: 1pt;padding: 3.75pt 7.5pt\"><p class=\"MsoNormal\" style=\"line-height: 200%\"><span style=\"font-size: 12pt;line-height: 200%;font-family: Arial, sans-serif\">MEDEK<\/span><\/p><\/td><\/tr><tr><td style=\"border-right-width: 1pt;border-bottom-width: 1pt;border-left-width: 1pt;border-top: none;padding: 3.75pt 7.5pt\"><p class=\"MsoNormal\" style=\"line-height: 200%\"><span style=\"font-size: 12pt;line-height: 200%;font-family: Arial, sans-serif\">4<\/span><\/p><\/td><td style=\"border-top: none;border-left: none;border-bottom-width: 1pt;border-right-width: 1pt;padding: 3.75pt 7.5pt\"><p class=\"MsoNormal\" style=\"line-height: 200%\"><span style=\"font-size: 12pt;line-height: 200%;font-family: Arial, sans-serif\">Sosyal Bilimler Meslek Y\u00fcksekokulu<\/span><\/p><\/td><td style=\"border-top: none;border-left: none;border-bottom-width: 1pt;border-right-width: 1pt;padding: 3.75pt 7.5pt\"><p class=\"MsoNormal\" style=\"line-height: 200%\"><span style=\"font-size: 12pt;line-height: 200%;font-family: Arial, sans-serif\">Turizm ve Otel \u0130\u015fletmecili\u011fi<\/span><\/p><\/td><td style=\"border-top: none;border-left: none;border-bottom-width: 1pt;border-right-width: 1pt;padding: 3.75pt 7.5pt\"><p class=\"MsoNormal\" style=\"line-height: 200%\"><span style=\"font-size: 12pt;line-height: 200%;font-family: Arial, sans-serif\">MEDEK<\/span><\/p><\/td><\/tr><tr><td style=\"border-right-width: 1pt;border-bottom-width: 1pt;border-left-width: 1pt;border-top: none;padding: 3.75pt 7.5pt\"><p class=\"MsoNormal\" style=\"line-height: 200%\"><span style=\"font-size: 12pt;line-height: 200%;font-family: Arial, sans-serif\">5<\/span><\/p><\/td><td style=\"border-top: none;border-left: none;border-bottom-width: 1pt;border-right-width: 1pt;padding: 3.75pt 7.5pt\"><p class=\"MsoNormal\" style=\"line-height: 200%\"><span style=\"font-size: 12pt;line-height: 200%;font-family: Arial, sans-serif\">Sosyal Bilimler Meslek Y\u00fcksekokulu<\/span><\/p><\/td><td style=\"border-top: none;border-left: none;border-bottom-width: 1pt;border-right-width: 1pt;padding: 3.75pt 7.5pt\"><p class=\"MsoNormal\" style=\"line-height: 200%\"><span style=\"font-size: 12pt;line-height: 200%;font-family: Arial, sans-serif\">Sivil Hava Ula\u015ft\u0131rma \u0130\u015fletmecili\u011fi<\/span><\/p><\/td><td style=\"border-top: none;border-left: none;border-bottom-width: 1pt;border-right-width: 1pt;padding: 3.75pt 7.5pt\"><p class=\"MsoNormal\" style=\"line-height: 200%\"><span style=\"font-size: 12pt;line-height: 200%;font-family: Arial, sans-serif\">MEDEK<\/span><\/p><\/td><\/tr><tr><td style=\"border-right-width: 1pt;border-bottom-width: 1pt;border-left-width: 1pt;border-top: none;padding: 3.75pt 7.5pt\"><p class=\"MsoNormal\" style=\"line-height: 200%\"><span style=\"font-size: 12pt;line-height: 200%;font-family: Arial, sans-serif\">6<\/span><\/p><\/td><td style=\"border-top: none;border-left: none;border-bottom-width: 1pt;border-right-width: 1pt;padding: 3.75pt 7.5pt\"><p class=\"MsoNormal\" style=\"line-height: 200%\"><span style=\"font-size: 12pt;line-height: 200%;font-family: Arial, sans-serif\">Sa\u011fl\u0131k Hizmetleri Meslek Y\u00fcksekokulu<\/span><\/p><\/td><td style=\"border-top: none;border-left: none;border-bottom-width: 1pt;border-right-width: 1pt;padding: 3.75pt 7.5pt\"><p class=\"MsoNormal\" style=\"line-height: 200%\"><span style=\"font-size: 12pt;line-height: 200%;font-family: Arial, sans-serif\">T\u0131bbi Laboratuvar Teknikleri<\/span><\/p><\/td><td style=\"border-top: none;border-left: none;border-bottom-width: 1pt;border-right-width: 1pt;padding: 3.75pt 7.5pt\"><p class=\"MsoNormal\" style=\"line-height: 200%\"><span style=\"font-size: 12pt;line-height: 200%;font-family: Arial, sans-serif\">MEDEK<\/span><\/p><\/td><\/tr><tr><td style=\"border-right-width: 1pt;border-bottom-width: 1pt;border-left-width: 1pt;border-top: none;padding: 3.75pt 7.5pt\"><p class=\"MsoNormal\" style=\"line-height: 200%\"><span style=\"font-size: 12pt;line-height: 200%;font-family: Arial, sans-serif\">7<\/span><\/p><\/td><td style=\"border-top: none;border-left: none;border-bottom-width: 1pt;border-right-width: 1pt;padding: 3.75pt 7.5pt\"><p class=\"MsoNormal\" style=\"line-height: 200%\"><span style=\"font-size: 12pt;line-height: 200%;font-family: Arial, sans-serif\">Sa\u011fl\u0131k Hizmetleri Meslek Y\u00fcksekokulu<\/span><\/p><\/td><td style=\"border-top: none;border-left: none;border-bottom-width: 1pt;border-right-width: 1pt;padding: 3.75pt 7.5pt\"><p class=\"MsoNormal\" style=\"line-height: 200%\"><span style=\"font-size: 12pt;line-height: 200%;font-family: Arial, sans-serif\">Eczane Hizmetleri<\/span><\/p><\/td><td style=\"border-top: none;border-left: none;border-bottom-width: 1pt;border-right-width: 1pt;padding: 3.75pt 7.5pt\"><p class=\"MsoNormal\" style=\"line-height: 200%\"><span style=\"font-size: 12pt;line-height: 200%;font-family: Arial, sans-serif\">MEDEK<\/span><\/p><\/td><\/tr><tr><td style=\"border-right-width: 1pt;border-bottom-width: 1pt;border-left-width: 1pt;border-top: none;padding: 3.75pt 7.5pt\"><p class=\"MsoNormal\" style=\"line-height: 200%\"><span style=\"font-size: 12pt;line-height: 200%;font-family: Arial, sans-serif\">8<\/span><\/p><\/td><td style=\"border-top: none;border-left: none;border-bottom-width: 1pt;border-right-width: 1pt;padding: 3.75pt 7.5pt\"><p class=\"MsoNormal\" style=\"line-height: 200%\"><span style=\"font-size: 12pt;line-height: 200%;font-family: Arial, sans-serif\">Sa\u011fl\u0131k Hizmetleri Meslek Y\u00fcksekokulu<\/span><\/p><\/td><td style=\"border-top: none;border-left: none;border-bottom-width: 1pt;border-right-width: 1pt;padding: 3.75pt 7.5pt\"><p class=\"MsoNormal\" style=\"line-height: 200%\"><span style=\"font-size: 12pt;line-height: 200%;font-family: Arial, sans-serif\">Ya\u015fl\u0131 Bak\u0131m<\/span><\/p><\/td><td style=\"border-top: none;border-left: none;border-bottom-width: 1pt;border-right-width: 1pt;padding: 3.75pt 7.5pt\"><p class=\"MsoNormal\" style=\"line-height: 200%\"><span style=\"font-size: 12pt;line-height: 200%;font-family: Arial, sans-serif\">MEDEK<\/span><\/p><\/td><\/tr><tr><td style=\"border-right-width: 1pt;border-bottom-width: 1pt;border-left-width: 1pt;border-top: none;padding: 3.75pt 7.5pt\"><p class=\"MsoNormal\" style=\"line-height: 200%\"><span style=\"font-size: 12pt;line-height: 200%;font-family: Arial, sans-serif\">9<\/span><\/p><\/td><td style=\"border-top: none;border-left: none;border-bottom-width: 1pt;border-right-width: 1pt;padding: 3.75pt 7.5pt\"><p class=\"MsoNormal\" style=\"line-height: 200%\"><span style=\"font-size: 12pt;line-height: 200%;font-family: Arial, sans-serif\">Sa\u011fl\u0131k Hizmetleri Meslek Y\u00fcksekokulu<\/span><\/p><\/td><td style=\"border-top: none;border-left: none;border-bottom-width: 1pt;border-right-width: 1pt;padding: 3.75pt 7.5pt\"><p class=\"MsoNormal\" style=\"line-height: 200%\"><span style=\"font-size: 12pt;line-height: 200%;font-family: Arial, sans-serif\">Fizyoterapi<\/span><\/p><\/td><td style=\"border-top: none;border-left: none;border-bottom-width: 1pt;border-right-width: 1pt;padding: 3.75pt 7.5pt\"><p class=\"MsoNormal\" style=\"line-height: 200%\"><span style=\"font-size: 12pt;line-height: 200%;font-family: Arial, sans-serif\">MEDEK<\/span><\/p><\/td><\/tr><\/tbody><\/table><\/td><td>\u00a0<\/td><td>\u00a0<\/td><td>\u00a0<\/td><\/tr><\/tbody><\/table><h3 class=\"zn_text_box-title zn_text_box-title-- \">\u00a0<\/h3>\t\t\t\t\t\t\t\t<\/div>\n\t\t\t\t<\/div>\n\t\t\t\t<div class=\"elementor-element elementor-element-61131b1 elementor-widget elementor-widget-text-editor\" data-id=\"61131b1\" data-element_type=\"widget\" data-widget_type=\"text-editor.default\">\n\t\t\t\t<div class=\"elementor-widget-container\">\n\t\t\t\t\t\t\t\t\t<h3 class=\"zn_text_box-title zn_text_box-title-- \">2025 Y\u0131l\u0131nda Ba\u015fvuru Yapan Programlar<\/h3>\t\t\t\t\t\t\t\t<\/div>\n\t\t\t\t<\/div>\n\t\t\t\t\t<\/div>\n\t\t<\/div>\n\t\t\t\t\t<\/div>\n\t\t<\/section>\n\t\t\t\t<section class=\"elementor-section elementor-top-section elementor-element elementor-element-1b8448c elementor-section-boxed elementor-section-height-default elementor-section-height-default\" data-id=\"1b8448c\" data-element_type=\"section\">\n\t\t\t\t\t\t<div class=\"elementor-container elementor-column-gap-default\">\n\t\t\t\t\t<div class=\"elementor-column elementor-col-66 elementor-top-column elementor-element elementor-element-468d06c\" data-id=\"468d06c\" data-element_type=\"column\">\n\t\t\t<div class=\"elementor-widget-wrap elementor-element-populated\">\n\t\t\t\t\t\t<div class=\"elementor-element elementor-element-3daaa47 elementor-widget elementor-widget-text-editor\" data-id=\"3daaa47\" data-element_type=\"widget\" data-widget_type=\"text-editor.default\">\n\t\t\t\t<div class=\"elementor-widget-container\">\n\t\t\t\t\t\t\t\t\t<table width=\"640\"><tbody><tr><td><p>No<\/p><\/td><td><p>Birim<\/p><\/td><td><p>Program<\/p><\/td><td><p>\u0130lgili Akreditasyon Program\u0131<\/p><\/td><\/tr><tr><td><p>1<\/p><\/td><td><p>Spor Bilimleri Fak\u00fcltesi<\/p><\/td><td><p>Rekreasyon Program\u0131<\/p><\/td><td><p>SPORAK<\/p><\/td><\/tr><tr><td><p>2<\/p><\/td><td><p>Kaz\u0131m Karabekir E\u011fitim Fak\u00fcltesi<\/p><\/td><td><p>M\u00fczik \u00d6\u011fretmenli\u011fi<\/p><\/td><td><p>EPDAD<\/p><\/td><\/tr><tr><td><p>3<\/p><\/td><td><p>Kaz\u0131m Karabekir E\u011fitim Fak\u00fcltesi<\/p><\/td><td><p>Resim-\u0130\u015f \u00d6\u011fretmenli\u011fi<\/p><\/td><td><p>EPDAD<\/p><\/td><\/tr><tr><td><p>4<\/p><\/td><td><p>\u0130ktisadi \u0130dari Bilimler Fak\u00fcltesi<\/p><\/td><td><p>Ekonometri<\/p><\/td><td><p>STAR<\/p><\/td><\/tr><tr><td><p>5<\/p><\/td><td><p>Di\u015f Hekimli\u011fi Fak\u00fcltesi<\/p><\/td><td><p>Di\u015f Hekimli\u011fi Program\u0131<\/p><\/td><td><p>DEPAD<\/p><\/td><\/tr><tr><td><p>6<\/p><\/td><td><p>G\u00fczel Sanatlar Fak\u00fcltesi<\/p><\/td><td><p>M\u00fczik Bilimleri<\/p><\/td><td><p>SANAD<\/p><\/td><\/tr><tr><td><p>7<\/p><\/td><td><p>G\u00fczel Sanatlar Fak\u00fcltesi<\/p><\/td><td><p>Resim<\/p><\/td><td><p>SANAD<\/p><\/td><\/tr><\/tbody><\/table><p>\u00a0<\/p>\t\t\t\t\t\t\t\t<\/div>\n\t\t\t\t<\/div>\n\t\t\t\t\t<\/div>\n\t\t<\/div>\n\t\t\t\t<div class=\"elementor-column elementor-col-33 elementor-top-column elementor-element elementor-element-cc4c14d\" data-id=\"cc4c14d\" data-element_type=\"column\">\n\t\t\t<div class=\"elementor-widget-wrap\">\n\t\t\t\t\t\t\t<\/div>\n\t\t<\/div>\n\t\t\t\t\t<\/div>\n\t\t<\/section>\n\t\t\t\t<section class=\"elementor-section elementor-top-section elementor-element elementor-element-990d199 elementor-section-boxed elementor-section-height-default elementor-section-height-default\" data-id=\"990d199\" data-element_type=\"section\">\n\t\t\t\t\t\t<div class=\"elementor-container elementor-column-gap-default\">\n\t\t\t\t\t<div class=\"elementor-column elementor-col-100 elementor-top-column elementor-element elementor-element-8e54d85\" data-id=\"8e54d85\" data-element_type=\"column\">\n\t\t\t<div class=\"elementor-widget-wrap elementor-element-populated\">\n\t\t\t\t\t\t<div class=\"elementor-element elementor-element-4738fe4 elementor-widget elementor-widget-text-editor\" data-id=\"4738fe4\" data-element_type=\"widget\" data-widget_type=\"text-editor.default\">\n\t\t\t\t<div class=\"elementor-widget-container\">\n\t\t\t\t\t\t\t\t\t<h2>2024 Y\u0131l\u0131nda Ba\u015fvuru Yapan Programlar<\/h2>\t\t\t\t\t\t\t\t<\/div>\n\t\t\t\t<\/div>\n\t\t\t\t\t<\/div>\n\t\t<\/div>\n\t\t\t\t\t<\/div>\n\t\t<\/section>\n\t\t\t\t<section class=\"elementor-section elementor-top-section elementor-element elementor-element-e235fa9 elementor-section-boxed elementor-section-height-default elementor-section-height-default\" data-id=\"e235fa9\" data-element_type=\"section\">\n\t\t\t\t\t\t<div class=\"elementor-container elementor-column-gap-default\">\n\t\t\t\t\t<div class=\"elementor-column elementor-col-66 elementor-top-column elementor-element elementor-element-caebb6d\" data-id=\"caebb6d\" data-element_type=\"column\">\n\t\t\t<div class=\"elementor-widget-wrap elementor-element-populated\">\n\t\t\t\t\t\t<div class=\"elementor-element elementor-element-4090c3c elementor-widget elementor-widget-text-editor\" data-id=\"4090c3c\" data-element_type=\"widget\" data-widget_type=\"text-editor.default\">\n\t\t\t\t<div class=\"elementor-widget-container\">\n\t\t\t\t\t\t\t\t\t<table><tbody><tr><td>No<\/td><td>Birim<\/td><td>Program<\/td><td>Akredite Eden Kurum<\/td><\/tr><tr><td>1<\/td><td>Kaz\u0131m Karabekir E\u011fitim Fak\u00fcltesi<\/td><td>Frans\u0131zca \u00d6\u011fretmenli\u011fi<\/td><td>EPDAD<\/td><\/tr><tr><td>2<\/td><td>Ziraat Fak\u00fcltesi<\/td><td>Tar\u0131m Ekonomisi<\/td><td>Z\u0130DEK<\/td><\/tr><\/tbody><\/table>\t\t\t\t\t\t\t\t<\/div>\n\t\t\t\t<\/div>\n\t\t\t\t\t<\/div>\n\t\t<\/div>\n\t\t\t\t<div class=\"elementor-column elementor-col-33 elementor-top-column elementor-element elementor-element-205f314\" data-id=\"205f314\" data-element_type=\"column\">\n\t\t\t<div class=\"elementor-widget-wrap\">\n\t\t\t\t\t\t\t<\/div>\n\t\t<\/div>\n\t\t\t\t\t<\/div>\n\t\t<\/section>\n\t\t\t\t<\/div>\n\t\t","protected":false},"excerpt":{"rendered":"<p>2026 Y\u0131l\u0131nda Ba\u015fvuru Yapan Programlar No Birim Program \u0130lgili Akreditasyon Program\u0131 1 Sosyal Bilimler Meslek Y\u00fcksekokulu \u00c7ocuk Geli\u015fimi MEDEK 2 Sosyal Bilimler Meslek Y\u00fcksekokulu D\u0131\u015f Ticaret MEDEK 3 Sosyal Bilimler Meslek Y\u00fcksekokulu Muhasebe ve Vergi Uygulamalar\u0131 MEDEK 4 Sosyal Bilimler Meslek Y\u00fcksekokulu Turizm ve Otel \u0130\u015fletmecili\u011fi MEDEK 5 Sosyal Bilimler Meslek Y\u00fcksekokulu Sivil Hava Ula\u015ft\u0131rma [&hellip;]<\/p>\n","protected":false},"author":594,"featured_media":0,"parent":0,"menu_order":0,"comment_status":"closed","ping_status":"closed","template":"","meta":{"footnotes":""},"class_list":["post-8194","page","type-page","status-publish","hentry"],"_links":{"self":[{"href":"https:\/\/atauni.edu.tr\/kalite-koordinatorlugu\/wp-json\/wp\/v2\/pages\/8194","targetHints":{"allow":["GET"]}}],"collection":[{"href":"https:\/\/atauni.edu.tr\/kalite-koordinatorlugu\/wp-json\/wp\/v2\/pages"}],"about":[{"href":"https:\/\/atauni.edu.tr\/kalite-koordinatorlugu\/wp-json\/wp\/v2\/types\/page"}],"author":[{"embeddable":true,"href":"https:\/\/atauni.edu.tr\/kalite-koordinatorlugu\/wp-json\/wp\/v2\/users\/594"}],"replies":[{"embeddable":true,"href":"https:\/\/atauni.edu.tr\/kalite-koordinatorlugu\/wp-json\/wp\/v2\/comments?post=8194"}],"version-history":[{"count":28,"href":"https:\/\/atauni.edu.tr\/kalite-koordinatorlugu\/wp-json\/wp\/v2\/pages\/8194\/revisions"}],"predecessor-version":[{"id":9242,"href":"https:\/\/atauni.edu.tr\/kalite-koordinatorlugu\/wp-json\/wp\/v2\/pages\/8194\/revisions\/9242"}],"wp:attachment":[{"href":"https:\/\/atauni.edu.tr\/kalite-koordinatorlugu\/wp-json\/wp\/v2\/media?parent=8194"}],"curies":[{"name":"wp","href":"https:\/\/api.w.org\/{rel}","templated":true}]}}